{"id":1291,"date":"2017-09-27T09:42:51","date_gmt":"2017-09-27T07:42:51","guid":{"rendered":"http:\/\/pksbronze.at\/shop\/bezahlmoeglichkeiten\/"},"modified":"2025-08-11T10:28:51","modified_gmt":"2025-08-11T08:28:51","slug":"bezahlmoeglichkeiten","status":"publish","type":"page","link":"https:\/\/kupferspuren.at\/en\/shop\/bezahlmoeglichkeiten\/","title":{"rendered":"Payment"},"content":{"rendered":"<div id=\"c1080\" class=\"csc-default\">\n<div class=\"csc-textpic csc-textpic-center csc-textpic-above\">\n<div class=\"csc-textpic-imagewrap\">\n<div id=\"primary\" class=\"content-area\">\n<div id=\"post-584\" class=\"post-584 page type-page status-publish hentry\">\n<div class=\"entry-content\">\n<ul>\n<li><b>Credit Cards<\/b>: Visacard, Mastercard &amp; Diners Club.<br \/>\nVerified by VISA\u00a0und MasterCard SecureCode.<\/li>\n<\/ul>\n<ul>\n<li><b>O<\/b><b>nline Banking<\/b> (possible for Austria, Germany, Switzerland, Nederland, UK, Belgique\/Belgi\u00eb, France, Italia, Polsk,a Espa\u00f1a, Magyarorsz\u00e1g, Slovensko).<\/li>\n<\/ul>\n<\/div>\n<ul>\n<li><span id=\"result_box\" class=\"short_text\" lang=\"en\"><span class=\"hps alt-edited\"><b>Prepayment<\/b><br \/>\n<\/span><\/span>Please note for payments outside the euro zone &#8220;free of charge to the receiver&#8221; (<span id=\"result_box\" class=\"short_text\" lang=\"en\"><span class=\"\">within 5 working days<\/span><\/span>) ..<i>.&#8221;Thank you very much in advance!&#8221;<br \/>\n<\/i><i><br \/>\n<\/i><\/li>\n<\/ul>\n<div id=\"c1080\" class=\"csc-default\">\n<div class=\"csc-textpic csc-textpic-center csc-textpic-above\"><\/div>\n<\/div>\n<div><\/div>\n<\/div>\n<\/div>\n<\/div>\n<\/div>\n<\/div>\n<div class=\"csc-textpic-clear\"><\/div>\n<div class=\"csc-default\"><\/div>\n","protected":false},"excerpt":{"rendered":"<p>Credit Cards: Visacard, Mastercard &amp; Diners Club. Verified by VISA\u00a0und MasterCard SecureCode. Online Banking (possible for Austria, Germany, Switzerland, Nederland, UK, Belgique\/Belgi\u00eb, France, Italia, Polsk,a Espa\u00f1a, Magyarorsz\u00e1g, Slovensko). Prepayment Please note for payments outside the euro zone &#8220;free of charge to the receiver&#8221; (within 5 working days) &#8230;&#8221;Thank you very much in advance!&#8221;<\/p>\n","protected":false},"author":1039,"featured_media":0,"parent":1178,"menu_order":0,"comment_status":"closed","ping_status":"closed","template":"","meta":{"footnotes":""},"class_list":["post-1291","page","type-page","status-publish","hentry"],"_links":{"self":[{"href":"https:\/\/kupferspuren.at\/en\/wp-json\/wp\/v2\/pages\/1291","targetHints":{"allow":["GET"]}}],"collection":[{"href":"https:\/\/kupferspuren.at\/en\/wp-json\/wp\/v2\/pages"}],"about":[{"href":"https:\/\/kupferspuren.at\/en\/wp-json\/wp\/v2\/types\/page"}],"author":[{"embeddable":true,"href":"https:\/\/kupferspuren.at\/en\/wp-json\/wp\/v2\/users\/1039"}],"replies":[{"embeddable":true,"href":"https:\/\/kupferspuren.at\/en\/wp-json\/wp\/v2\/comments?post=1291"}],"version-history":[{"count":0,"href":"https:\/\/kupferspuren.at\/en\/wp-json\/wp\/v2\/pages\/1291\/revisions"}],"up":[{"embeddable":true,"href":"https:\/\/kupferspuren.at\/en\/wp-json\/wp\/v2\/pages\/1178"}],"wp:attachment":[{"href":"https:\/\/kupferspuren.at\/en\/wp-json\/wp\/v2\/media?parent=1291"}],"curies":[{"name":"wp","href":"https:\/\/api.w.org\/{rel}","templated":true}]}}