{"id":1393,"date":"2017-10-04T17:53:52","date_gmt":"2017-10-04T15:53:52","guid":{"rendered":"http:\/\/pksbronze.at\/vertriebspartner-2\/tschechien\/"},"modified":"2025-08-28T14:41:49","modified_gmt":"2025-08-28T12:41:49","slug":"czech-republic","status":"publish","type":"page","link":"https:\/\/kupferspuren.at\/en\/distributor\/czech-republic\/","title":{"rendered":"Czech Republic"},"content":{"rendered":"\n<\/div><\/div><\/div><!-- close content main div --><\/div><\/div><div id='av_section_1'  class='avia-section av-iomvi-7da50239e0ba7f3db4558fdbd132e037 main_color avia-section-default avia-no-shadow  avia-builder-el-1  el_after_av_codeblock  el_before_av_section  avia-bg-style-scroll container_wrap fullsize'  ><div class='container av-section-cont-open' ><div class='template-page content  av-content-full alpha units'><div class='post-entry post-entry-type-page post-entry-1393'><div class='entry-content-wrapper clearfix'>\n<div  class='flex_column av-dhtke-e3a1f63faa79eec487e54846bec26284 av_one_third  avia-builder-el-2  el_before_av_two_third  avia-builder-el-first  first flex_column_div  '     ><style type=\"text\/css\" data-created_by=\"avia_inline_auto\" id=\"style-css-av-lw8zxeun-f18388476af763b13523eac0d542fa28\">\n.avia-image-container.av-lw8zxeun-f18388476af763b13523eac0d542fa28 img.avia_image{\nbox-shadow:none;\n}\n.avia-image-container.av-lw8zxeun-f18388476af763b13523eac0d542fa28 .av-image-caption-overlay-center{\ncolor:#ffffff;\n}\n<\/style>\n<div  class='avia-image-container av-lw8zxeun-f18388476af763b13523eac0d542fa28 av-styling- avia-align-center  avia-builder-el-3  avia-builder-el-no-sibling '   itemprop=\"image\" itemscope=\"itemscope\" itemtype=\"https:\/\/schema.org\/ImageObject\" ><div class=\"avia-image-container-inner\"><div class=\"avia-image-overlay-wrap\"><img decoding=\"async\" fetchpriority=\"high\" class='wp-image-12960 avia-img-lazy-loading-not-12960 avia_image ' src=\"https:\/\/kupferspuren.at\/wp-content\/uploads\/2020\/11\/logo-Danesi.png?wsr\" alt='' title='logo Danesi'  height=\"128\" width=\"249\"  itemprop=\"thumbnailUrl\" srcset=\"https:\/\/kupferspuren.at\/wp-content\/uploads\/2020\/11\/logo-Danesi.png 249w, https:\/\/kupferspuren.at\/wp-content\/uploads\/2020\/11\/logo-Danesi-150x77.png 150w\" sizes=\"(max-width: 249px) 100vw, 249px\" \/><\/div><\/div><\/div><\/div><div  class='flex_column av-87hpq-001a25f379b2f2d2dc78dd0428b83397 av_two_third  avia-builder-el-4  el_after_av_one_third  avia-builder-el-last  flex_column_div  '     ><section  class='av_textblock_section av-lw8zxzqa-dcf9496250d78ec9ecdc3e153c5bbde0 '   itemscope=\"itemscope\" itemtype=\"https:\/\/schema.org\/CreativeWork\" ><div class='avia_textblock'  itemprop=\"text\" ><h3>Fakturacn\u00ed a korespondencn\u00ed adresa<\/h3>\n<p>DANESI s.r.o.<br \/>\nRoudensk\u00e1 19<br \/>\n370 07 Roudn\u00e9<\/p>\n<p><a href=\"http:\/\/www.danesi-shop.cz\" target=\"_blank\" rel=\"noopener noreferrer\"><strong>www.danesi-shop.cz<\/strong><\/a><\/p>\n<p>Phone: (+420) 724 711 711<\/p>\n<\/div><\/section><\/div>\n\n<\/div><\/div><\/div><!-- close content main div --><\/div><\/div><div id='av_section_2'  class='avia-section av-298kbi-6ceb39d63be8606078c0a1e3f8d94e3d main_color avia-section-default avia-no-shadow  avia-builder-el-6  el_after_av_section  el_before_av_section  avia-bg-style-scroll container_wrap fullsize'  ><div class='container av-section-cont-open' ><div class='template-page content  av-content-full alpha units'><div class='post-entry post-entry-type-page post-entry-1393'><div class='entry-content-wrapper clearfix'>\n<div  class='flex_column av-24m4t2-d6234b8f1e6e2849e259fb6850eb8f6f av_one_third  avia-builder-el-7  el_before_av_two_third  avia-builder-el-first  first flex_column_div  '     ><style type=\"text\/css\" data-created_by=\"avia_inline_auto\" id=\"style-css-av-lw904qcf-bba27aaa75b0e69e204bc026276ab590\">\n.avia-image-container.av-lw904qcf-bba27aaa75b0e69e204bc026276ab590 img.avia_image{\nbox-shadow:none;\n}\n.avia-image-container.av-lw904qcf-bba27aaa75b0e69e204bc026276ab590 .av-image-caption-overlay-center{\ncolor:#ffffff;\n}\n<\/style>\n<div  class='avia-image-container av-lw904qcf-bba27aaa75b0e69e204bc026276ab590 av-styling- avia-align-center  avia-builder-el-8  avia-builder-el-no-sibling '   itemprop=\"image\" itemscope=\"itemscope\" itemtype=\"https:\/\/schema.org\/ImageObject\" ><div class=\"avia-image-container-inner\"><div class=\"avia-image-overlay-wrap\"><img decoding=\"async\" fetchpriority=\"high\" class='wp-image-4705 avia-img-lazy-loading-not-4705 avia_image ' src=\"https:\/\/kupferspuren.at\/wp-content\/uploads\/2018\/02\/Ajan_logo.jpg?wsr\" alt='' title='Ajan_logo'  height=\"85\" width=\"125\"  itemprop=\"thumbnailUrl\"  \/><\/div><\/div><\/div><\/div><div  class='flex_column av-1uqame-43f74bb67eafc774da10e30b048e06a1 av_two_third  avia-builder-el-9  el_after_av_one_third  avia-builder-el-last  flex_column_div  '     ><section  class='av_textblock_section av-lw903zgx-6d50422f265b4c04bca6d4375adf5b23 '   itemscope=\"itemscope\" itemtype=\"https:\/\/schema.org\/CreativeWork\" ><div class='avia_textblock'  itemprop=\"text\" ><h3>Martin Hospudka<\/h3>\n<p>Stritez 7<br \/>\n674 01  <b>Trebic<\/b><\/p>\n<p>Phone: +420 568 844 048<br \/>\nMobile: +420 602 209 959<br \/>\nFax: +420 568 844 049<br \/>\n<a class=\"email\" href=\"mailto:brielmaier@seznam.cz\">brielmaier@seznam.cz<\/a><br \/>\n<a class=\"web\" href=\"http:\/\/www.ajan.cz\" target=\"_blank\" rel=\"noopener noreferrer\">www.ajan.cz<\/a>   <a class=\"external-link-new-window\" href=\"http:\/\/www.ajan.cz\/bronzove-naradi\/\" target=\"_blank\" rel=\"noopener noreferrer\">E-Shop<\/a><\/p>\n<\/div><\/section><\/div><\/div><\/div><\/div><!-- close content main div --><\/div><\/div><div id='av_section_3'  class='avia-section av-1qxoeu-cf8781bb7d65c2949b7b3381629f72d8 main_color avia-section-default avia-no-shadow  avia-builder-el-11  el_after_av_section  el_before_av_section  avia-bg-style-scroll container_wrap fullsize'  ><div class='container av-section-cont-open' ><div class='template-page content  av-content-full alpha units'><div class='post-entry post-entry-type-page post-entry-1393'><div class='entry-content-wrapper clearfix'>\n<div  class='flex_column av-1k3x6u-c9bff1cd601b66a938e7be160ff0b784 av_one_third  avia-builder-el-12  el_before_av_two_third  avia-builder-el-first  first flex_column_div  '     ><style type=\"text\/css\" data-created_by=\"avia_inline_auto\" id=\"style-css-av-lw91t0c1-586d320f7792e7d70dd6fea7e8cee3e2\">\n.avia-image-container.av-lw91t0c1-586d320f7792e7d70dd6fea7e8cee3e2 img.avia_image{\nbox-shadow:none;\n}\n.avia-image-container.av-lw91t0c1-586d320f7792e7d70dd6fea7e8cee3e2 .av-image-caption-overlay-center{\ncolor:#ffffff;\n}\n<\/style>\n<div  class='avia-image-container av-lw91t0c1-586d320f7792e7d70dd6fea7e8cee3e2 av-styling- avia-align-center  avia-builder-el-13  avia-builder-el-no-sibling '   itemprop=\"image\" itemscope=\"itemscope\" itemtype=\"https:\/\/schema.org\/ImageObject\" ><div class=\"avia-image-container-inner\"><div class=\"avia-image-overlay-wrap\"><img decoding=\"async\" fetchpriority=\"high\" class='wp-image-23278 avia-img-lazy-loading-not-23278 avia_image ' src=\"https:\/\/kupferspuren.at\/wp-content\/uploads\/2024\/05\/logo_fous.jpg?wsr\" alt='' title='logo_fous'  height=\"82\" width=\"293\"  itemprop=\"thumbnailUrl\" srcset=\"https:\/\/kupferspuren.at\/wp-content\/uploads\/2024\/05\/logo_fous.jpg 293w, https:\/\/kupferspuren.at\/wp-content\/uploads\/2024\/05\/logo_fous-80x22.jpg 80w\" sizes=\"(max-width: 293px) 100vw, 293px\" \/><\/div><\/div><\/div><\/div><div  class='flex_column av-16ve3i-1a4fb81fbae38666a5ab950646ce4e47 av_two_third  avia-builder-el-14  el_after_av_one_third  avia-builder-el-last  flex_column_div  '     ><section  class='av_textblock_section av-149ljy-00dc8acdee578256512202c93838835b '   itemscope=\"itemscope\" itemtype=\"https:\/\/schema.org\/CreativeWork\" ><div class='avia_textblock'  itemprop=\"text\" ><h3>Ctenice Chateau Garden Center<\/h3>\n<p>Ing. Ondrej Fous<br \/>\nSchnirchova 1084\/29 PRAHA 7 &#8211; HOLE\u0160OVICE<br \/>\n170 00 <b>PRAHA 7<\/b><\/p>\n<p>Phone: +420 608 850 800<br \/>\n<a class=\"email\" href=\"mailto:pereny@email.cz\">pereny@email.cz<\/a><\/p>\n<\/div><\/section><\/div><\/div><\/div><\/div><!-- close content main div --><\/div><\/div><div id='av_section_4'  class='avia-section av-yf1b2-a721df18ba5ccd64398220d7767965cd main_color avia-section-default avia-no-shadow  avia-builder-el-16  el_after_av_section  avia-builder-el-last  avia-bg-style-scroll container_wrap fullsize'  ><div class='container av-section-cont-open' ><div class='template-page content  av-content-full alpha units'><div class='post-entry post-entry-type-page post-entry-1393'><div class='entry-content-wrapper clearfix'>\n<div  class='flex_column av-pw7s6-4c2a83995ed3631af002f8d098619288 av_one_third  avia-builder-el-17  el_before_av_two_third  avia-builder-el-first  first flex_column_div  '     ><style type=\"text\/css\" data-created_by=\"avia_inline_auto\" id=\"style-css-av-jjxf2-0de0ddd8b85a7810886df84191485bbe\">\n.avia-image-container.av-jjxf2-0de0ddd8b85a7810886df84191485bbe img.avia_image{\nbox-shadow:none;\n}\n.avia-image-container.av-jjxf2-0de0ddd8b85a7810886df84191485bbe .av-image-caption-overlay-center{\ncolor:#ffffff;\n}\n<\/style>\n<div  class='avia-image-container av-jjxf2-0de0ddd8b85a7810886df84191485bbe av-styling- avia-align-center  avia-builder-el-18  avia-builder-el-no-sibling '   itemprop=\"image\" itemscope=\"itemscope\" itemtype=\"https:\/\/schema.org\/ImageObject\" ><div class=\"avia-image-container-inner\"><div class=\"avia-image-overlay-wrap\"><img decoding=\"async\" fetchpriority=\"high\" class='wp-image-17078 avia-img-lazy-loading-not-17078 avia_image ' src=\"https:\/\/kupferspuren.at\/wp-content\/uploads\/2022\/04\/prirodni-zahrady-logo-vektor-dlouhy-jpg-300x154.jpg?wsr\" alt='' title='prirodni zahrady logo vektor dlouhy jpg'  height=\"154\" width=\"300\"  itemprop=\"thumbnailUrl\" srcset=\"https:\/\/kupferspuren.at\/wp-content\/uploads\/2022\/04\/prirodni-zahrady-logo-vektor-dlouhy-jpg-300x154.jpg 300w, https:\/\/kupferspuren.at\/wp-content\/uploads\/2022\/04\/prirodni-zahrady-logo-vektor-dlouhy-jpg-416x214.jpg 416w, https:\/\/kupferspuren.at\/wp-content\/uploads\/2022\/04\/prirodni-zahrady-logo-vektor-dlouhy-jpg-150x77.jpg 150w, https:\/\/kupferspuren.at\/wp-content\/uploads\/2022\/04\/prirodni-zahrady-logo-vektor-dlouhy-jpg-324x167.jpg 324w, https:\/\/kupferspuren.at\/wp-content\/uploads\/2022\/04\/prirodni-zahrady-logo-vektor-dlouhy-jpg.jpg 560w\" sizes=\"(max-width: 300px) 100vw, 300px\" \/><\/div><\/div><\/div><\/div><div  class='flex_column av-eaa9a-d0cea772f4a43cf746cfbe87b9af1215 av_two_third  avia-builder-el-19  el_after_av_one_third  avia-builder-el-last  flex_column_div  '     ><section  class='av_textblock_section av-btkl2-91efa2d2c9df34f27a23076e6ec9f552 '   itemscope=\"itemscope\" itemtype=\"https:\/\/schema.org\/CreativeWork\" ><div class='avia_textblock'  itemprop=\"text\" ><h3>Tom\u00e1\u0161 Trejbal<\/h3>\n<p>P\u0159\u00edrodn\u00ed zahrady<br \/>\nwww.chciprirodnizahradu.cz<br \/>\nE-Mail: <a class=\"\" href=\"mailto:tomas@prirodnizahradytrejbal.cz\">tomas@prirodnizahradytrejbal.cz<\/a><br \/>\nPhone:+420 720755506<\/p>\n<\/div><\/section><\/div>\n<\/p>\n","protected":false},"excerpt":{"rendered":"","protected":false},"author":820,"featured_media":0,"parent":726,"menu_order":0,"comment_status":"closed","ping_status":"closed","template":"","meta":{"footnotes":""},"class_list":["post-1393","page","type-page","status-publish","hentry"],"_links":{"self":[{"href":"https:\/\/kupferspuren.at\/en\/wp-json\/wp\/v2\/pages\/1393","targetHints":{"allow":["GET"]}}],"collection":[{"href":"https:\/\/kupferspuren.at\/en\/wp-json\/wp\/v2\/pages"}],"about":[{"href":"https:\/\/kupferspuren.at\/en\/wp-json\/wp\/v2\/types\/page"}],"author":[{"embeddable":true,"href":"https:\/\/kupferspuren.at\/en\/wp-json\/wp\/v2\/users\/820"}],"replies":[{"embeddable":true,"href":"https:\/\/kupferspuren.at\/en\/wp-json\/wp\/v2\/comments?post=1393"}],"version-history":[{"count":0,"href":"https:\/\/kupferspuren.at\/en\/wp-json\/wp\/v2\/pages\/1393\/revisions"}],"up":[{"embeddable":true,"href":"https:\/\/kupferspuren.at\/en\/wp-json\/wp\/v2\/pages\/726"}],"wp:attachment":[{"href":"https:\/\/kupferspuren.at\/en\/wp-json\/wp\/v2\/media?parent=1393"}],"curies":[{"name":"wp","href":"https:\/\/api.w.org\/{rel}","templated":true}]}}