{"id":1576,"date":"2017-09-29T14:06:40","date_gmt":"2017-09-29T12:06:40","guid":{"rendered":"http:\/\/pksbronze.at\/informationen\/montageanleitung-fuer-stiele\/"},"modified":"2018-02-03T10:50:27","modified_gmt":"2018-02-03T09:50:27","slug":"montageanleitung-fuer-stiele","status":"publish","type":"page","link":"https:\/\/kupferspuren.at\/en\/informations\/montageanleitung-fuer-stiele\/","title":{"rendered":"Montageanleitung f\u00fcr Stiele und Griffe"},"content":{"rendered":"<div id=\"c1574\" class=\"csc-default\">\n<h3><span class=\"detail\">F\u00fcr Spaten &#8220;ORION&#8221; und &#8220;AUVA&#8221;und &#8220;ALYA&#8221;,<br \/>\nGrabgabel &#8220;ANTARES&#8221; und Rosengabel &#8220;SYRMA&#8221;<\/span><\/h3>\n<p><strong>F\u00fcr eine optimale Stielmontage empfehlen wir:<\/strong><\/p>\n<ul>\n<li>Stiel ohne Dolle in das Haus (Stielaufnahme) einf\u00fchren und ausrichten<\/li>\n<li>Hinein klopfen mit Holz-oder Gummihammer<\/li>\n<li>Loch bohren f\u00fcr Schraube (dm 6,0 mm)<\/li>\n<li>H\u00fclsenmutter + Gewindeschraube zusammenschrauben<\/li>\n<li>In die Dolleneinf\u00fchrung etwas Holzleim geben<\/li>\n<li>Dolle aufsetzen und parallel zur Spatenblattachse ausrichten<\/li>\n<li>Sicherheitsnagel einschlagen<\/li>\n<\/ul>\n<p>&#8212;&#8212;&#8212;&#8212;&#8212;&#8212;&#8212;&#8212;&#8212;&#8212;&#8212;&#8212;&#8212;&#8212;&#8212;&#8212;&#8212;&#8212;&#8212;&#8212;&#8212;&#8212;&#8212;&#8212;&#8212;&#8212;&#8212;&#8212;&#8212;&#8212;&#8212;&#8212;&#8212;&#8212;&#8212;&#8212;&#8212;&#8212;&#8212;&#8212;&#8212;&#8212;&#8212;&#8212;<\/p>\n<h3>Feldhaue <a href=\"https:\/\/kupferspuren.at\/en\/product\/copper-field-hoe-sirius\/\">&#8220;SIRIUS&#8221;<\/a> und Weinhaue <a href=\"https:\/\/kupferspuren.at\/en\/product\/copper-mattock-tuza\/\">&#8220;TUZA&#8221;<\/a><\/h3>\n<\/div>\n<p><code> <\/p>\n<div class=\"brlbs-cmpnt-container brlbs-cmpnt-content-blocker brlbs-cmpnt-with-individual-styles\" data-borlabs-cookie-content-blocker-id=\"youtube-content-blocker\" data-borlabs-cookie-content=\"PGlmcmFtZSBzcmM9Imh0dHBzOi8vd3d3LnlvdXR1YmUtbm9jb29raWUuY29tL2VtYmVkL1NtVXp5OWpuaDJFP3JlbD0wIiB3aWR0aD0iNTYwIiBoZWlnaHQ9IjMxNSIgZnJhbWVib3JkZXI9IjAiIGFsbG93ZnVsbHNjcmVlbj0iYWxsb3dmdWxsc2NyZWVuIj48L2lmcmFtZT4=\">\n<div class=\"brlbs-cmpnt-cb-preset-c brlbs-cmpnt-cb-youtube\">\n<div class=\"brlbs-cmpnt-cb-thumbnail\" style=\"background-image: url('https:\/\/kupferspuren.at\/wp-content\/uploads\/borlabs-cookie\/1\/yt_SmUzy9jnh2E_hqdefault.jpg')\"><\/div>\n<div class=\"brlbs-cmpnt-cb-main\">\n<div class=\"brlbs-cmpnt-cb-play-button\"><\/div>\n<div class=\"brlbs-cmpnt-cb-content\">\n<p class=\"brlbs-cmpnt-cb-description\">You are currently viewing a placeholder content from <strong>YouTube<\/strong>. To access the actual content, click the button below. Please note that doing so will share data with third-party providers.<\/p>\n<p> <a class=\"brlbs-cmpnt-cb-provider-toggle\" href=\"#\" data-borlabs-cookie-show-provider-information role=\"button\">More Information<\/a> <\/div>\n<div class=\"brlbs-cmpnt-cb-buttons\"> <a class=\"brlbs-cmpnt-cb-btn\" href=\"#\" data-borlabs-cookie-unblock role=\"button\">Unblock content<\/a> <a class=\"brlbs-cmpnt-cb-btn\" href=\"#\" data-borlabs-cookie-accept-service role=\"button\" style=\"display: inherit\">Accept required service and unblock content<\/a> <\/div>\n<\/p><\/div>\n<\/p><\/div>\n<\/div>\n<p><\/code><\/p>\n<hr \/>\n<h3>Trowel &#8220;CASTOR&#8221;, &#8220;MUSCA&#8221;, &#8220;MIRA&#8221; und Hand Fork &#8220;VEGA&#8221;<\/h3>\n<p><code> <\/p>\n<div class=\"brlbs-cmpnt-container brlbs-cmpnt-content-blocker brlbs-cmpnt-with-individual-styles\" data-borlabs-cookie-content-blocker-id=\"youtube-content-blocker\" data-borlabs-cookie-content=\"PGlmcmFtZSBzcmM9Imh0dHBzOi8vd3d3LnlvdXR1YmUtbm9jb29raWUuY29tL2VtYmVkL2pwQXhVTVRDNGtFP3JlbD0wIiB3aWR0aD0iNTYwIiBoZWlnaHQ9IjMxNSIgZnJhbWVib3JkZXI9IjAiIGFsbG93ZnVsbHNjcmVlbj0iYWxsb3dmdWxsc2NyZWVuIj48L2lmcmFtZT4=\">\n<div class=\"brlbs-cmpnt-cb-preset-c brlbs-cmpnt-cb-youtube\">\n<div class=\"brlbs-cmpnt-cb-thumbnail\" style=\"background-image: url('https:\/\/kupferspuren.at\/wp-content\/uploads\/borlabs-cookie\/1\/yt_jpAxUMTC4kE_hqdefault.jpg')\"><\/div>\n<div class=\"brlbs-cmpnt-cb-main\">\n<div class=\"brlbs-cmpnt-cb-play-button\"><\/div>\n<div class=\"brlbs-cmpnt-cb-content\">\n<p class=\"brlbs-cmpnt-cb-description\">You are currently viewing a placeholder content from <strong>YouTube<\/strong>. To access the actual content, click the button below. Please note that doing so will share data with third-party providers.<\/p>\n<p> <a class=\"brlbs-cmpnt-cb-provider-toggle\" href=\"#\" data-borlabs-cookie-show-provider-information role=\"button\">More Information<\/a> <\/div>\n<div class=\"brlbs-cmpnt-cb-buttons\"> <a class=\"brlbs-cmpnt-cb-btn\" href=\"#\" data-borlabs-cookie-unblock role=\"button\">Unblock content<\/a> <a class=\"brlbs-cmpnt-cb-btn\" href=\"#\" data-borlabs-cookie-accept-service role=\"button\" style=\"display: inherit\">Accept required service and unblock content<\/a> <\/div>\n<\/p><\/div>\n<\/p><\/div>\n<\/div>\n<p><\/code><\/p>\n","protected":false},"excerpt":{"rendered":"<p>F\u00fcr Spaten &#8220;ORION&#8221; und &#8220;AUVA&#8221;und &#8220;ALYA&#8221;, Grabgabel &#8220;ANTARES&#8221; und Rosengabel &#8220;SYRMA&#8221; F\u00fcr eine optimale Stielmontage empfehlen wir: Stiel ohne Dolle in das Haus (Stielaufnahme) einf\u00fchren und ausrichten Hinein klopfen mit Holz-oder Gummihammer Loch bohren f\u00fcr Schraube (dm 6,0 mm) H\u00fclsenmutter + Gewindeschraube zusammenschrauben In die Dolleneinf\u00fchrung etwas Holzleim geben Dolle aufsetzen und parallel zur Spatenblattachse [&hellip;]<\/p>\n","protected":false},"author":820,"featured_media":0,"parent":1419,"menu_order":0,"comment_status":"closed","ping_status":"closed","template":"","meta":{"footnotes":""},"class_list":["post-1576","page","type-page","status-publish","hentry"],"_links":{"self":[{"href":"https:\/\/kupferspuren.at\/en\/wp-json\/wp\/v2\/pages\/1576","targetHints":{"allow":["GET"]}}],"collection":[{"href":"https:\/\/kupferspuren.at\/en\/wp-json\/wp\/v2\/pages"}],"about":[{"href":"https:\/\/kupferspuren.at\/en\/wp-json\/wp\/v2\/types\/page"}],"author":[{"embeddable":true,"href":"https:\/\/kupferspuren.at\/en\/wp-json\/wp\/v2\/users\/820"}],"replies":[{"embeddable":true,"href":"https:\/\/kupferspuren.at\/en\/wp-json\/wp\/v2\/comments?post=1576"}],"version-history":[{"count":0,"href":"https:\/\/kupferspuren.at\/en\/wp-json\/wp\/v2\/pages\/1576\/revisions"}],"up":[{"embeddable":true,"href":"https:\/\/kupferspuren.at\/en\/wp-json\/wp\/v2\/pages\/1419"}],"wp:attachment":[{"href":"https:\/\/kupferspuren.at\/en\/wp-json\/wp\/v2\/media?parent=1576"}],"curies":[{"name":"wp","href":"https:\/\/api.w.org\/{rel}","templated":true}]}}