{"id":10291,"date":"2019-11-08T10:23:55","date_gmt":"2019-11-08T09:23:55","guid":{"rendered":"https:\/\/kupferspuren.at\/?page_id=10291"},"modified":"2025-08-28T14:43:11","modified_gmt":"2025-08-28T12:43:11","slug":"envio","status":"publish","type":"page","link":"https:\/\/kupferspuren.at\/es\/informacion\/envio\/","title":{"rendered":"ENV\u00cdO"},"content":{"rendered":"<ul>\n<li><strong>ENTREGA<\/strong> mediante DPD y UPS. En un plazo de 1 a 3 d\u00edas laborables. <strong>Se requiere un recibo<\/strong>, tenlo en cuenta al introducir la direcci\u00f3n de entrega.<br \/>Recibir\u00e1s un correo electr\u00f3nico con un enlace al estado del paquete o al seguimiento del paquete y antes de la entrega. Si la entrega no se ha realizado correctamente, encontrar\u00e1s informaci\u00f3n al respecto en el enlace enviado con la direcci\u00f3n del remitente: shop@kupferspuren.at, o directamente UPS.  <\/li>\n<\/ul>\n<ul>\n<li><a href=\"https:\/\/kupferspuren.shipping-portal.com\/rp\/\" target=\"_blank\" rel=\"nofollow noopener\"><strong data-rich-text-format-boundary=\"true\">PORTAL DE DEVOLUCIONES<\/strong><\/a> Crea tu propia etiqueta de devoluci\u00f3n para DPD con el punto de entrega que elijas.<\/li>\n<\/ul>\n<ul>\n<li>SEGUIMIENTO DE PAQUETES:<\/li>\n<\/ul>\n\n<hr class=\"wp-block-separator has-alpha-channel-opacity\"\/>\n\n<p><\/p>\n\n<p><\/p>\n\n<ul class=\"wp-block-list\"><li> <div class=\"brlbs-cmpnt-container brlbs-cmpnt-content-blocker brlbs-cmpnt-with-individual-styles\" data-borlabs-cookie-content-blocker-id=\"default\" data-borlabs-cookie-content=\"PGlmcmFtZSBzdHlsZT0iYm9yZGVyOiAwOyIgc3JjPSJodHRwczovL3RyYWNraW5nLmV1LWNlbnRyYWwtMS0wLnNlbmRjbG91ZC5zYy8iIHdpZHRoPSIxMDAlIiBoZWlnaHQ9IjQ1MHB4IiBmcmFtZWJvcmRlcj0iMCI+PC9pZnJhbWU+\"><div class=\"brlbs-cmpnt-cb-preset-a\"> <p class=\"brlbs-cmpnt-cb-description\">Sie sehen gerade einen Platzhalterinhalt von <strong>Standard<\/strong>. Um auf den eigentlichen Inhalt zuzugreifen, klicken Sie auf den Button unten. Bitte beachten Sie, dass dabei Daten an Drittanbieter weitergegeben werden.<\/p> <div class=\"brlbs-cmpnt-cb-buttons\"> <a class=\"brlbs-cmpnt-cb-btn\" href=\"#\" data-borlabs-cookie-unblock role=\"button\">Inhalt entsperren<\/a> <a class=\"brlbs-cmpnt-cb-btn\" href=\"#\" data-borlabs-cookie-accept-service role=\"button\" style=\"display: none\">Erforderlichen Service akzeptieren und Inhalte entsperren<\/a> <\/div> <a class=\"brlbs-cmpnt-cb-provider-toggle\" href=\"#\" data-borlabs-cookie-show-provider-information role=\"button\">Weitere Informationen<\/a> <\/div><\/div><\/li><\/ul>\n\n<div id=\"c81\" class=\"csc-default\">\n<div class=\"csc-textpic csc-textpic-intext-right\">\n<div class=\"csc-textpic-text\"> <\/div>\n<\/div>\n<\/div>\n","protected":false},"excerpt":{"rendered":"<p>ENTREGA mediante DPD y UPS. En un plazo de 1 a 3 d\u00edas laborables. Se requiere un recibo, tenlo en cuenta al introducir la direcci\u00f3n de entrega.Recibir\u00e1s un correo electr\u00f3nico con un enlace al estado del paquete o al seguimiento del paquete y antes de la entrega. Si la entrega no se ha realizado correctamente, [&hellip;]<\/p>\n","protected":false},"author":820,"featured_media":0,"parent":1421,"menu_order":0,"comment_status":"closed","ping_status":"closed","template":"","meta":{"footnotes":""},"class_list":["post-10291","page","type-page","status-publish","hentry"],"_links":{"self":[{"href":"https:\/\/kupferspuren.at\/es\/wp-json\/wp\/v2\/pages\/10291","targetHints":{"allow":["GET"]}}],"collection":[{"href":"https:\/\/kupferspuren.at\/es\/wp-json\/wp\/v2\/pages"}],"about":[{"href":"https:\/\/kupferspuren.at\/es\/wp-json\/wp\/v2\/types\/page"}],"author":[{"embeddable":true,"href":"https:\/\/kupferspuren.at\/es\/wp-json\/wp\/v2\/users\/820"}],"replies":[{"embeddable":true,"href":"https:\/\/kupferspuren.at\/es\/wp-json\/wp\/v2\/comments?post=10291"}],"version-history":[{"count":0,"href":"https:\/\/kupferspuren.at\/es\/wp-json\/wp\/v2\/pages\/10291\/revisions"}],"up":[{"embeddable":true,"href":"https:\/\/kupferspuren.at\/es\/wp-json\/wp\/v2\/pages\/1421"}],"wp:attachment":[{"href":"https:\/\/kupferspuren.at\/es\/wp-json\/wp\/v2\/media?parent=10291"}],"curies":[{"name":"wp","href":"https:\/\/api.w.org\/{rel}","templated":true}]}}