{"id":1219,"date":"2017-09-27T11:35:18","date_gmt":"2017-09-27T09:35:18","guid":{"rendered":"http:\/\/pksbronze.at\/garantie\/"},"modified":"2019-01-30T12:35:38","modified_gmt":"2019-01-30T11:35:38","slug":"garantia","status":"publish","type":"page","link":"https:\/\/kupferspuren.at\/es\/informacion\/garantia\/","title":{"rendered":"Garant\u00eda"},"content":{"rendered":"<p>Todas las herramientas de jard\u00edn PKS son hechos a mano y probados individualmente por la calidad.<br \/>\nLa cuidadosa selecci\u00f3n de materias primas y su mano de obra garantizan una vida \u00fatil extremadamente larga.<br \/>\nHerramientas de cobre se han dise\u00f1ado para la edici\u00f3n de la tierra cultivada. PKS jard\u00edn equipo para acompa\u00f1ar a sus due\u00f1os durante d\u00e9cadas.<\/p>\n<h2>Le concedemos una 10 a\u00f1os garant\u00eda en todas las partes met\u00e1licas. Para los mangos de madera de 2 a\u00f1os. <span id=\"result_box\" class=\"short_text\" lang=\"es\">Esto no se aplica al desgaste.<\/span><\/h2>\n<p>Para m\u00e1s informaci\u00f3n p\u00f3ngase en contacto con<br \/>\nEl Sr. Johannes Stadler<\/p>\n<p><span id=\"result_box\" class=\"short_text\" lang=\"es\">Tel\u00e9fono<\/span>: 0043 677 631 482 77<br \/>\nE-Mail:\u00a0<a class=\"mail\" href=\"mailto:office@kupferspuren.at\">office(at)kupferspuren.at<\/a><\/p>\n","protected":false},"excerpt":{"rendered":"<p>Todas las herramientas de jard\u00edn PKS son hechos a mano y probados individualmente por la calidad. La cuidadosa selecci\u00f3n de materias primas y su mano de obra garantizan una vida \u00fatil extremadamente larga. Herramientas de cobre se han dise\u00f1ado para la edici\u00f3n de la tierra cultivada. PKS jard\u00edn equipo para acompa\u00f1ar a sus due\u00f1os durante [&hellip;]<\/p>\n","protected":false},"author":820,"featured_media":0,"parent":1421,"menu_order":0,"comment_status":"closed","ping_status":"closed","template":"","meta":{"footnotes":""},"class_list":["post-1219","page","type-page","status-publish","hentry"],"_links":{"self":[{"href":"https:\/\/kupferspuren.at\/es\/wp-json\/wp\/v2\/pages\/1219","targetHints":{"allow":["GET"]}}],"collection":[{"href":"https:\/\/kupferspuren.at\/es\/wp-json\/wp\/v2\/pages"}],"about":[{"href":"https:\/\/kupferspuren.at\/es\/wp-json\/wp\/v2\/types\/page"}],"author":[{"embeddable":true,"href":"https:\/\/kupferspuren.at\/es\/wp-json\/wp\/v2\/users\/820"}],"replies":[{"embeddable":true,"href":"https:\/\/kupferspuren.at\/es\/wp-json\/wp\/v2\/comments?post=1219"}],"version-history":[{"count":0,"href":"https:\/\/kupferspuren.at\/es\/wp-json\/wp\/v2\/pages\/1219\/revisions"}],"up":[{"embeddable":true,"href":"https:\/\/kupferspuren.at\/es\/wp-json\/wp\/v2\/pages\/1421"}],"wp:attachment":[{"href":"https:\/\/kupferspuren.at\/es\/wp-json\/wp\/v2\/media?parent=1219"}],"curies":[{"name":"wp","href":"https:\/\/api.w.org\/{rel}","templated":true}]}}