{"id":1421,"date":"2017-09-26T09:34:17","date_gmt":"2017-09-26T07:34:17","guid":{"rendered":"http:\/\/pksbronze.at\/informationen\/"},"modified":"2025-11-18T10:21:35","modified_gmt":"2025-11-18T09:21:35","slug":"informacion","status":"publish","type":"page","link":"https:\/\/kupferspuren.at\/es\/informacion\/","title":{"rendered":"Informaci\u00f3n sobre herramientas de cobre"},"content":{"rendered":"\n<style type=\"text\/css\" data-created_by=\"avia_inline_auto\" id=\"style-css-av-mi4cy7mx-a4080ff8c51971b92a84624fe4edbf81\">\n.avia-image-container.av-mi4cy7mx-a4080ff8c51971b92a84624fe4edbf81 img.avia_image{\nbox-shadow:none;\n}\n.avia-image-container.av-mi4cy7mx-a4080ff8c51971b92a84624fe4edbf81 .av-image-caption-overlay-center{\ncolor:#ffffff;\n}\n<\/style>\n<div  class='avia-image-container av-mi4cy7mx-a4080ff8c51971b92a84624fe4edbf81 av-styling- avia-align-center  avia-builder-el-0  el_before_av_textblock  avia-builder-el-first '   itemprop=\"image\" itemscope=\"itemscope\" itemtype=\"https:\/\/schema.org\/ImageObject\" ><div class=\"avia-image-container-inner\"><div class=\"avia-image-overlay-wrap\"><img decoding=\"async\" fetchpriority=\"high\" class='wp-image-26279 avia-img-lazy-loading-not-26279 avia_image ' src=\"https:\/\/kupferspuren.at\/wp-content\/uploads\/2025\/11\/informationen-header-1500x430.webp?wsr\" alt='Superficie de la herramienta de color cobrizo con finos detalles, incluidos un dibujo geom\u00e9trico y letras, sobre fondo verde.' title='Herramientas de cobre con marcaje y dise\u00f1o de precisi\u00f3n Primer plano de una herramienta de cobre con marcaje.'  height=\"430\" width=\"1500\"  itemprop=\"thumbnailUrl\" srcset=\"https:\/\/kupferspuren.at\/wp-content\/uploads\/2025\/11\/informationen-header-1500x430.webp 1500w, https:\/\/kupferspuren.at\/wp-content\/uploads\/2025\/11\/informationen-header-80x22.webp 80w\" sizes=\"(max-width: 1500px) 100vw, 1500px\" \/><\/div><\/div><\/div>\n<section  class='av_textblock_section av-mi4csm58-d96294da8c22803e6ee7e0d5bb5ee2b3 '   itemscope=\"itemscope\" itemtype=\"https:\/\/schema.org\/CreativeWork\" ><div class='avia_textblock'  itemprop=\"text\" ><p><span style=\"color: #adba84;\"> <\/span><\/p>\n<ul>\n<li class=\"entry-title\">\n<h4><a href=\"https:\/\/kupferspuren.at\/es\/informacion\/cobre\/\"><strong><strong>\u00bfPor qu\u00e9 el cobre?<\/strong><\/strong> <\/a> Fertilizaci\u00f3n con oligoelementos<br \/>\nCobre y crecimiento \/ modo de acci\u00f3n \/ verd\u00edn \/ \u00e1reas de experiencia<\/h4>\n<\/li>\n<li>\n<h4><a href=\"https:\/\/kupferspuren.at\/es\/informacion\/leyenda\/\"><strong><strong>La idea \/ Sobre nosotros<\/strong><\/strong><\/a> PKS<\/h4>\n<\/li>\n<li>\n<h4><strong><a href=\"https:\/\/kupferspuren.at\/es\/informacion\/herramientas-de-cobre\/\"><strong>Herramientas de cobre para el jard\u00edn:<\/strong><\/a> <\/strong> Ventajas<br \/>\nAplicaci\u00f3n \/ Instrucciones de uso \/ Cuidados<br \/>\nGarant\u00eda \/ Fabricaci\u00f3n \/ Material<\/h4>\n<\/li>\n<li>\n<h4><a href=\"https:\/\/kupferspuren.at\/es\/informacion\/faqs\/\"><strong>Preguntas frecuentes<\/strong><\/a><\/h4>\n<\/li>\n<li>\n<h4><a href=\"https:\/\/kupferspuren.at\/es\/schweiz-niederlande-england\/\"><strong>COMPRAS<\/strong><\/a><\/h4>\n<\/li>\n<li>\n<h4><a href=\"https:\/\/kupferspuren.at\/es\/informacion\/garantia\/\"><strong>Garant\u00eda<\/strong><\/a><\/h4>\n<\/li>\n<\/ul>\n<p><a href=\"https:\/\/kupferspuren.at\/wp-content\/uploads\/2025\/02\/Preisliste-grosse-Werkzeuge-2025.doc\" target=\"_blank\" rel=\"noopener\">Lista de precios herramientas grandes 2025<\/a>  <em>Doc. para imprimir<br \/>\n<\/em><a href=\"https:\/\/kupferspuren.at\/wp-content\/uploads\/2025\/02\/Preisliste-kleine-Werkzeuge-2025.doc\" target=\"_blank\" rel=\"noopener\">Lista de precios peque\u00f1as herramientas 2025<\/a> <em>  Doc. para imprimir<br \/>\n<\/em><a href=\"https:\/\/kupferspuren.at\/wp-content\/uploads\/2025\/02\/Preisliste-Giesskannen-2025.doc\" target=\"_blank\" rel=\"noopener\">Lista de precios regaderas 2025<\/a>  <em>Doc. para imprimir <\/em><\/p>\n<hr>\n<p>PDF <a href=\"https:\/\/kupferspuren.at\/wp-content\/uploads\/2022\/05\/PKS_Broschuer2022.pdf\" target=\"_blank\" rel=\"noopener\">Folleto KUPFERSPUREN Stadler PKS Bronce_ES<\/a><\/p>\n<hr>\n<h4 style=\"text-align: left;\"><a href=\"https:\/\/kupferspuren.at\/es\/informacion\/videos\/\"><strong>VIDEOS<\/strong><\/a> sobre el uso y kl. Reparaciones<\/h4>\n<h4><a href=\"https:\/\/kupferspuren.at\/es\/informacion\/montageanleitung-fuer-stiele\/\">INSTRUCCIONES DE MONTAJE para asas y empu\u00f1aduras<\/a><\/h4>\n<hr>\n<hr class=\"wp-block-separator has-css-opacity\">\n<hr class=\"wp-block-separator has-css-opacity\">\n<\/div><\/section>\n","protected":false},"excerpt":{"rendered":"","protected":false},"author":820,"featured_media":0,"parent":0,"menu_order":0,"comment_status":"closed","ping_status":"closed","template":"","meta":{"footnotes":""},"class_list":["post-1421","page","type-page","status-publish","hentry"],"_links":{"self":[{"href":"https:\/\/kupferspuren.at\/es\/wp-json\/wp\/v2\/pages\/1421","targetHints":{"allow":["GET"]}}],"collection":[{"href":"https:\/\/kupferspuren.at\/es\/wp-json\/wp\/v2\/pages"}],"about":[{"href":"https:\/\/kupferspuren.at\/es\/wp-json\/wp\/v2\/types\/page"}],"author":[{"embeddable":true,"href":"https:\/\/kupferspuren.at\/es\/wp-json\/wp\/v2\/users\/820"}],"replies":[{"embeddable":true,"href":"https:\/\/kupferspuren.at\/es\/wp-json\/wp\/v2\/comments?post=1421"}],"version-history":[{"count":0,"href":"https:\/\/kupferspuren.at\/es\/wp-json\/wp\/v2\/pages\/1421\/revisions"}],"wp:attachment":[{"href":"https:\/\/kupferspuren.at\/es\/wp-json\/wp\/v2\/media?parent=1421"}],"curies":[{"name":"wp","href":"https:\/\/api.w.org\/{rel}","templated":true}]}}