{"id":1428,"date":"2017-09-29T23:13:38","date_gmt":"2017-09-29T21:13:38","guid":{"rendered":"http:\/\/pksbronze.at\/informationen\/kupfer\/"},"modified":"2025-11-18T10:25:28","modified_gmt":"2025-11-18T09:25:28","slug":"cobre","status":"publish","type":"page","link":"https:\/\/kupferspuren.at\/es\/informacion\/cobre\/","title":{"rendered":"Por qu\u00e9 el cobre"},"content":{"rendered":"\n<style type=\"text\/css\" data-created_by=\"avia_inline_auto\" id=\"style-css-av-mi4d7dj4-9fcdd8141a6b9b5913f7814846d04d44\">\n#top .av-special-heading.av-mi4d7dj4-9fcdd8141a6b9b5913f7814846d04d44{\npadding-bottom:10px;\n}\nbody .av-special-heading.av-mi4d7dj4-9fcdd8141a6b9b5913f7814846d04d44 .av-special-heading-tag .heading-char{\nfont-size:25px;\n}\n.av-special-heading.av-mi4d7dj4-9fcdd8141a6b9b5913f7814846d04d44 .av-subheading{\nfont-size:15px;\n}\n<\/style>\n<div  class='av-special-heading av-mi4d7dj4-9fcdd8141a6b9b5913f7814846d04d44 av-special-heading-h1 blockquote modern-quote  avia-builder-el-0  el_before_av_textblock  avia-builder-el-first '><h1 class='av-special-heading-tag '  itemprop=\"headline\"  >\u00bfPor qu\u00e9 herramientas de cobre o de aleaci\u00f3n de cobre?<\/h1><div class=\"special-heading-border\"><div class=\"special-heading-inner-border\"><\/div><\/div><\/div>\n<section  class='av_textblock_section av-7ex2c-c9981e4a5f88ea7d2b4ed3b532877e3d '   itemscope=\"itemscope\" itemtype=\"https:\/\/schema.org\/CreativeWork\" ><div class='avia_textblock'  itemprop=\"text\" ><div>Lo siguiente se aplica a las herramientas de cobre o aleaci\u00f3n de cobre:<\/div>\n<div id=\"c322\" class=\"csc-default\">\n<ul>\n<li><b>No<\/b> necesita <b>mantenimiento<\/b>.<\/li>\n<li><b>No se forma \u00f3xido, <\/b>por lo que dura para siempre. Sobre el tema de la corrosi\u00f3n, consulta: <a href=\"https:\/\/www.kupferinstitut.de\/de\/werkstoffe\/system\/korrosionsverhalten-kupferwerkstoffe.html\" target=\"_blank\" rel=\"noopener noreferrer\">kupferinstitut.de<\/a> <\/li>\n<li><strong>No magn\u00e9tico<\/strong>.<\/li>\n<li><strong>Sostenible<\/strong> &#8211; para un criadero sano.<\/li>\n<\/ul>\n<h3 class=\"entry-title\"><a href=\"https:\/\/kupferspuren.at\/es\/informacion\/cobre\/oligoelementos\/\">Fertilizaci\u00f3n con oligoelementos<\/a><\/h3>\n<h3><a href=\"https:\/\/kupferspuren.at\/es\/informacion\/cobre\/el-cobre-y-el-crecimiento\/\">Cobre y crecimiento<\/a><\/h3>\n<h3><a href=\"https:\/\/kupferspuren.at\/es\/informacion\/cobre\/efecto\/\">Modo de acci\u00f3n<\/a><\/h3>\n<h3><a class=\"internal-link\" href=\"https:\/\/kupferspuren.at\/es\/informacion\/cobre\/patina-o-cardenillo\/\">verd\u00edn <\/a><span style=\"color: #cc99ff;\"><i><span style=\"color: #c2bdc7;\">T\u00e9rmino coloquialmente incorrecto para designar la capa verde de envejecimiento de las superficies de cobre, la<\/span><\/i><a style=\"color: #cc99ff;\" title=\"P\u00e1tina\" href=\"http:\/\/de.wikipedia.org\/wiki\/Patina\" target=\"_blank\" rel=\"noopener noreferrer\"><span style=\"color: #0000ff;\"><span style=\"color: #800080;\">p\u00e1tina<\/span><\/span><\/a><\/span><\/h3>\n<h4><a href=\"https:\/\/kupferspuren.at\/es\/informacion\/cobre\/testimonios\/\">Testimonios<\/a><\/h4>\n<\/div>\n<p><a href=\"https:\/\/www.boden-fachzentrum.de\/bodenqualitaet\/boden-naehrstoffe\/bodennaehrstoff-kupfer\" target=\"_blank\" rel=\"noopener noreferrer\">https:\/\/www.boden-fachzentrum.de\/bodenqualitaet\/boden-naehrstoffe\/bodennaehrstoff-kupfer<\/a><\/p>\n<div id=\"c322\" class=\"csc-default\">\n<p><em><strong>Wikipedia:<\/strong><\/em><br \/>\n<em><span id=\"Biologische_Eigenschaften\" class=\"mw-headline\">Propiedades biol\u00f3gicas<\/span><\/em><\/p>\n<p><em>En comparaci\u00f3n con muchos otros metales pesados, el cobre s\u00f3lo es relativamente poco t\u00f3xico para los organismos superiores. Por ejemplo, una persona puede consumir 0,04 gramos de cobre al d\u00eda sin sufrir ning\u00fan da\u00f1o para su salud.<sup id=\"cite_ref-39\" class=\"reference\"><a href=\"https:\/\/de.wikipedia.org\/wiki\/Kupfer#cite_note-39\" target=\"_blank\" rel=\"noopener noreferrer\">[38]<\/a><\/sup> En su forma libre, no unido a <a title=\"Prote\u00edna\" href=\"https:\/\/de.wikipedia.org\/wiki\/Protein\" target=\"_blank\" rel=\"noopener noreferrer\">prote\u00ednas<\/a>, el cobre tiene un efecto antibacteriano; al igual que ocurre con la plata, se denomina <a title=\"Oligodin\u00e1mica\" href=\"https:\/\/de.wikipedia.org\/wiki\/Oligodynamie\" target=\"_blank\" rel=\"noopener noreferrer\">efecto oligodin\u00e1mico<\/a>, por lo que, por ejemplo, <strong>el agua de flores almacenada en recipientes de cobre<\/strong> o en la que se coloca una moneda de cobre <strong>no se pone f\u00e9tida tan r\u00e1pidamente.<\/strong> <\/em><\/p>\n<p><img loading=\"lazy\" decoding=\"async\" class=\"wp-image-10222 alignleft\" src=\"https:\/\/kupferspuren.at\/wp-content\/uploads\/2017\/09\/weiblich-150x150.png\" alt=\"cobre hembra\" width=\"54\" height=\"54\" srcset=\"https:\/\/kupferspuren.at\/wp-content\/uploads\/2017\/09\/weiblich-150x150.png 150w, https:\/\/kupferspuren.at\/wp-content\/uploads\/2017\/09\/weiblich-300x300.png 300w, https:\/\/kupferspuren.at\/wp-content\/uploads\/2017\/09\/weiblich-100x100.png 100w, https:\/\/kupferspuren.at\/wp-content\/uploads\/2017\/09\/weiblich-600x600.png 600w, https:\/\/kupferspuren.at\/wp-content\/uploads\/2017\/09\/weiblich-768x768.png 768w, https:\/\/kupferspuren.at\/wp-content\/uploads\/2017\/09\/weiblich-324x324.png 324w, https:\/\/kupferspuren.at\/wp-content\/uploads\/2017\/09\/weiblich-416x416.png 416w, https:\/\/kupferspuren.at\/wp-content\/uploads\/2017\/09\/weiblich.png 1024w\" sizes=\"auto, (max-width: 54px) 100vw, 54px\" \/><\/p>\n<p><em>S\u00edmbolo de Venus: s\u00edmbolo alqu\u00edmico del cobre<\/em><\/p>\n<p><em>El cobre, el oro, la plata y el esta\u00f1o fueron los primeros metales conocidos por la humanidad durante su desarrollo.<\/em><\/p>\n<p><em>M\u00e1s tarde, el cobre se ale\u00f3 con esta\u00f1o y plomo (\u00a1utilizamos expl\u00edcitamente una aleaci\u00f3n SIN PLOMO!) para hacer bronce. Esta aleaci\u00f3n m\u00e1s dura y t\u00e9cnicamente m\u00e1s resistente dio nombre a la Edad de Bronce. <\/em> <em>3000 A.C. &#8211; 1200 A.C.<\/em><\/p>\n<\/div>\n<\/div><\/section>\n","protected":false},"excerpt":{"rendered":"","protected":false},"author":820,"featured_media":0,"parent":1421,"menu_order":0,"comment_status":"closed","ping_status":"closed","template":"","meta":{"footnotes":""},"class_list":["post-1428","page","type-page","status-publish","hentry"],"_links":{"self":[{"href":"https:\/\/kupferspuren.at\/es\/wp-json\/wp\/v2\/pages\/1428","targetHints":{"allow":["GET"]}}],"collection":[{"href":"https:\/\/kupferspuren.at\/es\/wp-json\/wp\/v2\/pages"}],"about":[{"href":"https:\/\/kupferspuren.at\/es\/wp-json\/wp\/v2\/types\/page"}],"author":[{"embeddable":true,"href":"https:\/\/kupferspuren.at\/es\/wp-json\/wp\/v2\/users\/820"}],"replies":[{"embeddable":true,"href":"https:\/\/kupferspuren.at\/es\/wp-json\/wp\/v2\/comments?post=1428"}],"version-history":[{"count":0,"href":"https:\/\/kupferspuren.at\/es\/wp-json\/wp\/v2\/pages\/1428\/revisions"}],"up":[{"embeddable":true,"href":"https:\/\/kupferspuren.at\/es\/wp-json\/wp\/v2\/pages\/1421"}],"wp:attachment":[{"href":"https:\/\/kupferspuren.at\/es\/wp-json\/wp\/v2\/media?parent=1428"}],"curies":[{"name":"wp","href":"https:\/\/api.w.org\/{rel}","templated":true}]}}