{"id":1499,"date":"2017-10-06T11:25:29","date_gmt":"2017-10-06T09:25:29","guid":{"rendered":"http:\/\/pksbronze.at\/informationen\/einkaufen\/"},"modified":"2025-08-28T14:42:12","modified_gmt":"2025-08-28T12:42:12","slug":"herramientas-de-cobre","status":"publish","type":"page","link":"https:\/\/kupferspuren.at\/es\/informacion\/herramientas-de-cobre\/","title":{"rendered":"Herramientas de jard\u00edn de cobre"},"content":{"rendered":"<div class=\"entry-content\">\n<p>DE LA ALEACI\u00d3N <strong>MASIVA<\/strong> DE COBRE El cobre puro ser\u00eda demasiado blando. Contenido de cobre al menos 92 % +esta\u00f1o = \u00a1el <strong>bronce<\/strong> a\u00fan <strong>m\u00e1s valioso!<\/strong>  <\/p>\n<hr>\n<h1>Ventajas<\/h1>\n<ul>\n<li><b>No<\/b> necesita <b>mantenimiento<\/b>.<\/li>\n<li><b>No hay formaci\u00f3n de \u00f3xido <\/b>(\u00a1tampoco <a href=\"https:\/\/kupferspuren.at\/es\/informacion\/cobre\/patina-o-cardenillo\/\">verd\u00edn! \u00bfves verd\u00edn o p\u00e1tina<\/a>? ).<\/li>\n<li>Se pueden volver a afilar o biselar.<\/li>\n<li>Tienen <b>una vida \u00fatil<\/b> incomparablemente <b>m\u00e1s larga<\/b> que los aparatos de hierro.<\/li>\n<li>Trabajar con herramientas de jard\u00edn de cobre es <b>m\u00e1s eficiente desde el punto de vista energ\u00e9tico<\/b> gracias a las propiedades del material.<\/li>\n<li><b>No<\/b> se carga <b>magn\u00e9ticamente<\/b>. El campo de tensi\u00f3n natural de nuestro medio de cultivo apenas se ve alterado por la intervenci\u00f3n con herramientas de jard\u00edn de cobre. Esto mejora el equilibrio h\u00eddrico del suelo y el comportamiento de los caracoles (ver: <a href=\"https:\/\/kupferspuren.at\/es\/informacion\/cobre\/efecto\/jane-cobbald-wie-ich-schnecken-schaetzen-lernte\/\">Jane Cobbald<\/a>).  <\/li>\n<li>A trav\u00e9s de los experimentos del cient\u00edfico natural <a href=\"http:\/\/www.pks.or.at\" target=\"_blank\" rel=\"noopener\"><b>Viktor Schauberger<\/b><\/a> en la d\u00e9cada de 1950, se pudo demostrar la mejora del suelo y el fomento del crecimiento asociado.<\/li>\n<li>La abrasi\u00f3n introduce en el suelo <b>oligoelementos de cobre<\/b>, que desempe\u00f1an un papel esencial en los procesos enzim\u00e1ticos: ver <a href=\"https:\/\/kupferspuren.at\/es\/informacion\/cobre\/el-cobre-y-el-crecimiento\/\">\u00abEl cobre y el crecimiento\u00bb<\/a><\/li>\n<li><b>M\u00e1s de 20 a\u00f1os de experiencia<\/b> en la producci\u00f3n.<br \/>\nLos jardineros entusiastas <b>confirman nuestra calidad.<\/b><\/li>\n<\/ul>\n<hr>\n<h1>Aplicaci\u00f3n<\/h1>\n<div id=\"c6\" class=\"csc-default\">\n<div id=\"primary\" class=\"content-area\">\n<div id=\"post-127\" class=\"post-127 page type-page status-publish hentry\">\n<div class=\"entry-content\">\n<p>Las herramientas de jard\u00edn de cobre PKS son las herramientas ideales para trabajar en huertos y jardines ornamentales, parterres elevados, vi\u00f1edos y huertos, parques y espacios verdes. Combinan funcionalidad y belleza de formas con propiedades materiales especialmente favorables para la jardiner\u00eda. A diferencia del hierro o el acero -los materiales m\u00e1s comunes hoy en d\u00eda para las herramientas de jardiner\u00eda-, el cobre tiene un efecto positivo en la capacidad de retenci\u00f3n de agua del suelo y, por tanto, ayuda a mejorar la calidad del suelo y los productos del huerto.  <\/p>\n<p>M\u00e1s sobre esto en <a class=\"internal-link\" href=\"https:\/\/kupferspuren.at\/es\/informacion\/cobre\/el-cobre-y-el-crecimiento\/\">Cobre y crecimiento.<\/a><\/p>\n<p>Los aparatos no son adecuados para cultivar tierra virgen, limpiar madera, arbustos y ra\u00edces, ni para utilizarlos en terrenos muy pedregosos.<\/p>\n<p>He aqu\u00ed un <strong>ejemplo<\/strong> de creaci\u00f3n de un jard\u00edn y las herramientas de cobre utilizadas para ello.<br \/>\nElimina la capa superior con el cincel de cobre <a class=\"internal-link\" href=\"https:\/\/kupferspuren.at\/es\/produkt\/rastra-merak\/\">\u00abMerak<\/a>\u00ab.<br \/>\nAfloja en profundidad con el diente de cerda de cobre <a class=\"internal-link\" href=\"https:\/\/kupferspuren.at\/produkt\/bodenlockerer-sauzahn-pegasus\/\">\u00abPegasus<\/a>\u00ab.<br \/>\nNivela con el rastrillo de cobre <a class=\"internal-link\" href=\"https:\/\/kupferspuren.at\/es\/produkt\/rastrillo-de-cobre-perseus\/\">\u00abPerseus<\/a>\u00ab.<br \/>\nOrdena los bancales seg\u00fan sea necesario con la vers\u00e1til azada de cobre<a class=\"internal-link\" href=\"https:\/\/kupferspuren.at\/es\/produkt\/azada-sirius\/\">\u00abSirius<\/a> \u00bb (Heindl)&#8230;..<\/p>\n<div class=\"brlbs-cmpnt-container brlbs-cmpnt-content-blocker brlbs-cmpnt-with-individual-styles\" data-borlabs-cookie-content-blocker-id=\"youtube-content-blocker\" data-borlabs-cookie-content=\"PGlmcmFtZSBzcmM9Imh0dHBzOi8vd3d3LnlvdXR1YmUtbm9jb29raWUuY29tL2VtYmVkL0lubUExUFNkb2ZFP3JlbD0wIiB3aWR0aD0iNTYwIiBoZWlnaHQ9IjMxNSIgZnJhbWVib3JkZXI9IjAiIGFsbG93ZnVsbHNjcmVlbj0iYWxsb3dmdWxsc2NyZWVuIj48L2lmcmFtZT4=\">\n<div class=\"brlbs-cmpnt-cb-preset-c brlbs-cmpnt-cb-youtube\">\n<div class=\"brlbs-cmpnt-cb-thumbnail\" style=\"background-image: url('https:\/\/kupferspuren.at\/wp-content\/uploads\/borlabs-cookie\/1\/yt_InmA1PSdofE_hqdefault.jpg')\"><\/div>\n<div class=\"brlbs-cmpnt-cb-main\">\n<div class=\"brlbs-cmpnt-cb-play-button\"><\/div>\n<div class=\"brlbs-cmpnt-cb-content\">\n<p class=\"brlbs-cmpnt-cb-description\">Est\u00e1s viendo un contenido de marcador de posici\u00f3n de <strong>YouTube<\/strong>. Para acceder al contenido real, haz clic en el siguiente bot\u00f3n. Ten en cuenta que al hacerlo compartir\u00e1s datos con terceros proveedores.<\/p>\n<p> <a class=\"brlbs-cmpnt-cb-provider-toggle\" href=\"#\" data-borlabs-cookie-show-provider-information role=\"button\">M\u00e1s informaci\u00f3n<\/a> <\/div>\n<div class=\"brlbs-cmpnt-cb-buttons\"> <a class=\"brlbs-cmpnt-cb-btn\" href=\"#\" data-borlabs-cookie-unblock role=\"button\">Desbloquear contenido<\/a> <a class=\"brlbs-cmpnt-cb-btn\" href=\"#\" data-borlabs-cookie-accept-service role=\"button\" style=\"display: inherit\">Aceptar el servicio requerido y desbloquear los contenidos<\/a> <\/div>\n<\/p><\/div>\n<\/p><\/div>\n<\/div>\n<hr>\n<h1>Instrucciones de uso<\/h1>\n<ul>\n<li>Ten cuidado, \u00a1los bordes de nuestros aparatos est\u00e1n muy afilados cuando los compras!<\/li>\n<li>Las herramientas de cobre est\u00e1n dise\u00f1adas para trabajar suelos cultivados.<\/li>\n<li>Mant\u00e9n el tallo lo m\u00e1s seco posible.<\/li>\n<li>Las herramientas no requieren ninguna limpieza ni cuidado especial.<\/li>\n<li>Las deformaciones pueden repararse golpeando* o doblando: no hay riesgo de rotura.<\/li>\n<li>Si es necesario, los bordes romos pueden reafilarse mediante denibraci\u00f3n* (sin p\u00e9rdida de material) o amolado.<\/li>\n<li>Evita el contacto con productos qu\u00edmicos que contengan vinagre (\u00e1cido ac\u00e9tico). \u00a1S\u00f3lo as\u00ed se forma <a href=\"http:\/\/pksbronze.at\/informationen\/kupfer\/gruenspan-oder-patina\/\">verd\u00edn<\/a> t\u00f3xico! <\/li>\n<\/ul>\n<hr>\n<h1>Atenci\u00f3n<\/h1>\n<p>Como ya hemos dicho, la ventaja de nuestras herramientas es que <strong>no requieren ning\u00fan mantenimiento<\/strong>.<br \/>\nSin embargo, nos preguntan repetidamente si los mangos deben aceitarse. Los mangos de madera de las herramientas largas no se aceitan como los mangos de madera de las herramientas peque\u00f1as. Hay una raz\u00f3n para ello. Las herramientas sin tratar absorben mejor el sudor de las manos. Esto evita la formaci\u00f3n de desagradables ampollas en las palmas de las manos.<br \/>\nSi aceitas los mangos, permanecer\u00e1n bonitos durante m\u00e1s tiempo. Esto no aumenta su durabilidad.      <\/p>\n<p>ALMACENAMIENTO: \u00a1Preferiblemente <strong>no<\/strong> pases el invierno en habitaciones con calefacci\u00f3n! Los tallos se secan demasiado y pueden aflojarse. <\/p>\n<p>LIMPIEZA:<\/p>\n<div class=\"brlbs-cmpnt-container brlbs-cmpnt-content-blocker brlbs-cmpnt-with-individual-styles\" data-borlabs-cookie-content-blocker-id=\"youtube-content-blocker\" data-borlabs-cookie-content=\"PGlmcmFtZSBzcmM9Imh0dHBzOi8vd3d3LnlvdXR1YmUtbm9jb29raWUuY29tL2VtYmVkL2FJTnhtMlp4aU1VP3JlbD0wIiB3aWR0aD0iNTYwIiBoZWlnaHQ9IjMxNSIgZnJhbWVib3JkZXI9IjAiIGFsbG93ZnVsbHNjcmVlbj0iYWxsb3dmdWxsc2NyZWVuIiBkYXRhLW1jZS1mcmFnbWVudD0iMSI+PC9pZnJhbWU+\">\n<div class=\"brlbs-cmpnt-cb-preset-c brlbs-cmpnt-cb-youtube\">\n<div class=\"brlbs-cmpnt-cb-thumbnail\" style=\"background-image: url('https:\/\/kupferspuren.at\/wp-content\/uploads\/borlabs-cookie\/1\/yt_aINxm2ZxiMU_hqdefault.jpg')\"><\/div>\n<div class=\"brlbs-cmpnt-cb-main\">\n<div class=\"brlbs-cmpnt-cb-play-button\"><\/div>\n<div class=\"brlbs-cmpnt-cb-content\">\n<p class=\"brlbs-cmpnt-cb-description\">Est\u00e1s viendo un contenido de marcador de posici\u00f3n de <strong>YouTube<\/strong>. Para acceder al contenido real, haz clic en el siguiente bot\u00f3n. Ten en cuenta que al hacerlo compartir\u00e1s datos con terceros proveedores.<\/p>\n<p> <a class=\"brlbs-cmpnt-cb-provider-toggle\" href=\"#\" data-borlabs-cookie-show-provider-information role=\"button\">M\u00e1s informaci\u00f3n<\/a> <\/div>\n<div class=\"brlbs-cmpnt-cb-buttons\"> <a class=\"brlbs-cmpnt-cb-btn\" href=\"#\" data-borlabs-cookie-unblock role=\"button\">Desbloquear contenido<\/a> <a class=\"brlbs-cmpnt-cb-btn\" href=\"#\" data-borlabs-cookie-accept-service role=\"button\" style=\"display: inherit\">Aceptar el servicio requerido y desbloquear los contenidos<\/a> <\/div>\n<\/p><\/div>\n<\/p><\/div>\n<\/div>\n<p><a href=\"https:\/\/kupferspuren.at\/es\/informacion\/montageanleitung-fuer-stiele\/\">&gt;INSTRUCCIONES DE MONTAJE para asas y empu\u00f1aduras<\/a><\/p>\n<header class=\"entry-header\">\n<hr>\n<h1 class=\"entry-title\">Garant\u00eda<\/h1>\n<\/header>\n<div class=\"entry-content\">\n<p>Todas las herramientas de jard\u00edn PKS se fabrican a mano y su calidad se comprueba individualmente.<br \/>\nLa cuidadosa selecci\u00f3n de las materias primas y su procesamiento garantizan una vida \u00fatil extremadamente larga.<br \/>\nLas herramientas de cobre est\u00e1n dise\u00f1adas para trabajar suelos cultivados.<br \/>\nLas herramientas de jard\u00edn PKS acompa\u00f1an a sus propietarios durante d\u00e9cadas.<\/p>\n<p><strong>Concedemos una garant\u00eda de 10 a\u00f1os en todas las piezas met\u00e1licas.<\/strong>  Esto no se aplica al desgaste.  <strong>Dos a\u00f1os para los mangos de madera.  <\/strong><\/p>\n<p>Para m\u00e1s informaci\u00f3n, ponte en contacto con:<br \/>\nSr. Johannes Stadler<br \/>\nTel\u00e9fono: 0043-(0)667 631 482 77<br \/>\nCorreo electr\u00f3nico: <a class=\"mail\" href=\"mailto:office@kupferspuren.at\">office(at)kupferspuren.at<\/a><\/p>\n<hr>\n<h1>Fabricaci\u00f3n de herramientas de cobre PKS desde 1996<\/h1>\n<div id=\"c106\" class=\"csc-default\">\n<p>Son necesarios muchos procesos de producci\u00f3n antes de terminar el producto. Recortar, denibular, soldar, esmerilar, pulir, insertar asas. <\/p>\n<p>Franz H\u00f6fler desarroll\u00f3 las \u00abherramientas de jard\u00edn de cobre PKS\u00bb con su extraordinaria habilidad artesanal. En 2008, tras su jubilaci\u00f3n, las herramientas y moldes de producci\u00f3n pasaron a manos de Johannes Stadler y su equipo. Esto garantiz\u00f3 la calidad a largo plazo<img loading=\"lazy\" decoding=\"async\" class=\"alignright wp-image-997 size-full\" src=\"https:\/\/kupferspuren.at\/wp-content\/uploads\/2017\/10\/Info_Herst3Dengeln.jpg\" alt=\"forja\" width=\"230\" height=\"230\" srcset=\"https:\/\/kupferspuren.at\/wp-content\/uploads\/2017\/10\/Info_Herst3Dengeln.jpg 230w, https:\/\/kupferspuren.at\/wp-content\/uploads\/2017\/10\/Info_Herst3Dengeln-100x100.jpg 100w, https:\/\/kupferspuren.at\/wp-content\/uploads\/2017\/10\/Info_Herst3Dengeln-150x150.jpg 150w\" sizes=\"auto, (max-width: 230px) 100vw, 230px\" \/>surance and further development of \u00abPKS copper garden tools\u00bb.  <\/p>\n<p>Nuestros productos se fabrican a mano y con la certeza de que estamos contribuyendo a la mejora del suelo mediante el uso del cobre. Los innumerables comentarios positivos de nuestros clientes as\u00ed lo confirman. <\/p>\n<p>M\u00e1s fotos en: <a href=\"https:\/\/www.servus.com\/a\/h\/johannes-stadler-und-sein-handgemachtes-gartenwerkzeug-aus-kupfer\" target=\"_blank\" rel=\"noopener\">https:\/\/www.servus.com\/at\/<\/a><\/p>\n<div id=\"primary\" class=\"content-area\">\n<div id=\"post-330\" class=\"post-330 page type-page status-publish hentry\">\n<div class=\"entry-content\">\n<div id=\"c1157\" class=\"csc-default\">\n<div class=\"csc-textpic csc-textpic-center csc-textpic-above\">\n<div class=\"csc-textpic-imagewrap\">\n<div class=\"csc-textpic-imagerow\">\n<header class=\"entry-header\">\n<hr>\n<h1 class=\"entry-title\">Material<\/h1>\n<\/header>\n<div class=\"entry-content\">\n<div id=\"c110\" class=\"csc-default\">\n<h3>Piezas met\u00e1licas<\/h3>\n<p><strong>Aleaciones s\u00f3lidas de cobre (92% &#8211; 94% de cobre + esta\u00f1o = bronce)<\/strong><\/p>\n<p>Excepciones: cobre puro para la p\u00faa de engarce MAIA, lat\u00f3n para el soporte del mango del aflojatodo PEGASUS, bronce alum\u00ednico para la horquilla de excavaci\u00f3n ANTARES.<\/p>\n<p>La aleaci\u00f3n de cobre est\u00e1 endurecida en fr\u00edo (dengelada) para garantizar el grado de dureza necesario para su manejo en suelo cultivado.<\/p>\n<p>El cobre es un metal el\u00e1stico y no se rompe ni siquiera bajo fuertes tensiones. Las curvas se pueden limar (limar) f\u00e1cilmente. Nuestras herramientas de jard\u00edn no s\u00f3lo est\u00e1n recubiertas de esta valiosa aleaci\u00f3n. Las herramientas est\u00e1n hechas de una aleaci\u00f3n s\u00f3lida de cobre en toda su masa. <strong>Se llaman herramientas de cobre porque suelen estar compuestas por un 94% de cobre <\/strong>y un 6% de esta\u00f1o. El esta\u00f1o blando desarrolla el bronce duro.<br \/>\n<em>(Reci\u00e9n pulidas del taller, pueden dar la impresi\u00f3n de ser de lat\u00f3n. Tras un almacenamiento prolongado, las herramientas adquieren un color m\u00e1s rojizo).<\/em><\/p>\n<h3>Asas de madera<\/h3>\n<p>de nuestros productores locales.<\/p>\n<p><strong>Madera de cal, sin tratar<\/strong>: Azada de campo Sirio, diente de cerda Pegaso, rastrillo Perseo, azada peque\u00f1a F\u00e9nix y P\u00f3lux larga, azada pendular Hidra, azada de tracci\u00f3n Sabik, Schuffl Deneb, 3 p\u00faas Tauro, Krail Merak&#8230;.<\/p>\n<p><strong>Fresno, sin tratar<\/strong> azada de vi\u00f1a Tuza, pala Ori\u00f3n, pala Auva, pala Libra, bordeadora de c\u00e9sped Herkules, horquilla de cavar Antares, horquilla de rosas Syrma&#8230;.<\/p>\n<p><strong>Fresno, aceitado<\/strong>: hoz de hierba Tucana, p\u00faa de ajuste Maia&#8230;<\/p>\n<p><strong>Haya<\/strong>, <strong>aceitada<\/strong>: Pala de mano Castor, pala de mano Mira, pala de mano Musca, MiniSauzahn Corvus, garra de mano Lyra, espiga de cuaje Maia, eslinga de escarda Nunki, azada peque\u00f1a Phoenix y Pollux, as\u00ed como cultivador de margaritas Tabit&#8230;.<\/p>\n<p style=\"text-align: left;\">El <strong>mango sin tratar<\/strong> de las herramientas largas de jardiner\u00eda tiene una ventaja importante para la manipulaci\u00f3n prolongada: el mango de madera absorbente <strong>reduce la formaci\u00f3n de ampollas<\/strong> en las palmas de las manos. La durabilidad del mango apenas cambiar\u00e1.<br \/>\nPor tanto, corresponde al usuario de las herramientas largas de jardiner\u00eda decidir si prefiere aceitar el mango para que se mantenga limpio y bonito durante m\u00e1s tiempo. <\/p>\n<p>Toda la madera de nuestros mangos tiene el certificado PEFC. La Iniciativa Paneuropea de Certificaci\u00f3n de la Madera otorga un sello de calidad a la madera procedente de una gesti\u00f3n forestal sostenible <a class=\"external-link-new-window\" href=\"http:\/\/www.pefc.at\" target=\"_blank\" rel=\"noopener\">www.pefc.at.<\/a> <\/p>\n<\/div>\n<\/div>\n<\/div>\n<\/div>\n<\/div>\n<\/div>\n<\/div>\n<\/div>\n<\/div>\n<\/div>\n<\/div>\n<\/div>\n<\/div>\n<\/div>\n<\/div>\n<\/div>\n","protected":false},"excerpt":{"rendered":"<p>DE LA ALEACI\u00d3N MASIVA DE COBRE El cobre puro ser\u00eda demasiado blando. Contenido de cobre al menos 92 % +esta\u00f1o = \u00a1el bronce a\u00fan m\u00e1s valioso! Ventajas No necesita mantenimiento. No hay formaci\u00f3n de \u00f3xido (\u00a1tampoco verd\u00edn! \u00bfves verd\u00edn o p\u00e1tina? ). Se pueden volver a afilar o biselar. Tienen una vida \u00fatil incomparablemente m\u00e1s [&hellip;]<\/p>\n","protected":false},"author":820,"featured_media":0,"parent":1421,"menu_order":0,"comment_status":"closed","ping_status":"closed","template":"","meta":{"footnotes":""},"class_list":["post-1499","page","type-page","status-publish","hentry"],"_links":{"self":[{"href":"https:\/\/kupferspuren.at\/es\/wp-json\/wp\/v2\/pages\/1499","targetHints":{"allow":["GET"]}}],"collection":[{"href":"https:\/\/kupferspuren.at\/es\/wp-json\/wp\/v2\/pages"}],"about":[{"href":"https:\/\/kupferspuren.at\/es\/wp-json\/wp\/v2\/types\/page"}],"author":[{"embeddable":true,"href":"https:\/\/kupferspuren.at\/es\/wp-json\/wp\/v2\/users\/820"}],"replies":[{"embeddable":true,"href":"https:\/\/kupferspuren.at\/es\/wp-json\/wp\/v2\/comments?post=1499"}],"version-history":[{"count":0,"href":"https:\/\/kupferspuren.at\/es\/wp-json\/wp\/v2\/pages\/1499\/revisions"}],"up":[{"embeddable":true,"href":"https:\/\/kupferspuren.at\/es\/wp-json\/wp\/v2\/pages\/1421"}],"wp:attachment":[{"href":"https:\/\/kupferspuren.at\/es\/wp-json\/wp\/v2\/media?parent=1499"}],"curies":[{"name":"wp","href":"https:\/\/api.w.org\/{rel}","templated":true}]}}