{"id":1556,"date":"2017-09-27T09:42:51","date_gmt":"2017-09-27T07:42:51","guid":{"rendered":"http:\/\/pksbronze.at\/versandarten\/"},"modified":"2025-08-28T14:32:46","modified_gmt":"2025-08-28T12:32:46","slug":"versandarten","status":"publish","type":"page","link":"https:\/\/kupferspuren.at\/es\/versandspesen-europa\/versandarten\/","title":{"rendered":"M\u00e9todos de env\u00edo"},"content":{"rendered":"<h4><strong>Ver <\/strong><a href=\"https:\/\/kupferspuren.at\/es\/versandspesen-europa\/\" target=\"_blank\" rel=\"noopener noreferrer\"><strong>&gt;GASTOS DE ENV\u00cdO<\/strong><\/a><\/h4>\n<p><strong>A trav\u00e9s de DPD, recibir\u00e1s un correo electr\u00f3nico con el progreso del env\u00edo.  <\/strong><\/p>\n<p><span style=\"color: #808080;\"><em>El env\u00edo por correo <strong>no<\/strong> suele ser posible debido a la longitud excesiva.<\/em><\/span><\/p>\n<h2><\/h2>\n","protected":false},"excerpt":{"rendered":"<p>Ver &gt;GASTOS DE ENV\u00cdO A trav\u00e9s de DPD, recibir\u00e1s un correo electr\u00f3nico con el progreso del env\u00edo. El env\u00edo por correo no suele ser posible debido a la longitud excesiva.<\/p>\n","protected":false},"author":1039,"featured_media":0,"parent":1562,"menu_order":9,"comment_status":"closed","ping_status":"closed","template":"","meta":{"footnotes":""},"class_list":["post-1556","page","type-page","status-publish","hentry"],"_links":{"self":[{"href":"https:\/\/kupferspuren.at\/es\/wp-json\/wp\/v2\/pages\/1556","targetHints":{"allow":["GET"]}}],"collection":[{"href":"https:\/\/kupferspuren.at\/es\/wp-json\/wp\/v2\/pages"}],"about":[{"href":"https:\/\/kupferspuren.at\/es\/wp-json\/wp\/v2\/types\/page"}],"author":[{"embeddable":true,"href":"https:\/\/kupferspuren.at\/es\/wp-json\/wp\/v2\/users\/1039"}],"replies":[{"embeddable":true,"href":"https:\/\/kupferspuren.at\/es\/wp-json\/wp\/v2\/comments?post=1556"}],"version-history":[{"count":0,"href":"https:\/\/kupferspuren.at\/es\/wp-json\/wp\/v2\/pages\/1556\/revisions"}],"up":[{"embeddable":true,"href":"https:\/\/kupferspuren.at\/es\/wp-json\/wp\/v2\/pages\/1562"}],"wp:attachment":[{"href":"https:\/\/kupferspuren.at\/es\/wp-json\/wp\/v2\/media?parent=1556"}],"curies":[{"name":"wp","href":"https:\/\/api.w.org\/{rel}","templated":true}]}}