{"id":1562,"date":"2017-10-06T11:42:42","date_gmt":"2017-10-06T09:42:42","guid":{"rendered":"http:\/\/pksbronze.at\/informationen\/versandspesen-europa\/"},"modified":"2025-08-28T14:43:17","modified_gmt":"2025-08-28T12:43:17","slug":"versandspesen-europa","status":"publish","type":"page","link":"https:\/\/kupferspuren.at\/es\/versandspesen-europa\/","title":{"rendered":"Gastos de env\u00edo EUROPA"},"content":{"rendered":"\n<p>\u00a1incl. 20 % IVA! Hay peque\u00f1as desviaciones, ya que se calcula el IVA correspondiente del pa\u00eds receptor.   <\/p>\n<h3 class=\"shipping-country flag at\">Austria (AT)<\/h3>\n<table class=\"shipping-table\" cellspacing=\"0\" cellpadding=\"0\">\n<tbody>\n<tr>\n<td>&lt;  2 kg<\/td>\n<td>&lt;  5 kg<\/td>\n<td>&lt;  10 kg<\/td>\n<td>Todos los dem\u00e1s pedidos<\/td>\n<\/tr>\n<tr>\n<td>5,10 \u20ac<\/td>\n<td>8,00 \u20ac<\/td>\n<td>10,00 \u20ac<\/td>\n<td>12,00 \u20ac<\/td>\n<\/tr>\n<\/tbody>\n<\/table>\n<p class=\"shipping-free\">\n<p class=\"shipping-information\">A trav\u00e9s de DPD, plazo de entrega 1 d\u00eda laborable.<\/p>\n<hr>\n<h3 class=\"shipping-country flag de\">Alemania (DE)<\/h3>\n<table class=\"shipping-table\" cellspacing=\"0\" cellpadding=\"0\">\n<tbody>\n<tr>\n<td>&lt;  2 kg<\/td>\n<td>&lt;  5 kg<\/td>\n<td>&lt;  10 kg<\/td>\n<td>Todos los dem\u00e1s pedidos<\/td>\n<\/tr>\n<tr>\n<td>12.00 \u20ac<\/td>\n<td>14.00 \u20ac<\/td>\n<td>16.00 \u20ac<\/td>\n<td>18.00 \u20ac<\/td>\n<\/tr>\n<\/tbody>\n<\/table>\n<p class=\"shipping-free\">\n<p class=\"shipping-information\">A trav\u00e9s de DPD \/ plazo de entrega 3-4 d\u00edas laborables.<\/p>\n<p class=\"shipping-retailer\">Ponte en contacto con un <a href=\"https:\/\/kupferspuren.at\/es\/socio-de-ventas\/alemania\/\">distribuidor de tu pa\u00eds<\/a> para ahorrarte los gastos de env\u00edo.<\/p>\n<hr>\n<h3 class=\"shipping-country flag dk\">Dinamarca (DK)<\/h3>\n<p class=\"shipping-retailer\">Ponte en contacto con un<a href=\"https:\/\/kupferspuren.at\/es\/socio-de-ventas\/daenemark\/\"> minorista (RETAILER) de tu pa\u00eds<\/a> para ahorrarte los gastos de env\u00edo.<\/p>\n<table class=\"shipping-table\" cellspacing=\"0\" cellpadding=\"0\">\n<tbody>\n<tr>\n<td>&lt;  2 kg<\/td>\n<td>&lt;  5 kg<\/td>\n<td>&lt;  10 kg<\/td>\n<td>Todos los dem\u00e1s pedidos<\/td>\n<\/tr>\n<tr>\n<td>18.00 \u20ac<\/td>\n<td>20.00 \u20ac<\/td>\n<td>27.00 \u20ac<\/td>\n<td>28.00 \u20ac<\/td>\n<\/tr>\n<\/tbody>\n<\/table>\n<p class=\"shipping-information\">A trav\u00e9s de DPD \/ plazo de entrega 3-4 d\u00edas laborables.<\/p>\n<hr>\n<h3 class=\"shipping-country flag be\">B\u00e9lgica (BE)<\/h3>\n<p class=\"shipping-retailer\">Ponte en contacto con un <a href=\"https:\/\/kupferspuren.at\/es\/socio-de-ventas\/belgien\/\">minorista (RETAILER) de tu pa\u00eds<\/a><a href=\"https:\/\/kupferspuren.at\/es\/socio-de-ventas\/daenemark\/\"> para<\/a> ahorrarte los gastos de env\u00edo.<\/p>\n<table class=\"shipping-table\" cellspacing=\"0\" cellpadding=\"0\">\n<tbody>\n<tr>\n<td>Todos los pedidos<\/td>\n<\/tr>\n<tr>\n<td>18.00 \u20ac<\/td>\n<\/tr>\n<\/tbody>\n<\/table>\n<p class=\"shipping-information\">Por UPS o DPD\/ plazo de entrega 3-4 d\u00edas laborables.<\/p>\n<hr>\n<h3 class=\"shipping-country flag bu\">Bulgaria (BU)<\/h3>\n<table class=\"shipping-table\" cellspacing=\"0\" cellpadding=\"0\">\n<tbody>\n<tr>\n<td>&lt;  2 kg<\/td>\n<td>&lt;  5 kg<\/td>\n<td>&lt;  10 kg<\/td>\n<td>Todos los dem\u00e1s pedidos<\/td>\n<\/tr>\n<tr>\n<td>28.00 \u20ac<\/td>\n<td>28.00 \u20ac<\/td>\n<td>28.00 \u20ac<\/td>\n<td>30.00 \u20ac<\/td>\n<\/tr>\n<\/tbody>\n<\/table>\n<p class=\"shipping-information\">A trav\u00e9s de UPS<\/p>\n<hr>\n<h3 class=\"shipping-country flag ee\">Estonia (EE)<\/h3>\n<table class=\"shipping-table\" cellspacing=\"0\" cellpadding=\"0\">\n<tbody>\n<tr>\n<td>&lt;  2 kg<\/td>\n<td>&lt;  5 kg<\/td>\n<td>&lt;  10 kg<\/td>\n<td>Todos los dem\u00e1s pedidos<\/td>\n<\/tr>\n<tr>\n<td>37.00 \u20ac<\/td>\n<td>37.00 \u20ac<\/td>\n<td>40.00 \u20ac<\/td>\n<td>42.00 \u20ac<\/td>\n<\/tr>\n<\/tbody>\n<\/table>\n<hr>\n<h3 class=\"shipping-country flag fi\">Finlandia (FI)<\/h3>\n<table class=\"shipping-table\" cellspacing=\"0\" cellpadding=\"0\">\n<tbody>\n<tr>\n<td>&lt; 2 kg<\/td>\n<td>&lt; 5 kg<\/td>\n<td>Todos los dem\u00e1s pedidos<\/td>\n<\/tr>\n<tr>\n<td>28.00 \u20ac<\/td>\n<td>28.00 \u20ac<\/td>\n<td>30.00 \u20ac<\/td>\n<\/tr>\n<\/tbody>\n<\/table>\n<p class=\"shipping-information\">A trav\u00e9s de UPS \/ plazo de entrega 3-4 d\u00edas laborables.<\/p>\n<hr>\n<h3 class=\"shipping-country flag fr\">Francia (FR)<\/h3>\n<p class=\"shipping-retailer\">Ponte en contacto con un <a href=\"https:\/\/kupferspuren.at\/es\/socio-de-ventas\/francia\/\">minorista (RETAILER) de tu pa\u00eds<\/a> para ahorrarte los gastos de env\u00edo.<\/p>\n<table class=\"shipping-table\" cellspacing=\"0\" cellpadding=\"0\">\n<tbody>\n<tr>\n<td>&lt;  2 kg<\/td>\n<td>&lt;  5 kg<\/td>\n<td>&lt;  10 kg<\/td>\n<td>Todos los dem\u00e1s pedidos<\/td>\n<\/tr>\n<tr>\n<td>20.00 \u20ac<\/td>\n<td>23.00 \u20ac<\/td>\n<td>26.00 \u20ac<\/td>\n<td>29.00 \u20ac<\/td>\n<\/tr>\n<\/tbody>\n<\/table>\n<p class=\"shipping-information\">A trav\u00e9s de DPD \/ plazo de entrega 3-4 d\u00edas laborables.<\/p>\n<hr>\n<h3 class=\"shipping-country flag gr\">Grecia (GR)<\/h3>\n<table class=\"shipping-table\" cellspacing=\"0\" cellpadding=\"0\">\n<tbody>\n<tr>\n<td>&lt; 32 kg<\/td>\n<td>Todos los dem\u00e1s pedidos<\/td>\n<\/tr>\n<tr>\n<td>25.00 \u20ac<\/td>\n<td>25.00 \u20ac<\/td>\n<\/tr>\n<\/tbody>\n<\/table>\n<p class=\"shipping-information\">A trav\u00e9s de UPS \/ plazo de entrega 3-4 d\u00edas laborables.<\/p>\n<hr>\n<h3 class=\"shipping-country flag it\">Italia (IT)<\/h3>\n<table class=\"shipping-table\" style=\"height: 116px;\" width=\"785\" cellspacing=\"0\" cellpadding=\"0\">\n<tbody>\n<tr>\n<td>\n<table class=\"shipping-table\" cellspacing=\"0\" cellpadding=\"0\">\n<tbody>\n<tr>\n<td>&lt;  2 kg<\/td>\n<td>&lt;  5 kg<\/td>\n<td>&lt;  10 kg<\/td>\n<td>Todos los dem\u00e1s pedidos<\/td>\n<\/tr>\n<tr>\n<td>21.00 \u20ac<\/td>\n<td>23.00 \u20ac<\/td>\n<td>25.00 \u20ac<\/td>\n<td>28.00 \u20ac<\/td>\n<\/tr>\n<\/tbody>\n<\/table>\n<\/td>\n<\/tr>\n<tr>\n<td> <\/td>\n<\/tr>\n<\/tbody>\n<\/table>\n<p class=\"shipping-information\">A trav\u00e9s de DPD \/ plazo de entrega 3-4 d\u00edas laborables.<\/p>\n<hr>\n<h3 class=\"shipping-country flag ie\">Irlanda (IE)<\/h3>\n<p class=\"shipping-retailer\">Ponte en contacto con un <a href=\"https:\/\/kupferspuren.at\/es\/socio-de-ventas\/irlanda\/\" target=\"_blank\" rel=\"noopener\"> minorista (RETAILER) de tu pa\u00eds<\/a> para ahorrarte los gastos de env\u00edo.<\/p>\n<table class=\"shipping-table\" cellspacing=\"0\" cellpadding=\"0\">\n<tbody>\n<tr>\n<td>&lt;  2 kg<\/td>\n<td>&lt;  5 kg<\/td>\n<td>&lt;  10 kg<\/td>\n<td>&lt;  15 kg<\/td>\n<td>&lt;  20 kg<\/td>\n<td>&lt;  25 kg<\/td>\n<td>&lt;  30 kg<\/td>\n<td>Todos los dem\u00e1s pedidos<\/td>\n<\/tr>\n<tr>\n<td>28.00 \u20ac<\/td>\n<td>28.00 \u20ac<\/td>\n<td>28.00 \u20ac<\/td>\n<td>30.00 \u20ac<\/td>\n<td>30.00 \u20ac<\/td>\n<td>30.00 \u20ac<\/td>\n<td>30.00 \u20ac<\/td>\n<td>30.00 \u20ac<\/td>\n<\/tr>\n<\/tbody>\n<\/table>\n<p class=\"shipping-information\">A trav\u00e9s de UPS \/ plazo de entrega 3-4 d\u00edas laborables.<\/p>\n<hr>\n<h3 class=\"shipping-country flag hr\">Croacia (HR)<\/h3>\n<table class=\"shipping-table\" cellspacing=\"0\" cellpadding=\"0\">\n<tbody>\n<tr>\n<td>&lt;  2 kg<\/td>\n<td>&lt;  5 kg<\/td>\n<td>&lt;  10 kg<\/td>\n<td>&lt;  15 kg<\/td>\n<td>&lt;  20 kg<\/td>\n<td>&lt;  25 kg<\/td>\n<td>&lt;  30 kg<\/td>\n<td>Todos los dem\u00e1s pedidos<\/td>\n<\/tr>\n<tr>\n<td>21.00 \u20ac<\/td>\n<td>23.00 \u20ac<\/td>\n<td>24.00 \u20ac<\/td>\n<td>25.00 \u20ac<\/td>\n<td>26.00 \u20ac<\/td>\n<td>27.00 \u20ac<\/td>\n<td>28.00 \u20ac<\/td>\n<td>28.00 \u20ac<\/td>\n<\/tr>\n<\/tbody>\n<\/table>\n<hr>\n<h3 class=\"shipping-country flag lu\">Luxemburgo (LU)<\/h3>\n<table class=\"shipping-table\" cellspacing=\"0\" cellpadding=\"0\">\n<tbody>\n<tr>\n<td>Todos los pedidos<\/td>\n<\/tr>\n<tr>\n<td>18.00 \u20ac<\/td>\n<\/tr>\n<\/tbody>\n<\/table>\n<p class=\"shipping-information\">A trav\u00e9s de UPS \/ plazo de entrega 3-4 d\u00edas laborables.<\/p>\n<hr>\n<h3 class=\"shipping-country flag lv\">Letonia (LV)<\/h3>\n<table class=\"shipping-table\" cellspacing=\"0\" cellpadding=\"0\">\n<tbody>\n<tr>\n<td>&lt;  2 kg<\/td>\n<td>&lt;  5 kg<\/td>\n<td>&lt;  10 kg<\/td>\n<td>&lt;  15 kg<\/td>\n<td>&lt;  20 kg<\/td>\n<td>&lt;  25 kg<\/td>\n<td>&lt;  30 kg<\/td>\n<td>Todos los dem\u00e1s pedidos<\/td>\n<\/tr>\n<tr>\n<td>38.00 \u20ac<\/td>\n<td>40.00 \u20ac<\/td>\n<td>41.00 \u20ac<\/td>\n<td>42.00 \u20ac<\/td>\n<td>43.00 \u20ac<\/td>\n<td>44.00 \u20ac<\/td>\n<td>45.00 \u20ac<\/td>\n<td>45.00 \u20ac<\/td>\n<\/tr>\n<\/tbody>\n<\/table>\n<hr>\n<h3 class=\"shipping-country flag lt\">Lituania (LT)<\/h3>\n<table class=\"shipping-table\" cellspacing=\"0\" cellpadding=\"0\">\n<tbody>\n<tr>\n<td>&lt;  2 kg<\/td>\n<td>&lt;  5 kg<\/td>\n<td>&lt;  10 kg<\/td>\n<td>&lt;  15 kg<\/td>\n<td>&lt;  20 kg<\/td>\n<td>&lt;  25 kg<\/td>\n<td>&lt;  30 kg<\/td>\n<td>Todos los dem\u00e1s pedidos<\/td>\n<\/tr>\n<tr>\n<td>32.00 \u20ac<\/td>\n<td>34.00 \u20ac<\/td>\n<td>35.00 \u20ac<\/td>\n<td>36.00 \u20ac<\/td>\n<td>37.00 \u20ac<\/td>\n<td>38.00 \u20ac<\/td>\n<td>39.00 \u20ac<\/td>\n<td>39.00 \u20ac<\/td>\n<\/tr>\n<\/tbody>\n<\/table>\n<hr>\n<h3 class=\"shipping-country flag nl\">Pa\u00edses Bajos (NL)<\/h3>\n<table class=\"shipping-table\" cellspacing=\"0\" cellpadding=\"0\">\n<tbody>\n<tr>\n<td>&lt; 2 kg<\/td>\n<td>&lt; 5 kg<\/td>\n<td>Todos los dem\u00e1s pedidos<\/td>\n<\/tr>\n<tr>\n<td>18.00 \u20ac<\/td>\n<td>18.00 \u20ac<\/td>\n<td>20.00 \u20ac<\/td>\n<\/tr>\n<\/tbody>\n<\/table>\n<p>Ponte en contacto con un <a href=\"https:\/\/kupferspuren.at\/es\/socio-de-ventas\/paises-bajos\/\">minorista (RETAILER) de tu pa\u00eds<\/a> para ahorrarte los gastos de env\u00edo.<\/p>\n<hr>\n<h3 class=\"shipping-country flag no\">Noruega (NO)<\/h3>\n<table class=\"shipping-table\" cellspacing=\"0\" cellpadding=\"0\">\n<tbody>\n<tr>\n<td>&lt;  2 kg<\/td>\n<td>&lt;  5 kg<\/td>\n<td>&lt;  10 kg<\/td>\n<td>&lt;  15 kg<\/td>\n<td>&lt;  20 kg<\/td>\n<td>&lt;  25 kg<\/td>\n<td>&lt;  30 kg<\/td>\n<td>Todos los dem\u00e1s pedidos<\/td>\n<\/tr>\n<tr>\n<td>32.00 \u20ac<\/td>\n<td>34.00 \u20ac<\/td>\n<td>36.00 \u20ac<\/td>\n<td>37.00 \u20ac<\/td>\n<td>38.00 \u20ac<\/td>\n<td>40.00 \u20ac<\/td>\n<td>42.00 \u20ac<\/td>\n<td>42.00 \u20ac<\/td>\n<\/tr>\n<\/tbody>\n<\/table>\n<p>Ponte en contacto con un <a href=\"https:\/\/kupferspuren.at\/es\/socio-de-ventas\/noruega\/\">minorista (RETAILER) de tu pa\u00eds<\/a> para ahorrarte los gastos de env\u00edo.<\/p>\n<h3 class=\"shipping-country flag pl\">Polonia (PL)<\/h3>\n<table class=\"shipping-table\" cellspacing=\"0\" cellpadding=\"0\">\n<tbody>\n<tr>\n<td>&lt;  2 kg<\/td>\n<td>&lt;  5 kg<\/td>\n<td>&lt;  10 kg<\/td>\n<td>&lt;  15 kg<\/td>\n<td>&lt;  20 kg<\/td>\n<td>&lt;  25 kg<\/td>\n<td>&lt;  30 kg<\/td>\n<td>Todos los dem\u00e1s pedidos<\/td>\n<\/tr>\n<tr>\n<td>18.00 \u20ac<\/td>\n<td>18.00 \u20ac<\/td>\n<td>18.00 \u20ac<\/td>\n<td>18.00 \u20ac<\/td>\n<td>18.00 \u20ac<\/td>\n<td>18.00 \u20ac<\/td>\n<td>18.00 \u20ac<\/td>\n<td>18.00 \u20ac<\/td>\n<\/tr>\n<\/tbody>\n<\/table>\n<p class=\"shipping-information\">A trav\u00e9s de UPS \/ plazo de entrega 3-4 d\u00edas laborables.<\/p>\n<p>Ponte en contacto con un <a href=\"http:\/\/pksbronze.at\/vertriebspartner\/polen\/\">minorista (RETAILER) de tu pa\u00eds<\/a> para ahorrarte los gastos de env\u00edo.<\/p>\n<hr>\n<h3 class=\"shipping-country flag pt\">Portugal (PT)<\/h3>\n<table class=\"shipping-table\" cellspacing=\"0\" cellpadding=\"0\">\n<tbody>\n<tr>\n<td>&lt; 2 kg<\/td>\n<td>&lt; 5 kg<\/td>\n<td>Todos los dem\u00e1s pedidos<\/td>\n<\/tr>\n<tr>\n<td>28.00 \u20ac<\/td>\n<td>28.00 \u20ac<\/td>\n<td>32.00 \u20ac<\/td>\n<\/tr>\n<\/tbody>\n<\/table>\n<p class=\"shipping-information\">A trav\u00e9s de UPS \/ plazo de entrega 3-4 d\u00edas laborables.<\/p>\n<hr>\n<h3 class=\"shipping-country flag ro\">Ruman\u00eda (RO)<\/h3>\n<table class=\"shipping-table\" cellspacing=\"0\" cellpadding=\"0\">\n<tbody>\n<tr>\n<td>&lt;  2 kg<\/td>\n<td>&lt;  3 kg<\/td>\n<td>&lt;  5 kg<\/td>\n<td>&lt;  10 kg<\/td>\n<td>&lt;  15 kg<\/td>\n<td>&lt;  20 kg<\/td>\n<td>&lt;  25 kg<\/td>\n<td>Todos los dem\u00e1s pedidos<\/td>\n<\/tr>\n<tr>\n<td>31.00 \u20ac<\/td>\n<td>39.00 \u20ac<\/td>\n<td>32.00 \u20ac<\/td>\n<td>34.00 \u20ac<\/td>\n<td>36.00 \u20ac<\/td>\n<td>37.00 \u20ac<\/td>\n<td>38.00 \u20ac<\/td>\n<td>39.00 \u20ac<\/td>\n<\/tr>\n<\/tbody>\n<\/table>\n<hr>\n<h3 class=\"shipping-country flag se\">Suecia (SE)<\/h3>\n<p class=\"shipping-retailer\">Ponte en contacto con un <a href=\"https:\/\/kupferspuren.at\/es\/socio-de-ventas\/suecia\/\">minorista (RETAILER) de tu pa\u00eds<\/a> para ahorrarte los gastos de env\u00edo.<\/p>\n<table class=\"shipping-table\" cellspacing=\"0\" cellpadding=\"0\">\n<tbody>\n<tr>\n<td>Todos los pedidos<\/td>\n<\/tr>\n<tr>\n<td>30.00 \u20ac<\/td>\n<\/tr>\n<\/tbody>\n<\/table>\n<p class=\"shipping-information\">UPS<\/p>\n<hr>\n<h3 class=\"shipping-country flag sk\">Rep\u00fablica Eslovaca (SK)<\/h3>\n<table class=\"shipping-table\" cellspacing=\"0\" cellpadding=\"0\">\n<tbody>\n<tr>\n<td>Todos los pedidos<\/td>\n<\/tr>\n<tr>\n<td>18.00 \u20ac<\/td>\n<\/tr>\n<\/tbody>\n<\/table>\n<p class=\"shipping-information\">Ponte en contacto con un <a href=\"https:\/\/kupferspuren.at\/es\/socio-de-ventas\/eslovaquia\/\">minorista (RETAILER) de tu pa\u00eds<\/a> para ahorrarte los gastos de env\u00edo.<\/p>\n<hr>\n<h3 class=\"shipping-country flag si\">Eslovenia (SI)<\/h3>\n<table class=\"shipping-table\" cellspacing=\"0\" cellpadding=\"0\">\n<tbody>\n<tr>\n<td>&lt;  2 kg<\/td>\n<td>&lt;  5 kg<\/td>\n<td>&lt;  10 kg<\/td>\n<td>&lt;  15 kg<\/td>\n<td>&lt;  20 kg<\/td>\n<td>&lt;  25 kg<\/td>\n<td>&lt;  30 kg<\/td>\n<td>Todos los dem\u00e1s pedidos<\/td>\n<\/tr>\n<tr>\n<td>16.00 \u20ac<\/td>\n<td>17.00 \u20ac<\/td>\n<td>18.00 \u20ac<\/td>\n<td>18.00 \u20ac<\/td>\n<td>18.00 \u20ac<\/td>\n<td>18.00 \u20ac<\/td>\n<td>18.00 \u20ac<\/td>\n<td>18.00 \u20ac<\/td>\n<\/tr>\n<\/tbody>\n<\/table>\n<hr>\n<h3 class=\"shipping-country flag es\">Espa\u00f1a (ES)<\/h3>\n<table class=\"shipping-table\" cellspacing=\"0\" cellpadding=\"0\">\n<tbody>\n<tr>\n<td>&lt; 2 kg<\/td>\n<td>&lt; 5 kg<\/td>\n<td>Todos los dem\u00e1s pedidos<\/td>\n<\/tr>\n<tr>\n<td>30.00 \u20ac<\/td>\n<td>30.00 \u20ac<\/td>\n<td>32.00 \u20ac<\/td>\n<\/tr>\n<\/tbody>\n<\/table>\n<p class=\"shipping-information\">A trav\u00e9s de UPS \/ plazo de entrega 3-4 d\u00edas laborables.<\/p>\n<p class=\"shipping-information\">Ponte en contacto con un <a href=\"https:\/\/kupferspuren.at\/es\/socio-de-ventas\/espana\/\">minorista (RETAILER) de tu pa\u00eds<\/a> para ahorrarte los gastos de env\u00edo.<\/p>\n<hr>\n<h3 class=\"shipping-country flag ebal\">Espa\u00f1a (BAL)<\/h3>\n<table class=\"shipping-table\" cellspacing=\"0\" cellpadding=\"0\">\n<tbody>\n<tr>\n<td>&lt; 2 kg<\/td>\n<td>&lt; 5 kg<\/td>\n<td>Todos los dem\u00e1s pedidos<\/td>\n<\/tr>\n<tr>\n<td>36.00 \u20ac<\/td>\n<td>38.00 \u20ac<\/td>\n<td>45.00 \u20ac<\/td>\n<\/tr>\n<\/tbody>\n<\/table>\n<p class=\"shipping-information\">A trav\u00e9s de UPS \/ plazo de entrega 3-4 d\u00edas laborables.<\/p>\n<table class=\"shipping-table\" style=\"height: 18px;\" width=\"5\" cellspacing=\"0\" cellpadding=\"0\">\n<tbody>\n<tr>\n<td> <\/td>\n<td> <\/td>\n<td> <\/td>\n<td> <\/td>\n<\/tr>\n<tr>\n<td> <\/td>\n<td> <\/td>\n<td> <\/td>\n<td> <\/td>\n<\/tr>\n<\/tbody>\n<\/table>\n<hr>\n<h3 class=\"shipping-country flag cz\">Rep\u00fablica Checa (CZ)<\/h3>\n<p class=\"shipping-retailer\">Ponte en contacto con un <a href=\"https:\/\/kupferspuren.at\/es\/socio-de-ventas\/tschechien\/\">minorista (RETAILER) de tu pa\u00eds<\/a> para ahorrarte los gastos de env\u00edo.<\/p>\n<table class=\"shipping-table\" cellspacing=\"0\" cellpadding=\"0\">\n<tbody>\n<tr>\n<td>&lt;  2 kg<\/td>\n<td>&lt;  5 kg<\/td>\n<td>&lt;  10 kg<\/td>\n<td>&lt;  15 kg<\/td>\n<td>&lt;  20 kg<\/td>\n<td>&lt;  25 kg<\/td>\n<td>&lt;  30 kg<\/td>\n<td>Todos los dem\u00e1s pedidos<\/td>\n<\/tr>\n<tr>\n<td>16.00 \u20ac<\/td>\n<td>17.00 \u20ac<\/td>\n<td>18.00 \u20ac<\/td>\n<td>20.00 \u20ac<\/td>\n<td>21.00 \u20ac<\/td>\n<td>22.00 \u20ac<\/td>\n<td>23.00 \u20ac<\/td>\n<td>23.00 \u20ac<\/td>\n<\/tr>\n<\/tbody>\n<\/table>\n<hr>\n<h3 class=\"shipping-country flag hu\">Hungr\u00eda (HU)<\/h3>\n<table class=\"shipping-table\" cellspacing=\"0\" cellpadding=\"0\">\n<tbody>\n<tr>\n<td>&lt;  2 kg<\/td>\n<td>&lt;  5 kg<\/td>\n<td>&lt;  10 kg<\/td>\n<td>&lt;  15 kg<\/td>\n<td>&lt;  20 kg<\/td>\n<td>&lt;  25 kg<\/td>\n<td>&lt;  30 kg<\/td>\n<td>Todos los dem\u00e1s pedidos<\/td>\n<\/tr>\n<tr>\n<td>16.00 \u20ac<\/td>\n<td>17.00 \u20ac<\/td>\n<td>18.00 \u20ac<\/td>\n<td>20.00 \u20ac<\/td>\n<td>21.00 \u20ac<\/td>\n<td>22.00 \u20ac<\/td>\n<td>23.00 \u20ac<\/td>\n<td>23.00 \u20ac<\/td>\n<\/tr>\n<\/tbody>\n<\/table>\n","protected":false},"excerpt":{"rendered":"<p>\u00a1incl. 20 % IVA! Hay peque\u00f1as desviaciones, ya que se calcula el IVA correspondiente del pa\u00eds receptor. Austria (AT) &lt; 2 kg &lt; 5 kg &lt; 10 kg Todos los dem\u00e1s pedidos 5,10 \u20ac 8,00 \u20ac 10,00 \u20ac 12,00 \u20ac A trav\u00e9s de DPD, plazo de entrega 1 d\u00eda laborable. Alemania (DE) &lt; 2 kg [&hellip;]<\/p>\n","protected":false},"author":820,"featured_media":0,"parent":0,"menu_order":0,"comment_status":"closed","ping_status":"closed","template":"","meta":{"footnotes":""},"class_list":["post-1562","page","type-page","status-publish","hentry"],"_links":{"self":[{"href":"https:\/\/kupferspuren.at\/es\/wp-json\/wp\/v2\/pages\/1562","targetHints":{"allow":["GET"]}}],"collection":[{"href":"https:\/\/kupferspuren.at\/es\/wp-json\/wp\/v2\/pages"}],"about":[{"href":"https:\/\/kupferspuren.at\/es\/wp-json\/wp\/v2\/types\/page"}],"author":[{"embeddable":true,"href":"https:\/\/kupferspuren.at\/es\/wp-json\/wp\/v2\/users\/820"}],"replies":[{"embeddable":true,"href":"https:\/\/kupferspuren.at\/es\/wp-json\/wp\/v2\/comments?post=1562"}],"version-history":[{"count":0,"href":"https:\/\/kupferspuren.at\/es\/wp-json\/wp\/v2\/pages\/1562\/revisions"}],"wp:attachment":[{"href":"https:\/\/kupferspuren.at\/es\/wp-json\/wp\/v2\/media?parent=1562"}],"curies":[{"name":"wp","href":"https:\/\/api.w.org\/{rel}","templated":true}]}}