{"id":1578,"date":"2017-09-29T14:06:40","date_gmt":"2017-09-29T12:06:40","guid":{"rendered":"http:\/\/pksbronze.at\/informationen\/montageanleitung-fuer-stiele\/"},"modified":"2025-08-28T14:34:17","modified_gmt":"2025-08-28T12:34:17","slug":"montageanleitung-fuer-stiele","status":"publish","type":"page","link":"https:\/\/kupferspuren.at\/es\/informacion\/montageanleitung-fuer-stiele\/","title":{"rendered":"Instrucciones de montaje de asas y empu\u00f1aduras"},"content":{"rendered":"<div id=\"c1574\" class=\"csc-default\">\n<h3><span class=\"detail\">Para las palas <a href=\"https:\/\/kupferspuren.at\/es\/produkt\/cobre-palin-orion\/\">\u00abORION\u00bb<\/a> y <a href=\"http:\/\/pksbronze.at\/produkt\/damenspaten-auva\/\">\u00abAUVA<\/a>\u00bb y <a href=\"https:\/\/kupferspuren.at\/produkt\/kupferschaufel-alya\/\">\u00abALYA<\/a>\u00ab,<br \/>\nHorquilla para cavar <a href=\"https:\/\/kupferspuren.at\/es\/produkt\/horca-de-cobre-antares\/\">\u00abANTARES\u00bb<\/a> y horquilla para rosas <a href=\"https:\/\/kupferspuren.at\/es\/produkt\/rosengabel-syrma\/\">\u00abSYRMA\u00bb<\/a><\/span><\/h3>\n<p><strong>Recomendamos para una instalaci\u00f3n \u00f3ptima del asa:<\/strong><\/p>\n<ul>\n<li>Inserta la empu\u00f1adura en la casa (soporte de la empu\u00f1adura) sin la espiga y alin\u00e9ala<\/li>\n<li>Golpea con un mazo de madera o de goma<\/li>\n<li>Taladro para tornillo (dm 6,0 mm)<\/li>\n<li>Atornilla la tuerca del manguito + el tornillo roscado<\/li>\n<li>Aplica un poco de cola para madera en la inserci\u00f3n de la espiga<\/li>\n<li>Coloca la ca\u00f1a del tim\u00f3n y alin\u00e9ala paralelamente al eje de la hoja de la pala<\/li>\n<li>Clava un clavo de seguridad<\/li>\n<\/ul>\n<p>&#8212;&#8212;&#8212;&#8212;&#8212;&#8212;&#8212;&#8212;&#8212;&#8212;&#8212;&#8212;&#8212;&#8212;&#8212;&#8212;&#8212;&#8212;&#8212;&#8212;&#8212;&#8212;&#8212;&#8212;&#8212;&#8212;&#8212;&#8212;&#8212;&#8212;&#8212;&#8212;&#8212;&#8212;&#8212;&#8212;&#8212;&#8212;&#8212;&#8212;&#8212;&#8212;&#8212;&#8212;<\/p>\n<h3>Azada de campo <a href=\"http:\/\/pksbronze.at\/produkt\/feldhaue-sirius\/\">\u00abSIRIUS\u00bb<\/a> y azada de vi\u00f1a <a href=\"https:\/\/kupferspuren.at\/es\/produkt\/azada-de-vino-tuza\/\">\u00abTUZA<\/a><\/h3>\n<\/div>\n<p><code><iframe loading=\"lazy\" src=\"https:\/\/www.youtube.com\/embed\/SmUzy9jnh2E?rel=0\" width=\"560\" height=\"315\" frameborder=\"0\" allowfullscreen=\"allowfullscreen\"\/><\/code><\/p>\n<hr>\n<h3>Llana \u00abCASTOR\u00bb, \u00abMUSCA\u00bb, \u00abMIRA\u00bb y Horquilla de mano \u00abVEGA\u00bb.<\/h3>\n<p><code><iframe loading=\"lazy\" src=\"https:\/\/www.youtube.com\/embed\/jpAxUMTC4kE?rel=0\" width=\"560\" height=\"315\" frameborder=\"0\" allowfullscreen=\"allowfullscreen\"\/><\/code><\/p>\n","protected":false},"excerpt":{"rendered":"<p>Para las palas \u00abORION\u00bb y \u00abAUVA\u00bb y \u00abALYA\u00ab, Horquilla para cavar \u00abANTARES\u00bb y horquilla para rosas \u00abSYRMA\u00bb Recomendamos para una instalaci\u00f3n \u00f3ptima del asa: Inserta la empu\u00f1adura en la casa (soporte de la empu\u00f1adura) sin la espiga y alin\u00e9ala Golpea con un mazo de madera o de goma Taladro para tornillo (dm 6,0 mm) Atornilla [&hellip;]<\/p>\n","protected":false},"author":820,"featured_media":0,"parent":1421,"menu_order":0,"comment_status":"closed","ping_status":"closed","template":"","meta":{"footnotes":""},"class_list":["post-1578","page","type-page","status-publish","hentry"],"_links":{"self":[{"href":"https:\/\/kupferspuren.at\/es\/wp-json\/wp\/v2\/pages\/1578","targetHints":{"allow":["GET"]}}],"collection":[{"href":"https:\/\/kupferspuren.at\/es\/wp-json\/wp\/v2\/pages"}],"about":[{"href":"https:\/\/kupferspuren.at\/es\/wp-json\/wp\/v2\/types\/page"}],"author":[{"embeddable":true,"href":"https:\/\/kupferspuren.at\/es\/wp-json\/wp\/v2\/users\/820"}],"replies":[{"embeddable":true,"href":"https:\/\/kupferspuren.at\/es\/wp-json\/wp\/v2\/comments?post=1578"}],"version-history":[{"count":0,"href":"https:\/\/kupferspuren.at\/es\/wp-json\/wp\/v2\/pages\/1578\/revisions"}],"up":[{"embeddable":true,"href":"https:\/\/kupferspuren.at\/es\/wp-json\/wp\/v2\/pages\/1421"}],"wp:attachment":[{"href":"https:\/\/kupferspuren.at\/es\/wp-json\/wp\/v2\/media?parent=1578"}],"curies":[{"name":"wp","href":"https:\/\/api.w.org\/{rel}","templated":true}]}}