{"id":1587,"date":"2017-09-29T23:30:57","date_gmt":"2017-09-29T21:30:57","guid":{"rendered":"http:\/\/pksbronze.at\/informationen\/die-idee\/"},"modified":"2025-08-28T14:33:21","modified_gmt":"2025-08-28T12:33:21","slug":"leyenda","status":"publish","type":"page","link":"https:\/\/kupferspuren.at\/es\/informacion\/leyenda\/","title":{"rendered":"La idea"},"content":{"rendered":"<p>La idea de fabricar herramientas de jard\u00edn con cobre es tan antigua como el propio uso del cobre. Debido al predominio del hierro y el acero, el cobre y el bronce perdieron importancia para el cultivo de la tierra. En el siglo XX, sin embargo, <a href=\"http:\/\/www.pks.or.at\" target=\"_blank\" rel=\"noopener\">Viktor Schauberger y su hijo Walter Schauberger<\/a> retomaron la idea y la investigaron con m\u00e1s detalle. En la d\u00e9cada de 1950, se llevaron a cabo bajo su direcci\u00f3n varios ensayos de siembra a gran escala, que documentaron un aumento significativo del rendimiento mediante el uso de aperos de labranza con aleaciones de cobre.   <\/p>\n<h2>Sobre nosotros<\/h2>\n<div id=\"c858\" class=\"csc-default\">\n<div class=\"csc-textpic csc-textpic-center csc-textpic-above\">\n<div class=\"csc-textpic-imagewrap csc-textpic-single-image\"><img loading=\"lazy\" decoding=\"async\" class=\"size-full wp-image-4160 alignleft\" src=\"https:\/\/kupferspuren.at\/wp-content\/uploads\/2018\/01\/Johannes_01.jpg\" alt=\"\" width=\"500\" height=\"375\"><\/div>\n<\/div>\n<div class=\"csc-textpic-clear\">En 1995, Johannes Stadler conoci\u00f3 las ideas de Viktor y Walter Schauberger y, en colaboraci\u00f3n con la asociaci\u00f3n PKS (Sistema Pit\u00e1goras-Kepler seg\u00fan Viktor y Walter Schauberger &#8211; \u00abSociedad para el Fomento de la Tecnolog\u00eda Natural\u00bb<a class=\"external-link-new-window\" href=\"http:\/\/www.pks.or.at\/\" target=\"_blank\" rel=\"noopener\">(www.pks.or.at)<\/a> y el herrero Franz H\u00f6fler, empez\u00f3 a fabricar y vender una peque\u00f1a edici\u00f3n de herramientas de jard\u00edn hechas a mano con aleaci\u00f3n de cobre macizo.<\/div>\n<\/div>\n<div id=\"c114\" class=\"csc-default\">\n<p>En 2008, tras la jubilaci\u00f3n de Franz H\u00f6fler, el saber hacer con las herramientas y moldes de producci\u00f3n pas\u00f3 a manos de Johannes Stadler y su equipo. Esto garantiz\u00f3 la garant\u00eda de calidad a largo plazo y el desarrollo ulterior de las \u00abherramientas de jard\u00edn de cobre PKS\u00bb. Se introdujo el nombre de la empresa PKS Bronze.  <\/p>\n<p>Ahora ofrecemos m\u00e1s de 30 herramientas de jardiner\u00eda diferentes. Su desarrollo ha sido y sigue siendo impulsado por las sugerencias e ideas de nuestros clientes y por la atenci\u00f3n constante a la sostenibilidad y el pensamiento hol\u00edstico. Nos esforzamos por ofrecer herramientas funcionales, duraderas, de funcionamiento suave y bonito dise\u00f1o para los jardineros de todo el mundo.  <\/p>\n<p>Si est\u00e1s satisfecho, por favor recomi\u00e9ndanos a otros.<br \/>\nEsperamos que disfrutes de la jardiner\u00eda,<br \/>\n, <em>Johannes Stadler y equipo<\/em><\/p>\n<\/div>\n<div id=\"c114\" class=\"csc-default\">\n<div id=\"primary\" class=\"content-area\">\n<div id=\"post-343\" class=\"post-343 page type-page status-publish hentry\">\n<header class=\"entry-header\">\n<h2>PKS<\/h2>\n<h4><strong> Sistema de<\/strong><strong>Pit\u00e1goras<\/strong><strong> Kepler<\/strong><\/h4>\n<\/header>\n<div class=\"entry-content\">\n<div id=\"c111\" class=\"csc-default\">\n<p>El silvicultor, naturalista e inventor Viktor Schauberger realiz\u00f3 descubrimientos pioneros en diversos campos (silvicultura, agricultura, ingenier\u00eda hidr\u00e1ulica y revitalizaci\u00f3n del agua, energ\u00eda libre, etc.) y dej\u00f3 tras de s\u00ed una extensa colecci\u00f3n de escritos. Desde hace d\u00e9cadas, el centro de investigaci\u00f3n de Schauberger se encuentra en Villa Rothstein, Engleithen, cerca de Bad Ischl, en el Salzkammergut de Alta Austria. <\/p>\n<p>El Archivo Viktor Schauberger fue gestionado originalmente por su hijo, el matem\u00e1tico y f\u00edsico Dipl.-Ing. Walter Schauberger. Desarroll\u00f3 un activo programa de ense\u00f1anza e investigaci\u00f3n. Walter Schauberger armoniz\u00f3 la aplicaci\u00f3n matem\u00e1tico-f\u00edsica de las observaciones de la naturaleza y las teor\u00edas de su padre con los hallazgos arm\u00f3nicos de Pit\u00e1goras y Johannes Kepler.<\/p>\n<p>Por respeto a estos grandes cient\u00edficos, Walter Schauberger dio al edificio el nombre de <strong>PKS<\/strong> &#8211; <strong>Escuela<\/strong> <strong>Pit\u00e1goras<\/strong> <strong>Kepler<\/strong>. Resumi\u00f3 los resultados de sus investigaciones bajo el t\u00e9rmino PKS &#8211; Sistema Pit\u00e1goras Kepler. <\/p>\n<p><strong>Numerosas investigaciones y estudios de Viktor Schauberger sobre el tema del cultivo de la tierra condujeron a la producci\u00f3n de las herramientas de jard\u00edn PKS, que ofrece la empresa Johannes Stadler \/ PKS herramientas de jard\u00edn de bronce de aleaci\u00f3n de cobre desde 1996.<\/strong><\/p>\n<h4><strong>M\u00e1s informaci\u00f3n sobre Viktor y Walter Schauberger en: <\/strong><a href=\"http:\/\/www.pks.or.at\/\" target=\"_blank\" rel=\"noopener\"><strong>www.pks.or.at<\/strong><\/a><\/h4>\n<\/div>\n<div id=\"c1033\" class=\"csc-default\">\n<div class=\"csc-textpic csc-textpic-intext-right\">\n<p><img loading=\"lazy\" decoding=\"async\" class=\"alignnone size-full wp-image-4170\" src=\"https:\/\/kupferspuren.at\/wp-content\/uploads\/2018\/01\/logopks1.jpg\" alt=\"\" width=\"120\" height=\"109\"><\/p>\n<\/div>\n<\/div>\n<\/div>\n<\/div>\n<\/div>\n<\/div>\n<h2>Una nueva Edad de Bronce con las herramientas de jardiner\u00eda PKS<\/h2>\n<div id=\"c1561\" class=\"csc-default\">\n<div class=\"csc-textpic csc-textpic-center csc-textpic-above\">\n<div class=\"csc-textpic-imagewrap\">\n<dl class=\"csc-textpic-image csc-textpic-firstcol csc-textpic-lastcol\">\n<dt><img loading=\"lazy\" decoding=\"async\" class=\"alignnone size-full wp-image-4177\" src=\"https:\/\/kupferspuren.at\/wp-content\/uploads\/2018\/01\/Ga_Ib.jpg\" alt=\"\" width=\"600\" height=\"315\" srcset=\"https:\/\/kupferspuren.at\/wp-content\/uploads\/2018\/01\/Ga_Ib.jpg 600w, https:\/\/kupferspuren.at\/wp-content\/uploads\/2018\/01\/Ga_Ib-300x158.jpg 300w, https:\/\/kupferspuren.at\/wp-content\/uploads\/2018\/01\/Ga_Ib-416x218.jpg 416w\" sizes=\"auto, (max-width: 600px) 100vw, 600px\" \/><br \/>\nGaertner sobre IBIZA<\/dt>\n<\/dl>\n<\/div>\n<\/div>\n<\/div>\n<div id=\"c101\" class=\"csc-default\">\n<p>Ya en la d\u00e9cada de 1950, experimentos espec\u00edficos demostraron que el uso de equipos de cobre mejoraba significativamente la calidad y el rendimiento de las cosechas. El biotecn\u00f3logo austriaco Viktor Schauberger lo atribuy\u00f3 al hecho de que el hierro tiene un efecto negativo en la tierra cultivada del huerto. Seg\u00fan sus conclusiones, el desgaste mec\u00e1nico de las herramientas de hierro hace que las part\u00edculas de hierro penetren en el suelo. \u00c9stas forman una pel\u00edcula de \u00f3xido que favorece la desecaci\u00f3n del suelo. A diferencia del hierro, el cobre no afecta a las tensiones magn\u00e9ticas. Schauberger no fue el primero en reconocerlo. Durante siglos, civilizaciones avanzadas como la china del antiguo imperio ya hab\u00edan prescindido sistem\u00e1ticamente del hierro al trabajar la tierra.      <\/p>\n<p>Por eso ahora se vuelven a fabricar herramientas de jardiner\u00eda orientadas a la naturaleza, con el cobre sustituyendo al hierro como materia prima.<\/p>\n<p>Para las herramientas de jard\u00edn PKS s\u00f3lo se utilizan materias primas de la m\u00e1s alta calidad, procesadas por artesanos seg\u00fan antiguas tradiciones. El mango es de madera de tilo blanca y flexible, mientras que el herrero crea la pala con cobre forjado en fr\u00edo. <\/p>\n<p>La calidad de las materias primas y su procesamiento garantizan una vida \u00fatil extremadamente larga. Las herramientas de jard\u00edn PKS acompa\u00f1an a sus propietarios durante d\u00e9cadas. <\/p>\n<h3>Minerales de cobre<\/h3>\n<p>El cobre est\u00e1 presente de forma natural en un suelo sano. Los finos de cobre influyen favorablemente en el equilibrio h\u00eddrico del suelo y crean as\u00ed las condiciones para una vegetaci\u00f3n vigorosa. <\/p>\n<p>Las herramientas de jardiner\u00eda PKS aprovechan este hecho para mejorar el suelo de forma suave y natural.<\/p>\n<h3>Oligoelementos<\/h3>\n<p>Las plantas necesitan un gran n\u00famero de oligoelementos para un crecimiento equilibrado. Incluso cantidades microsc\u00f3picamente peque\u00f1as de oligoelementos cumplen funciones vitales en los organismos, y esto tambi\u00e9n se aplica a los seres humanos. Las herramientas de jardiner\u00eda PKS garantizan que los oligoelementos de cobre lleguen a la tierra de tu jard\u00edn.  <\/p>\n<\/div>\n<div id=\"c612\" class=\"csc-default\">\n<div class=\"csc-textpic csc-textpic-center csc-textpic-above\">\n<div class=\"csc-textpic-imagewrap csc-textpic-single-image\"><img loading=\"lazy\" decoding=\"async\" class=\"alignnone size-full wp-image-4181\" src=\"https:\/\/kupferspuren.at\/wp-content\/uploads\/2018\/01\/pkssiriusZucc.jpg\" alt=\"\" width=\"709\" height=\"532\" srcset=\"https:\/\/kupferspuren.at\/wp-content\/uploads\/2018\/01\/pkssiriusZucc.jpg 709w, https:\/\/kupferspuren.at\/wp-content\/uploads\/2018\/01\/pkssiriusZucc-300x225.jpg 300w, https:\/\/kupferspuren.at\/wp-content\/uploads\/2018\/01\/pkssiriusZucc-600x450.jpg 600w\" sizes=\"auto, (max-width: 709px) 100vw, 709px\" \/><\/div>\n<\/div>\n<\/div>\n","protected":false},"excerpt":{"rendered":"<p>La idea de fabricar herramientas de jard\u00edn con cobre es tan antigua como el propio uso del cobre. Debido al predominio del hierro y el acero, el cobre y el bronce perdieron importancia para el cultivo de la tierra. En el siglo XX, sin embargo, Viktor Schauberger y su hijo Walter Schauberger retomaron la idea [&hellip;]<\/p>\n","protected":false},"author":820,"featured_media":0,"parent":1421,"menu_order":0,"comment_status":"closed","ping_status":"closed","template":"","meta":{"footnotes":""},"class_list":["post-1587","page","type-page","status-publish","hentry"],"_links":{"self":[{"href":"https:\/\/kupferspuren.at\/es\/wp-json\/wp\/v2\/pages\/1587","targetHints":{"allow":["GET"]}}],"collection":[{"href":"https:\/\/kupferspuren.at\/es\/wp-json\/wp\/v2\/pages"}],"about":[{"href":"https:\/\/kupferspuren.at\/es\/wp-json\/wp\/v2\/types\/page"}],"author":[{"embeddable":true,"href":"https:\/\/kupferspuren.at\/es\/wp-json\/wp\/v2\/users\/820"}],"replies":[{"embeddable":true,"href":"https:\/\/kupferspuren.at\/es\/wp-json\/wp\/v2\/comments?post=1587"}],"version-history":[{"count":0,"href":"https:\/\/kupferspuren.at\/es\/wp-json\/wp\/v2\/pages\/1587\/revisions"}],"up":[{"embeddable":true,"href":"https:\/\/kupferspuren.at\/es\/wp-json\/wp\/v2\/pages\/1421"}],"wp:attachment":[{"href":"https:\/\/kupferspuren.at\/es\/wp-json\/wp\/v2\/media?parent=1587"}],"curies":[{"name":"wp","href":"https:\/\/api.w.org\/{rel}","templated":true}]}}