{"id":1612,"date":"2017-09-27T09:42:51","date_gmt":"2017-09-27T07:42:51","guid":{"rendered":"http:\/\/pksbronze.at\/datenschutzbelehrung\/"},"modified":"2025-08-29T09:32:44","modified_gmt":"2025-08-29T07:32:44","slug":"datenschutzbelehrung","status":"publish","type":"page","link":"https:\/\/kupferspuren.at\/es\/datenschutzbelehrung\/","title":{"rendered":"Informaci\u00f3n sobre protecci\u00f3n de datos"},"content":{"rendered":"<p>Casi todas las tiendas online utilizan herramientas como Google Analytics, etracker o Piwik para analizar el comportamiento de los usuarios. Dado que aqu\u00ed se pueden analizar datos personales (direcci\u00f3n IP, datos del cliente, direcci\u00f3n de correo electr\u00f3nico de los clientes de la tienda que han iniciado sesi\u00f3n, etc.),<strong> NO UTILIZAMOS ESTE SERVICIO. <\/strong>Por lo tanto, no tienes que aceptar ninguna directriz sobre cookies cuando visites nuestra p\u00e1gina de inicio. <strong><br \/>\n<\/strong><\/p>\n<div id=\"analyse-part-8\" class=\"analyse-part-head\" title=\"\">\n<p>Seguridad y protecci\u00f3n de datos<\/p>\n<p><img loading=\"lazy\" decoding=\"async\" class=\"alignnone size-full wp-image-8434\" src=\"https:\/\/kupferspuren.at\/wp-content\/uploads\/2018\/11\/Analytics-2.jpg\" alt=\"\" width=\"542\" height=\"134\" srcset=\"https:\/\/kupferspuren.at\/wp-content\/uploads\/2018\/11\/Analytics-2.jpg 542w, https:\/\/kupferspuren.at\/wp-content\/uploads\/2018\/11\/Analytics-2-300x74.jpg 300w, https:\/\/kupferspuren.at\/wp-content\/uploads\/2018\/11\/Analytics-2-416x103.jpg 416w, https:\/\/kupferspuren.at\/wp-content\/uploads\/2018\/11\/Analytics-2-150x37.jpg 150w, https:\/\/kupferspuren.at\/wp-content\/uploads\/2018\/11\/Analytics-2-324x80.jpg 324w\" sizes=\"auto, (max-width: 542px) 100vw, 542px\" \/><\/p>\n<\/div>\n<p>2 PKS Bronze GmbH se compromete a utilizar los datos y los resultados del procesamiento exclusivamente en el marco de los pedidos del cliente y a devolverlos exclusivamente al cliente o a transmitirlos s\u00f3lo tras la orden escrita del cliente. <\/p>\n<p>3 PKS Bronze GmbH declara de forma jur\u00eddicamente vinculante que ha obligado a todas las personas encargadas del tratamiento de datos a mantener el secreto de los datos en el sentido del \u00a7 15 DSG 2000 antes de iniciar sus actividades. En particular, la obligaci\u00f3n de confidencialidad de las personas encargadas del tratamiento de datos permanecer\u00e1 en vigor incluso tras el cese de su actividad y su salida del proveedor de servicios. La obligaci\u00f3n de mantener la confidencialidad tambi\u00e9n debe observarse para los datos de las personas jur\u00eddicas y las sociedades comerciales.   <\/p>\n<p>4 PKS Bronze GmbH declara de forma jur\u00eddicamente vinculante que ha adoptado suficientes medidas de seguridad en el sentido del \u00a7 14 DSG 2000 para evitar que los datos se utilicen indebidamente o se hagan accesibles a terceros sin autorizaci\u00f3n. <\/p>\n<p>5. el proveedor de servicios velar\u00e1 por que se cumplan los requisitos t\u00e9cnicos y organizativos para que el cliente pueda cumplir las disposiciones del \u00a7 26 (derecho de acceso) y del \u00a7 27 (derecho de rectificaci\u00f3n o supresi\u00f3n) de la DSG 2000 frente al interesado en cualquier momento dentro de los plazos legales, y facilitar\u00e1 al cliente toda la informaci\u00f3n necesaria a tal efecto.<\/p>\n<p>6. se conceder\u00e1 al Cliente el derecho a inspeccionar y controlar las instalaciones de procesamiento de datos en cualquier momento con respecto al procesamiento de los datos proporcionados por el Cliente. 7. El Proveedor de Servicios se compromete a proporcionar al Cliente la informaci\u00f3n necesaria para controlar el cumplimiento de las obligaciones establecidas en el presente Acuerdo. <\/p>\n<p>Si tienes alguna pregunta, ponte en contacto con nosotros por correo electr\u00f3nico: <a href=\"mailto:office@kupferspuren.at\">office (a) kupferspuren.at<\/a><\/p>\n<hr>\n<h1 data-fontsize=\"32\" data-lineheight=\"44\"><\/h1>\n<p>En detalle: Creado con el generador de protecci\u00f3n de datos de <a title=\"Generador de protecci\u00f3n de datos de www.adsimple.at\" href=\"https:\/\/www.adsimple.at\" target=\"_blank\" rel=\"follow noopener noreferrer\">Online Marketing AdSimple<\/a> en colaboraci\u00f3n con <a class=\"external\" href=\"https:\/\/www.signalkraft.at\" target=\"_blank\" rel=\"follow noopener noreferrer\">signalkraft.at<\/a><\/p>\n<div id=\"analyse-part-8\" class=\"analyse-part-head\" title=\"\">\n<h1 class=\"adsimple-111149497\" data-fontsize=\"32\" data-lineheight=\"44\">Pol\u00edtica de privacidad<\/h1>\n<\/div>\n<div id=\"analyse-part-8\" class=\"analyse-part-head\" title=\"\">\n<h2 class=\"adsimple-111149497\" data-fontsize=\"24\" data-lineheight=\"36\">Protecci\u00f3n de datos<\/h2>\n<p>Hemos preparado esta pol\u00edtica de privacidad (versi\u00f3n del 17 de junio de 2019-111149497) para explicarte, de acuerdo con los requisitos del Reglamento General de Protecci\u00f3n de Datos (UE) 2016\/679 y la <a class=\"adsimple-111149497 external\" href=\"https:\/\/www.ris.bka.gv.at\/GeltendeFassung.wxe?Abfrage=Bundesnormen&amp;Gesetzesnummer=10001597&amp;tid=111149497\" target=\"_blank\" rel=\"noopener nofollow noreferrer\">Ley de Protecci\u00f3n de Datos (DSG<\/a> ), qu\u00e9 informaci\u00f3n recopilamos, c\u00f3mo utilizamos los datos y qu\u00e9 opciones tienes como visitante de este sitio web.<\/p>\n<p>Por desgracia, est\u00e1 en la naturaleza de las cosas que estas explicaciones suenen muy t\u00e9cnicas, pero nos hemos esforzado por describir lo m\u00e1s importante de la forma m\u00e1s sencilla y clara posible.<\/p>\n<h2 class=\"adsimple-111149497\" data-fontsize=\"24\" data-lineheight=\"36\">Almacenamiento autom\u00e1tico de datos<\/h2>\n<p>Hoy en d\u00eda, cuando visitas sitios web, se crea y almacena autom\u00e1ticamente cierta informaci\u00f3n, incluso en este sitio web.<\/p>\n<p>Cuando visitas nuestro sitio web, como est\u00e1s haciendo en este momento, nuestro servidor web (ordenador en el que se almacena este sitio web) guarda autom\u00e1ticamente datos como<\/p>\n<ul class=\"adsimple-111149497\">\n<li class=\"adsimple-111149497\">la direcci\u00f3n (URL) del sitio web al que se ha accedido<\/li>\n<li class=\"adsimple-111149497\">Navegador y versi\u00f3n del navegador<\/li>\n<li class=\"adsimple-111149497\">el sistema operativo utilizado<\/li>\n<li class=\"adsimple-111149497\">la direcci\u00f3n (URL) de la p\u00e1gina visitada anteriormente (URL de referencia)<\/li>\n<li class=\"adsimple-111149497\">el nombre de host y la direcci\u00f3n IP del dispositivo desde el que se accede<\/li>\n<li class=\"adsimple-111149497\">Fecha y hora<\/li>\n<\/ul>\n<p>en archivos (archivos de registro del servidor web).<\/p>\n<p>Por regla general, los archivos de registro del servidor web se almacenan durante quince d\u00edas y luego se eliminan autom\u00e1ticamente. No transmitimos estos datos, pero no podemos descartar la posibilidad de que puedan ser consultados en caso de comportamiento il\u00edcito.<br \/>\nLa base jur\u00eddica, de conformidad con <a class=\"adsimple-111149497 external\" href=\"https:\/\/eur-lex.europa.eu\/legal-content\/DE\/TXT\/HTML\/?uri=CELEX:32016R0679&amp;from=DE&amp;tid=111149497\" target=\"_blank\" rel=\"noopener nofollow noreferrer\">el art\u00edculo 6, apartado 1, letra f) del RGPD<\/a> (licitud del tratamiento), es que existe un inter\u00e9s leg\u00edtimo en permitir el funcionamiento sin errores de este sitio web mediante la recopilaci\u00f3n de archivos de registro del servidor web. <\/p>\n<h2 class=\"adsimple-111149497\" data-fontsize=\"24\" data-lineheight=\"36\">Derechos en virtud del Reglamento General de Protecci\u00f3n de Datos<\/h2>\n<p>De acuerdo con las disposiciones del GDPR y de la <a class=\"adsimple-111149497 external\" href=\"https:\/\/www.ris.bka.gv.at\/GeltendeFassung.wxe?Abfrage=Bundesnormen&amp;Gesetzesnummer=10001597&amp;tid=111149497\" target=\"_blank\" rel=\"noopener nofollow noreferrer\">Ley Austriaca de Protecci\u00f3n de Datos (DSG)<\/a>, tienes los siguientes derechos: <\/p>\n<ul class=\"adsimple-111149497\">\n<li class=\"adsimple-111149497\">Derecho de rectificaci\u00f3n (Art\u00edculo 16 del GDPR)<\/li>\n<li class=\"adsimple-111149497\">Derecho al borrado (\u00abderecho al olvido\u00bb) (Art\u00edculo 17 del GDPR)<\/li>\n<li class=\"adsimple-111149497\">Derecho a la restricci\u00f3n del tratamiento (Art\u00edculo 18 del GDPR)<\/li>\n<li class=\"adsimple-111149497\">Derecho de notificaci\u00f3n &#8211; obligaci\u00f3n de notificaci\u00f3n en relaci\u00f3n con la rectificaci\u00f3n o supresi\u00f3n de datos personales o la limitaci\u00f3n del tratamiento (art\u00edculo 19 del RGPD)<\/li>\n<li class=\"adsimple-111149497\">Derecho a la portabilidad de datos (Art\u00edculo 20 del GDPR)<\/li>\n<li class=\"adsimple-111149497\">Derecho de oposici\u00f3n (Art\u00edculo 21 del GDPR)<\/li>\n<li class=\"adsimple-111149497\">Derecho a no ser objeto de una decisi\u00f3n basada \u00fanicamente en el tratamiento automatizado, incluida la elaboraci\u00f3n de perfiles (art\u00edculo 22 del RGPD).<\/li>\n<\/ul>\n<p>Si crees que el tratamiento de tus datos infringe la ley de protecci\u00f3n de datos o se han vulnerado de alg\u00fan modo tus derechos de protecci\u00f3n de datos, puedes presentar una reclamaci\u00f3n ante la autoridad supervisora, que en Austria es la autoridad de protecci\u00f3n de datos, cuyo sitio web puedes encontrar en <a class=\"adsimple-111149497 external\" href=\"https:\/\/www.dsb.gv.at\/?tid=111149497\" target=\"_blank\" rel=\"nofollow noopener noreferrer\">https:\/\/www.dsb.gv.at\/.<\/a> <\/p>\n<h2 class=\"adsimple-111149497\" data-fontsize=\"24\" data-lineheight=\"36\">Pol\u00edtica de privacidad del bolet\u00edn<\/h2>\n<p><span class=\"adsimple-111149497\">Cuando te registras en nuestro bolet\u00edn, nos facilitas los datos personales mencionados y nos das derecho a ponernos en contacto contigo por correo electr\u00f3nico. Utilizamos los datos almacenados cuando te inscribes en el bolet\u00edn exclusivamente para nuestro bolet\u00edn y no los transmitimos. <\/span><\/p>\n<p><span class=\"adsimple-111149497\">Si te das de baja del bolet\u00edn -encontrar\u00e1s el enlace para hacerlo al final de cada bolet\u00edn- borraremos todos los datos almacenados cuando te suscribiste al bolet\u00edn.<\/span><\/p>\n<h2 class=\"adsimple-111149497\" data-fontsize=\"24\" data-lineheight=\"36\">Pol\u00edtica de privacidad de Google Maps<\/h2>\n<p>Utilizamos Google Maps de Google Inc (1600 Amphitheatre Parkway Mountain View, CA 94043, EE.UU.) en nuestro sitio web. <\/p>\n<p>Al utilizar las funciones de este mapa, se transmiten datos a Google. Puedes averiguar qu\u00e9 datos recopila Google y para qu\u00e9 los utiliza en <a class=\"adsimple-111149497 external\" href=\"https:\/\/www.google.com\/intl\/de\/policies\/privacy\/\" target=\"_blank\" rel=\"nofollow noopener noreferrer\">https:\/\/www.google.com\/intl\/de\/policies\/privacy\/.<\/a> <\/p>\n<h2 class=\"adsimple-111149497\" data-fontsize=\"24\" data-lineheight=\"36\">Pol\u00edtica de privacidad de YouTube<\/h2>\n<p>En este sitio web utilizamos el servicio de v\u00eddeo YouTube, YouTube, LLC, 901 Cherry Ave, San Bruno, CA 94066, EE.UU.<\/p>\n<p>Al acceder a p\u00e1ginas de nuestro sitio web que tienen integrados v\u00eddeos de YouTube, los datos se transmiten a YouTube, se almacenan y se analizan.<br \/>\nSi tienes una cuenta de YouTube y est\u00e1s conectado, estos datos se asignan a tu cuenta personal y a los datos almacenados en ella.<\/p>\n<p>Puedes averiguar qu\u00e9 datos recopila Google y para qu\u00e9 los utiliza en <a class=\"adsimple-111149497 external\" href=\"https:\/\/www.google.com\/intl\/de\/policies\/privacy\/\" target=\"_blank\" rel=\"nofollow noopener noreferrer\">https:\/\/www.google.com\/intl\/de\/policies\/privacy\/.<\/a> <\/p>\n<h2 class=\"adsimple-111149497\" data-fontsize=\"24\" data-lineheight=\"36\">Pol\u00edtica de privacidad de Gravatar<\/h2>\n<p>En este sitio web utilizamos Gravatar de Automattic Inc (60 29th Street #343, San Francisco, CA 94110, EE.UU.) para asignar im\u00e1genes de usuario (avatares) a los mensajes y comentarios en funci\u00f3n de la direcci\u00f3n de correo electr\u00f3nico. <\/p>\n<p>Un Gravatar es un <strong class=\"adsimple-111149497\">Avatar <\/strong> <strong class=\"adsimple-111149497\">Globalmente<\/strong> <strong class=\"adsimple-111149497\">Reconocido<\/strong>-una imagen de usuario disponible en todo el mundo- que se asigna a una direcci\u00f3n de correo electr\u00f3nico y puede utilizarse en diversos servicios en l\u00ednea.<br \/>\nPuesto que una imagen s\u00f3lo se muestra cuando se utiliza una direcci\u00f3n de correo electr\u00f3nico registrada en Gravatar y, por tanto, los datos se transfieren a Gravatar, puedes evitar que tus datos se transfieran a Gravatar comentando o publicando con una direcci\u00f3n de correo electr\u00f3nico que no est\u00e9 registrada en Gravatar.<\/p>\n<p>La base jur\u00eddica para el uso es el art\u00edculo 6 (1) f (licitud del tratamiento), porque existe un inter\u00e9s leg\u00edtimo en ofrecer a los autores de contenidos (entradas, comentarios, etc.) en este sitio web la oportunidad de asignar una imagen seleccionada por ti a tu propio contenido.<\/p>\n<p>Automattic participa activamente en el Marco del Escudo de Privacidad UE-EE.UU., que regula la transferencia correcta y segura de datos personales. Puedes encontrar m\u00e1s informaci\u00f3n al respecto en <a class=\"adsimple-111149497 external\" href=\"https:\/\/www.privacyshield.gov\/participant?id=a2zt0000000CbqcAAC\" target=\"_blank\" rel=\"noopener nofollow noreferrer\">https:\/\/www.privacyshield.gov\/participant?id=a2zt0000000CbqcAAC<\/a>.<br \/>\n. Puedes encontrar m\u00e1s detalles sobre la pol\u00edtica de privacidad y qu\u00e9 datos recoge Gravatar y c\u00f3mo en <a class=\"adsimple-111149497 external\" href=\"https:\/\/automattic.com\/privacy\/\" target=\"_blank\" rel=\"noopener nofollow noreferrer\">https:\/\/automattic.com\/privacy\/, e<\/a> informaci\u00f3n general sobre Gravatar en <a class=\"adsimple-111149497 external\" href=\"http:\/\/de.gravatar.com\/\" target=\"_blank\" rel=\"noopener nofollow noreferrer\">http:\/\/de.gravatar.com\/<\/a>. <\/p>\n<div class=\"fusion-sep-clear\"><\/div>\n<div class=\"fusion-separator fusion-full-width-sep sep-single sep-dashed lefticon\"><\/div>\n<\/div>\n","protected":false},"excerpt":{"rendered":"<p>Casi todas las tiendas online utilizan herramientas como Google Analytics, etracker o Piwik para analizar el comportamiento de los usuarios. Dado que aqu\u00ed se pueden analizar datos personales (direcci\u00f3n IP, datos del cliente, direcci\u00f3n de correo electr\u00f3nico de los clientes de la tienda que han iniciado sesi\u00f3n, etc.), NO UTILIZAMOS ESTE SERVICIO. Por lo tanto, [&hellip;]<\/p>\n","protected":false},"author":1039,"featured_media":0,"parent":0,"menu_order":14,"comment_status":"closed","ping_status":"closed","template":"","meta":{"footnotes":""},"class_list":["post-1612","page","type-page","status-publish","hentry"],"_links":{"self":[{"href":"https:\/\/kupferspuren.at\/es\/wp-json\/wp\/v2\/pages\/1612","targetHints":{"allow":["GET"]}}],"collection":[{"href":"https:\/\/kupferspuren.at\/es\/wp-json\/wp\/v2\/pages"}],"about":[{"href":"https:\/\/kupferspuren.at\/es\/wp-json\/wp\/v2\/types\/page"}],"author":[{"embeddable":true,"href":"https:\/\/kupferspuren.at\/es\/wp-json\/wp\/v2\/users\/1039"}],"replies":[{"embeddable":true,"href":"https:\/\/kupferspuren.at\/es\/wp-json\/wp\/v2\/comments?post=1612"}],"version-history":[{"count":0,"href":"https:\/\/kupferspuren.at\/es\/wp-json\/wp\/v2\/pages\/1612\/revisions"}],"wp:attachment":[{"href":"https:\/\/kupferspuren.at\/es\/wp-json\/wp\/v2\/media?parent=1612"}],"curies":[{"name":"wp","href":"https:\/\/api.w.org\/{rel}","templated":true}]}}