{"id":1615,"date":"2017-09-27T09:42:51","date_gmt":"2017-09-27T07:42:51","guid":{"rendered":"http:\/\/pksbronze.at\/agb\/"},"modified":"2025-08-29T09:29:33","modified_gmt":"2025-08-29T07:29:33","slug":"agb","status":"publish","type":"page","link":"https:\/\/kupferspuren.at\/es\/agb\/","title":{"rendered":"GTC"},"content":{"rendered":"<div id=\"c16\" class=\"csc-default\">\n<p><em>En caso de que una o m\u00e1s disposiciones de estas CGC sean inv\u00e1lidas, ello no supondr\u00e1 la invalidez de todo el contrato. La disposici\u00f3n inv\u00e1lida ser\u00e1 sustituida por la disposici\u00f3n legal pertinente. Bad Ischl \/ Austria es el lugar exclusivo de jurisdicci\u00f3n.  <\/em>. <a class=\"external-link-new-window\" href=\"http:\/\/www.help.gv.at\/\" target=\"_blank\" rel=\"noopener noreferrer\"><strong>www.help.gv.at<\/strong><\/a><\/p>\n<h3>\u00a7 1 Protecci\u00f3n de datos<\/h3>\n<p>Casi todas las tiendas online utilizan \u00abherramientas\u00bb como <a class=\"ilink\" title=\"Facebook, Google, foros y compa\u00f1\u00eda: C\u00f3mo eliminar tu cuenta\" href=\"http:\/\/www.e-recht24.de\/artikel\/datenschutz\/7460-daten-loeschen-facebook-twitter-google.html\" target=\"_blank\" rel=\"noopener noreferrer\">Google Analytics, etracker<\/a> o Piwik para analizar el comportamiento de los usuarios. Como aqu\u00ed se pueden analizar datos personales (direcci\u00f3n IP, datos del cliente, direcci\u00f3n de correo electr\u00f3nico de los clientes de la tienda que han iniciado sesi\u00f3n, etc.) <strong>  NO UTILIZAMOS ESTE SERVICIO. Por lo tanto, no tienes que aceptar ninguna condici\u00f3n al visitar nuestra p\u00e1gina web. <\/strong><\/p>\n<p>PKS Bronze GmbH almacena y utiliza los datos del pedido, incluida la direcci\u00f3n y la direcci\u00f3n de correo electr\u00f3nico, exclusivamente para procesar tus pedidos. S\u00f3lo utilizamos tu direcci\u00f3n de correo electr\u00f3nico para enviarte informaci\u00f3n sobre tu pedido y, si lo deseas, para nuestro propio bolet\u00edn informativo. <\/p>\n<p><strong> <\/strong><\/p>\n<h3>\u00a7 2 Generalidades<\/h3>\n<p>Todas las entregas y servicios de PKS Bronze GmbH para el cliente se realizan exclusivamente en base a las siguientes Condiciones Generales en la versi\u00f3n v\u00e1lida en el momento del pedido. Las normas divergentes s\u00f3lo ser\u00e1n v\u00e1lidas si han sido acordadas por escrito entre PKS Bronze GmbH y el cliente. <\/p>\n<h3>\u00a7 3 Conclusi\u00f3n del contrato<\/h3>\n<p>Las ofertas de KUPFERSPUREN.at y PKSBRONZE.com en Internet representan una invitaci\u00f3n no vinculante al cliente a pedir productos a KUPFERSPUREN.AT o PKSBRONZE.com. Los detalles de los productos, como las dimensiones y el peso, pueden variar ligeramente. Al realizar el pedido de la mercanc\u00eda deseada en Internet o por correo electr\u00f3nico (office@kupferspuren.at), el cliente presenta una oferta vinculante para celebrar un contrato de compra. La oferta ser\u00e1 vinculante a m\u00e1s tardar cuando haya pasado la interfaz correspondiente a PKS Bronze GmbH. Por lo general, la confirmaci\u00f3n del pedido se env\u00eda inmediatamente por correo electr\u00f3nico. En caso de fuerza mayor o si, por ejemplo, el producto no est\u00e1 disponible, PKS Bronze GmbH puede rescindir el contrato en cualquier momento.     <\/p>\n<h3>\u00a7 4 Retirada \/<a href=\"https:\/\/kupferspuren.at\/es\/agb\/right-of-withdrawal\/\"> Anulaci\u00f3n<\/a><\/h3>\n<p>Si el <strong>importe del pago anticipado<\/strong> no se abona en la cuenta especificada en la confirmaci\u00f3n del pedido en un plazo de<strong> 5 d\u00edas laborables<\/strong> tras la celebraci\u00f3n del contrato de acuerdo con el \u00a7 1, PKS Bronze GmbH tiene derecho a rescindir el contrato y cancelar el pedido.<br \/>\n<span lang=\"de-AT\"><b>Derecho de cancelaci\u00f3n del cliente: <\/b>Tienes derecho a rescindir este contrato en un plazo de catorce d\u00edas sin indicar motivo alguno. <\/span>Deber\u00e1s correr con los gastos de env\u00edo de la devoluci\u00f3n. Te reembolsaremos el valor pagado de los bienes inmediatamente despu\u00e9s de recibir los bienes devueltos. No existe derecho de desistimiento en los siguientes casos: &#8211; para la entrega de bienes fabricados conforme a las especificaciones del cliente o que est\u00e9n claramente adaptados a las necesidades personales del cliente o que no sean aptos para ser devueltos debido a su naturaleza;<br \/>\n<span lang=\"de-AT\"><b>Derecho de rescisi\u00f3n de PKS Bronze GmbH: <\/b><\/span><span lang=\"de-AT\"><span id=\"result_box\" class=\"\" lang=\"de\"><span class=\"\">En caso de dificultades de producci\u00f3n imprevisibles, tenemos derecho a rescindir el contrato y devolverte el importe de la factura. <\/span><\/span><\/span>Si los paquetes no pueden ser aceptados por los clientes y, por tanto, nos son devueltos, PKS Bronze GmbH tiene derecho a rescindir el contrato.  <span lang=\"de-AT\">Anular\/cancelar el contrato. El importe de la factura pagado se reembolsar\u00e1 inmediatamente despu\u00e9s de la llegada del paquete, menos los gastos de env\u00edo. <\/span><\/p>\n<h3>\u00a7 5 Da\u00f1os de transporte<\/h3>\n<p>Si la mercanc\u00eda se entrega con da\u00f1os evidentes en el embalaje o en el contenido, el cliente debe <strong>reclamarlos<\/strong> inmediatamente al <strong>transportista\/servicio de transporte<\/strong> y negarse a aceptarlos. Adem\u00e1s, debe ponerse en contacto inmediatamente con Johannes Stadler en el 0043 677 631 482 77 o por otros medios (correo electr\u00f3nico\/correo postal). Los defectos ocultos deben comunicarse a PKS Bronze GmbH inmediatamente despu\u00e9s de su descubrimiento. La reducci\u00f3n de los plazos de prescripci\u00f3n legales no est\u00e1 asociada a esta normativa.   <\/p>\n<h3>\u00a7 6 <a href=\"https:\/\/kupferspuren.at\/es\/informacion\/garantia\/\"> Garant\u00eda<\/a><\/h3>\n<p>Las reclamaciones del cliente contra PKS Bronze GmbH en caso de defectos se regir\u00e1n por las disposiciones legales dentro de los plazos legales, siempre que no surjan desviaciones de las siguientes disposiciones. Los da\u00f1os causados por medidas inadecuadas o no contractuales por parte del cliente, el funcionamiento o el almacenamiento no justifican ninguna reclamaci\u00f3n contra Johannes Stadler. Si el cliente es un comerciante registrado y el servicio solicitado se presta para su negocio, sus reclamaciones por defectos prescribir\u00e1n un a\u00f1o despu\u00e9s de la recepci\u00f3n de la mercanc\u00eda.  <\/p>\n<h3>\u00a7 7 Limitaci\u00f3n de responsabilidad<\/h3>\n<p>a) PKS Bronze GmbH s\u00f3lo ser\u00e1 responsable de los da\u00f1os distintos de los derivados de lesiones a la vida, el cuerpo y la salud en la medida en que \u00e9stos se basen en un comportamiento intencionado o gravemente negligente o en el incumplimiento culpable de una obligaci\u00f3n contractual material por parte de KUPFERSPUREN.AT o de agentes indirectos (por ejemplo, el servicio de entrega) de KUPFERSPUREN.AT. Queda excluida cualquier otra responsabilidad por da\u00f1os y perjuicios. Las disposiciones de la Ley de Responsabilidad de Productos no se ver\u00e1n afectadas. b) Si se incumple negligentemente una obligaci\u00f3n contractual esencial, la responsabilidad de PKS Bronze GmbH se limitar\u00e1 a los da\u00f1os previsibles. c) De acuerdo con el estado actual de la tecnolog\u00eda, no se puede garantizar que la comunicaci\u00f3n de datos a trav\u00e9s de Internet est\u00e9 libre de errores y\/o disponible en todo momento. Por lo tanto, KUPFERSPUREN.AT no se hace responsable de la disponibilidad constante e ininterrumpida del sistema de comercio online ni de los errores t\u00e9cnicos y electr\u00f3nicos que se produzcan durante un evento de venta sobre los que KUPFERSPUREN.AT no tenga influencia, en particular no por el retraso en el procesamiento o la aceptaci\u00f3n de ofertas.     <\/p>\n<\/div>\n","protected":false},"excerpt":{"rendered":"<p>En caso de que una o m\u00e1s disposiciones de estas CGC sean inv\u00e1lidas, ello no supondr\u00e1 la invalidez de todo el contrato. La disposici\u00f3n inv\u00e1lida ser\u00e1 sustituida por la disposici\u00f3n legal pertinente. Bad Ischl \/ Austria es el lugar exclusivo de jurisdicci\u00f3n. . www.help.gv.at \u00a7 1 Protecci\u00f3n de datos Casi todas las tiendas online utilizan [&hellip;]<\/p>\n","protected":false},"author":1039,"featured_media":0,"parent":0,"menu_order":0,"comment_status":"closed","ping_status":"closed","template":"","meta":{"footnotes":""},"class_list":["post-1615","page","type-page","status-publish","hentry"],"_links":{"self":[{"href":"https:\/\/kupferspuren.at\/es\/wp-json\/wp\/v2\/pages\/1615","targetHints":{"allow":["GET"]}}],"collection":[{"href":"https:\/\/kupferspuren.at\/es\/wp-json\/wp\/v2\/pages"}],"about":[{"href":"https:\/\/kupferspuren.at\/es\/wp-json\/wp\/v2\/types\/page"}],"author":[{"embeddable":true,"href":"https:\/\/kupferspuren.at\/es\/wp-json\/wp\/v2\/users\/1039"}],"replies":[{"embeddable":true,"href":"https:\/\/kupferspuren.at\/es\/wp-json\/wp\/v2\/comments?post=1615"}],"version-history":[{"count":0,"href":"https:\/\/kupferspuren.at\/es\/wp-json\/wp\/v2\/pages\/1615\/revisions"}],"wp:attachment":[{"href":"https:\/\/kupferspuren.at\/es\/wp-json\/wp\/v2\/media?parent=1615"}],"curies":[{"name":"wp","href":"https:\/\/api.w.org\/{rel}","templated":true}]}}