{"id":1626,"date":"2017-09-29T23:21:29","date_gmt":"2017-09-29T21:21:29","guid":{"rendered":"http:\/\/pksbronze.at\/informationen\/kupfer\/kupfer-und-wachstum\/"},"modified":"2025-11-18T11:09:45","modified_gmt":"2025-11-18T10:09:45","slug":"el-cobre-y-el-crecimiento","status":"publish","type":"page","link":"https:\/\/kupferspuren.at\/es\/informacion\/cobre\/el-cobre-y-el-crecimiento\/","title":{"rendered":"Cobre y crecimiento"},"content":{"rendered":"\n<style type=\"text\/css\" data-created_by=\"avia_inline_auto\" id=\"style-css-av-mi4ej74t-790569c64ff8046fb4c194955bc26957\">\n#top .av-special-heading.av-mi4ej74t-790569c64ff8046fb4c194955bc26957{\npadding-bottom:10px;\n}\nbody .av-special-heading.av-mi4ej74t-790569c64ff8046fb4c194955bc26957 .av-special-heading-tag .heading-char{\nfont-size:25px;\n}\n.av-special-heading.av-mi4ej74t-790569c64ff8046fb4c194955bc26957 .av-subheading{\nfont-size:15px;\n}\n<\/style>\n<div  class='av-special-heading av-mi4ej74t-790569c64ff8046fb4c194955bc26957 av-special-heading-h1 blockquote modern-quote  avia-builder-el-0  el_before_av_image  avia-builder-el-first '><h1 class='av-special-heading-tag '  itemprop=\"headline\"  >Herramientas de cobre y crecimiento<\/h1><div class=\"special-heading-border\"><div class=\"special-heading-inner-border\"><\/div><\/div><\/div>\n\n<style type=\"text\/css\" data-created_by=\"avia_inline_auto\" id=\"style-css-av-mi4esb0r-32876899269bdbfce8030e17ee1aacc7\">\n.avia-image-container.av-mi4esb0r-32876899269bdbfce8030e17ee1aacc7 img.avia_image{\nbox-shadow:none;\n}\n.avia-image-container.av-mi4esb0r-32876899269bdbfce8030e17ee1aacc7 .av-image-caption-overlay-center{\ncolor:#ffffff;\n}\n<\/style>\n<div  class='avia-image-container av-mi4esb0r-32876899269bdbfce8030e17ee1aacc7 av-styling- avia-align-center  avia-builder-el-1  el_after_av_heading  el_before_av_heading '   itemprop=\"image\" itemscope=\"itemscope\" itemtype=\"https:\/\/schema.org\/ImageObject\" ><div class=\"avia-image-container-inner\"><div class=\"avia-image-overlay-wrap\"><img decoding=\"async\" fetchpriority=\"high\" class='wp-image-26379 avia-img-lazy-loading-not-26379 avia_image ' src=\"https:\/\/kupferspuren.at\/wp-content\/uploads\/2025\/11\/2014-08-14-11.47.36-1500x630.webp?wsr\" alt='Regadera de cobre con gotas sostenidas por una mano, plantas verdes y flores de colores al fondo.' title='Regadera de cobre para el cuidado del jard\u00edn Mano con regadera de cobre para regar las plantas del jard\u00edn.'  height=\"630\" width=\"1500\"  itemprop=\"thumbnailUrl\"  \/><\/div><\/div><\/div>\n\n<style type=\"text\/css\" data-created_by=\"avia_inline_auto\" id=\"style-css-av-mi4el75t-c455622b274854e9279987a6b25e9719\">\n#top .av-special-heading.av-mi4el75t-c455622b274854e9279987a6b25e9719{\npadding-bottom:10px;\n}\nbody .av-special-heading.av-mi4el75t-c455622b274854e9279987a6b25e9719 .av-special-heading-tag .heading-char{\nfont-size:25px;\n}\n.av-special-heading.av-mi4el75t-c455622b274854e9279987a6b25e9719 .av-subheading{\nfont-size:15px;\n}\n<\/style>\n<div  class='av-special-heading av-mi4el75t-c455622b274854e9279987a6b25e9719 av-special-heading-h2 blockquote modern-quote  avia-builder-el-2  el_after_av_image  el_before_av_textblock '><h2 class='av-special-heading-tag '  itemprop=\"headline\"  >El cobre y las herramientas de cobre favorecen el crecimiento de las plantas<\/h2><div class=\"special-heading-border\"><div class=\"special-heading-inner-border\"><\/div><\/div><\/div>\n<section  class='av_textblock_section av-mi4ekk47-6e757dca88ccddaf447237bc18a27151 '   itemscope=\"itemscope\" itemtype=\"https:\/\/schema.org\/CreativeWork\" ><div class='avia_textblock'  itemprop=\"text\" ><p>El cobre es esencial para el crecimiento y la reproducci\u00f3n normales y sanos de todas las plantas y animales superiores.<\/p>\n<p>Las consecuencias de una carencia de cobre van desde una reducci\u00f3n del rendimiento de hasta el 20% -que puede producirse en muchos cultivos como consecuencia de una carencia oculta de cobre sin s\u00edntomas visibles- hasta la p\u00e9rdida total de la cosecha.<\/p>\n<p>La carencia de cobre se ha observado en todo el mundo y en todas las zonas clim\u00e1ticas en las que hay cultivos. La deficiencia de cobre var\u00eda seg\u00fan el suelo y los cultivos. Puede producirse una carencia sobre todo en plantas cultivadas en suelos arenosos, en suelos con un alto contenido de materia org\u00e1nica y en suelos calc\u00e1reos.  <\/p>\n<p>Los sistemas biol\u00f3gicos utilizan la capacidad del cobre<\/p>\n<ul>\n<li>para aceptar y transferir electrones y participar as\u00ed en las reacciones de oxidaci\u00f3n\/reducci\u00f3n,<\/li>\n<li>forman complejos con compuestos org\u00e1nicos. Si estas v\u00edas metab\u00f3licas se interrumpen como consecuencia de una carencia de cobre, o a veces incluso de un excedente, el crecimiento, el rendimiento y la calidad se ven perjudicados. <\/li>\n<\/ul>\n<p><a href=\"https:\/\/kupferspuren.at\/es\/informacion\/cobre\/el-cobre-y-el-crecimiento\/las-herramientas-de-cobre-favorecen-el-crecimiento-de-las-plantas\/\">El COBRE favorece el crecimiento de las plantas <strong><em>m\u00e1s<\/em><\/strong><\/a><\/p>\n<\/div><\/section>\n\n<style type=\"text\/css\" data-created_by=\"avia_inline_auto\" id=\"style-css-av-mi4emuve-b904ace0f2c4ea49d916be074d0178a9\">\n#top .av-special-heading.av-mi4emuve-b904ace0f2c4ea49d916be074d0178a9{\npadding-bottom:10px;\n}\nbody .av-special-heading.av-mi4emuve-b904ace0f2c4ea49d916be074d0178a9 .av-special-heading-tag .heading-char{\nfont-size:25px;\n}\n.av-special-heading.av-mi4emuve-b904ace0f2c4ea49d916be074d0178a9 .av-subheading{\nfont-size:15px;\n}\n<\/style>\n<div  class='av-special-heading av-mi4emuve-b904ace0f2c4ea49d916be074d0178a9 av-special-heading-h2 blockquote modern-quote  avia-builder-el-4  el_after_av_textblock  el_before_av_textblock '><h2 class='av-special-heading-tag '  itemprop=\"headline\"  >Cobre en el suelo<\/h2><div class=\"special-heading-border\"><div class=\"special-heading-inner-border\"><\/div><\/div><\/div>\n<section  class='av_textblock_section av-mi4emn2r-a69857c03bad25959b4a5c853d705893 '   itemscope=\"itemscope\" itemtype=\"https:\/\/schema.org\/CreativeWork\" ><div class='avia_textblock'  itemprop=\"text\" ><p>El contenido total de cobre de los suelos se compone de cinco factores:<\/p>\n<ol>\n<li>Formas solubles en la soluci\u00f3n del suelo &#8211; est\u00e1 inmediatamente disponible para las plantas.<\/li>\n<li>Compuestos complejos org\u00e1nicos estables en el humus, no disponibles para las plantas.<\/li>\n<li>Cobre sorbido por hidr\u00f3xidos de manganeso y hierro.<\/li>\n<li>Cobre sorbido en el complejo arcilla-humus.<\/li>\n<li>El cobre unido en las redes cristalinas de los minerales del suelo s\u00f3lo se libera durante la meteorizaci\u00f3n.<\/li>\n<\/ol>\n<p>La cantidad total de cobre soluble en agua e intercambiable suele ser muy baja, aunque la concentraci\u00f3n total de cobre en el suelo puede considerarse suficiente (m\u00e1s de 10 mg\/kg en suelos minerales y m\u00e1s de 30 mg\/kg en suelos org\u00e1nicos)<\/p>\n<p>El material parental de un suelo puede variar considerablemente en su contenido de cobre, ya que los esquistos oscuros suelen tener una concentraci\u00f3n elevada y las areniscas una concentraci\u00f3n baja.<\/p>\n<p>La disponibilidad de cobre para su absorci\u00f3n por las plantas viene determinada principalmente por el valor p-H del suelo, su contenido en materia org\u00e1nica y su capacidad de sorci\u00f3n.<\/p>\n<p>Los suelos t\u00edpicos con deficiencia de cobre son principalmente los arenosos, la turba, los suelos con m\u00e1s de un 7 a 10 % de materia org\u00e1nica y los suelos calc\u00e1reos.<\/p>\n<p>El contenido total de cobre y el contenido de cobre disponible en el suelo pueden diferir considerablemente en algunos lugares.<\/p>\n<p>En los sustratos de cultivo hort\u00edcola con alto contenido en turba y en los sustratos de cultivo de turba pura, no debe subestimarse un suministro suficiente de cobre.<\/p>\n<p>Se ha descrito la carencia de cobre en m\u00e1s de 50 especies de plantas y en 51 pa\u00edses.<\/p>\n<\/div><\/section>\n\n<style type=\"text\/css\" data-created_by=\"avia_inline_auto\" id=\"style-css-av-mi4enjra-9e13ee4764e25440edfe0352db4384bb\">\n#top .av-special-heading.av-mi4enjra-9e13ee4764e25440edfe0352db4384bb{\npadding-bottom:10px;\n}\nbody .av-special-heading.av-mi4enjra-9e13ee4764e25440edfe0352db4384bb .av-special-heading-tag .heading-char{\nfont-size:25px;\n}\n.av-special-heading.av-mi4enjra-9e13ee4764e25440edfe0352db4384bb .av-subheading{\nfont-size:15px;\n}\n<\/style>\n<div  class='av-special-heading av-mi4enjra-9e13ee4764e25440edfe0352db4384bb av-special-heading-h2 blockquote modern-quote  avia-builder-el-6  el_after_av_textblock  el_before_av_textblock '><h2 class='av-special-heading-tag '  itemprop=\"headline\"  >El cobre y la nutrici\u00f3n de las plantas<\/h2><div class=\"special-heading-border\"><div class=\"special-heading-inner-border\"><\/div><\/div><\/div>\n<section  class='av_textblock_section av-mi4enf1k-61a1847c0447038689e23bbdf4571da9 '   itemscope=\"itemscope\" itemtype=\"https:\/\/schema.org\/CreativeWork\" ><div class='avia_textblock'  itemprop=\"text\" ><p>La presencia de una carencia latente, en la que los rendimientos se reducen sin que aparezcan s\u00edntomas claros, queda ilustrada por los siguientes aumentos significativos de rendimiento causados por el cobre, obtenidos en ensayos de campo replicados:<\/p>\n<ul>\n<li>Aumento del rendimiento del 22,4 % para la cebada de primavera en suelo pardo con textura arenosa<\/li>\n<li>Aumento del rendimiento del 13,5 % del trigo de invierno en mullrendzina<\/li>\n<li>Aumento del 18 % del rendimiento de la remolacha azucarera en suelos pardos de textura arenosa<\/li>\n<li>Rendimiento adicional altamente significativo para la gerbera en turba<\/li>\n<\/ul>\n<p>Adem\u00e1s de reducir el rendimiento, la carencia de cobre puede repercutir negativamente en la calidad de muchos cultivos.<\/p>\n<p>Ejemplos de reducciones de calidad debidas a la deficiencia de cobre son<\/p>\n<ul>\n<li>C\u00edtricos, aspecto menos atractivo, tama\u00f1o reducido de los frutos<\/li>\n<li>Cebollas poco coloreadas y esponjosas<\/li>\n<li>Zanahorias, poco coloreadas<\/li>\n<li>Lechuga poco coloreada y marchita<\/li>\n<li>Peras, formaci\u00f3n del corcho y manchas de corcho<\/li>\n<\/ul>\n<\/div><\/section>\n\n<style type=\"text\/css\" data-created_by=\"avia_inline_auto\" id=\"style-css-av-mi4eoofv-cfc6cb040d047a114377abf31884b1e0\">\n#top .av-special-heading.av-mi4eoofv-cfc6cb040d047a114377abf31884b1e0{\npadding-bottom:10px;\n}\nbody .av-special-heading.av-mi4eoofv-cfc6cb040d047a114377abf31884b1e0 .av-special-heading-tag .heading-char{\nfont-size:25px;\n}\n.av-special-heading.av-mi4eoofv-cfc6cb040d047a114377abf31884b1e0 .av-subheading{\nfont-size:15px;\n}\n<\/style>\n<div  class='av-special-heading av-mi4eoofv-cfc6cb040d047a114377abf31884b1e0 av-special-heading-h2 blockquote modern-quote  avia-builder-el-8  el_after_av_textblock  el_before_av_textblock '><h2 class='av-special-heading-tag '  itemprop=\"headline\"  >El cobre en el metabolismo de la planta<\/h2><div class=\"special-heading-border\"><div class=\"special-heading-inner-border\"><\/div><\/div><\/div>\n<section  class='av_textblock_section av-mi4eoj4d-c84dd2d35d63e0d4fbc784466e47614c '   itemscope=\"itemscope\" itemtype=\"https:\/\/schema.org\/CreativeWork\" ><div class='avia_textblock'  itemprop=\"text\" ><p>El cobre es un componente de varias enzimas y otras prote\u00ednas, donde es el principal responsable de la transferencia de electrones en v\u00edas metab\u00f3licas clave. Como ocurre con otros oligoelementos, los procesos metab\u00f3licos se ven alterados tanto por un exceso como por un defecto de cobre. <\/p>\n<p>La fotos\u00edntesis, la respiraci\u00f3n, la reproducci\u00f3n, la formaci\u00f3n de prote\u00ednas, la lignificaci\u00f3n, la regulaci\u00f3n de la auxina, la resistencia a las enfermedades y otras funciones de la planta pueden verse afectadas por la carencia de cobre.<\/p>\n<p>La absorci\u00f3n de cobre a trav\u00e9s de las ra\u00edces puede verse reducida por concentraciones relativamente altas de iones de calcio, potasio y amonio.<\/p>\n<p>La fertilizaci\u00f3n fuerte con nitr\u00f3geno retrasa el envejecimiento de las hojas y, por tanto, reduce la cantidad de cobre que puede distribuirse a los tejidos j\u00f3venes.<\/p>\n<p>Varios tipos de hortalizas cultivadas en todo el mundo son muy sensibles a la carencia de cobre.<\/p>\n<p>Si el cobre se ha acumulado en el suelo durante muchos a\u00f1os como consecuencia de las emisiones, a veces se produce fitotoxicidad, pero normalmente se puede remediar encalando.<\/p>\n<\/div><\/section>\n\n<style type=\"text\/css\" data-created_by=\"avia_inline_auto\" id=\"style-css-av-mi4epan0-565a0bab9a92121f0f4de6ca3df7a432\">\n#top .av-special-heading.av-mi4epan0-565a0bab9a92121f0f4de6ca3df7a432{\npadding-bottom:10px;\n}\nbody .av-special-heading.av-mi4epan0-565a0bab9a92121f0f4de6ca3df7a432 .av-special-heading-tag .heading-char{\nfont-size:25px;\n}\n.av-special-heading.av-mi4epan0-565a0bab9a92121f0f4de6ca3df7a432 .av-subheading{\nfont-size:15px;\n}\n<\/style>\n<div  class='av-special-heading av-mi4epan0-565a0bab9a92121f0f4de6ca3df7a432 av-special-heading-h2 blockquote modern-quote  avia-builder-el-10  el_after_av_textblock  el_before_av_textblock '><h2 class='av-special-heading-tag '  itemprop=\"headline\"  >S\u00edntomas de deficiencia<\/h2><div class=\"special-heading-border\"><div class=\"special-heading-inner-border\"><\/div><\/div><\/div>\n<section  class='av_textblock_section av-mi4ep4ce-6abc1e252be4bb0cd2775a3ddc62cbc4 '   itemscope=\"itemscope\" itemtype=\"https:\/\/schema.org\/CreativeWork\" ><div class='avia_textblock'  itemprop=\"text\" ><p>La carencia de cobre perjudica la lignificaci\u00f3n y, por tanto, provoca el colapso de los tejidos, sobre todo en las hojas j\u00f3venes, que al principio parecen marchitas y m\u00e1s tarde se necrosan.<\/p>\n<p>Las hojas suelen estar retorcidas y deformadas.<\/p>\n<p>Normalmente, el cobre s\u00f3lo se transfiere del tejido viejo al joven en una medida limitada. En consecuencia, los s\u00edntomas suelen aparecer primero en el tejido joven. <\/p>\n<p>Ejemplos:<\/p>\n<ul>\n<li>Lechuga, las hojas carecen de firmeza, parecen orejas de conejo, las hojas j\u00f3venes se enrollan en forma de llave<\/li>\n<li>Espinacas, los bordes de las hojas j\u00f3venes, que tienen un color sucio, se marchitan y se enrollan<\/li>\n<li>Tomate, las hojas y los tallos carecen de firmeza, las hojas son peque\u00f1as, duras y est\u00e1n dobladas entre s\u00ed, los tallos de los foliolos est\u00e1n doblados hacia abajo de forma t\u00edpica<\/li>\n<li>Cebolla, las puntas de las hojas m\u00e1s j\u00f3venes primero se vuelven clor\u00f3ticas y luego blancas, se retuercen en espiral o se doblan de forma que quedan en \u00e1ngulo recto con el resto de la planta, las pieles de la cebolla son finas y de color amarillo p\u00e1lido<\/li>\n<\/ul>\n<p>Extracto del libro de referencia DKI \u00abEl cobre en la agricultura\u00bb<\/p>\n<p>Editor: Instituto Alem\u00e1n del Cobre<\/p>\n<p>La edici\u00f3n original se public\u00f3 con el t\u00edtulo \u00abEl cobre en la nutrici\u00f3n vegetal, animal y humana\u00bb, texto del Dr. V.M. Shorrocks y el Dr. B. J. Alloway<\/p>\n<\/div><\/section>\n","protected":false},"excerpt":{"rendered":"","protected":false},"author":820,"featured_media":0,"parent":1428,"menu_order":3,"comment_status":"closed","ping_status":"closed","template":"","meta":{"footnotes":""},"class_list":["post-1626","page","type-page","status-publish","hentry"],"_links":{"self":[{"href":"https:\/\/kupferspuren.at\/es\/wp-json\/wp\/v2\/pages\/1626","targetHints":{"allow":["GET"]}}],"collection":[{"href":"https:\/\/kupferspuren.at\/es\/wp-json\/wp\/v2\/pages"}],"about":[{"href":"https:\/\/kupferspuren.at\/es\/wp-json\/wp\/v2\/types\/page"}],"author":[{"embeddable":true,"href":"https:\/\/kupferspuren.at\/es\/wp-json\/wp\/v2\/users\/820"}],"replies":[{"embeddable":true,"href":"https:\/\/kupferspuren.at\/es\/wp-json\/wp\/v2\/comments?post=1626"}],"version-history":[{"count":0,"href":"https:\/\/kupferspuren.at\/es\/wp-json\/wp\/v2\/pages\/1626\/revisions"}],"up":[{"embeddable":true,"href":"https:\/\/kupferspuren.at\/es\/wp-json\/wp\/v2\/pages\/1428"}],"wp:attachment":[{"href":"https:\/\/kupferspuren.at\/es\/wp-json\/wp\/v2\/media?parent=1626"}],"curies":[{"name":"wp","href":"https:\/\/api.w.org\/{rel}","templated":true}]}}