{"id":1656,"date":"2017-09-29T22:51:42","date_gmt":"2017-09-29T20:51:42","guid":{"rendered":"http:\/\/pksbronze.at\/informationen\/kupfer\/gruenspan-oder-patina\/"},"modified":"2025-08-28T14:41:51","modified_gmt":"2025-08-28T12:41:51","slug":"patina-o-cardenillo","status":"publish","type":"page","link":"https:\/\/kupferspuren.at\/es\/informacion\/cobre\/patina-o-cardenillo\/","title":{"rendered":"verd\u00edn o p\u00e1tina"},"content":{"rendered":"<h4>Cobre<\/h4>\n<p>El cobre se extrae principalmente de minerales. Los minerales de cobre m\u00e1s importantes son la calcopirita, la calcopirita y la pizarra de cobre.<br \/>\nEl cobre puro tiene un color marr\u00f3n rojizo brillante. Cuando se expone al aire, la superficie se oxida con el tiempo hasta formar una capa protectora mate de color marr\u00f3n oscuro. Este proceso hace que el metal sea muy resistente a la intemperie. La raz\u00f3n es la interacci\u00f3n del di\u00f3xido de carbono y el ox\u00edgeno en un ambiente h\u00famedo. En altas concentraciones, la capa de \u00f3xido puede desarrollar un color verde brillante, la llamada p\u00e1tina, tambi\u00e9n conocida como \u00f3xido de p\u00e1tina.<br \/>\nLa p\u00e1tina no debe confundirse con el verd\u00edn. El verd\u00edn destruye el cobre y es extremadamente t\u00f3xico.      <\/p>\n<p>&#8230;..m\u00e1s sobre esto en: <a href=\"https:\/\/kupferspuren.at\/es\/informacion\/faqs\/\">FAQ<\/a><\/p>\n<h3><\/h3>\n<h4>P\u00e1tina<\/h4>\n<p>Capa superficial gris verdosa formada por carbonatos y sulfatos b\u00e1sicos sobre el cobre y las aleaciones de cobre, que se forma por reacci\u00f3n con el di\u00f3xido de carbono y azufre contenidos en el aire. La p\u00e1tina tambi\u00e9n se conoce como \u00ab\u00f3xido noble\u00bb y protege al cobre de la intemperie. Dependiendo de la cantidad de lluvia y de la composici\u00f3n del agua, la p\u00e1tina aparece en su distintiva forma verde al cabo de unos 8 a 15 a\u00f1os en superficies planas muy expuestas a la lluvia.  <\/p>\n<h4>verdigris<\/h4>\n<p>Mezcla de acetatos b\u00e1sicos de cobre(II) de color verde o azul, que se deposita sobre el cobre o el lat\u00f3n. La p\u00e1tina verde que cubre los tejados de cobre suele denominarse verd\u00edn. Sin embargo, \u00a1esto es incorrecto! El verd\u00edn no es el resultado de la reacci\u00f3n del cobre con el agua, sino de la reacci\u00f3n del cobre con el \u00e1cido ac\u00e9tico. La formaci\u00f3n de verd\u00edn no es posible en las tuber\u00edas de agua sin la presencia de \u00e1cido ac\u00e9tico. Las capas de carbonato de cobre de color azul verdoso que aparecen en estas tuber\u00edas son especialmente deseables como importante capa protectora natural.     <\/p>\n<p><img loading=\"lazy\" decoding=\"async\" class=\"alignnone size-full wp-image-4214\" src=\"https:\/\/kupferspuren.at\/wp-content\/uploads\/2018\/01\/Verdigris.jpg\" alt=\"\" width=\"600\" height=\"394\" srcset=\"https:\/\/kupferspuren.at\/wp-content\/uploads\/2018\/01\/Verdigris.jpg 600w, https:\/\/kupferspuren.at\/wp-content\/uploads\/2018\/01\/Verdigris-300x197.jpg 300w, https:\/\/kupferspuren.at\/wp-content\/uploads\/2018\/01\/Verdigris-416x273.jpg 416w\" sizes=\"auto, (max-width: 600px) 100vw, 600px\" \/><\/p>\n","protected":false},"excerpt":{"rendered":"<p>Cobre El cobre se extrae principalmente de minerales. Los minerales de cobre m\u00e1s importantes son la calcopirita, la calcopirita y la pizarra de cobre. El cobre puro tiene un color marr\u00f3n rojizo brillante. Cuando se expone al aire, la superficie se oxida con el tiempo hasta formar una capa protectora mate de color marr\u00f3n oscuro. [&hellip;]<\/p>\n","protected":false},"author":820,"featured_media":0,"parent":1428,"menu_order":0,"comment_status":"closed","ping_status":"closed","template":"","meta":{"footnotes":""},"class_list":["post-1656","page","type-page","status-publish","hentry"],"_links":{"self":[{"href":"https:\/\/kupferspuren.at\/es\/wp-json\/wp\/v2\/pages\/1656","targetHints":{"allow":["GET"]}}],"collection":[{"href":"https:\/\/kupferspuren.at\/es\/wp-json\/wp\/v2\/pages"}],"about":[{"href":"https:\/\/kupferspuren.at\/es\/wp-json\/wp\/v2\/types\/page"}],"author":[{"embeddable":true,"href":"https:\/\/kupferspuren.at\/es\/wp-json\/wp\/v2\/users\/820"}],"replies":[{"embeddable":true,"href":"https:\/\/kupferspuren.at\/es\/wp-json\/wp\/v2\/comments?post=1656"}],"version-history":[{"count":0,"href":"https:\/\/kupferspuren.at\/es\/wp-json\/wp\/v2\/pages\/1656\/revisions"}],"up":[{"embeddable":true,"href":"https:\/\/kupferspuren.at\/es\/wp-json\/wp\/v2\/pages\/1428"}],"wp:attachment":[{"href":"https:\/\/kupferspuren.at\/es\/wp-json\/wp\/v2\/media?parent=1656"}],"curies":[{"name":"wp","href":"https:\/\/api.w.org\/{rel}","templated":true}]}}