{"id":1664,"date":"2017-09-29T23:18:00","date_gmt":"2017-09-29T21:18:00","guid":{"rendered":"http:\/\/pksbronze.at\/informationen\/kupfer\/spurenelementduengung\/"},"modified":"2018-09-24T10:08:21","modified_gmt":"2018-09-24T08:08:21","slug":"oligoelementos","status":"publish","type":"page","link":"https:\/\/kupferspuren.at\/es\/informacion\/cobre\/oligoelementos\/","title":{"rendered":"Oligoelementos"},"content":{"rendered":"<div id=\"c112\" class=\"csc-default\">\n<p>Las plantas requieren una variedad de oligoelementos para su desarrollo equilibrado. Incluso cantidades de tama\u00f1o microscopico de oligoelementos ejercen funciones de primera necesidad para los organismos, lo que vale tambi\u00e9n para cada ser humano. Los \u00fatiles de jardiner\u00eda de PKS garantizan que oligoelementos de escasez, como el cobre llegen a la tierra.<\/p>\n<p><em><strong>que no debe confundirse con el sulfato de cobre: <\/strong><\/em><a class=\"external-link-new-window\" href=\"http:\/\/pt.wikipedia.org\/wiki\/Sulfato_de_cobre_%28II%29\" target=\"_blank\" rel=\"noopener\"><em><strong>http:\/\/pt.wikipedia.org\/wiki\/Sulfato_de_cobreII<\/strong><\/em><\/a><\/p>\n<\/div>\n","protected":false},"excerpt":{"rendered":"<p>Las plantas requieren una variedad de oligoelementos para su desarrollo equilibrado. Incluso cantidades de tama\u00f1o microscopico de oligoelementos ejercen funciones de primera necesidad para los organismos, lo que vale tambi\u00e9n para cada ser humano. Los \u00fatiles de jardiner\u00eda de PKS garantizan que oligoelementos de escasez, como el cobre llegen a la tierra. que no debe [&hellip;]<\/p>\n","protected":false},"author":820,"featured_media":0,"parent":1428,"menu_order":0,"comment_status":"closed","ping_status":"closed","template":"","meta":{"footnotes":""},"class_list":["post-1664","page","type-page","status-publish","hentry"],"_links":{"self":[{"href":"https:\/\/kupferspuren.at\/es\/wp-json\/wp\/v2\/pages\/1664","targetHints":{"allow":["GET"]}}],"collection":[{"href":"https:\/\/kupferspuren.at\/es\/wp-json\/wp\/v2\/pages"}],"about":[{"href":"https:\/\/kupferspuren.at\/es\/wp-json\/wp\/v2\/types\/page"}],"author":[{"embeddable":true,"href":"https:\/\/kupferspuren.at\/es\/wp-json\/wp\/v2\/users\/820"}],"replies":[{"embeddable":true,"href":"https:\/\/kupferspuren.at\/es\/wp-json\/wp\/v2\/comments?post=1664"}],"version-history":[{"count":0,"href":"https:\/\/kupferspuren.at\/es\/wp-json\/wp\/v2\/pages\/1664\/revisions"}],"up":[{"embeddable":true,"href":"https:\/\/kupferspuren.at\/es\/wp-json\/wp\/v2\/pages\/1428"}],"wp:attachment":[{"href":"https:\/\/kupferspuren.at\/es\/wp-json\/wp\/v2\/media?parent=1664"}],"curies":[{"name":"wp","href":"https:\/\/api.w.org\/{rel}","templated":true}]}}