{"id":25958,"date":"2025-08-28T14:46:53","date_gmt":"2025-08-28T12:46:53","guid":{"rendered":"https:\/\/kupferspuren.at\/informacion\/cobre\/el-cobre-y-el-crecimiento\/las-herramientas-de-cobre-favorecen-el-crecimiento-de-las-plantas\/"},"modified":"2025-08-28T14:46:53","modified_gmt":"2025-08-28T12:46:53","slug":"las-herramientas-de-cobre-favorecen-el-crecimiento-de-las-plantas","status":"publish","type":"page","link":"https:\/\/kupferspuren.at\/es\/informacion\/cobre\/el-cobre-y-el-crecimiento\/las-herramientas-de-cobre-favorecen-el-crecimiento-de-las-plantas\/","title":{"rendered":"Las herramientas de cobre favorecen el crecimiento de las plantas"},"content":{"rendered":"<div id=\"c88\" class=\"csc-default\">\n<div class=\"news-single-item\">\n<div class=\"news-single-rightbox\">VIDA NATURAL \/ Remo Vetter<\/div>\n<hr class=\"cl-right\">\n<h4>Extracto de<b><span lang=\"DE-CH\"> Las herramientas de cobre favorecen el crecimiento de las plantas<\/span><\/b><\/h4>\n<p>de:<a class=\"external-link-new-window\" href=\"http:\/\/www.natuerlich-online.ch\/magazin\/artikel\/bienenwelten\/\" target=\"_blank\" rel=\"noopener\">http:\/\/www.natuerlich-online.ch\/magazin\/artikel\/bienenwelten\/<\/a><\/p>\n<p>&nbsp;<\/p>\n<p>Llevamos varios a\u00f1os trabajando sistem\u00e1ticamente con herramientas de jardiner\u00eda de cobre en nuestro jard\u00edn. Hemos observado que las plantas crecen m\u00e1s frondosas de un a\u00f1o para otro, la estructura del suelo mejora y la labranza es mucho m\u00e1s f\u00e1cil. <\/p>\n<p><span lang=\"DE-CH\">Ensayos espec\u00edficos realizados en los a\u00f1os 50 demostraron que el uso de equipos de cobre mejoraba significativamente la calidad y el rendimiento. El biotecn\u00f3logo austriaco Viktor Schauberger lo atribuy\u00f3 al hecho de que el hierro tiene un efecto negativo en el suelo cultivado del huerto. Seg\u00fan sus conclusiones, el desgaste mec\u00e1nico de las herramientas de hierro libera finas part\u00edculas de hierro en el suelo. \u00c9stas forman una fina capa de \u00f3xido, que puede acelerar considerablemente la desecaci\u00f3n del suelo.   <\/span><\/p>\n<p>El cobre, en cambio, est\u00e1 presente de forma natural en el suelo sano y, a diferencia del hierro, no afecta a la tensi\u00f3n magn\u00e9tica natural del suelo. Por eso las herramientas de jard\u00edn de cobre mejoran notablemente la calidad y el rendimiento de las plantas ornamentales y de cultivo. Esto ya se sab\u00eda en la avanzada civilizaci\u00f3n del antiguo Imperio Chino y fue redescubierto en nuestra \u00e9poca por Schauberger. Las herramientas de jard\u00edn liberan las part\u00edculas m\u00e1s finas de cobre, oro, plata y magnesio, influyendo as\u00ed en el equilibrio h\u00eddrico y la fertilidad del suelo y creando las condiciones para un crecimiento fuerte y sano de las plantas.   <\/p>\n<p><b><img loading=\"lazy\" decoding=\"async\" class=\"alignnone size-full wp-image-10200\" src=\"https:\/\/kupferspuren.at\/wp-content\/uploads\/2019\/10\/RTEmagicC_Vetter_Portrait_n.jpg.jpg\" alt=\"\" width=\"137\" height=\"137\" srcset=\"https:\/\/kupferspuren.at\/wp-content\/uploads\/2019\/10\/RTEmagicC_Vetter_Portrait_n.jpg.jpg 137w, https:\/\/kupferspuren.at\/wp-content\/uploads\/2019\/10\/RTEmagicC_Vetter_Portrait_n.jpg-100x100.jpg 100w\" sizes=\"auto, (max-width: 137px) 100vw, 137px\" \/>El autor<\/b><br \/>\nRemo Vetter naci\u00f3 en Basilea en 1956. En 1982 fue contratado por el pionero de las plantas medicinales Alfred Vogel. Desde entonces, Vetter trabaja en el centro de salud de Teufen AR, donde cuida el jard\u00edn de hierbas de muestra de A. Vogel con la ayuda de su familia.<br \/>\nVetter es autor del libro \u00abEl jardinero perezoso &#8211; C\u00f3mo encontrar la felicidad en el jard\u00edn\u00bb.<br \/>\n<a class=\"url\" href=\"http:\/\/www.thelazygardener.ch\/\" target=\"_blank\" rel=\"noopener\">Pide este libro directamente a AT Verlag aqu\u00ed.<\/a><\/p>\n<\/div>\n<\/div>\n","protected":false},"excerpt":{"rendered":"<p>VIDA NATURAL \/ Remo Vetter Extracto de Las herramientas de cobre favorecen el crecimiento de las plantas de:http:\/\/www.natuerlich-online.ch\/magazin\/artikel\/bienenwelten\/ &nbsp; Llevamos varios a\u00f1os trabajando sistem\u00e1ticamente con herramientas de jardiner\u00eda de cobre en nuestro jard\u00edn. Hemos observado que las plantas crecen m\u00e1s frondosas de un a\u00f1o para otro, la estructura del suelo mejora y la labranza es [&hellip;]<\/p>\n","protected":false},"author":820,"featured_media":0,"parent":1626,"menu_order":0,"comment_status":"closed","ping_status":"closed","template":"","meta":{"footnotes":""},"class_list":["post-25958","page","type-page","status-publish","hentry"],"_links":{"self":[{"href":"https:\/\/kupferspuren.at\/es\/wp-json\/wp\/v2\/pages\/25958","targetHints":{"allow":["GET"]}}],"collection":[{"href":"https:\/\/kupferspuren.at\/es\/wp-json\/wp\/v2\/pages"}],"about":[{"href":"https:\/\/kupferspuren.at\/es\/wp-json\/wp\/v2\/types\/page"}],"author":[{"embeddable":true,"href":"https:\/\/kupferspuren.at\/es\/wp-json\/wp\/v2\/users\/820"}],"replies":[{"embeddable":true,"href":"https:\/\/kupferspuren.at\/es\/wp-json\/wp\/v2\/comments?post=25958"}],"version-history":[{"count":0,"href":"https:\/\/kupferspuren.at\/es\/wp-json\/wp\/v2\/pages\/25958\/revisions"}],"up":[{"embeddable":true,"href":"https:\/\/kupferspuren.at\/es\/wp-json\/wp\/v2\/pages\/1626"}],"wp:attachment":[{"href":"https:\/\/kupferspuren.at\/es\/wp-json\/wp\/v2\/media?parent=25958"}],"curies":[{"name":"wp","href":"https:\/\/api.w.org\/{rel}","templated":true}]}}