{"id":2603,"date":"2017-11-05T15:13:34","date_gmt":"2017-11-05T14:13:34","guid":{"rendered":"http:\/\/pksbronze.at\/informationen\/einkaufen\/anfahrt\/"},"modified":"2025-08-28T14:43:15","modified_gmt":"2025-08-28T12:43:15","slug":"anfahrt","status":"publish","type":"page","link":"https:\/\/kupferspuren.at\/es\/schweiz-niederlande-england\/anfahrt\/","title":{"rendered":"ACCESO"},"content":{"rendered":"<div id=\"c82\" class=\"csc-default\">\n<h2>VISITA AL ALMAC\u00c9N DE EXPEDICIONES<\/h2>\n<ul>\n<li>\n<div id=\"c81\" class=\"csc-default\">\n<div class=\"csc-textpic csc-textpic-intext-right\">\n<div class=\"csc-textpic-imagewrap csc-textpic-single-image\"><img loading=\"lazy\" decoding=\"async\" class=\"size-full wp-image-4334 alignright\" src=\"https:\/\/kupferspuren.at\/wp-content\/uploads\/2018\/02\/Haus.jpg\" sizes=\"auto, (max-width: 259px) 100vw, 259px\" srcset=\"https:\/\/kupferspuren.at\/wp-content\/uploads\/2018\/02\/Haus.jpg 259w, https:\/\/kupferspuren.at\/wp-content\/uploads\/2018\/02\/Haus-150x112.jpg 150w, https:\/\/kupferspuren.at\/wp-content\/uploads\/2018\/02\/Haus-180x135.jpg 180w\" alt=\"\" width=\"259\" height=\"194\"><\/div>\n<div class=\"csc-textpic-text\">\n<p>Te invitamos a visitarnos en nuestro almac\u00e9n de expediciones, preferiblemente por la ma\u00f1ana. El almac\u00e9n de expediciones est\u00e1 en el mismo edificio que la administraci\u00f3n de la herencia de <a href=\"http:\/\/www.pks.or.at\" target=\"_blank\" rel=\"noopener\">Viktor y Walter Schauberger.<br \/>\n<\/a>Llama con antelaci\u00f3n, pues no siempre estamos en el almac\u00e9n durante el horario laboral normal:<br \/>\n<strong><span style=\"color: #99cc00;\">NUEVO <\/span>Tel.: 0043 (0)677 631 482 77 <\/strong><br \/>\nEngleitenstr. 17, PKS \/ Villa Rothstein<br \/>\n4820 BAD ISCHL <\/p>\n<\/div>\n<\/div>\n<\/div>\n<\/li>\n<\/ul>\n<p><strong>Google -Maps: <a href=\"https:\/\/goo.gl\/maps\/xarWsdtrTwQV5QhZA\" target=\"_blank\" rel=\"noopener\">https:\/\/goo.gl\/maps\/xarWsdtrTwQV5QhZA<\/a><\/strong><\/p>\n<p><strong>Direcci\u00f3n de Google Maps: Engleitenstra\u00dfe 17, 4821<br \/>\n<\/strong><\/p>\n<\/div>\n<div id=\"c1519\" class=\"csc-default\">\n<p><a class=\"external-link-new-window\" href=\"http:\/\/badischl.salzkammergut.at\/webcam.html\" target=\"_blank\" rel=\"noopener\">WEBCAM Bad Ischl<\/a><\/p>\n<\/div>\n<div class=\"csc-default\">\n<div class=\"divider\">\n<hr>\n<\/div>\n<\/div>\n<div id=\"c1670\" class=\"csc-default\">\n<p>D\u00edas de visita del PKS para los interesados en Schauberger <a href=\"http:\/\/pks.or.at\/veranstaltungen\/?ec=oeffnungstage\" target=\"_blank\" rel=\"noopener\">http:\/\/pks.or.at\/veranstaltungen<\/a><\/p>\n<\/div>\n<div class=\"csc-default\">\n<div class=\"divider\">\n<hr>\n<\/div>\n<\/div>\n<div id=\"c831\" class=\"csc-default\">\n<div id=\"c84\" class=\"csc-default\">\n<h2>Viniendo de Bad Ischl<\/h2>\n<p>&#8230;&nbsp;sigue las se\u00f1ales verdes \u00abKatrin Alm\u00bb (telef\u00e9rico).&nbsp;Cuando llegues a la estaci\u00f3n del telef\u00e9rico de Katrin Alm, sigue la carretera y no te dejes desanimar por las marcas en el suelo (flechas en direcci\u00f3n contraria). No es una calle de sentido \u00fanico. <\/p>\n<p>Pasar\u00e1s la pista de saltos de esqu\u00ed de Salzkammergut (a la derecha) y la estatua de Kaiserjagd (a la derecha). Despu\u00e9s de aproximadamente 1 km hay una entrada a la izquierda con una se\u00f1al de callej\u00f3n sin salida, que NO debes tomar todav\u00eda, sino que despu\u00e9s de la curva cuesta arriba debes tomar la 2\u00aa entrada a la izquierda.<\/p>\n<p>Pone PKS y 162 en el pilar, entras y ves una gran casa a mano derecha rotulada PKS en la torre. \u00a1Bienvenido! La entrada al almac\u00e9n de herramientas de cobre est\u00e1 a la izquierda de la entrada principal.  <\/p>\n<h2>Procedente de Bad Goisern<\/h2>\n<p>&#8230;&nbsp;Sal en Lauffen. Por precauci\u00f3n, toma la 1\u00aa salida a la derecha, preferiblemente la 2\u00aa salida a la izquierda. Tienes que cruzar el puente que pasa junto a la estaci\u00f3n de tren de Lauffen y subir por la Engleitenstra\u00dfe. Despu\u00e9s de unos 2 km pasar\u00e1s la Villa Blumenthal (a la derecha), despu\u00e9s de dos curvas cerradas, entre un antiguo \u00abPf\u00f6rtnerh\u00e4usl\u00bb y una bola azul claro, gira bruscamente a la derecha.     <\/p>\n<p>A mano derecha ver\u00e1s una gran casa rotulada PKS en la torre. \u00a1Una c\u00e1lida bienvenida! <\/p>\n<p><a class=\"external-link-new-window\" href=\"http:\/\/badischl.salzkammergut.at\/oesterreich\/poi\/430002131\/pks-villa-rothstein.html?h=1491\" target=\"_blank\" rel=\"noopener\">salzkammergut.at\/pks-villa-rothstein<\/a><\/p>\n<\/div>\n<\/div>\n<div class=\"brlbs-cmpnt-container brlbs-cmpnt-content-blocker brlbs-cmpnt-with-individual-styles\" data-borlabs-cookie-content-blocker-id=\"default\" data-borlabs-cookie-content=\"PGlmcmFtZSBzdHlsZT0iYm9yZGVyOiAwOyIgc3JjPSJodHRwczovL3d3dy5nb29nbGUuY29tL21hcHMvZW1iZWQ\/cGI9ITFtMTghMW0xMiExbTMhMWQyNjg1LjkzNTkyNjUxODAzNSEyZDEzLjYxOTE0MzIxNTY3NTA1MiEzZDQ3LjY4NTY2NDI5MDUwNTkxITJtMyExZjAhMmYwITNmMCEzbTIhMWkxMDI0ITJpNzY4ITRmMTMuMSEzbTMhMW0yITFzMHg0NzcxNGM5MzUwNDcyYzdkJTNBMHg1NTZmZmYzOWY1YmM4YjNkITJzUEtTK0JST05aRSstK0ZhLitKb2hhbm5lcytTdGFkbGVyITVlMCEzbTIhMXNkZSEyc2F0ITR2MTU2MDQxNDYwODYxNyE1bTIhMXNkZSEyc2F0IiBhbGxvd2Z1bGxzY3JlZW49ImFsbG93ZnVsbHNjcmVlbiIgd2lkdGg9IjYwMCIgaGVpZ2h0PSI0NTAiIGZyYW1lYm9yZGVyPSIwIj48L2lmcmFtZT4=\">\n<div class=\"brlbs-cmpnt-cb-preset-a\">\n<p class=\"brlbs-cmpnt-cb-description\">Sie sehen gerade einen Platzhalterinhalt von <strong>Standard<\/strong>. Um auf den eigentlichen Inhalt zuzugreifen, klicken Sie auf den Button unten. Bitte beachten Sie, dass dabei Daten an Drittanbieter weitergegeben werden.<\/p>\n<div class=\"brlbs-cmpnt-cb-buttons\"> <a class=\"brlbs-cmpnt-cb-btn\" href=\"#\" data-borlabs-cookie-unblock role=\"button\">Inhalt entsperren<\/a> <a class=\"brlbs-cmpnt-cb-btn\" href=\"#\" data-borlabs-cookie-accept-service role=\"button\" style=\"display: none\">Erforderlichen Service akzeptieren und Inhalte entsperren<\/a> <\/div>\n<p> <a class=\"brlbs-cmpnt-cb-provider-toggle\" href=\"#\" data-borlabs-cookie-show-provider-information role=\"button\">Weitere Informationen<\/a> <\/div>\n<\/div>\n","protected":false},"excerpt":{"rendered":"<p>VISITA AL ALMAC\u00c9N DE EXPEDICIONES Te invitamos a visitarnos en nuestro almac\u00e9n de expediciones, preferiblemente por la ma\u00f1ana. El almac\u00e9n de expediciones est\u00e1 en el mismo edificio que la administraci\u00f3n de la herencia de Viktor y Walter Schauberger. Llama con antelaci\u00f3n, pues no siempre estamos en el almac\u00e9n durante el horario laboral normal: NUEVO Tel.: [&hellip;]<\/p>\n","protected":false},"author":820,"featured_media":0,"parent":3081,"menu_order":0,"comment_status":"closed","ping_status":"closed","template":"","meta":{"footnotes":""},"class_list":["post-2603","page","type-page","status-publish","hentry"],"_links":{"self":[{"href":"https:\/\/kupferspuren.at\/es\/wp-json\/wp\/v2\/pages\/2603","targetHints":{"allow":["GET"]}}],"collection":[{"href":"https:\/\/kupferspuren.at\/es\/wp-json\/wp\/v2\/pages"}],"about":[{"href":"https:\/\/kupferspuren.at\/es\/wp-json\/wp\/v2\/types\/page"}],"author":[{"embeddable":true,"href":"https:\/\/kupferspuren.at\/es\/wp-json\/wp\/v2\/users\/820"}],"replies":[{"embeddable":true,"href":"https:\/\/kupferspuren.at\/es\/wp-json\/wp\/v2\/comments?post=2603"}],"version-history":[{"count":0,"href":"https:\/\/kupferspuren.at\/es\/wp-json\/wp\/v2\/pages\/2603\/revisions"}],"up":[{"embeddable":true,"href":"https:\/\/kupferspuren.at\/es\/wp-json\/wp\/v2\/pages\/3081"}],"wp:attachment":[{"href":"https:\/\/kupferspuren.at\/es\/wp-json\/wp\/v2\/media?parent=2603"}],"curies":[{"name":"wp","href":"https:\/\/api.w.org\/{rel}","templated":true}]}}