{"id":2714,"date":"2017-11-15T18:50:58","date_gmt":"2017-11-15T17:50:58","guid":{"rendered":"http:\/\/pksbronze.at\/informationen\/kontakt\/"},"modified":"2025-08-29T09:33:35","modified_gmt":"2025-08-29T07:33:35","slug":"contacto","status":"publish","type":"page","link":"https:\/\/kupferspuren.at\/es\/contacto\/","title":{"rendered":"P\u00f3ngase en contacto con nosotros"},"content":{"rendered":"<p>Producci\u00f3n y distribuci\u00f3n general de herramientas de jard\u00edn PKS BRONZE de aleaci\u00f3n s\u00f3lida de cobre<\/p>\n<p>Empresa: PKS Bronze GmbH<\/p>\n<ul>\n<li>Direcci\u00f3n:<br \/>\nPKS Bronze GmbH<br \/>\nSchneiderwirtstra\u00dfe 4<br \/>\nA 4820 Bad Ischl<\/li>\n<li>Tel\u00e9fono: 0043 677 631 482 77<\/li>\n<li>Correo electr\u00f3nico: <a href=\"mailto:office@kupferspuren.at\">office@kupferspuren.at<\/a><\/li>\n<\/ul>\n","protected":false},"excerpt":{"rendered":"<p>Producci\u00f3n y distribuci\u00f3n general de herramientas de jard\u00edn PKS BRONZE de aleaci\u00f3n s\u00f3lida de cobre Empresa: PKS Bronze GmbH Direcci\u00f3n: PKS Bronze GmbH Schneiderwirtstra\u00dfe 4 A 4820 Bad Ischl Tel\u00e9fono: 0043 677 631 482 77 Correo electr\u00f3nico: office@kupferspuren.at<\/p>\n","protected":false},"author":820,"featured_media":0,"parent":0,"menu_order":0,"comment_status":"closed","ping_status":"closed","template":"","meta":{"footnotes":""},"class_list":["post-2714","page","type-page","status-publish","hentry"],"_links":{"self":[{"href":"https:\/\/kupferspuren.at\/es\/wp-json\/wp\/v2\/pages\/2714","targetHints":{"allow":["GET"]}}],"collection":[{"href":"https:\/\/kupferspuren.at\/es\/wp-json\/wp\/v2\/pages"}],"about":[{"href":"https:\/\/kupferspuren.at\/es\/wp-json\/wp\/v2\/types\/page"}],"author":[{"embeddable":true,"href":"https:\/\/kupferspuren.at\/es\/wp-json\/wp\/v2\/users\/820"}],"replies":[{"embeddable":true,"href":"https:\/\/kupferspuren.at\/es\/wp-json\/wp\/v2\/comments?post=2714"}],"version-history":[{"count":0,"href":"https:\/\/kupferspuren.at\/es\/wp-json\/wp\/v2\/pages\/2714\/revisions"}],"wp:attachment":[{"href":"https:\/\/kupferspuren.at\/es\/wp-json\/wp\/v2\/media?parent=2714"}],"curies":[{"name":"wp","href":"https:\/\/api.w.org\/{rel}","templated":true}]}}