{"id":3081,"date":"2017-11-23T10:23:19","date_gmt":"2017-11-23T09:23:19","guid":{"rendered":"http:\/\/pksbronze.at\/schweiz-niederlande-england\/"},"modified":"2025-08-28T14:43:15","modified_gmt":"2025-08-28T12:43:15","slug":"schweiz-niederlande-england","status":"publish","type":"page","link":"https:\/\/kupferspuren.at\/es\/schweiz-niederlande-england\/","title":{"rendered":"Informaci\u00f3n de la tienda"},"content":{"rendered":"<ul>\n<li><strong>Todos los productos<\/strong> que puedes encargarnos <strong>est\u00e1n en stock<\/strong> y pueden enviarse <strong>INMEDIATAMENTE<\/strong><strong> tras el pago<\/strong>.<br \/>\nTodas las herramientas <img loading=\"lazy\" decoding=\"async\" class=\"size-full wp-image-21370 alignnone\" src=\"https:\/\/kupferspuren.at\/wp-content\/uploads\/2023\/08\/nicht-vorraetig.jpg\" alt=\"\" width=\"120\" height=\"29\">tampoco est\u00e1n disponibles para pedidos. El tiempo de espera suele ser de unos 14 d\u00edas. <\/li>\n<li><strong>PLAZO DE ENTREGA<\/strong> entre 1 y 3 d\u00edas laborables. Se te notificar\u00e1 el estado del env\u00edo por correo electr\u00f3nico.<br \/>\n<strong>ENTREGA<\/strong> mediante DPD y UPS. Se requiere un recibo, tenlo en cuenta al introducir la direcci\u00f3n de entrega. <\/li>\n<\/ul>\n<ul>\n<li><strong>\u00bfProblemas en la tienda online?<\/strong><br \/>\nS\u00f3lo tienes que enviarnos un correo electr\u00f3nico con tus requisitos: <a href=\"mailto:office@kupferspuren.at\">office(a)kupferspuren.at<\/a><br \/>\nEspecifica la direcci\u00f3n de facturaci\u00f3n o de entrega y el n\u00famero de tel\u00e9fono. Te enviaremos una confirmaci\u00f3n del pedido con la factura y los datos de pago por correo electr\u00f3nico. <\/li>\n<\/ul>\n<ul>\n<li><strong>\u00bfPrefieres comprar directamente?<\/strong><br \/>\nEste enlace te llevar\u00e1 a todos nuestros <strong><strong>&gt;<a href=\"https:\/\/kupferspuren.at\/es\/socio-de-ventas\/austria\/\">distribuidores en Austria<\/a><\/strong><\/strong><\/li>\n<li><strong><strong>RECOGIDA <\/strong><\/strong>en nuestro almac\u00e9n s\u00f3lo es posible si las herramientas se han pedido y pagado en la tienda. Los gastos de env\u00edo no se cargar\u00e1n si especificas: \u00abRecogida\u00bb<br \/>\nNormalmente estamos en el almac\u00e9n de env\u00edos, MO-FR, de 8h a 14h. Llama al: 0043 677 6314 8277<br \/>\n\u00a1Nuestra sede est\u00e1 en la Schneiderwirtsstra\u00dfe 4 desde 2022!  <\/li>\n<\/ul>\n<ul>\n<li><strong>\u00bfQuieres comprar desde Suiza?<br \/>\n<\/strong>Con una direcci\u00f3n de facturaci\u00f3n <strong>o<\/strong> de entrega en <strong>Suiza<\/strong>, s\u00f3lo puedes comprar a nuestros <strong>&gt;<a href=\"https:\/\/kupferspuren.at\/es\/socio-de-ventas\/schweiz\/\">socios comerciales suizos<\/a><\/strong> para realizar compras.<\/li>\n<li><strong>\u00bfQuieres comprar en los Pa\u00edses Bajos o en Gran Breta\u00f1a?<br \/>\n<\/strong>Ponte en contacto con nuestros socios de ventas:<br \/>\n<a href=\"https:\/\/kupferspuren.at\/es\/socio-de-ventas\/paises-bajos\/\" target=\"_blank\" rel=\"noopener noreferrer\">Socio de ventas PA\u00cdSES BAJOS\/Holanda<br \/>\n<\/a><a href=\"https:\/\/kupferspuren.at\/es\/socio-de-ventas\/inglaterra\/\">Socio de ventas INGLATERRA<\/a><a href=\"http:\/\/pksbronze.at\/vertriebspartner\/niederlande\/\"><br \/>\n<\/a><a href=\"https:\/\/kupferspuren.at\/es\/socio-de-ventas\/irlanda\/\" target=\"_blank\" rel=\"noopener\">Distribuidor IRLANDA<\/a><\/li>\n<\/ul>\n<ul>\n<li><strong>ENV\u00cdO GRATUITO para pedidos superiores a 300 \u20ac (en Alemania y Austria)<\/strong><\/li>\n<\/ul>\n<h1><\/h1>\n<p>Tambi\u00e9n estaremos encantados de enviarte nuestro folleto gratuito.  <a href=\"https:\/\/kupferspuren.at\/es\/contacto\/\">P\u00f3ngase en contacto con nosotros<\/a><\/p>\n<hr>\n<h2><a href=\"https:\/\/kupferspuren.at\/es\/informacion\/garantia\/\">GARANT\u00cdA<\/a><\/h2>\n<p><strong>Concedemos una garant\u00eda de 10 a\u00f1os en todas las piezas met\u00e1licas.<\/strong>  Esto no se aplica al desgaste.<\/p>\n<hr>\n","protected":false},"excerpt":{"rendered":"<p>Todos los productos que puedes encargarnos est\u00e1n en stock y pueden enviarse INMEDIATAMENTE tras el pago. Todas las herramientas tampoco est\u00e1n disponibles para pedidos. El tiempo de espera suele ser de unos 14 d\u00edas. PLAZO DE ENTREGA entre 1 y 3 d\u00edas laborables. Se te notificar\u00e1 el estado del env\u00edo por correo electr\u00f3nico. ENTREGA mediante [&hellip;]<\/p>\n","protected":false},"author":820,"featured_media":0,"parent":0,"menu_order":0,"comment_status":"closed","ping_status":"closed","template":"","meta":{"footnotes":""},"class_list":["post-3081","page","type-page","status-publish","hentry"],"_links":{"self":[{"href":"https:\/\/kupferspuren.at\/es\/wp-json\/wp\/v2\/pages\/3081","targetHints":{"allow":["GET"]}}],"collection":[{"href":"https:\/\/kupferspuren.at\/es\/wp-json\/wp\/v2\/pages"}],"about":[{"href":"https:\/\/kupferspuren.at\/es\/wp-json\/wp\/v2\/types\/page"}],"author":[{"embeddable":true,"href":"https:\/\/kupferspuren.at\/es\/wp-json\/wp\/v2\/users\/820"}],"replies":[{"embeddable":true,"href":"https:\/\/kupferspuren.at\/es\/wp-json\/wp\/v2\/comments?post=3081"}],"version-history":[{"count":0,"href":"https:\/\/kupferspuren.at\/es\/wp-json\/wp\/v2\/pages\/3081\/revisions"}],"wp:attachment":[{"href":"https:\/\/kupferspuren.at\/es\/wp-json\/wp\/v2\/media?parent=3081"}],"curies":[{"name":"wp","href":"https:\/\/api.w.org\/{rel}","templated":true}]}}