{"id":3626,"date":"2018-01-16T11:36:37","date_gmt":"2018-01-16T10:36:37","guid":{"rendered":"http:\/\/pksbronze.at\/?page_id=3626"},"modified":"2025-08-29T09:30:30","modified_gmt":"2025-08-29T07:30:30","slug":"right-of-withdrawal","status":"publish","type":"page","link":"https:\/\/kupferspuren.at\/es\/agb\/right-of-withdrawal\/","title":{"rendered":"Pol\u00edtica de cancelaci\u00f3n"},"content":{"rendered":"<p><span lang=\"de-AT\"><b>Derecho de cancelaci\u00f3n del cliente<br \/>\n<\/b><\/span><\/p>\n<p><span lang=\"de-AT\">Tienes derecho a rescindir este contrato en un plazo de catorce d\u00edas sin indicar motivo alguno.<\/span><\/p>\n<p>Los gastos de env\u00edo de la devoluci\u00f3n correr\u00e1n por tu cuenta. Te reembolsaremos el importe de la factura pagada inmediatamente despu\u00e9s de recibir la mercanc\u00eda devuelta. <\/p>\n<p>No existe derecho de cancelaci\u00f3n en los siguientes casos &#8211; para la entrega de mercanc\u00edas fabricadas seg\u00fan las especificaciones del cliente o claramente personalizadas seg\u00fan los requisitos personales del cliente o que no sean aptas para la devoluci\u00f3n debido a su naturaleza;<\/p>\n<p><span lang=\"de-AT\"><b>Derecho de cancelaci\u00f3n de la empresa PKS Bronze GmbH<br \/>\n<\/b><\/span><\/p>\n<p><span lang=\"de-AT\"><span id=\"result_box\" class=\"\" lang=\"de\"><span class=\"\">En caso de dificultades de producci\u00f3n imprevisibles, tenemos derecho a rescindir el contrato y devolverte el importe de la factura.<\/span><\/span><\/span><\/p>\n<p>Si los paquetes no pueden ser aceptados por los clientes y, por tanto, nos son devueltos, la empresa Johannes Stadler puede  <span lang=\"de-AT\">Anular\/cancelar el contrato. El importe de la factura pagado se reembolsar\u00e1 inmediatamente despu\u00e9s de la llegada del paquete, menos los gastos de env\u00edo. <\/span><\/p>\n","protected":false},"excerpt":{"rendered":"<p>Derecho de cancelaci\u00f3n del cliente Tienes derecho a rescindir este contrato en un plazo de catorce d\u00edas sin indicar motivo alguno. Los gastos de env\u00edo de la devoluci\u00f3n correr\u00e1n por tu cuenta. Te reembolsaremos el importe de la factura pagada inmediatamente despu\u00e9s de recibir la mercanc\u00eda devuelta. No existe derecho de cancelaci\u00f3n en los siguientes [&hellip;]<\/p>\n","protected":false},"author":820,"featured_media":0,"parent":1615,"menu_order":0,"comment_status":"closed","ping_status":"closed","template":"","meta":{"footnotes":""},"class_list":["post-3626","page","type-page","status-publish","hentry"],"_links":{"self":[{"href":"https:\/\/kupferspuren.at\/es\/wp-json\/wp\/v2\/pages\/3626","targetHints":{"allow":["GET"]}}],"collection":[{"href":"https:\/\/kupferspuren.at\/es\/wp-json\/wp\/v2\/pages"}],"about":[{"href":"https:\/\/kupferspuren.at\/es\/wp-json\/wp\/v2\/types\/page"}],"author":[{"embeddable":true,"href":"https:\/\/kupferspuren.at\/es\/wp-json\/wp\/v2\/users\/820"}],"replies":[{"embeddable":true,"href":"https:\/\/kupferspuren.at\/es\/wp-json\/wp\/v2\/comments?post=3626"}],"version-history":[{"count":0,"href":"https:\/\/kupferspuren.at\/es\/wp-json\/wp\/v2\/pages\/3626\/revisions"}],"up":[{"embeddable":true,"href":"https:\/\/kupferspuren.at\/es\/wp-json\/wp\/v2\/pages\/1615"}],"wp:attachment":[{"href":"https:\/\/kupferspuren.at\/es\/wp-json\/wp\/v2\/media?parent=3626"}],"curies":[{"name":"wp","href":"https:\/\/api.w.org\/{rel}","templated":true}]}}