{"id":10410,"date":"2017-09-29T10:09:14","date_gmt":"2017-09-29T08:09:14","guid":{"rendered":"https:\/\/kupferspuren.at\/?post_type=product&#038;p=10410"},"modified":"2025-09-28T19:47:11","modified_gmt":"2025-09-28T17:47:11","slug":"pala-pequena-puntiagudo-carina","status":"publish","type":"product","link":"https:\/\/kupferspuren.at\/es\/produkt\/pala-pequena-puntiagudo-carina\/","title":{"rendered":"Pala peque\u00f1a puntiaguda CARINA"},"content":{"rendered":"<p><img loading=\"lazy\" decoding=\"async\" class=\"alignnone wp-image-242 size-full\" src=\"https:\/\/kupferspuren.at\/wp-content\/uploads\/2017\/09\/Bronzespaten.jpg\" alt=\"Pala puntiaguda\" width=\"600\" height=\"655\" srcset=\"https:\/\/kupferspuren.at\/wp-content\/uploads\/2017\/09\/Bronzespaten.jpg 600w, https:\/\/kupferspuren.at\/wp-content\/uploads\/2017\/09\/Bronzespaten-300x328.jpg 300w, https:\/\/kupferspuren.at\/wp-content\/uploads\/2017\/09\/Bronzespaten-416x454.jpg 416w, https:\/\/kupferspuren.at\/wp-content\/uploads\/2017\/09\/Bronzespaten-137x150.jpg 137w, https:\/\/kupferspuren.at\/wp-content\/uploads\/2017\/09\/Bronzespaten-275x300.jpg 275w, https:\/\/kupferspuren.at\/wp-content\/uploads\/2017\/09\/Bronzespaten-324x354.jpg 324w\" sizes=\"auto, (max-width: 600px) 100vw, 600px\" \/><\/p>\n<p><img loading=\"lazy\" decoding=\"async\" class=\"alignnone wp-image-243 size-full\" src=\"https:\/\/kupferspuren.at\/wp-content\/uploads\/2017\/09\/Kupferspaten-carina.jpg\" alt=\"PKS pala puntiaguda\" width=\"600\" height=\"78\" srcset=\"https:\/\/kupferspuren.at\/wp-content\/uploads\/2017\/09\/Kupferspaten-carina.jpg 600w, https:\/\/kupferspuren.at\/wp-content\/uploads\/2017\/09\/Kupferspaten-carina-300x39.jpg 300w, https:\/\/kupferspuren.at\/wp-content\/uploads\/2017\/09\/Kupferspaten-carina-416x54.jpg 416w, https:\/\/kupferspuren.at\/wp-content\/uploads\/2017\/09\/Kupferspaten-carina-150x20.jpg 150w, https:\/\/kupferspuren.at\/wp-content\/uploads\/2017\/09\/Kupferspaten-carina-324x42.jpg 324w\" sizes=\"auto, (max-width: 600px) 100vw, 600px\" \/><\/p>\n<h1>Ventajas<\/h1>\n<ul>\n<li><b>No<\/b> necesita <b>mantenimiento<\/b>.<\/li>\n<li><b>No hay formaci\u00f3n de \u00f3xido <\/b>(\u00a1tampoco <a href=\"https:\/\/kupferspuren.at\/es\/informacion\/cobre\/patina-o-cardenillo\/\">verd\u00edn! \u00bfves verd\u00edn o p\u00e1tina<\/a>? ).<\/li>\n<li>Se pueden volver a afilar o biselar.<\/li>\n<li>Tienen <b>una vida \u00fatil<\/b> incomparablemente <b>m\u00e1s larga<\/b> que los aparatos de hierro.<\/li>\n<li>Trabajar con herramientas de jard\u00edn de cobre es <b>m\u00e1s eficiente desde el punto de vista energ\u00e9tico<\/b> gracias a las propiedades del material.<\/li>\n<li><b>No<\/b> se carga <b>magn\u00e9ticamente<\/b>. El campo de tensi\u00f3n natural de nuestro medio de cultivo apenas se ve alterado por la intervenci\u00f3n con herramientas de jard\u00edn de cobre. Esto mejora el equilibrio h\u00eddrico del suelo y el comportamiento de los caracoles (ver: <a href=\"https:\/\/kupferspuren.at\/es\/informacion\/cobre\/efecto\/jane-cobbald-wie-ich-schnecken-schaetzen-lernte\/\">Jane Cobbald<\/a>).  <\/li>\n<li>A trav\u00e9s de los experimentos del cient\u00edfico natural <a href=\"http:\/\/www.pks.or.at\" target=\"_blank\" rel=\"noopener noreferrer\"><b>Viktor Schauberger<\/b><\/a> en la d\u00e9cada de 1950, se pudo demostrar la mejora del suelo y el fomento del crecimiento asociado.<\/li>\n<li>La abrasi\u00f3n introduce en el suelo <b>oligoelementos de cobre<\/b>, que desempe\u00f1an un papel esencial en los procesos enzim\u00e1ticos: ver <a href=\"https:\/\/kupferspuren.at\/es\/informacion\/cobre\/el-cobre-y-el-crecimiento\/\">\u00abEl cobre y el crecimiento\u00bb<\/a><\/li>\n<li><b>M\u00e1s de 20 a\u00f1os de experiencia<\/b> en la producci\u00f3n.<br \/>\nLos jardineros entusiastas <b>confirman nuestra calidad.<\/b><\/li>\n<\/ul>\n<p>&nbsp;<\/p>\n<div id=\"fb-root\"><\/div>\n<p><script async=\"\" defer crossorigin=\"anonymous\" src=\"https:\/\/connect.facebook.net\/de_DE\/sdk.js#xfbml=1&amp;version=v9.0\" nonce=\"KfCvV1IT\"><\/script><\/p>\n<div class=\"fb-post\" data-href=\"https:\/\/www.facebook.com\/www.implementations.co.uk\/posts\/10164172611315627\" data-show-text=\"true\" data-width=\"\">\n<blockquote class=\"fb-xfbml-parse-ignore\" cite=\"https:\/\/www.facebook.com\/www.implementations.co.uk\/posts\/10164172611315627\"><p>Del n\u00famero de noviembre de 2020 de la revista Country Living.<br \/>\nhttps:\/\/www.implementations.co.uk\/shop\/carina-mini-spade\/<\/p>\n<p>Publicado por <a href=\"https:\/\/www.facebook.com\/www.implementations.co.uk\/\">Implementations Bronze Garden Tools<\/a> el <a href=\"https:\/\/www.facebook.com\/www.implementations.co.uk\/posts\/10164172611315627\">S\u00e1bado, 3 de Octubre de 2020<\/a><\/p><\/blockquote>\n<\/div>\n","protected":false},"excerpt":{"rendered":"<p>Para dividir arbustos peque\u00f1os. Tambi\u00e9n es adecuada para arriates elevados y en zonas donde no se puede utilizar una herramienta grande.<br \/>\nAleaci\u00f3n de cobre <strong>macizo<\/strong> pulido, mango de madera de fresno sin tratar.<br \/>\n65 cm \/ 13 cm \/ 650 g <\/p>\n","protected":false},"featured_media":26833,"comment_status":"open","ping_status":"closed","template":"","meta":[],"product_brand":[],"product_cat":[176,180],"product_tag":[],"class_list":{"0":"post-10410","1":"product","2":"type-product","3":"status-publish","4":"has-post-thumbnail","6":"product_cat-grandes-herramientas-de-cobre-es","7":"product_cat-pala-y-excavacion-es","9":"first","10":"instock","11":"taxable","12":"shipping-taxable","13":"purchasable","14":"product-type-simple"},"_links":{"self":[{"href":"https:\/\/kupferspuren.at\/es\/wp-json\/wp\/v2\/product\/10410","targetHints":{"allow":["GET"]}}],"collection":[{"href":"https:\/\/kupferspuren.at\/es\/wp-json\/wp\/v2\/product"}],"about":[{"href":"https:\/\/kupferspuren.at\/es\/wp-json\/wp\/v2\/types\/product"}],"replies":[{"embeddable":true,"href":"https:\/\/kupferspuren.at\/es\/wp-json\/wp\/v2\/comments?post=10410"}],"wp:featuredmedia":[{"embeddable":true,"href":"https:\/\/kupferspuren.at\/es\/wp-json\/wp\/v2\/media\/26833"}],"wp:attachment":[{"href":"https:\/\/kupferspuren.at\/es\/wp-json\/wp\/v2\/media?parent=10410"}],"wp:term":[{"taxonomy":"product_brand","embeddable":true,"href":"https:\/\/kupferspuren.at\/es\/wp-json\/wp\/v2\/product_brand?post=10410"},{"taxonomy":"product_cat","embeddable":true,"href":"https:\/\/kupferspuren.at\/es\/wp-json\/wp\/v2\/product_cat?post=10410"},{"taxonomy":"product_tag","embeddable":true,"href":"https:\/\/kupferspuren.at\/es\/wp-json\/wp\/v2\/product_tag?post=10410"}],"curies":[{"name":"wp","href":"https:\/\/api.w.org\/{rel}","templated":true}]}}