{"id":16003,"date":"2019-05-13T08:41:49","date_gmt":"2019-05-13T06:41:49","guid":{"rendered":"https:\/\/kupferspuren.at\/produkt\/gartenpickel-atlas\/"},"modified":"2025-08-28T14:46:39","modified_gmt":"2025-08-28T12:46:39","slug":"gartenpickel-atlas","status":"publish","type":"product","link":"https:\/\/kupferspuren.at\/es\/produkt\/gartenpickel-atlas\/","title":{"rendered":"Recogida en el jard\u00edn ATLAS"},"content":{"rendered":"<p>Material: Bronce de aluminio de 8 mm de grosor<br \/>\nPeso: 1,9 kg<\/p>\n<p>Tambi\u00e9n llamados calambres.<\/p>\n<p><img loading=\"lazy\" decoding=\"async\" class=\"alignnone wp-image-9475 size-full\" src=\"https:\/\/kupferspuren.at\/wp-content\/uploads\/2019\/05\/Atlas-Pick.jpg\" alt=\"\" width=\"700\" height=\"700\" srcset=\"https:\/\/kupferspuren.at\/wp-content\/uploads\/2019\/05\/Atlas-Pick.jpg 700w, https:\/\/kupferspuren.at\/wp-content\/uploads\/2019\/05\/Atlas-Pick-300x300.jpg 300w, https:\/\/kupferspuren.at\/wp-content\/uploads\/2019\/05\/Atlas-Pick-100x100.jpg 100w, https:\/\/kupferspuren.at\/wp-content\/uploads\/2019\/05\/Atlas-Pick-600x600.jpg 600w, https:\/\/kupferspuren.at\/wp-content\/uploads\/2019\/05\/Atlas-Pick-150x150.jpg 150w, https:\/\/kupferspuren.at\/wp-content\/uploads\/2019\/05\/Atlas-Pick-324x324.jpg 324w, https:\/\/kupferspuren.at\/wp-content\/uploads\/2019\/05\/Atlas-Pick-416x416.jpg 416w\" sizes=\"auto, (max-width: 700px) 100vw, 700px\" \/><\/p>\n<p><a href=\"https:\/\/kupferspuren.at\/es\/produkt\/eschenholz-stiel-unbehandelt\/\"><span style=\"color: #808000;\">&gt;SUSTITUYE<\/span><\/a><\/p>\n<h1>Ventajas<\/h1>\n<ul>\n<li><b>No<\/b> necesita <b>mantenimiento<\/b>.<\/li>\n<li><b>No hay formaci\u00f3n de \u00f3xido <\/b>(\u00a1tampoco <a href=\"https:\/\/kupferspuren.at\/es\/informacion\/cobre\/patina-o-cardenillo\/\">verd\u00edn! \u00bfves verd\u00edn o p\u00e1tina<\/a>? ).<\/li>\n<li>Se pueden volver a afilar o biselar.<\/li>\n<li>Tienen <b>una vida \u00fatil<\/b> incomparablemente <b>m\u00e1s larga<\/b> que los aparatos de hierro.<\/li>\n<li>Trabajar con herramientas de jard\u00edn de cobre es <b>m\u00e1s eficiente desde el punto de vista energ\u00e9tico<\/b> gracias a las propiedades del material.<\/li>\n<li><b>No<\/b> se carga <b>magn\u00e9ticamente<\/b>. El campo de tensi\u00f3n natural de nuestro medio de cultivo apenas se ve alterado por la intervenci\u00f3n con herramientas de jard\u00edn de cobre. Esto mejora el equilibrio h\u00eddrico del suelo y el comportamiento de los caracoles (ver: <a href=\"https:\/\/kupferspuren.at\/es\/informacion\/cobre\/efecto\/jane-cobbald-wie-ich-schnecken-schaetzen-lernte\/\">Jane Cobbald<\/a>).  <\/li>\n<li>A trav\u00e9s de los experimentos del cient\u00edfico natural <a href=\"http:\/\/www.pks.or.at\" target=\"_blank\" rel=\"noopener noreferrer\"><b>Viktor Schauberger<\/b><\/a> en la d\u00e9cada de 1950, se pudo demostrar la mejora del suelo y el fomento del crecimiento asociado.<\/li>\n<li>La abrasi\u00f3n introduce en el suelo <b>oligoelementos de cobre<\/b>, que desempe\u00f1an un papel esencial en los procesos enzim\u00e1ticos: ver <a href=\"https:\/\/kupferspuren.at\/es\/informacion\/cobre\/el-cobre-y-el-crecimiento\/\">\u00abEl cobre y el crecimiento\u00bb<\/a><\/li>\n<li><b>M\u00e1s de 20 a\u00f1os de experiencia<\/b> en la producci\u00f3n.<br \/>\nLos jardineros entusiastas <b>confirman nuestra calidad.<\/b><\/li>\n<\/ul>\n<p>&nbsp;<\/p>\n","protected":false},"excerpt":{"rendered":"<p>Para trabajar en suelos duros.<br \/>\nAleaci\u00f3n de cobre<strong>macizo<\/strong>, mango ergon\u00f3mico de madera de fresno sin tratar. 127 cm \/ 27 cm \/ 4-9 cm \/ 1,9 kg <\/p>\n","protected":false},"featured_media":27004,"comment_status":"open","ping_status":"closed","template":"","meta":[],"product_brand":[],"product_cat":[176],"product_tag":[262,521,522],"class_list":{"0":"post-16003","1":"product","2":"type-product","3":"status-publish","4":"has-post-thumbnail","6":"product_cat-grandes-herramientas-de-cobre-es","7":"product_tag-bronce-es","8":"product_tag-krampen-es","9":"product_tag-pickel-es","11":"first","12":"instock","13":"taxable","14":"shipping-taxable","15":"purchasable","16":"product-type-simple"},"_links":{"self":[{"href":"https:\/\/kupferspuren.at\/es\/wp-json\/wp\/v2\/product\/16003","targetHints":{"allow":["GET"]}}],"collection":[{"href":"https:\/\/kupferspuren.at\/es\/wp-json\/wp\/v2\/product"}],"about":[{"href":"https:\/\/kupferspuren.at\/es\/wp-json\/wp\/v2\/types\/product"}],"replies":[{"embeddable":true,"href":"https:\/\/kupferspuren.at\/es\/wp-json\/wp\/v2\/comments?post=16003"}],"wp:featuredmedia":[{"embeddable":true,"href":"https:\/\/kupferspuren.at\/es\/wp-json\/wp\/v2\/media\/27004"}],"wp:attachment":[{"href":"https:\/\/kupferspuren.at\/es\/wp-json\/wp\/v2\/media?parent=16003"}],"wp:term":[{"taxonomy":"product_brand","embeddable":true,"href":"https:\/\/kupferspuren.at\/es\/wp-json\/wp\/v2\/product_brand?post=16003"},{"taxonomy":"product_cat","embeddable":true,"href":"https:\/\/kupferspuren.at\/es\/wp-json\/wp\/v2\/product_cat?post=16003"},{"taxonomy":"product_tag","embeddable":true,"href":"https:\/\/kupferspuren.at\/es\/wp-json\/wp\/v2\/product_tag?post=16003"}],"curies":[{"name":"wp","href":"https:\/\/api.w.org\/{rel}","templated":true}]}}