{"id":1774,"date":"2017-09-29T15:06:53","date_gmt":"2017-09-29T13:06:53","guid":{"rendered":"http:\/\/pksbronze.at\/produkt\/buchenholz-stiel\/"},"modified":"2025-08-28T14:46:49","modified_gmt":"2025-08-28T12:46:49","slug":"buchenholz-stiel","status":"publish","type":"product","link":"https:\/\/kupferspuren.at\/es\/produkt\/buchenholz-stiel\/","title":{"rendered":"Empu\u00f1adura de recambio Picar peque\u00f1o, etc."},"content":{"rendered":"<p>aprox. 3 cm \u00d8 en el centro<\/p>\n","protected":false},"excerpt":{"rendered":"<p>MADERA DE HAYA ACEITADA<\/p>\n<p><strong>Mango para el n\u00ba 040, azada peque\u00f1a <a href=\"https:\/\/kupferspuren.at\/es\/produkt\/azadilla-doble-dos-puntas-phoenix\/\">\u00abPHOENIX\u00bb<\/a> y<br \/>\nMango para el n\u00ba 050, azada peque\u00f1a <a href=\"https:\/\/kupferspuren.at\/es\/produkt\/azadilla-una-punta-polux\/\">\u00abPOLLUX\u00bb <\/a><br \/>\nMango para el n\u00ba 115, rastrillo peque\u00f1o <a href=\"https:\/\/kupferspuren.at\/es\/produkt\/kupferrechen-atik\/\">\u00abATIK <\/a><\/strong>\u00ab<strong><br \/>\n<\/strong> <\/p>\n","protected":false},"featured_media":1775,"comment_status":"closed","ping_status":"closed","template":"","meta":[],"product_brand":[],"product_cat":[165],"product_tag":[],"class_list":{"0":"post-1774","1":"product","2":"type-product","3":"status-publish","4":"has-post-thumbnail","6":"product_cat-mangos-de-repuesto-y-otros-es","8":"first","9":"instock","10":"taxable","11":"shipping-taxable","12":"purchasable","13":"product-type-simple"},"_links":{"self":[{"href":"https:\/\/kupferspuren.at\/es\/wp-json\/wp\/v2\/product\/1774","targetHints":{"allow":["GET"]}}],"collection":[{"href":"https:\/\/kupferspuren.at\/es\/wp-json\/wp\/v2\/product"}],"about":[{"href":"https:\/\/kupferspuren.at\/es\/wp-json\/wp\/v2\/types\/product"}],"replies":[{"embeddable":true,"href":"https:\/\/kupferspuren.at\/es\/wp-json\/wp\/v2\/comments?post=1774"}],"wp:featuredmedia":[{"embeddable":true,"href":"https:\/\/kupferspuren.at\/es\/wp-json\/wp\/v2\/media\/1775"}],"wp:attachment":[{"href":"https:\/\/kupferspuren.at\/es\/wp-json\/wp\/v2\/media?parent=1774"}],"wp:term":[{"taxonomy":"product_brand","embeddable":true,"href":"https:\/\/kupferspuren.at\/es\/wp-json\/wp\/v2\/product_brand?post=1774"},{"taxonomy":"product_cat","embeddable":true,"href":"https:\/\/kupferspuren.at\/es\/wp-json\/wp\/v2\/product_cat?post=1774"},{"taxonomy":"product_tag","embeddable":true,"href":"https:\/\/kupferspuren.at\/es\/wp-json\/wp\/v2\/product_tag?post=1774"}],"curies":[{"name":"wp","href":"https:\/\/api.w.org\/{rel}","templated":true}]}}