{"id":1811,"date":"2017-09-26T09:46:32","date_gmt":"2017-09-26T07:46:32","guid":{"rendered":"http:\/\/pksbronze.at\/produkt\/handschaufel-musca\/"},"modified":"2025-08-28T14:39:04","modified_gmt":"2025-08-28T12:39:04","slug":"pala-de-cobre-musca","status":"publish","type":"product","link":"https:\/\/kupferspuren.at\/es\/produkt\/pala-de-cobre-musca\/","title":{"rendered":"Pala manual MUSCA"},"content":{"rendered":"<p>F\u00e1cil de palear, excavar y recortar gracias a las excelentes propiedades del material. Especialmente adecuado para terrenos de plantaci\u00f3n firmes <strong>. Masiva<\/strong>  Aleaci\u00f3n de cobre, mango de madera de haya.<\/p>\n<h1>Ventajas<\/h1>\n<ul>\n<li><b>No<\/b> necesita <b>mantenimiento<\/b>.<\/li>\n<li><b>No hay formaci\u00f3n de \u00f3xido <\/b>(\u00a1tampoco <a href=\"https:\/\/kupferspuren.at\/es\/informacion\/cobre\/patina-o-cardenillo\/\">verd\u00edn! \u00bfves verd\u00edn o p\u00e1tina<\/a>? ).<\/li>\n<li>Se pueden volver a afilar o biselar.<\/li>\n<li>Tienen <b>una vida \u00fatil<\/b> incomparablemente <b>m\u00e1s larga<\/b> que los aparatos de hierro.<\/li>\n<li>Trabajar con herramientas de jard\u00edn de cobre es <b>m\u00e1s eficiente desde el punto de vista energ\u00e9tico<\/b> gracias a las propiedades del material.<\/li>\n<li><b>No<\/b> se carga <b>magn\u00e9ticamente<\/b>. El campo de tensi\u00f3n natural de nuestro medio de cultivo apenas se ve alterado por la intervenci\u00f3n con herramientas de jard\u00edn de cobre. Esto mejora el equilibrio h\u00eddrico del suelo y el comportamiento de los caracoles (ver: <a href=\"https:\/\/kupferspuren.at\/es\/informacion\/cobre\/efecto\/jane-cobbald-wie-ich-schnecken-schaetzen-lernte\/\">Jane Cobbald<\/a>).  <\/li>\n<li>A trav\u00e9s de los experimentos del cient\u00edfico natural <a href=\"http:\/\/www.pks.or.at\" target=\"_blank\" rel=\"noopener noreferrer\"><b>Viktor Schauberger<\/b><\/a> en la d\u00e9cada de 1950, se pudo demostrar la mejora del suelo y el fomento del crecimiento asociado.<\/li>\n<li>La abrasi\u00f3n introduce en el suelo <b>oligoelementos de cobre<\/b>, que desempe\u00f1an un papel esencial en los procesos enzim\u00e1ticos: ver <a href=\"https:\/\/kupferspuren.at\/es\/informacion\/cobre\/el-cobre-y-el-crecimiento\/\">\u00abEl cobre y el crecimiento\u00bb<\/a><\/li>\n<li><b>M\u00e1s de 20 a\u00f1os de experiencia<\/b> en la producci\u00f3n.<br \/>\nLos jardineros entusiastas <b>confirman nuestra calidad.<\/b><\/li>\n<\/ul>\n","protected":false},"excerpt":{"rendered":"<p>Esta pala de mano es el compromiso entre la ancha \u00abCastor\u00bb y la elegante pala de mano \u00abMira\u00bb. L 31 cm\/ An 6 cm \/ G 230 g <\/p>\n","protected":false},"featured_media":26267,"comment_status":"open","ping_status":"closed","template":"","meta":[],"product_brand":[],"product_cat":[174],"product_tag":[289,553],"class_list":{"0":"post-1811","1":"product","2":"type-product","3":"status-publish","4":"has-post-thumbnail","6":"product_cat-pequenas-herramientas-de-cobre-es","7":"product_tag-pala-es","8":"product_tag-pala-manual-de-jardin","10":"first","11":"instock","12":"taxable","13":"shipping-taxable","14":"purchasable","15":"product-type-simple"},"_links":{"self":[{"href":"https:\/\/kupferspuren.at\/es\/wp-json\/wp\/v2\/product\/1811","targetHints":{"allow":["GET"]}}],"collection":[{"href":"https:\/\/kupferspuren.at\/es\/wp-json\/wp\/v2\/product"}],"about":[{"href":"https:\/\/kupferspuren.at\/es\/wp-json\/wp\/v2\/types\/product"}],"replies":[{"embeddable":true,"href":"https:\/\/kupferspuren.at\/es\/wp-json\/wp\/v2\/comments?post=1811"}],"wp:featuredmedia":[{"embeddable":true,"href":"https:\/\/kupferspuren.at\/es\/wp-json\/wp\/v2\/media\/26267"}],"wp:attachment":[{"href":"https:\/\/kupferspuren.at\/es\/wp-json\/wp\/v2\/media?parent=1811"}],"wp:term":[{"taxonomy":"product_brand","embeddable":true,"href":"https:\/\/kupferspuren.at\/es\/wp-json\/wp\/v2\/product_brand?post=1811"},{"taxonomy":"product_cat","embeddable":true,"href":"https:\/\/kupferspuren.at\/es\/wp-json\/wp\/v2\/product_cat?post=1811"},{"taxonomy":"product_tag","embeddable":true,"href":"https:\/\/kupferspuren.at\/es\/wp-json\/wp\/v2\/product_tag?post=1811"}],"curies":[{"name":"wp","href":"https:\/\/api.w.org\/{rel}","templated":true}]}}