{"id":1825,"date":"2017-09-28T12:27:19","date_gmt":"2017-09-28T10:27:19","guid":{"rendered":"http:\/\/pksbronze.at\/produkt\/handkralle-lyra\/"},"modified":"2025-08-28T14:41:18","modified_gmt":"2025-08-28T12:41:18","slug":"volteador-lyra","status":"publish","type":"product","link":"https:\/\/kupferspuren.at\/es\/produkt\/volteador-lyra\/","title":{"rendered":"Garra de mano LYRA"},"content":{"rendered":"<div id=\"c318\" class=\"csc-default\">\n<div id=\"c296\" class=\"csc-default\">\n<p><img loading=\"lazy\" decoding=\"async\" class=\"alignnone size-medium wp-image-5754\" src=\"https:\/\/kupferspuren.at\/wp-content\/uploads\/2017\/09\/PKSbronze_Kupferhandkralle_Copperclaw_gaia-Kopie-300x172.jpg\" alt=\"Garra de mano de cobre\" width=\"300\" height=\"172\" srcset=\"https:\/\/kupferspuren.at\/wp-content\/uploads\/2017\/09\/PKSbronze_Kupferhandkralle_Copperclaw_gaia-Kopie-300x172.jpg 300w, https:\/\/kupferspuren.at\/wp-content\/uploads\/2017\/09\/PKSbronze_Kupferhandkralle_Copperclaw_gaia-Kopie-416x239.jpg 416w, https:\/\/kupferspuren.at\/wp-content\/uploads\/2017\/09\/PKSbronze_Kupferhandkralle_Copperclaw_gaia-Kopie-150x86.jpg 150w, https:\/\/kupferspuren.at\/wp-content\/uploads\/2017\/09\/PKSbronze_Kupferhandkralle_Copperclaw_gaia-Kopie-324x186.jpg 324w, https:\/\/kupferspuren.at\/wp-content\/uploads\/2017\/09\/PKSbronze_Kupferhandkralle_Copperclaw_gaia-Kopie.jpg 600w\" sizes=\"auto, (max-width: 300px) 100vw, 300px\" \/><\/p>\n<ul>\n<li><b>No<\/b> necesita <b>mantenimiento<\/b>.<\/li>\n<li><b>No se forma \u00f3xido.<\/b><\/li>\n<li>Se pueden volver a afilar o biselar.<\/li>\n<li>Tienen <b>una vida \u00fatil<\/b> incomparablemente <b>m\u00e1s larga<\/b> que los aparatos de hierro.<\/li>\n<li>Trabajar con herramientas de jard\u00edn de cobre es <b>m\u00e1s eficiente desde el punto de vista energ\u00e9tico<\/b> gracias a las propiedades del material.<\/li>\n<li><b>No<\/b> se carga <b>magn\u00e9ticamente<\/b>. El campo de tensi\u00f3n natural de nuestro medio de cultivo apenas se ve alterado por el uso de herramientas de jard\u00edn de cobre. <\/li>\n<li>Los experimentos realizados por el cient\u00edfico natural <b>Viktor Schauberger<\/b> en la d\u00e9cada de 1950 demostraron la mejora del suelo y el fomento del crecimiento asociado.<\/li>\n<li>La abrasi\u00f3n introduce en el suelo <b>oligoelementos de cobre<\/b>, que desempe\u00f1an un papel importante en los procesos enzim\u00e1ticos.<\/li>\n<li><b>20 a\u00f1os de experiencia<\/b> en producci\u00f3n. Los jardineros entusiastas <b>confirman la calidad.<\/b> <\/li>\n<\/ul>\n<\/div>\n<\/div>\n","protected":false},"excerpt":{"rendered":"<p>Para trabajos suaves de escarda<strong>.<br \/>\n<\/strong> Aleaci\u00f3n<strong> s\u00f3lida<\/strong> de cobre, mango de madera de haya. L 31 cm \/ A 7 cm \/ G 200 g <\/p>\n","protected":false},"featured_media":27263,"comment_status":"open","ping_status":"closed","template":"","meta":[],"product_brand":[],"product_cat":[174],"product_tag":[265,279],"class_list":{"0":"post-1825","1":"product","2":"type-product","3":"status-publish","4":"has-post-thumbnail","6":"product_cat-pequenas-herramientas-de-cobre-es","7":"product_tag-aflojar-es","8":"product_tag-escardar-es","10":"first","11":"instock","12":"taxable","13":"shipping-taxable","14":"purchasable","15":"product-type-simple"},"_links":{"self":[{"href":"https:\/\/kupferspuren.at\/es\/wp-json\/wp\/v2\/product\/1825","targetHints":{"allow":["GET"]}}],"collection":[{"href":"https:\/\/kupferspuren.at\/es\/wp-json\/wp\/v2\/product"}],"about":[{"href":"https:\/\/kupferspuren.at\/es\/wp-json\/wp\/v2\/types\/product"}],"replies":[{"embeddable":true,"href":"https:\/\/kupferspuren.at\/es\/wp-json\/wp\/v2\/comments?post=1825"}],"wp:featuredmedia":[{"embeddable":true,"href":"https:\/\/kupferspuren.at\/es\/wp-json\/wp\/v2\/media\/27263"}],"wp:attachment":[{"href":"https:\/\/kupferspuren.at\/es\/wp-json\/wp\/v2\/media?parent=1825"}],"wp:term":[{"taxonomy":"product_brand","embeddable":true,"href":"https:\/\/kupferspuren.at\/es\/wp-json\/wp\/v2\/product_brand?post=1825"},{"taxonomy":"product_cat","embeddable":true,"href":"https:\/\/kupferspuren.at\/es\/wp-json\/wp\/v2\/product_cat?post=1825"},{"taxonomy":"product_tag","embeddable":true,"href":"https:\/\/kupferspuren.at\/es\/wp-json\/wp\/v2\/product_tag?post=1825"}],"curies":[{"name":"wp","href":"https:\/\/api.w.org\/{rel}","templated":true}]}}