{"id":1843,"date":"2017-09-27T09:11:46","date_gmt":"2017-09-27T07:11:46","guid":{"rendered":"http:\/\/pksbronze.at\/produkt\/minisauzahn-corvus\/"},"modified":"2025-08-28T14:41:26","modified_gmt":"2025-08-28T12:41:26","slug":"minifalda-labrador-una-punta-corvus","status":"publish","type":"product","link":"https:\/\/kupferspuren.at\/es\/produkt\/minifalda-labrador-una-punta-corvus\/","title":{"rendered":"Mini diente de cerda CORVUS"},"content":{"rendered":"<div id=\"c159\" class=\"csc-default\">\n<p><em><img loading=\"lazy\" decoding=\"async\" class=\"alignnone wp-image-152 \" src=\"https:\/\/kupferspuren.at\/wp-content\/uploads\/2017\/09\/Kupfersauzahn_PKS_Bronze.jpg\" alt=\"\" width=\"553\" height=\"271\" srcset=\"https:\/\/kupferspuren.at\/wp-content\/uploads\/2017\/09\/Kupfersauzahn_PKS_Bronze.jpg 700w, https:\/\/kupferspuren.at\/wp-content\/uploads\/2017\/09\/Kupfersauzahn_PKS_Bronze-300x147.jpg 300w, https:\/\/kupferspuren.at\/wp-content\/uploads\/2017\/09\/Kupfersauzahn_PKS_Bronze-600x294.jpg 600w, https:\/\/kupferspuren.at\/wp-content\/uploads\/2017\/09\/Kupfersauzahn_PKS_Bronze-150x74.jpg 150w, https:\/\/kupferspuren.at\/wp-content\/uploads\/2017\/09\/Kupfersauzahn_PKS_Bronze-324x159.jpg 324w, https:\/\/kupferspuren.at\/wp-content\/uploads\/2017\/09\/Kupfersauzahn_PKS_Bronze-416x204.jpg 416w\" sizes=\"auto, (max-width: 553px) 100vw, 553px\" \/><\/em><\/p>\n<p><em>Si el tallo se afloja despu\u00e9s de a\u00f1os&#8230;.<br \/>\n<span style=\"color: #999999;\">&#8230;retira el mango, deja que unas gotas de cola para madera fluyan por la abertura y vuelve a colocar el mango. Si lo deseas, tambi\u00e9n puedes enviarnos el diente de cerda y te colocaremos el mango (o uno nuevo) sin coste alguno. S\u00f3lo tendr\u00edas que pagar los gastos de env\u00edo.  <\/span><br \/>\n<span style=\"color: #999999;\">  La madera encoge; esto no puede descartarse con este material natural.<\/span><\/em><\/p>\n<\/div>\n<div class=\"brlbs-cmpnt-container brlbs-cmpnt-content-blocker brlbs-cmpnt-with-individual-styles\" data-borlabs-cookie-content-blocker-id=\"youtube-content-blocker\" data-borlabs-cookie-content=\"PGlmcmFtZSBzcmM9Imh0dHBzOi8vd3d3LnlvdXR1YmUtbm9jb29raWUuY29tL2VtYmVkL1daaUxrYnloYldNIiB3aWR0aD0iNTYwIiBoZWlnaHQ9IjMxNSIgZnJhbWVib3JkZXI9IjAiIGFsbG93ZnVsbHNjcmVlbj0iYWxsb3dmdWxsc2NyZWVuIj48L2lmcmFtZT4=\">\n<div class=\"brlbs-cmpnt-cb-preset-c brlbs-cmpnt-cb-youtube\">\n<div class=\"brlbs-cmpnt-cb-thumbnail\" style=\"background-image: url('https:\/\/kupferspuren.at\/wp-content\/uploads\/borlabs-cookie\/1\/yt_WZiLkbyhbWM_hqdefault.jpg')\"><\/div>\n<div class=\"brlbs-cmpnt-cb-main\">\n<div class=\"brlbs-cmpnt-cb-play-button\"><\/div>\n<div class=\"brlbs-cmpnt-cb-content\">\n<p class=\"brlbs-cmpnt-cb-description\">Est\u00e1s viendo un contenido de marcador de posici\u00f3n de <strong>YouTube<\/strong>. Para acceder al contenido real, haz clic en el siguiente bot\u00f3n. Ten en cuenta que al hacerlo compartir\u00e1s datos con terceros proveedores.<\/p>\n<p> <a class=\"brlbs-cmpnt-cb-provider-toggle\" href=\"#\" data-borlabs-cookie-show-provider-information role=\"button\">M\u00e1s informaci\u00f3n<\/a> <\/div>\n<div class=\"brlbs-cmpnt-cb-buttons\"> <a class=\"brlbs-cmpnt-cb-btn\" href=\"#\" data-borlabs-cookie-unblock role=\"button\">Desbloquear contenido<\/a> <a class=\"brlbs-cmpnt-cb-btn\" href=\"#\" data-borlabs-cookie-accept-service role=\"button\" style=\"display: inherit\">Aceptar el servicio requerido y desbloquear los contenidos<\/a> <\/div>\n<\/p><\/div>\n<\/p><\/div>\n<\/div>\n<ul>\n<li>\n<h1>Ventajas<\/h1>\n<ul>\n<li><b>No<\/b> necesita <b>mantenimiento<\/b>.<\/li>\n<li><b>No hay formaci\u00f3n de \u00f3xido <\/b>(\u00a1tampoco <a href=\"https:\/\/kupferspuren.at\/es\/informacion\/cobre\/patina-o-cardenillo\/\">verd\u00edn! \u00bfves verd\u00edn o p\u00e1tina<\/a>? ).<\/li>\n<li>Se pueden volver a afilar o biselar.<\/li>\n<li>Tienen <b>una vida \u00fatil<\/b> incomparablemente <b>m\u00e1s larga<\/b> que los aparatos de hierro.<\/li>\n<li>Trabajar con herramientas de jard\u00edn de cobre es <b>m\u00e1s eficiente desde el punto de vista energ\u00e9tico<\/b> gracias a las propiedades del material.<\/li>\n<li><b>No<\/b> se carga <b>magn\u00e9ticamente<\/b>. El campo de tensi\u00f3n natural de nuestro medio de cultivo apenas se ve alterado por la intervenci\u00f3n con herramientas de jard\u00edn de cobre. Esto mejora el equilibrio h\u00eddrico del suelo y el comportamiento de los caracoles (ver: <a href=\"https:\/\/kupferspuren.at\/es\/informacion\/cobre\/efecto\/jane-cobbald-wie-ich-schnecken-schaetzen-lernte\/\">Jane Cobbald<\/a>).  <\/li>\n<li>A trav\u00e9s de los experimentos del cient\u00edfico natural <a href=\"http:\/\/www.pks.or.at\" target=\"_blank\" rel=\"noopener noreferrer\"><b>Viktor Schauberger<\/b><\/a> en la d\u00e9cada de 1950, se pudo demostrar la mejora del suelo y el fomento del crecimiento asociado.<\/li>\n<li>La abrasi\u00f3n introduce en el suelo <b>oligoelementos de cobre<\/b>, que desempe\u00f1an un papel esencial en los procesos enzim\u00e1ticos: ver <a href=\"https:\/\/kupferspuren.at\/es\/informacion\/cobre\/el-cobre-y-el-crecimiento\/\">\u00abEl cobre y el crecimiento\u00bb<\/a><\/li>\n<li><b>M\u00e1s de 20 a\u00f1os de experiencia<\/b> en la producci\u00f3n.<br \/>\nLos jardineros entusiastas <b>confirman nuestra calidad.<\/b><\/li>\n<\/ul>\n<\/li>\n<\/ul>\n","protected":false},"excerpt":{"rendered":"<p>Este dispositivo profundiza y afloja la tierra entre las plantas sin da\u00f1ar sus ra\u00edces<strong>. Masiva<\/strong>  Aleaci\u00f3n de cobre, mango de madera de haya torneada. L 36 cm \/ A 11 cm \/ G 210 g <\/p>\n","protected":false},"featured_media":26837,"comment_status":"open","ping_status":"closed","template":"","meta":[],"product_brand":[],"product_cat":[174],"product_tag":[265,545,544,279],"class_list":{"0":"post-1843","1":"product","2":"type-product","3":"status-publish","4":"has-post-thumbnail","6":"product_cat-pequenas-herramientas-de-cobre-es","7":"product_tag-aflojar-es","8":"product_tag-cobre-molar","9":"product_tag-diente-de-cerda","10":"product_tag-escardar-es","12":"first","13":"instock","14":"taxable","15":"shipping-taxable","16":"purchasable","17":"product-type-simple"},"_links":{"self":[{"href":"https:\/\/kupferspuren.at\/es\/wp-json\/wp\/v2\/product\/1843","targetHints":{"allow":["GET"]}}],"collection":[{"href":"https:\/\/kupferspuren.at\/es\/wp-json\/wp\/v2\/product"}],"about":[{"href":"https:\/\/kupferspuren.at\/es\/wp-json\/wp\/v2\/types\/product"}],"replies":[{"embeddable":true,"href":"https:\/\/kupferspuren.at\/es\/wp-json\/wp\/v2\/comments?post=1843"}],"wp:featuredmedia":[{"embeddable":true,"href":"https:\/\/kupferspuren.at\/es\/wp-json\/wp\/v2\/media\/26837"}],"wp:attachment":[{"href":"https:\/\/kupferspuren.at\/es\/wp-json\/wp\/v2\/media?parent=1843"}],"wp:term":[{"taxonomy":"product_brand","embeddable":true,"href":"https:\/\/kupferspuren.at\/es\/wp-json\/wp\/v2\/product_brand?post=1843"},{"taxonomy":"product_cat","embeddable":true,"href":"https:\/\/kupferspuren.at\/es\/wp-json\/wp\/v2\/product_cat?post=1843"},{"taxonomy":"product_tag","embeddable":true,"href":"https:\/\/kupferspuren.at\/es\/wp-json\/wp\/v2\/product_tag?post=1843"}],"curies":[{"name":"wp","href":"https:\/\/api.w.org\/{rel}","templated":true}]}}