{"id":1855,"date":"2017-09-26T00:27:10","date_gmt":"2017-09-25T22:27:10","guid":{"rendered":"http:\/\/pksbronze.at\/produkt\/jaetschlinge-nunki\/"},"modified":"2025-09-28T19:43:20","modified_gmt":"2025-09-28T17:43:20","slug":"escardador-de-mano-nunki","status":"publish","type":"product","link":"https:\/\/kupferspuren.at\/es\/produkt\/escardador-de-mano-nunki\/","title":{"rendered":"Lazo para desherbar NUNKI"},"content":{"rendered":"<p><img loading=\"lazy\" decoding=\"async\" class=\"alignleft wp-image-956 size-full\" src=\"https:\/\/kupferspuren.at\/wp-content\/uploads\/2017\/09\/Nunkizeichnung.jpg\" alt=\"Boceto Nunki 1\" width=\"295\" height=\"241\" srcset=\"https:\/\/kupferspuren.at\/wp-content\/uploads\/2017\/09\/Nunkizeichnung.jpg 295w, https:\/\/kupferspuren.at\/wp-content\/uploads\/2017\/09\/Nunkizeichnung-150x123.jpg 150w\" sizes=\"auto, (max-width: 295px) 100vw, 295px\" \/><img loading=\"lazy\" decoding=\"async\" class=\"alignright wp-image-957 size-full\" src=\"https:\/\/kupferspuren.at\/wp-content\/uploads\/2017\/09\/Skizze2_02.jpg\" alt=\"Sketch Nunki 2\" width=\"236\" height=\"245\" srcset=\"https:\/\/kupferspuren.at\/wp-content\/uploads\/2017\/09\/Skizze2_02.jpg 236w, https:\/\/kupferspuren.at\/wp-content\/uploads\/2017\/09\/Skizze2_02-144x150.jpg 144w\" sizes=\"auto, (max-width: 236px) 100vw, 236px\" \/><\/p>\n<p>El cepo se utiliza para cortar las ra\u00edces de las malas hierbas por debajo de la superficie sin amontonar la tierra del jard\u00edn. El cepo \u00abNunki\u00bb se tira a trav\u00e9s de la tierra y puede cortar por ambos lados y aflojar al mismo tiempo con su hoja afilada. Similar a la <a href=\"https:\/\/kupferspuren.at\/es\/produkt\/escardador-hydra\/\">azada pendular \u00abHydra<\/a> \u00ab, pero sin la funci\u00f3n pendular.  <\/p>\n<p><img loading=\"lazy\" decoding=\"async\" class=\"alignnone wp-image-960 size-full\" src=\"https:\/\/kupferspuren.at\/wp-content\/uploads\/2017\/09\/PKS_Jaetschlinge_Nunki.jpg\" alt=\"Jaetschlinge Nunki Foto Daniel Leitner\" width=\"700\" height=\"467\" srcset=\"https:\/\/kupferspuren.at\/wp-content\/uploads\/2017\/09\/PKS_Jaetschlinge_Nunki.jpg 700w, https:\/\/kupferspuren.at\/wp-content\/uploads\/2017\/09\/PKS_Jaetschlinge_Nunki-300x200.jpg 300w, https:\/\/kupferspuren.at\/wp-content\/uploads\/2017\/09\/PKS_Jaetschlinge_Nunki-600x400.jpg 600w, https:\/\/kupferspuren.at\/wp-content\/uploads\/2017\/09\/PKS_Jaetschlinge_Nunki-150x100.jpg 150w, https:\/\/kupferspuren.at\/wp-content\/uploads\/2017\/09\/PKS_Jaetschlinge_Nunki-324x216.jpg 324w, https:\/\/kupferspuren.at\/wp-content\/uploads\/2017\/09\/PKS_Jaetschlinge_Nunki-416x278.jpg 416w\" sizes=\"auto, (max-width: 700px) 100vw, 700px\" \/><\/p>\n<div class=\"brlbs-cmpnt-container brlbs-cmpnt-content-blocker brlbs-cmpnt-with-individual-styles\" data-borlabs-cookie-content-blocker-id=\"youtube-content-blocker\" data-borlabs-cookie-content=\"PGlmcmFtZSBzcmM9Imh0dHBzOi8vd3d3LnlvdXR1YmUtbm9jb29raWUuY29tL2VtYmVkL1VCR2RERUxmdThnP3JlbD0wIiB3aWR0aD0iNTYwIiBoZWlnaHQ9IjMxNSIgZnJhbWVib3JkZXI9IjAiIGFsbG93ZnVsbHNjcmVlbj0iYWxsb3dmdWxsc2NyZWVuIj48L2lmcmFtZT4=\">\n<div class=\"brlbs-cmpnt-cb-preset-c brlbs-cmpnt-cb-youtube\">\n<div class=\"brlbs-cmpnt-cb-thumbnail\" style=\"background-image: url('https:\/\/kupferspuren.at\/wp-content\/uploads\/borlabs-cookie\/1\/yt_UBGdDELfu8g_hqdefault.jpg')\"><\/div>\n<div class=\"brlbs-cmpnt-cb-main\">\n<div class=\"brlbs-cmpnt-cb-play-button\"><\/div>\n<div class=\"brlbs-cmpnt-cb-content\">\n<p class=\"brlbs-cmpnt-cb-description\">Est\u00e1s viendo un contenido de marcador de posici\u00f3n de <strong>YouTube<\/strong>. Para acceder al contenido real, haz clic en el siguiente bot\u00f3n. Ten en cuenta que al hacerlo compartir\u00e1s datos con terceros proveedores.<\/p>\n<p> <a class=\"brlbs-cmpnt-cb-provider-toggle\" href=\"#\" data-borlabs-cookie-show-provider-information role=\"button\">M\u00e1s informaci\u00f3n<\/a> <\/div>\n<div class=\"brlbs-cmpnt-cb-buttons\"> <a class=\"brlbs-cmpnt-cb-btn\" href=\"#\" data-borlabs-cookie-unblock role=\"button\">Desbloquear contenido<\/a> <a class=\"brlbs-cmpnt-cb-btn\" href=\"#\" data-borlabs-cookie-accept-service role=\"button\" style=\"display: inherit\">Aceptar el servicio requerido y desbloquear los contenidos<\/a> <\/div>\n<\/p><\/div>\n<\/p><\/div>\n<\/div>\n<div class=\"brlbs-cmpnt-container brlbs-cmpnt-content-blocker brlbs-cmpnt-with-individual-styles\" data-borlabs-cookie-content-blocker-id=\"youtube-content-blocker\" data-borlabs-cookie-content=\"PGlmcmFtZSBzcmM9Imh0dHBzOi8vd3d3LnlvdXR1YmUtbm9jb29raWUuY29tL2VtYmVkLzJIaHhNcGZmZVhVP3JlbD0wIiB3aWR0aD0iNTYwIiBoZWlnaHQ9IjMxNSIgZnJhbWVib3JkZXI9IjAiIGFsbG93ZnVsbHNjcmVlbj0iYWxsb3dmdWxsc2NyZWVuIj48L2lmcmFtZT4=\">\n<div class=\"brlbs-cmpnt-cb-preset-c brlbs-cmpnt-cb-youtube\">\n<div class=\"brlbs-cmpnt-cb-thumbnail\" style=\"background-image: url('https:\/\/kupferspuren.at\/wp-content\/uploads\/borlabs-cookie\/1\/yt_2HhxMpffeXU_hqdefault.jpg')\"><\/div>\n<div class=\"brlbs-cmpnt-cb-main\">\n<div class=\"brlbs-cmpnt-cb-play-button\"><\/div>\n<div class=\"brlbs-cmpnt-cb-content\">\n<p class=\"brlbs-cmpnt-cb-description\">Est\u00e1s viendo un contenido de marcador de posici\u00f3n de <strong>YouTube<\/strong>. Para acceder al contenido real, haz clic en el siguiente bot\u00f3n. Ten en cuenta que al hacerlo compartir\u00e1s datos con terceros proveedores.<\/p>\n<p> <a class=\"brlbs-cmpnt-cb-provider-toggle\" href=\"#\" data-borlabs-cookie-show-provider-information role=\"button\">M\u00e1s informaci\u00f3n<\/a> <\/div>\n<div class=\"brlbs-cmpnt-cb-buttons\"> <a class=\"brlbs-cmpnt-cb-btn\" href=\"#\" data-borlabs-cookie-unblock role=\"button\">Desbloquear contenido<\/a> <a class=\"brlbs-cmpnt-cb-btn\" href=\"#\" data-borlabs-cookie-accept-service role=\"button\" style=\"display: inherit\">Aceptar el servicio requerido y desbloquear los contenidos<\/a> <\/div>\n<\/p><\/div>\n<\/p><\/div>\n<\/div>\n<div class=\"csc-textpic csc-textpic-center csc-textpic-above\">\n<div class=\"csc-textpic-text\">\n<div id=\"c1015\" class=\"csc-default\">\n<p><span id=\"result_box\" lang=\"de\">\u00a1\u00a1\u00a1&#8230;el tarro de mano de bronce <strong>Nunki!!!<\/strong><\/span><span id=\"result_box\" lang=\"de\"><br \/>\ngana los Premios Sanoma de Jardiner\u00eda 2013 en \u00c1msterdam.<\/span><\/p>\n<p><span id=\"result_box\" lang=\"de\">Tres<\/span> jurados -presididos por Annet Niterink (editora de Garten &amp; Co.), Aty Luitze (editora de Seasons Haus und Garten) y Lilian Korteweg (redactora jefe de Garten &amp; Co.)- eligieron a los ganadores en seis categor\u00edas diferentes de premios profesionales. El p\u00fablico vot\u00f3 abrumadoramente a favor de los premios p\u00fablicos. <\/p>\n<p><span id=\"result_box\" lang=\"de\">El<\/span> Nunki<span id=\"result_box\" lang=\"de\">, dise\u00f1ado<\/span> para escardar y ralear plantones, gan\u00f3 el premio en la categor\u00eda profesional Cat. A. herramientas el\u00e9ctricas y manuales. <\/p>\n<p><img loading=\"lazy\" decoding=\"async\" class=\"alignnone wp-image-10214 size-full\" src=\"https:\/\/kupferspuren.at\/wp-content\/uploads\/2017\/09\/Nunki-alt-und-neu-schatten.jpg\" alt=\"Nunki nuevos y viejos\" width=\"616\" height=\"191\" srcset=\"https:\/\/kupferspuren.at\/wp-content\/uploads\/2017\/09\/Nunki-alt-und-neu-schatten.jpg 616w, https:\/\/kupferspuren.at\/wp-content\/uploads\/2017\/09\/Nunki-alt-und-neu-schatten-300x93.jpg 300w, https:\/\/kupferspuren.at\/wp-content\/uploads\/2017\/09\/Nunki-alt-und-neu-schatten-600x186.jpg 600w, https:\/\/kupferspuren.at\/wp-content\/uploads\/2017\/09\/Nunki-alt-und-neu-schatten-150x47.jpg 150w, https:\/\/kupferspuren.at\/wp-content\/uploads\/2017\/09\/Nunki-alt-und-neu-schatten-324x100.jpg 324w, https:\/\/kupferspuren.at\/wp-content\/uploads\/2017\/09\/Nunki-alt-und-neu-schatten-416x129.jpg 416w\" sizes=\"auto, (max-width: 616px) 100vw, 616px\" \/><\/p>\n<p><em>Esta vieja desbrozadora Nunki se compr\u00f3 hace 12 a\u00f1os. El propietario nos envi\u00f3 esta foto desde Estados Unidos. <\/em><\/p>\n<h1>Ventajas<\/h1>\n<ul>\n<li><b>No<\/b> necesita <b>mantenimiento<\/b>.<\/li>\n<li><b>No hay formaci\u00f3n de \u00f3xido <\/b>(\u00a1tampoco <a href=\"https:\/\/kupferspuren.at\/es\/informacion\/cobre\/patina-o-cardenillo\/\">verd\u00edn! \u00bfves verd\u00edn o p\u00e1tina<\/a>? ).<\/li>\n<li>Se pueden volver a afilar o biselar.<\/li>\n<li>Tienen <b>una vida \u00fatil<\/b> incomparablemente <b>m\u00e1s larga<\/b> que los aparatos de hierro.<\/li>\n<li>Trabajar con herramientas de jard\u00edn de cobre es <b>m\u00e1s eficiente desde el punto de vista energ\u00e9tico<\/b> gracias a las propiedades del material.<\/li>\n<li><b>No<\/b> se carga <b>magn\u00e9ticamente<\/b>. El campo de tensi\u00f3n natural de nuestro medio de cultivo apenas se ve alterado por la intervenci\u00f3n con herramientas de jard\u00edn de cobre. Esto mejora el equilibrio h\u00eddrico del suelo y el comportamiento de los caracoles (ver: <a href=\"https:\/\/kupferspuren.at\/es\/informacion\/cobre\/efecto\/jane-cobbald-wie-ich-schnecken-schaetzen-lernte\/\">Jane Cobbald<\/a>).  <\/li>\n<li>A trav\u00e9s de los experimentos del cient\u00edfico natural <a href=\"http:\/\/www.pks.or.at\" target=\"_blank\" rel=\"noopener noreferrer\"><b>Viktor Schauberger<\/b><\/a> en la d\u00e9cada de 1950, se pudo demostrar la mejora del suelo y el fomento del crecimiento asociado.<\/li>\n<li>La abrasi\u00f3n introduce en el suelo <b>oligoelementos de cobre<\/b>, que desempe\u00f1an un papel esencial en los procesos enzim\u00e1ticos: ver <a href=\"https:\/\/kupferspuren.at\/es\/informacion\/cobre\/el-cobre-y-el-crecimiento\/\">\u00abEl cobre y el crecimiento\u00bb<\/a><\/li>\n<li><b>M\u00e1s de 20 a\u00f1os de experiencia<\/b> en la producci\u00f3n.<br \/>\nLos jardineros entusiastas <b>confirman nuestra calidad.<\/b><\/li>\n<\/ul>\n<\/div>\n<\/div>\n<\/div>\n","protected":false},"excerpt":{"rendered":"<p><strong>\u00a1Sencillo e ingenioso! <\/strong><br \/>\nDeshierba y afloja sin esfuerzo la tierra del jard\u00edn tomada por las malas hierbas<strong>.<br \/>\n<\/strong> Aleaci\u00f3n<strong> s\u00f3lida<\/strong> de cobre, mango de madera de haya. 26 cm \/ 6,5 cm \/ 120 g <\/p>\n","protected":false},"featured_media":26863,"comment_status":"open","ping_status":"closed","template":"","meta":[],"product_brand":[],"product_cat":[174],"product_tag":[265,279,550],"class_list":{"0":"post-1855","1":"product","2":"type-product","3":"status-publish","4":"has-post-thumbnail","6":"product_cat-pequenas-herramientas-de-cobre-es","7":"product_tag-aflojar-es","8":"product_tag-escardar-es","9":"product_tag-trampa-para-desherbar","11":"first","12":"instock","13":"featured","14":"taxable","15":"shipping-taxable","16":"purchasable","17":"product-type-simple"},"_links":{"self":[{"href":"https:\/\/kupferspuren.at\/es\/wp-json\/wp\/v2\/product\/1855","targetHints":{"allow":["GET"]}}],"collection":[{"href":"https:\/\/kupferspuren.at\/es\/wp-json\/wp\/v2\/product"}],"about":[{"href":"https:\/\/kupferspuren.at\/es\/wp-json\/wp\/v2\/types\/product"}],"replies":[{"embeddable":true,"href":"https:\/\/kupferspuren.at\/es\/wp-json\/wp\/v2\/comments?post=1855"}],"wp:featuredmedia":[{"embeddable":true,"href":"https:\/\/kupferspuren.at\/es\/wp-json\/wp\/v2\/media\/26863"}],"wp:attachment":[{"href":"https:\/\/kupferspuren.at\/es\/wp-json\/wp\/v2\/media?parent=1855"}],"wp:term":[{"taxonomy":"product_brand","embeddable":true,"href":"https:\/\/kupferspuren.at\/es\/wp-json\/wp\/v2\/product_brand?post=1855"},{"taxonomy":"product_cat","embeddable":true,"href":"https:\/\/kupferspuren.at\/es\/wp-json\/wp\/v2\/product_cat?post=1855"},{"taxonomy":"product_tag","embeddable":true,"href":"https:\/\/kupferspuren.at\/es\/wp-json\/wp\/v2\/product_tag?post=1855"}],"curies":[{"name":"wp","href":"https:\/\/api.w.org\/{rel}","templated":true}]}}