{"id":1885,"date":"2017-09-29T11:32:24","date_gmt":"2017-09-29T09:32:24","guid":{"rendered":"http:\/\/pksbronze.at\/produkt\/kupfer-grabgabel-antares\/"},"modified":"2026-03-30T10:12:29","modified_gmt":"2026-03-30T08:12:29","slug":"horca-de-cobre-antares","status":"publish","type":"product","link":"https:\/\/kupferspuren.at\/es\/produkt\/horca-de-cobre-antares\/","title":{"rendered":"Horquilla de excavaci\u00f3n ANTARES"},"content":{"rendered":"<div id=\"c223\" class=\"csc-default\">\n<p>Debido a las elevadas cargas que debe soportar esta horquilla de excavaci\u00f3n, est\u00e1 fabricada con una aleaci\u00f3n especial de cobre<strong>(bronce de aluminio<\/strong>). Esta aleaci\u00f3n contiene cantidades muy peque\u00f1as de hierro y, por tanto, es m\u00ednimamente magn\u00e9tica. <\/p>\n<p>La mayor parte del trabajo que antes se hac\u00eda con una pala se hace ahora con una horca excavadora. Facilita el trabajo de excavar y aflojar, ya que sus cuatro p\u00faas ligeramente curvadas penetran en la tierra mucho m\u00e1s f\u00e1cilmente. Es especialmente importante para las zonas con malas hierbas. Cuando te hayas acostumbrado a esta herramienta de jardiner\u00eda, no querr\u00e1s volver a prescindir de ella.   <\/p>\n<h1>Ventajas<\/h1>\n<ul>\n<li><b>No<\/b> necesita <b>mantenimiento<\/b>.<\/li>\n<li><b>No hay formaci\u00f3n de \u00f3xido <\/b>(\u00a1tampoco <a href=\"https:\/\/kupferspuren.at\/es\/informacion\/cobre\/patina-o-cardenillo\/\">verd\u00edn! \u00bfves verd\u00edn o p\u00e1tina<\/a>? ).<\/li>\n<li>Se pueden volver a afilar o biselar.<\/li>\n<li>Tienen <b>una vida \u00fatil<\/b> incomparablemente <b>m\u00e1s larga<\/b> que los aparatos de hierro.<\/li>\n<li>Trabajar con herramientas de jard\u00edn de cobre es <b>m\u00e1s eficiente desde el punto de vista energ\u00e9tico<\/b> gracias a las propiedades del material.<\/li>\n<li>El campo de tensi\u00f3n natural de nuestro medio de cultivo apenas se ve alterado por la intervenci\u00f3n con herramientas de jardiner\u00eda de cobre. Esto mejora el equilibrio h\u00eddrico del suelo y el comportamiento de los caracoles (ver: <a href=\"https:\/\/kupferspuren.at\/es\/informacion\/cobre\/efecto\/jane-cobbald-wie-ich-schnecken-schaetzen-lernte\/\">Jane Cobbald<\/a>). <\/li>\n<li>A trav\u00e9s de los experimentos del cient\u00edfico natural <a href=\"http:\/\/www.pks.or.at\" target=\"_blank\" rel=\"noopener noreferrer\"><b>Viktor Schauberger<\/b><\/a> en la d\u00e9cada de 1950, se pudo demostrar la mejora del suelo y el fomento del crecimiento asociado.<\/li>\n<li>La abrasi\u00f3n introduce en el suelo <b>oligoelementos de cobre<\/b>, que desempe\u00f1an un papel esencial en los procesos enzim\u00e1ticos: ver <a href=\"https:\/\/kupferspuren.at\/es\/informacion\/cobre\/el-cobre-y-el-crecimiento\/\">\u00abEl cobre y el crecimiento\u00bb<\/a><\/li>\n<li><b>M\u00e1s de 20 a\u00f1os de experiencia<\/b> en la producci\u00f3n.<br \/>\nLos jardineros entusiastas <b>confirman nuestra calidad.<\/b><\/li>\n<\/ul>\n<\/div>\n","protected":false},"excerpt":{"rendered":"<p>Longitud de las p\u00faas 20 cm<br \/>\nPara airear y aflojar suavemente la tierra del jard\u00edn. <strong><br \/>\nAleaci\u00f3n de cobre<\/strong> <strong>macizo<\/strong>, mango ergon\u00f3mico de madera de fresno sin tratar. 108 cm \/ hoja de p\u00faas 21 cm x 17 cm \/ 1,7 kg <\/p>\n","protected":false},"featured_media":27008,"comment_status":"open","ping_status":"closed","template":"","meta":[],"product_brand":[],"product_cat":[244,176],"product_tag":[265],"class_list":{"0":"post-1885","1":"product","2":"type-product","3":"status-publish","4":"has-post-thumbnail","6":"product_cat-deshierbe-y-aflojando-es","7":"product_cat-grandes-herramientas-de-cobre-es","8":"product_tag-aflojar-es","10":"first","11":"instock","12":"taxable","13":"shipping-taxable","14":"purchasable","15":"product-type-simple"},"_links":{"self":[{"href":"https:\/\/kupferspuren.at\/es\/wp-json\/wp\/v2\/product\/1885","targetHints":{"allow":["GET"]}}],"collection":[{"href":"https:\/\/kupferspuren.at\/es\/wp-json\/wp\/v2\/product"}],"about":[{"href":"https:\/\/kupferspuren.at\/es\/wp-json\/wp\/v2\/types\/product"}],"replies":[{"embeddable":true,"href":"https:\/\/kupferspuren.at\/es\/wp-json\/wp\/v2\/comments?post=1885"}],"wp:featuredmedia":[{"embeddable":true,"href":"https:\/\/kupferspuren.at\/es\/wp-json\/wp\/v2\/media\/27008"}],"wp:attachment":[{"href":"https:\/\/kupferspuren.at\/es\/wp-json\/wp\/v2\/media?parent=1885"}],"wp:term":[{"taxonomy":"product_brand","embeddable":true,"href":"https:\/\/kupferspuren.at\/es\/wp-json\/wp\/v2\/product_brand?post=1885"},{"taxonomy":"product_cat","embeddable":true,"href":"https:\/\/kupferspuren.at\/es\/wp-json\/wp\/v2\/product_cat?post=1885"},{"taxonomy":"product_tag","embeddable":true,"href":"https:\/\/kupferspuren.at\/es\/wp-json\/wp\/v2\/product_tag?post=1885"}],"curies":[{"name":"wp","href":"https:\/\/api.w.org\/{rel}","templated":true}]}}