{"id":1927,"date":"2017-09-29T12:03:22","date_gmt":"2017-09-29T10:03:22","guid":{"rendered":"http:\/\/pksbronze.at\/produkt\/kupfergiesskanne-von-haws-fuer-ihre-fensterbank\/"},"modified":"2025-09-28T19:47:12","modified_gmt":"2025-09-28T17:47:12","slug":"kupfergiesskanne-pks","status":"publish","type":"product","link":"https:\/\/kupferspuren.at\/es\/produkt\/kupfergiesskanne-pks\/","title":{"rendered":"Regadera de cobre \u00abSITULA\u00bb peque\u00f1a"},"content":{"rendered":"<p>&nbsp;<\/p>\n<p><img loading=\"lazy\" decoding=\"async\" class=\"alignnone wp-image-13774 size-full\" src=\"https:\/\/kupferspuren.at\/wp-content\/uploads\/2017\/09\/SITULA-neu1.jpg\" alt=\"\" width=\"700\" height=\"591\" srcset=\"https:\/\/kupferspuren.at\/wp-content\/uploads\/2017\/09\/SITULA-neu1.jpg 700w, https:\/\/kupferspuren.at\/wp-content\/uploads\/2017\/09\/SITULA-neu1-300x253.jpg 300w, https:\/\/kupferspuren.at\/wp-content\/uploads\/2017\/09\/SITULA-neu1-600x507.jpg 600w, https:\/\/kupferspuren.at\/wp-content\/uploads\/2017\/09\/SITULA-neu1-150x127.jpg 150w, https:\/\/kupferspuren.at\/wp-content\/uploads\/2017\/09\/SITULA-neu1-324x274.jpg 324w, https:\/\/kupferspuren.at\/wp-content\/uploads\/2017\/09\/SITULA-neu1-416x351.jpg 416w\" sizes=\"auto, (max-width: 700px) 100vw, 700px\" \/><em>Cobre y agua<\/em><\/p>\n<p><span class=\"tlid-translation translation\" lang=\"de\"><span class=\"\" title=\"\">Existe una larga tradici\u00f3n de mejorar la calidad del agua poni\u00e9ndola en contacto con el cobre.<\/span> <span class=\"\" title=\"\">Nos dijeron que en la India el agua potable se almacena en recipientes de cobre.<\/span>  El cobre es antibacteriano, el agua apenas se \u00abrompe\u00bb.<\/span><\/p>\n<p><span class=\"\" title=\"\">Esto significa que esta regadera de cobre no s\u00f3lo queda estupenda en tu invernadero o en el alf\u00e9izar de tu ventana, sino que tambi\u00e9n beneficia a tus plantas cuando las riegas.<\/span> <span class=\"\" title=\"\">El pico largo y estrecho permite regar las plantas de interior con cuidado y precisi\u00f3n.<\/span><\/p>\n<h4><em>Trabajo manual<\/em><\/h4>\n<p>Cada regadera es \u00fanica. Todas las regaderas se fabrican totalmente a mano. Puede haber huellas de procesamiento, como puntos de soldadura, restos de pulimento, peque\u00f1os ara\u00f1azos y peque\u00f1as abolladuras visualmente discretas. Esto no afecta al funcionamiento de la regadera. Todas las regaderas se someten a pruebas de estanqueidad.    <\/p>\n<div class=\"brlbs-cmpnt-container brlbs-cmpnt-content-blocker brlbs-cmpnt-with-individual-styles\" data-borlabs-cookie-content-blocker-id=\"youtube-content-blocker\" data-borlabs-cookie-content=\"PGlmcmFtZSBzcmM9Imh0dHBzOi8vd3d3LnlvdXR1YmUtbm9jb29raWUuY29tL2VtYmVkL2FJTnhtMlp4aU1VP3N0YXJ0PTkiIHdpZHRoPSI1NjAiIGhlaWdodD0iMzE1IiBmcmFtZWJvcmRlcj0iMCIgYWxsb3dmdWxsc2NyZWVuPSJhbGxvd2Z1bGxzY3JlZW4iPjwvaWZyYW1lPg==\">\n<div class=\"brlbs-cmpnt-cb-preset-c brlbs-cmpnt-cb-youtube\">\n<div class=\"brlbs-cmpnt-cb-thumbnail\" style=\"background-image: url('https:\/\/kupferspuren.at\/wp-content\/uploads\/borlabs-cookie\/1\/yt_aINxm2ZxiMU_hqdefault.jpg')\"><\/div>\n<div class=\"brlbs-cmpnt-cb-main\">\n<div class=\"brlbs-cmpnt-cb-play-button\"><\/div>\n<div class=\"brlbs-cmpnt-cb-content\">\n<p class=\"brlbs-cmpnt-cb-description\">Est\u00e1s viendo un contenido de marcador de posici\u00f3n de <strong>YouTube<\/strong>. Para acceder al contenido real, haz clic en el siguiente bot\u00f3n. Ten en cuenta que al hacerlo compartir\u00e1s datos con terceros proveedores.<\/p>\n<p> <a class=\"brlbs-cmpnt-cb-provider-toggle\" href=\"#\" data-borlabs-cookie-show-provider-information role=\"button\">M\u00e1s informaci\u00f3n<\/a> <\/div>\n<div class=\"brlbs-cmpnt-cb-buttons\"> <a class=\"brlbs-cmpnt-cb-btn\" href=\"#\" data-borlabs-cookie-unblock role=\"button\">Desbloquear contenido<\/a> <a class=\"brlbs-cmpnt-cb-btn\" href=\"#\" data-borlabs-cookie-accept-service role=\"button\" style=\"display: inherit\">Aceptar el servicio requerido y desbloquear los contenidos<\/a> <\/div>\n<\/p><\/div>\n<\/p><\/div>\n<\/div>\n","protected":false},"excerpt":{"rendered":"<h4><strong>  1 LITRO<\/strong><\/h4>\n<p>Regadera de <strong>cobre puro<\/strong>.<\/p>\n<p>El tubo de riego curvado y largo permite un riego preciso y suave.<br \/>\nAltura 27 cm con soporte de sujeci\u00f3n \/ \u00d8 9 cm \/ anchura con pico 38 cm \/ peso 0,550 g<\/p>\n","protected":false},"featured_media":26817,"comment_status":"open","ping_status":"closed","template":"","meta":[],"product_brand":[],"product_cat":[246],"product_tag":[],"class_list":{"0":"post-1927","1":"product","2":"type-product","3":"status-publish","4":"has-post-thumbnail","6":"product_cat-regaderas-de-cobre-es","8":"first","9":"instock","10":"taxable","11":"shipping-taxable","12":"purchasable","13":"product-type-simple"},"_links":{"self":[{"href":"https:\/\/kupferspuren.at\/es\/wp-json\/wp\/v2\/product\/1927","targetHints":{"allow":["GET"]}}],"collection":[{"href":"https:\/\/kupferspuren.at\/es\/wp-json\/wp\/v2\/product"}],"about":[{"href":"https:\/\/kupferspuren.at\/es\/wp-json\/wp\/v2\/types\/product"}],"replies":[{"embeddable":true,"href":"https:\/\/kupferspuren.at\/es\/wp-json\/wp\/v2\/comments?post=1927"}],"wp:featuredmedia":[{"embeddable":true,"href":"https:\/\/kupferspuren.at\/es\/wp-json\/wp\/v2\/media\/26817"}],"wp:attachment":[{"href":"https:\/\/kupferspuren.at\/es\/wp-json\/wp\/v2\/media?parent=1927"}],"wp:term":[{"taxonomy":"product_brand","embeddable":true,"href":"https:\/\/kupferspuren.at\/es\/wp-json\/wp\/v2\/product_brand?post=1927"},{"taxonomy":"product_cat","embeddable":true,"href":"https:\/\/kupferspuren.at\/es\/wp-json\/wp\/v2\/product_cat?post=1927"},{"taxonomy":"product_tag","embeddable":true,"href":"https:\/\/kupferspuren.at\/es\/wp-json\/wp\/v2\/product_tag?post=1927"}],"curies":[{"name":"wp","href":"https:\/\/api.w.org\/{rel}","templated":true}]}}