{"id":1933,"date":"2017-09-29T11:53:51","date_gmt":"2017-09-29T09:53:51","guid":{"rendered":"http:\/\/pksbronze.at\/produkt\/kupfergiesskanne-minkar\/"},"modified":"2025-09-28T19:47:11","modified_gmt":"2025-09-28T17:47:11","slug":"kupfergiesskanne-minkar","status":"publish","type":"product","link":"https:\/\/kupferspuren.at\/es\/produkt\/kupfergiesskanne-minkar\/","title":{"rendered":"Regadera PKS \u00abMINKAR\u00bb mediana"},"content":{"rendered":"<p>Esta regadera tiene el tama\u00f1o ideal para regar varias plantas de interior, por ejemplo, en el alf\u00e9izar de una ventana. La regadera de cobre llena se puede levantar f\u00e1cilmente. <\/p>\n<div id=\"tab-description\" class=\"woocommerce-Tabs-panel woocommerce-Tabs-panel--description panel entry-content wc-tab\" role=\"tabpanel\" aria-labelledby=\"tab-title-description\">\n<p><em>Cobre y agua<\/em><\/p>\n<p><span class=\"tlid-translation translation\" lang=\"de\"><span class=\"\" title=\"\">Existe una larga tradici\u00f3n de mejorar la calidad del agua poni\u00e9ndola en contacto con el cobre.<\/span> <span class=\"\" title=\"\">Nos dijeron que en la India el agua potable se almacena en recipientes de cobre.<\/span>  El cobre es antibacteriano, el agua apenas se \u00abrompe\u00bb.<\/span><\/p>\n<p><span class=\"\" title=\"\">Esto significa que esta regadera de cobre no s\u00f3lo queda estupenda en tu invernadero o en el alf\u00e9izar de tu ventana, sino que tambi\u00e9n beneficia a tus plantas cuando las riegas.<\/span> <span class=\"\" title=\"\">El pico largo y estrecho permite regar con cuidado las plantas de interior, y la fina rosa de lat\u00f3n proporciona a las pl\u00e1ntulas y a las tiernas plantas j\u00f3venes un suave roc\u00edo de agua.<\/span><\/p>\n<h4><em>Trabajo manual<\/em><\/h4>\n<p>Cada regadera es \u00fanica. Todas las regaderas se fabrican totalmente a mano. Puede haber huellas de procesamiento, como puntos de soldadura, restos de pulimento, peque\u00f1os ara\u00f1azos y peque\u00f1as abolladuras visualmente discretas. Esto no afecta al funcionamiento de la regadera. Todas las regaderas se someten a pruebas de estanqueidad.    <\/p>\n<div class=\"brlbs-cmpnt-container brlbs-cmpnt-content-blocker brlbs-cmpnt-with-individual-styles\" data-borlabs-cookie-content-blocker-id=\"youtube-content-blocker\" data-borlabs-cookie-content=\"PGlmcmFtZSB0aXRsZT0iUmVwcm9kdWN0b3IgZGUgdsOtZGVvIGRlIFlvdVR1YmUiIHNyYz0iaHR0cHM6Ly93d3cueW91dHViZS1ub2Nvb2tpZS5jb20vZW1iZWQvYUlOeG0yWnhpTVU\/c3RhcnQ9OSIgd2lkdGg9IjU2MCIgaGVpZ2h0PSIzMTUiIGZyYW1lYm9yZGVyPSIwIiBhbGxvd2Z1bGxzY3JlZW49ImFsbG93ZnVsbHNjcmVlbiI+PC9pZnJhbWU+\">\n<div class=\"brlbs-cmpnt-cb-preset-c brlbs-cmpnt-cb-youtube\">\n<div class=\"brlbs-cmpnt-cb-thumbnail\" style=\"background-image: url('https:\/\/kupferspuren.at\/wp-content\/uploads\/borlabs-cookie\/1\/yt_aINxm2ZxiMU_hqdefault.jpg')\"><\/div>\n<div class=\"brlbs-cmpnt-cb-main\">\n<div class=\"brlbs-cmpnt-cb-play-button\"><\/div>\n<div class=\"brlbs-cmpnt-cb-content\">\n<p class=\"brlbs-cmpnt-cb-description\">Est\u00e1s viendo un contenido de marcador de posici\u00f3n de <strong>YouTube<\/strong>. Para acceder al contenido real, haz clic en el siguiente bot\u00f3n. Ten en cuenta que al hacerlo compartir\u00e1s datos con terceros proveedores.<\/p>\n<p> <a class=\"brlbs-cmpnt-cb-provider-toggle\" href=\"#\" data-borlabs-cookie-show-provider-information role=\"button\">M\u00e1s informaci\u00f3n<\/a> <\/div>\n<div class=\"brlbs-cmpnt-cb-buttons\"> <a class=\"brlbs-cmpnt-cb-btn\" href=\"#\" data-borlabs-cookie-unblock role=\"button\">Desbloquear contenido<\/a> <a class=\"brlbs-cmpnt-cb-btn\" href=\"#\" data-borlabs-cookie-accept-service role=\"button\" style=\"display: inherit\">Aceptar el servicio requerido y desbloquear los contenidos<\/a> <\/div>\n<\/p><\/div>\n<\/p><\/div>\n<\/div>\n<\/div>\n","protected":false},"excerpt":{"rendered":"<h4><strong>  3 LITROS (m\u00e1x. = lleno hasta el borde)<br \/>\n<\/strong><\/h4>\n<p>Regadera de <strong>cobre puro<\/strong>.<br \/>\nEl extremo del pico est\u00e1 inclinado para conseguir un remolino de agua especial.<br \/>\nAltura 28 cm con soporte de sujeci\u00f3n \/ \u00d8 15 cm \/ anchura con ca\u00f1o 48 cm \/ peso 1kg<\/p>\n","protected":false},"featured_media":26821,"comment_status":"open","ping_status":"closed","template":"","meta":[],"product_brand":[],"product_cat":[246],"product_tag":[],"class_list":{"0":"post-1933","1":"product","2":"type-product","3":"status-publish","4":"has-post-thumbnail","6":"product_cat-regaderas-de-cobre-es","7":"product_shipping_class-giesskanne-es","9":"first","10":"instock","11":"taxable","12":"shipping-taxable","13":"purchasable","14":"product-type-simple"},"_links":{"self":[{"href":"https:\/\/kupferspuren.at\/es\/wp-json\/wp\/v2\/product\/1933","targetHints":{"allow":["GET"]}}],"collection":[{"href":"https:\/\/kupferspuren.at\/es\/wp-json\/wp\/v2\/product"}],"about":[{"href":"https:\/\/kupferspuren.at\/es\/wp-json\/wp\/v2\/types\/product"}],"replies":[{"embeddable":true,"href":"https:\/\/kupferspuren.at\/es\/wp-json\/wp\/v2\/comments?post=1933"}],"wp:featuredmedia":[{"embeddable":true,"href":"https:\/\/kupferspuren.at\/es\/wp-json\/wp\/v2\/media\/26821"}],"wp:attachment":[{"href":"https:\/\/kupferspuren.at\/es\/wp-json\/wp\/v2\/media?parent=1933"}],"wp:term":[{"taxonomy":"product_brand","embeddable":true,"href":"https:\/\/kupferspuren.at\/es\/wp-json\/wp\/v2\/product_brand?post=1933"},{"taxonomy":"product_cat","embeddable":true,"href":"https:\/\/kupferspuren.at\/es\/wp-json\/wp\/v2\/product_cat?post=1933"},{"taxonomy":"product_tag","embeddable":true,"href":"https:\/\/kupferspuren.at\/es\/wp-json\/wp\/v2\/product_tag?post=1933"}],"curies":[{"name":"wp","href":"https:\/\/api.w.org\/{rel}","templated":true}]}}