{"id":1950,"date":"2017-09-29T11:22:15","date_gmt":"2017-09-29T09:22:15","guid":{"rendered":"http:\/\/pksbronze.at\/produkt\/rasenkantenstecher-herkules\/"},"modified":"2026-02-06T18:08:39","modified_gmt":"2026-02-06T17:08:39","slug":"rasenkantenstecher-herkules","status":"publish","type":"product","link":"https:\/\/kupferspuren.at\/es\/produkt\/rasenkantenstecher-herkules\/","title":{"rendered":"Cortadora de c\u00e9sped HERKULES"},"content":{"rendered":"<p><img loading=\"lazy\" decoding=\"async\" class=\"wp-image-272 size-full alignleft\" src=\"https:\/\/kupferspuren.at\/wp-content\/uploads\/2017\/09\/723922a3ce.jpg\" alt=\"\" width=\"600\" height=\"217\" srcset=\"https:\/\/kupferspuren.at\/wp-content\/uploads\/2017\/09\/723922a3ce.jpg 600w, https:\/\/kupferspuren.at\/wp-content\/uploads\/2017\/09\/723922a3ce-300x109.jpg 300w, https:\/\/kupferspuren.at\/wp-content\/uploads\/2017\/09\/723922a3ce-416x150.jpg 416w, https:\/\/kupferspuren.at\/wp-content\/uploads\/2017\/09\/723922a3ce-150x54.jpg 150w, https:\/\/kupferspuren.at\/wp-content\/uploads\/2017\/09\/723922a3ce-324x117.jpg 324w\" sizes=\"auto, (max-width: 600px) 100vw, 600px\" \/><\/p>\n<p>&nbsp;<\/p>\n<div class=\"brlbs-cmpnt-container brlbs-cmpnt-content-blocker brlbs-cmpnt-with-individual-styles\" data-borlabs-cookie-content-blocker-id=\"youtube-content-blocker\" data-borlabs-cookie-content=\"PGlmcmFtZSBzcmM9Imh0dHBzOi8vd3d3LnlvdXR1YmUtbm9jb29raWUuY29tL2VtYmVkL0N1Y01xVFozT0wwP3JlbD0wIiB3aWR0aD0iNTYwIiBoZWlnaHQ9IjMxNSIgZnJhbWVib3JkZXI9IjAiIGFsbG93ZnVsbHNjcmVlbj0iYWxsb3dmdWxsc2NyZWVuIj48L2lmcmFtZT4=\">\n<div class=\"brlbs-cmpnt-cb-preset-c brlbs-cmpnt-cb-youtube\">\n<div class=\"brlbs-cmpnt-cb-thumbnail\" style=\"background-image: url('https:\/\/kupferspuren.at\/wp-content\/uploads\/borlabs-cookie\/1\/yt_CucMqTZ3OL0_hqdefault.jpg')\"><\/div>\n<div class=\"brlbs-cmpnt-cb-main\">\n<div class=\"brlbs-cmpnt-cb-play-button\"><\/div>\n<div class=\"brlbs-cmpnt-cb-content\">\n<p class=\"brlbs-cmpnt-cb-description\">Est\u00e1s viendo un contenido de marcador de posici\u00f3n de <strong>YouTube<\/strong>. Para acceder al contenido real, haz clic en el siguiente bot\u00f3n. Ten en cuenta que al hacerlo compartir\u00e1s datos con terceros proveedores.<\/p>\n<p> <a class=\"brlbs-cmpnt-cb-provider-toggle\" href=\"#\" data-borlabs-cookie-show-provider-information role=\"button\">M\u00e1s informaci\u00f3n<\/a> <\/div>\n<div class=\"brlbs-cmpnt-cb-buttons\"> <a class=\"brlbs-cmpnt-cb-btn\" href=\"#\" data-borlabs-cookie-unblock role=\"button\">Desbloquear contenido<\/a> <a class=\"brlbs-cmpnt-cb-btn\" href=\"#\" data-borlabs-cookie-accept-service role=\"button\" style=\"display: inherit\">Aceptar el servicio requerido y desbloquear los contenidos<\/a> <\/div>\n<\/p><\/div>\n<\/p><\/div>\n<\/div>\n<h1>Ventajas<\/h1>\n<ul>\n<li><b>No<\/b> necesita <b>mantenimiento<\/b>.<\/li>\n<li><b>No hay formaci\u00f3n de \u00f3xido <\/b>(\u00a1tampoco <a href=\"https:\/\/kupferspuren.at\/es\/informacion\/cobre\/patina-o-cardenillo\/\">verd\u00edn! \u00bfves verd\u00edn o p\u00e1tina<\/a>? ).<\/li>\n<li>Se pueden volver a afilar o biselar.<\/li>\n<li>Tienen <b>una vida \u00fatil<\/b> incomparablemente <b>m\u00e1s larga<\/b> que los aparatos de hierro.<\/li>\n<li>Trabajar con herramientas de jard\u00edn de cobre es <b>m\u00e1s eficiente desde el punto de vista energ\u00e9tico<\/b> gracias a las propiedades del material.<\/li>\n<li><b>No<\/b> se carga <b>magn\u00e9ticamente<\/b>. El campo de tensi\u00f3n natural de nuestro medio de cultivo apenas se ve alterado por la intervenci\u00f3n con herramientas de jard\u00edn de cobre. Esto mejora el equilibrio h\u00eddrico del suelo y el comportamiento de los caracoles (ver: <a href=\"https:\/\/kupferspuren.at\/es\/informacion\/cobre\/efecto\/jane-cobbald-wie-ich-schnecken-schaetzen-lernte\/\">Jane Cobbald<\/a>).  <\/li>\n<li>A trav\u00e9s de los experimentos del cient\u00edfico natural <a href=\"http:\/\/www.pks.or.at\" target=\"_blank\" rel=\"noopener noreferrer\"><b>Viktor Schauberger<\/b><\/a> en la d\u00e9cada de 1950, se pudo demostrar la mejora del suelo y el fomento del crecimiento asociado.<\/li>\n<li>La abrasi\u00f3n introduce en el suelo <b>oligoelementos de cobre<\/b>, que desempe\u00f1an un papel esencial en los procesos enzim\u00e1ticos: ver <a href=\"https:\/\/kupferspuren.at\/es\/informacion\/cobre\/el-cobre-y-el-crecimiento\/\">\u00abEl cobre y el crecimiento\u00bb<\/a><\/li>\n<li><b>M\u00e1s de 20 a\u00f1os de experiencia<\/b> en la producci\u00f3n.<br \/>\nLos jardineros entusiastas <b>confirman nuestra calidad.<\/b><\/li>\n<\/ul>\n","protected":false},"excerpt":{"rendered":"<p>Para cortar los bordes del c\u00e9sped, afila los bordes por ambos lados.<br \/>\nAleaci\u00f3n de cobre <strong>macizo <\/strong>, mango de madera de fresno. 102 cm \/ hoja de media luna 26 cm x 13 cm \/ 1,8 kg <\/p>\n","protected":false},"featured_media":27016,"comment_status":"open","ping_status":"closed","template":"","meta":[],"product_brand":[],"product_cat":[176],"product_tag":[],"class_list":{"0":"post-1950","1":"product","2":"type-product","3":"status-publish","4":"has-post-thumbnail","6":"product_cat-grandes-herramientas-de-cobre-es","8":"first","9":"instock","10":"taxable","11":"shipping-taxable","12":"purchasable","13":"product-type-simple"},"_links":{"self":[{"href":"https:\/\/kupferspuren.at\/es\/wp-json\/wp\/v2\/product\/1950","targetHints":{"allow":["GET"]}}],"collection":[{"href":"https:\/\/kupferspuren.at\/es\/wp-json\/wp\/v2\/product"}],"about":[{"href":"https:\/\/kupferspuren.at\/es\/wp-json\/wp\/v2\/types\/product"}],"replies":[{"embeddable":true,"href":"https:\/\/kupferspuren.at\/es\/wp-json\/wp\/v2\/comments?post=1950"}],"wp:featuredmedia":[{"embeddable":true,"href":"https:\/\/kupferspuren.at\/es\/wp-json\/wp\/v2\/media\/27016"}],"wp:attachment":[{"href":"https:\/\/kupferspuren.at\/es\/wp-json\/wp\/v2\/media?parent=1950"}],"wp:term":[{"taxonomy":"product_brand","embeddable":true,"href":"https:\/\/kupferspuren.at\/es\/wp-json\/wp\/v2\/product_brand?post=1950"},{"taxonomy":"product_cat","embeddable":true,"href":"https:\/\/kupferspuren.at\/es\/wp-json\/wp\/v2\/product_cat?post=1950"},{"taxonomy":"product_tag","embeddable":true,"href":"https:\/\/kupferspuren.at\/es\/wp-json\/wp\/v2\/product_tag?post=1950"}],"curies":[{"name":"wp","href":"https:\/\/api.w.org\/{rel}","templated":true}]}}