{"id":1972,"date":"2017-09-29T10:09:14","date_gmt":"2017-09-29T08:09:14","guid":{"rendered":"http:\/\/pksbronze.at\/produkt\/kleiner-spitzspaten-carina-aus-kupfer\/"},"modified":"2020-01-16T15:42:47","modified_gmt":"2020-01-16T14:42:47","slug":"spitzspaten-carina","status":"publish","type":"product","link":"https:\/\/kupferspuren.at\/es\/produkt\/spitzspaten-carina\/","title":{"rendered":"Pala peque\u00f1a puntiagudo \u00abCARINA\u00bb"},"content":{"rendered":"<p><span id=\"result_box\" lang=\"es\">Aleaciones de <strong>cobre<\/strong><\/span><strong> s\u00f3lido<\/strong>, mango de fresno.<\/p>\n<p><img loading=\"lazy\" decoding=\"async\" class=\"alignnone size-full wp-image-1973\" src=\"https:\/\/kupferspuren.at\/wp-content\/uploads\/2017\/09\/Spitzspaten_aus_Kupfer.jpg\" alt=\"peque\u00f1a pala de cobre\" width=\"600\" height=\"264\" srcset=\"https:\/\/kupferspuren.at\/wp-content\/uploads\/2017\/09\/Spitzspaten_aus_Kupfer.jpg 600w, https:\/\/kupferspuren.at\/wp-content\/uploads\/2017\/09\/Spitzspaten_aus_Kupfer-300x132.jpg 300w, https:\/\/kupferspuren.at\/wp-content\/uploads\/2017\/09\/Spitzspaten_aus_Kupfer-416x183.jpg 416w\" sizes=\"auto, (max-width: 600px) 100vw, 600px\" \/><\/p>\n<h1><span id=\"result_box\" lang=\"es\">Beneficios<\/span><\/h1>\n<p><span style=\"color: #808000;\">Por qu\u00e9 usar herramientas de <strong>cobre en vez de hierro<\/strong>?<\/span><\/p>\n<ul>\n<li><span style=\"color: #333333;\"><b>No se oxidan. <\/b><span lang=\"es-ES\"><b>No se necesita cuidado.<br \/>\n<\/b><\/span><b><br \/>\n<\/b><\/span><\/li>\n<li><span style=\"color: #333333;\"><span style=\"color: #333333;\"><b>Tienen una duraci\u00f3n incomparablemente m\u00e1s larga que herramientas de hierro.<\/b><\/span><\/span><\/li>\n<li><span style=\"color: #333333;\"><span style=\"color: #333333;\"><b>Necesitas menos energ\u00eda cuando trabajas debido a las propiedades del material.<\/b><\/span><\/span><\/li>\n<li><span style=\"color: #333333;\">Pueden ser afilados y martilleados con una piedra de afilar normal.\n<p><\/span><\/li>\n<li><span style=\"color: #333333;\"><span style=\"color: #333333;\">A trav\u00e9s de la frotaci\u00f3n se mezclan elementos de cobre con la tierra, los cuales tienen un papel importante en los procesos enzim\u00e1ticos del suelo y tiene efecto positivo para el almacenamiento de agua en la tierra. Atribuye as\u00ed a una mejora en la calidad de la tierra y de los frutos de la misma.<\/span><\/span><\/li>\n<li>\n<p lang=\"es-ES\"><span style=\"color: #333333;\">Mediante experimentos del naturalista Viktor Schauberger en los a\u00f1os 50, se pudo probar la mejora del suelo y la promoci\u00f3n del crecimiento asociada.<\/span><\/p>\n<\/li>\n<li>\n<p lang=\"es-ES\"><span style=\"color: #333333;\"><span lang=\"de-DE\">No tiene carga magn\u00e9tica. La tensi\u00f3n natural en nuestro suelo apenas se ve perturbada por la intervenci\u00f3n con Kupfergartenger\u00e4ten. Esto mejora el equilibrio del agua en el suelo.<\/span> <\/span><\/p>\n<\/li>\n<li><span style=\"color: #333333;\"><span style=\"color: #333333;\">El equilibrio natural en la tierra no es da\u00f1ado por el trabajo con la herramienta de cobre.<\/span><\/span>&nbsp;<\/li>\n<li><span style=\"color: #333333;\"><b><span lang=\"es-ES\">M\u00e1s de 20 a\u00f1os de experiencia en fabricaci\u00f3n. Los jardineros entusiastas y los jardineros confirman nuestra calidad.<\/span><\/b><\/span><\/li>\n<\/ul>\n","protected":false},"excerpt":{"rendered":"<p>Para plantaciones en peque\u00f1os espacios. \u00a065 x 13 cm<\/p>\n","protected":false},"featured_media":4919,"comment_status":"open","ping_status":"closed","template":"","meta":[],"product_brand":[],"product_cat":[176,180,177],"product_tag":[],"class_list":{"0":"post-1972","1":"product","2":"type-product","3":"status-publish","4":"has-post-thumbnail","6":"product_cat-grandes-herramientas-de-cobre-es","7":"product_cat-pala-y-excavacion-es","8":"product_cat-shovel-and-dig-en","10":"first","11":"instock","12":"taxable","13":"shipping-taxable","14":"purchasable","15":"product-type-simple"},"_links":{"self":[{"href":"https:\/\/kupferspuren.at\/es\/wp-json\/wp\/v2\/product\/1972","targetHints":{"allow":["GET"]}}],"collection":[{"href":"https:\/\/kupferspuren.at\/es\/wp-json\/wp\/v2\/product"}],"about":[{"href":"https:\/\/kupferspuren.at\/es\/wp-json\/wp\/v2\/types\/product"}],"replies":[{"embeddable":true,"href":"https:\/\/kupferspuren.at\/es\/wp-json\/wp\/v2\/comments?post=1972"}],"wp:featuredmedia":[{"embeddable":true,"href":"https:\/\/kupferspuren.at\/es\/wp-json\/wp\/v2\/media\/4919"}],"wp:attachment":[{"href":"https:\/\/kupferspuren.at\/es\/wp-json\/wp\/v2\/media?parent=1972"}],"wp:term":[{"taxonomy":"product_brand","embeddable":true,"href":"https:\/\/kupferspuren.at\/es\/wp-json\/wp\/v2\/product_brand?post=1972"},{"taxonomy":"product_cat","embeddable":true,"href":"https:\/\/kupferspuren.at\/es\/wp-json\/wp\/v2\/product_cat?post=1972"},{"taxonomy":"product_tag","embeddable":true,"href":"https:\/\/kupferspuren.at\/es\/wp-json\/wp\/v2\/product_tag?post=1972"}],"curies":[{"name":"wp","href":"https:\/\/api.w.org\/{rel}","templated":true}]}}