{"id":2047,"date":"2017-09-29T09:32:47","date_gmt":"2017-09-29T07:32:47","guid":{"rendered":"http:\/\/pksbronze.at\/produkt\/bodenlockerer-sauzahn-pegasus\/"},"modified":"2025-08-28T14:36:58","modified_gmt":"2025-08-28T12:36:58","slug":"bio-cultivador-pegasus","status":"publish","type":"product","link":"https:\/\/kupferspuren.at\/es\/produkt\/bio-cultivador-pegasus\/","title":{"rendered":"Sauzahn PEGASUS"},"content":{"rendered":"<div class=\"csc-textpic-text\">\n<p>La herramienta universal de un jardinero ecol\u00f3gico airea las distintas capas del suelo sin modificarlas y aporta ox\u00edgeno a las ra\u00edces. Esto no s\u00f3lo protege la estratificaci\u00f3n natural, sino tambi\u00e9n el h\u00e1bitat de las lombrices y los microorganismos. <\/p>\n<p>Con el diente de siembra, que afloja grandes superficies sin gran esfuerzo, se puede aplicar compost y abono intermedio en la superficie. Tambi\u00e9n es adecuada para cosechar todos los cultivos de ra\u00edces. <\/p>\n<\/div>\n<p><img loading=\"lazy\" decoding=\"async\" class=\"alignnone wp-image-217 size-full\" src=\"https:\/\/kupferspuren.at\/wp-content\/uploads\/2017\/09\/Kupfersauzahn_01.jpg\" alt=\"Sauzahn de cobre\" width=\"600\" height=\"288\" srcset=\"https:\/\/kupferspuren.at\/wp-content\/uploads\/2017\/09\/Kupfersauzahn_01.jpg 600w, https:\/\/kupferspuren.at\/wp-content\/uploads\/2017\/09\/Kupfersauzahn_01-300x144.jpg 300w, https:\/\/kupferspuren.at\/wp-content\/uploads\/2017\/09\/Kupfersauzahn_01-416x200.jpg 416w, https:\/\/kupferspuren.at\/wp-content\/uploads\/2017\/09\/Kupfersauzahn_01-150x72.jpg 150w, https:\/\/kupferspuren.at\/wp-content\/uploads\/2017\/09\/Kupfersauzahn_01-324x156.jpg 324w\" sizes=\"auto, (max-width: 600px) 100vw, 600px\" \/><\/p>\n<p><img loading=\"lazy\" decoding=\"async\" class=\"alignnone wp-image-218 size-full\" src=\"https:\/\/kupferspuren.at\/wp-content\/uploads\/2017\/09\/030_Teil_11.jpg\" alt=\"\" width=\"600\" height=\"387\" srcset=\"https:\/\/kupferspuren.at\/wp-content\/uploads\/2017\/09\/030_Teil_11.jpg 600w, https:\/\/kupferspuren.at\/wp-content\/uploads\/2017\/09\/030_Teil_11-300x194.jpg 300w, https:\/\/kupferspuren.at\/wp-content\/uploads\/2017\/09\/030_Teil_11-416x268.jpg 416w, https:\/\/kupferspuren.at\/wp-content\/uploads\/2017\/09\/030_Teil_11-150x97.jpg 150w, https:\/\/kupferspuren.at\/wp-content\/uploads\/2017\/09\/030_Teil_11-324x209.jpg 324w\" sizes=\"auto, (max-width: 600px) 100vw, 600px\" \/><\/p>\n<p>&nbsp;<\/p>\n<p><code><iframe loading=\"lazy\" src=\"https:\/\/www.youtube.com\/embed\/_w_BoFfFddQ?rel=0\" width=\"560\" height=\"315\" frameborder=\"0\" allowfullscreen=\"allowfullscreen\"\/><\/code><\/p>\n<h1>Ventajas<\/h1>\n<ul>\n<li><b>No<\/b> necesita <b>mantenimiento<\/b>.<\/li>\n<li><b>No hay formaci\u00f3n de \u00f3xido <\/b>(\u00a1tampoco <a href=\"https:\/\/kupferspuren.at\/es\/informacion\/cobre\/patina-o-cardenillo\/\">verd\u00edn! \u00bfves verd\u00edn o p\u00e1tina<\/a>? ).<\/li>\n<li>Se pueden volver a afilar o biselar.<\/li>\n<li>Tienen <b>una vida \u00fatil<\/b> incomparablemente <b>m\u00e1s larga<\/b> que los aparatos de hierro.<\/li>\n<li>Trabajar con herramientas de jard\u00edn de cobre es <b>m\u00e1s eficiente desde el punto de vista energ\u00e9tico<\/b> gracias a las propiedades del material.<\/li>\n<li><b>No<\/b> se carga <b>magn\u00e9ticamente<\/b>. El campo de tensi\u00f3n natural de nuestro medio de cultivo apenas se ve alterado por la intervenci\u00f3n con herramientas de jard\u00edn de cobre. Esto mejora el equilibrio h\u00eddrico del suelo y el comportamiento de los caracoles (ver: <a href=\"https:\/\/kupferspuren.at\/es\/informacion\/cobre\/efecto\/jane-cobbald-wie-ich-schnecken-schaetzen-lernte\/\">Jane Cobbald<\/a>).  <\/li>\n<li>A trav\u00e9s de los experimentos del cient\u00edfico natural <a href=\"http:\/\/www.pks.or.at\" target=\"_blank\" rel=\"noopener noreferrer\"><b>Viktor Schauberger<\/b><\/a> en la d\u00e9cada de 1950, se pudo demostrar la mejora del suelo y el fomento del crecimiento asociado.<\/li>\n<li>La abrasi\u00f3n introduce en el suelo <b>oligoelementos de cobre<\/b>, que desempe\u00f1an un papel esencial en los procesos enzim\u00e1ticos: ver <a href=\"https:\/\/kupferspuren.at\/es\/informacion\/cobre\/el-cobre-y-el-crecimiento\/\">\u00abEl cobre y el crecimiento\u00bb<\/a><\/li>\n<li><b>M\u00e1s de 20 a\u00f1os de experiencia<\/b> en la producci\u00f3n.<br \/>\nLos jardineros entusiastas <b>confirman nuestra calidad.<\/b><\/li>\n<\/ul>\n<p><a href=\"https:\/\/kupferspuren.at\/es\/produkt\/lindenholz-stiel\/\">&gt;  SUSTITUYE<\/a><\/p>\n<p>&nbsp;<\/p>\n","protected":false},"excerpt":{"rendered":"<p>Para aflojar la tierra con suavidad y ahorrando energ\u00eda.<br \/>\nComo un arado de mano, tira, afloja la tierra con eficacia, profundidad y precisi\u00f3n. Muy estable!<br \/>\nDiente met\u00e1lico de aleaci\u00f3n de cobre <strong>macizo<\/strong>, soporte de lat\u00f3n, mango de madera de tilo sin tratar de forma ergon\u00f3mica. 152 cm \/ 24 cm \/ 1,1 kg  <\/p>\n","protected":false},"featured_media":27031,"comment_status":"open","ping_status":"closed","template":"","meta":[],"product_brand":[],"product_cat":[176],"product_tag":[265,545,544],"class_list":{"0":"post-2047","1":"product","2":"type-product","3":"status-publish","4":"has-post-thumbnail","6":"product_cat-grandes-herramientas-de-cobre-es","7":"product_tag-aflojar-es","8":"product_tag-cobre-molar","9":"product_tag-diente-de-cerda","11":"first","12":"instock","13":"taxable","14":"shipping-taxable","15":"purchasable","16":"product-type-simple"},"_links":{"self":[{"href":"https:\/\/kupferspuren.at\/es\/wp-json\/wp\/v2\/product\/2047","targetHints":{"allow":["GET"]}}],"collection":[{"href":"https:\/\/kupferspuren.at\/es\/wp-json\/wp\/v2\/product"}],"about":[{"href":"https:\/\/kupferspuren.at\/es\/wp-json\/wp\/v2\/types\/product"}],"replies":[{"embeddable":true,"href":"https:\/\/kupferspuren.at\/es\/wp-json\/wp\/v2\/comments?post=2047"}],"wp:featuredmedia":[{"embeddable":true,"href":"https:\/\/kupferspuren.at\/es\/wp-json\/wp\/v2\/media\/27031"}],"wp:attachment":[{"href":"https:\/\/kupferspuren.at\/es\/wp-json\/wp\/v2\/media?parent=2047"}],"wp:term":[{"taxonomy":"product_brand","embeddable":true,"href":"https:\/\/kupferspuren.at\/es\/wp-json\/wp\/v2\/product_brand?post=2047"},{"taxonomy":"product_cat","embeddable":true,"href":"https:\/\/kupferspuren.at\/es\/wp-json\/wp\/v2\/product_cat?post=2047"},{"taxonomy":"product_tag","embeddable":true,"href":"https:\/\/kupferspuren.at\/es\/wp-json\/wp\/v2\/product_tag?post=2047"}],"curies":[{"name":"wp","href":"https:\/\/api.w.org\/{rel}","templated":true}]}}