{"id":2061,"date":"2017-09-29T10:16:03","date_gmt":"2017-09-29T08:16:03","guid":{"rendered":"http:\/\/pksbronze.at\/produkt\/kupferspaten-orion\/"},"modified":"2026-01-23T08:09:18","modified_gmt":"2026-01-23T07:09:18","slug":"cobre-palin-orion","status":"publish","type":"product","link":"https:\/\/kupferspuren.at\/es\/produkt\/cobre-palin-orion\/","title":{"rendered":"Pala de cobre ORION"},"content":{"rendered":"<p><img loading=\"lazy\" decoding=\"async\" class=\"alignnone wp-image-2399 size-full\" src=\"https:\/\/kupferspuren.at\/wp-content\/uploads\/2017\/09\/P080_Kupferspaten_PKS_03.jpg\" alt=\"pala de cobre pks bronce\" width=\"585\" height=\"500\" srcset=\"https:\/\/kupferspuren.at\/wp-content\/uploads\/2017\/09\/P080_Kupferspaten_PKS_03.jpg 585w, https:\/\/kupferspuren.at\/wp-content\/uploads\/2017\/09\/P080_Kupferspaten_PKS_03-300x256.jpg 300w, https:\/\/kupferspuren.at\/wp-content\/uploads\/2017\/09\/P080_Kupferspaten_PKS_03-416x356.jpg 416w, https:\/\/kupferspuren.at\/wp-content\/uploads\/2017\/09\/P080_Kupferspaten_PKS_03-150x128.jpg 150w, https:\/\/kupferspuren.at\/wp-content\/uploads\/2017\/09\/P080_Kupferspaten_PKS_03-324x277.jpg 324w\" sizes=\"auto, (max-width: 585px) 100vw, 585px\" \/><img loading=\"lazy\" decoding=\"async\" class=\"alignnone wp-image-247 size-full\" src=\"https:\/\/kupferspuren.at\/wp-content\/uploads\/2017\/09\/toolbox_01.jpg\" alt=\"\" width=\"360\" height=\"131\" srcset=\"https:\/\/kupferspuren.at\/wp-content\/uploads\/2017\/09\/toolbox_01.jpg 360w, https:\/\/kupferspuren.at\/wp-content\/uploads\/2017\/09\/toolbox_01-300x109.jpg 300w, https:\/\/kupferspuren.at\/wp-content\/uploads\/2017\/09\/toolbox_01-150x55.jpg 150w, https:\/\/kupferspuren.at\/wp-content\/uploads\/2017\/09\/toolbox_01-324x118.jpg 324w\" sizes=\"auto, (max-width: 360px) 100vw, 360px\" \/><\/p>\n<p>Costuras de soldadura relacionadas con la producci\u00f3n.<br \/>\n<em>El experto sabe que esto es dif\u00edcilmente posible de un modo m\u00e1s agradable, ya que las propiedades del material establecen l\u00edmites.<\/em><\/p>\n<p><img loading=\"lazy\" decoding=\"async\" class=\"alignnone wp-image-245 size-full\" src=\"https:\/\/kupferspuren.at\/wp-content\/uploads\/2017\/09\/PKS_Bronze.jpg\" alt=\"pala de cobre y pala de cobre\" width=\"545\" height=\"300\"><\/p>\n<h1>Ventajas<\/h1>\n<ul>\n<li><b>No<\/b> necesita <b>mantenimiento<\/b>.<\/li>\n<li><b>No hay formaci\u00f3n de \u00f3xido <\/b>(\u00a1tampoco <a href=\"https:\/\/kupferspuren.at\/es\/informacion\/cobre\/patina-o-cardenillo\/\">verd\u00edn! \u00bfves verd\u00edn o p\u00e1tina<\/a>? ).<\/li>\n<li>Se pueden volver a afilar o biselar.<\/li>\n<li>Tienen <b>una vida \u00fatil<\/b> incomparablemente <b>m\u00e1s larga<\/b> que los aparatos de hierro.<\/li>\n<li>Trabajar con herramientas de jard\u00edn de cobre es <b>m\u00e1s eficiente desde el punto de vista energ\u00e9tico<\/b> gracias a las propiedades del material.<\/li>\n<li><b>No<\/b> se carga <b>magn\u00e9ticamente<\/b>. El campo de tensi\u00f3n natural de nuestro medio de cultivo apenas se ve alterado por la intervenci\u00f3n con herramientas de jard\u00edn de cobre. Esto mejora el equilibrio h\u00eddrico del suelo y el comportamiento de los caracoles (ver: <a href=\"https:\/\/kupferspuren.at\/es\/informacion\/cobre\/efecto\/jane-cobbald-wie-ich-schnecken-schaetzen-lernte\/\">Jane Cobbald<\/a>).  <\/li>\n<li>A trav\u00e9s de los experimentos del cient\u00edfico natural <a href=\"http:\/\/www.pks.or.at\" target=\"_blank\" rel=\"noopener noreferrer\"><b>Viktor Schauberger<\/b><\/a> en la d\u00e9cada de 1950, se pudo demostrar la mejora del suelo y el fomento del crecimiento asociado.<\/li>\n<li>La abrasi\u00f3n introduce en el suelo <b>oligoelementos de cobre<\/b>, que desempe\u00f1an un papel esencial en los procesos enzim\u00e1ticos: ver <a href=\"https:\/\/kupferspuren.at\/es\/informacion\/cobre\/el-cobre-y-el-crecimiento\/\">\u00abEl cobre y el crecimiento\u00bb<\/a><\/li>\n<li><b>M\u00e1s de 20 a\u00f1os de experiencia<\/b> en la producci\u00f3n.<br \/>\nLos jardineros entusiastas <b>confirman nuestra calidad.<\/b><\/li>\n<\/ul>\n<p><a href=\"https:\/\/kupferspuren.at\/es\/produkt\/eschenholz-stiel\/\">&gt;  SUSTITUYE<\/a><\/p>\n<p><a href=\"https:\/\/www.biogaertner.at\/geschenke-fuer-gruene-daumen\/kupferwerkzeug\/\" target=\"_blank\" rel=\"noopener noreferrer\"><img loading=\"lazy\" decoding=\"async\" class=\"wp-image-10263 size-full aligncenter\" src=\"https:\/\/kupferspuren.at\/wp-content\/uploads\/2017\/09\/kupferwerkzeug-241x300.jpg\" alt=\"\" width=\"241\" height=\"300\" srcset=\"https:\/\/kupferspuren.at\/wp-content\/uploads\/2017\/09\/kupferwerkzeug-241x300.jpg 241w, https:\/\/kupferspuren.at\/wp-content\/uploads\/2017\/09\/kupferwerkzeug-241x300-121x150.jpg 121w\" sizes=\"auto, (max-width: 241px) 100vw, 241px\" \/><\/a><\/p>\n<p style=\"text-align: center;\">Karl Ploberger <a href=\"http:\/\/www.biogaertner.at\" target=\"_blank\" rel=\"noopener noreferrer\">www.biogaertner.at<\/a><\/p>\n","protected":false},"excerpt":{"rendered":"<p>Todo bajo control al cavar un hoyo de plantaci\u00f3n.<br \/>\nPala de aleaci\u00f3n de cobre <strong>macizo<\/strong>, mango curvado de madera de fresno sin tratar.<br \/>\n118 cm \/ hoja de pala 30 cm x 20 cm \/ 2 kg<br \/>\n<a href=\"https:\/\/youtu.be\/4Loge3QdQcM\" target=\"_blank\" rel=\"noopener noreferrer\">V\u00eddeo de Mandelu<\/a><\/p>\n","protected":false},"featured_media":27027,"comment_status":"open","ping_status":"closed","template":"","meta":[],"product_brand":[],"product_cat":[176,180],"product_tag":[310,424],"class_list":{"0":"post-2061","1":"product","2":"type-product","3":"status-publish","4":"has-post-thumbnail","6":"product_cat-grandes-herramientas-de-cobre-es","7":"product_cat-pala-y-excavacion-es","8":"product_tag-pala-es-es-2","9":"product_tag-pala-de-cobre","11":"first","12":"instock","13":"taxable","14":"shipping-taxable","15":"purchasable","16":"product-type-simple"},"_links":{"self":[{"href":"https:\/\/kupferspuren.at\/es\/wp-json\/wp\/v2\/product\/2061","targetHints":{"allow":["GET"]}}],"collection":[{"href":"https:\/\/kupferspuren.at\/es\/wp-json\/wp\/v2\/product"}],"about":[{"href":"https:\/\/kupferspuren.at\/es\/wp-json\/wp\/v2\/types\/product"}],"replies":[{"embeddable":true,"href":"https:\/\/kupferspuren.at\/es\/wp-json\/wp\/v2\/comments?post=2061"}],"wp:featuredmedia":[{"embeddable":true,"href":"https:\/\/kupferspuren.at\/es\/wp-json\/wp\/v2\/media\/27027"}],"wp:attachment":[{"href":"https:\/\/kupferspuren.at\/es\/wp-json\/wp\/v2\/media?parent=2061"}],"wp:term":[{"taxonomy":"product_brand","embeddable":true,"href":"https:\/\/kupferspuren.at\/es\/wp-json\/wp\/v2\/product_brand?post=2061"},{"taxonomy":"product_cat","embeddable":true,"href":"https:\/\/kupferspuren.at\/es\/wp-json\/wp\/v2\/product_cat?post=2061"},{"taxonomy":"product_tag","embeddable":true,"href":"https:\/\/kupferspuren.at\/es\/wp-json\/wp\/v2\/product_tag?post=2061"}],"curies":[{"name":"wp","href":"https:\/\/api.w.org\/{rel}","templated":true}]}}