{"id":2068,"date":"2017-09-29T07:43:11","date_gmt":"2017-09-29T05:43:11","guid":{"rendered":"http:\/\/pksbronze.at\/produkt\/kupferrechen-atik\/"},"modified":"2025-09-28T19:47:12","modified_gmt":"2025-09-28T17:47:12","slug":"kupferrechen-atik","status":"publish","type":"product","link":"https:\/\/kupferspuren.at\/es\/produkt\/kupferrechen-atik\/","title":{"rendered":"Rastrillo peque\u00f1o de cobre ATIK"},"content":{"rendered":"<p>Con mango largo  <a href=\"https:\/\/kupferspuren.at\/es\/produkt\/pequeno-rastrillo-atik-largo\/\">N\u00ba de pedido N\u00ba 116 \u00abATIK largo\u00bb <\/a><\/p>\n","protected":false},"excerpt":{"rendered":"<p>Rastrillo peque\u00f1o y manejable para aflojar y nivelar. Aleaci\u00f3n <strong>s\u00f3lida<\/strong> de cobre, mango de madera de haya.<br \/>\n32 cm \/ 14 cm \/ 6 cm \/ 200 g<br \/>\n<img loading=\"lazy\" decoding=\"async\" class=\"alignnone size-medium wp-image-5233\" src=\"https:\/\/kupferspuren.at\/wp-content\/uploads\/2017\/09\/Copper_Rake_PKS_Bronze-300x155-1-300x155.jpg\" alt=\"Rastrillo de cobre Atik\" width=\"300\" height=\"155\" srcset=\"https:\/\/kupferspuren.at\/wp-content\/uploads\/2017\/09\/Copper_Rake_PKS_Bronze-300x155-1.jpg 300w, https:\/\/kupferspuren.at\/wp-content\/uploads\/2017\/09\/Copper_Rake_PKS_Bronze-300x155-1-150x78.jpg 150w\" sizes=\"auto, (max-width: 300px) 100vw, 300px\" \/><\/p>\n","protected":false},"featured_media":26830,"comment_status":"open","ping_status":"closed","template":"","meta":[],"product_brand":[],"product_cat":[174],"product_tag":[265,297],"class_list":{"0":"post-2068","1":"product","2":"type-product","3":"status-publish","4":"has-post-thumbnail","6":"product_cat-pequenas-herramientas-de-cobre-es","7":"product_tag-aflojar-es","8":"product_tag-rastrillo-es","10":"first","11":"instock","12":"taxable","13":"shipping-taxable","14":"purchasable","15":"product-type-simple"},"_links":{"self":[{"href":"https:\/\/kupferspuren.at\/es\/wp-json\/wp\/v2\/product\/2068","targetHints":{"allow":["GET"]}}],"collection":[{"href":"https:\/\/kupferspuren.at\/es\/wp-json\/wp\/v2\/product"}],"about":[{"href":"https:\/\/kupferspuren.at\/es\/wp-json\/wp\/v2\/types\/product"}],"replies":[{"embeddable":true,"href":"https:\/\/kupferspuren.at\/es\/wp-json\/wp\/v2\/comments?post=2068"}],"wp:featuredmedia":[{"embeddable":true,"href":"https:\/\/kupferspuren.at\/es\/wp-json\/wp\/v2\/media\/26830"}],"wp:attachment":[{"href":"https:\/\/kupferspuren.at\/es\/wp-json\/wp\/v2\/media?parent=2068"}],"wp:term":[{"taxonomy":"product_brand","embeddable":true,"href":"https:\/\/kupferspuren.at\/es\/wp-json\/wp\/v2\/product_brand?post=2068"},{"taxonomy":"product_cat","embeddable":true,"href":"https:\/\/kupferspuren.at\/es\/wp-json\/wp\/v2\/product_cat?post=2068"},{"taxonomy":"product_tag","embeddable":true,"href":"https:\/\/kupferspuren.at\/es\/wp-json\/wp\/v2\/product_tag?post=2068"}],"curies":[{"name":"wp","href":"https:\/\/api.w.org\/{rel}","templated":true}]}}