{"id":2080,"date":"2017-09-29T07:49:13","date_gmt":"2017-09-29T05:49:13","guid":{"rendered":"http:\/\/pksbronze.at\/produkt\/wurzelstecher-enif\/"},"modified":"2025-09-28T19:47:11","modified_gmt":"2025-09-28T17:47:11","slug":"wurzelstecher-enif","status":"publish","type":"product","link":"https:\/\/kupferspuren.at\/es\/produkt\/wurzelstecher-enif\/","title":{"rendered":"Podadora de ra\u00edces ENIF"},"content":{"rendered":"<p><img loading=\"lazy\" decoding=\"async\" class=\"alignnone wp-image-4891 size-full\" src=\"https:\/\/kupferspuren.at\/wp-content\/uploads\/2017\/09\/Enif4.jpg\" alt=\"arrancador de ra\u00edces\" width=\"721\" height=\"128\" srcset=\"https:\/\/kupferspuren.at\/wp-content\/uploads\/2017\/09\/Enif4.jpg 721w, https:\/\/kupferspuren.at\/wp-content\/uploads\/2017\/09\/Enif4-300x53.jpg 300w, https:\/\/kupferspuren.at\/wp-content\/uploads\/2017\/09\/Enif4-600x107.jpg 600w, https:\/\/kupferspuren.at\/wp-content\/uploads\/2017\/09\/Enif4-150x27.jpg 150w, https:\/\/kupferspuren.at\/wp-content\/uploads\/2017\/09\/Enif4-648x115.jpg 648w, https:\/\/kupferspuren.at\/wp-content\/uploads\/2017\/09\/Enif4-324x58.jpg 324w, https:\/\/kupferspuren.at\/wp-content\/uploads\/2017\/09\/Enif4-416x74.jpg 416w\" sizes=\"auto, (max-width: 721px) 100vw, 721px\" \/><\/p>\n<p>La desbrozadora es ideal para encontrar y cortar las ramas de las ra\u00edces de las malas hierbas. Los nudos de las malas hierbas proliferantes pueden eliminarse f\u00e1cilmente. <\/p>\n<p>Aunque es demasiado bueno para usarlo como rascador de juntas ;-)<\/p>\n<p><code><iframe loading=\"lazy\" src=\"https:\/\/www.youtube.com\/embed\/4D2RpShs99k?rel=0\" width=\"560\" height=\"315\" frameborder=\"0\" allowfullscreen=\"allowfullscreen\"\/><\/code><\/p>\n<h1>Ventajas<\/h1>\n<ul>\n<li><b>No<\/b> necesita <b>mantenimiento<\/b>.<\/li>\n<li><b>No hay formaci\u00f3n de \u00f3xido <\/b>(\u00a1tampoco <a href=\"https:\/\/kupferspuren.at\/es\/informacion\/cobre\/patina-o-cardenillo\/\">verd\u00edn! \u00bfves verd\u00edn o p\u00e1tina<\/a>? ).<\/li>\n<li>Se pueden volver a afilar o biselar.<\/li>\n<li>Tienen <b>una vida \u00fatil<\/b> incomparablemente <b>m\u00e1s larga<\/b> que los aparatos de hierro.<\/li>\n<li>Trabajar con herramientas de jard\u00edn de cobre es <b>m\u00e1s eficiente desde el punto de vista energ\u00e9tico<\/b> gracias a las propiedades del material.<\/li>\n<li><b>No<\/b> se carga <b>magn\u00e9ticamente<\/b>. El campo de tensi\u00f3n natural de nuestro medio de cultivo apenas se ve alterado por la intervenci\u00f3n con herramientas de jard\u00edn de cobre. Esto mejora el equilibrio h\u00eddrico del suelo y el comportamiento de los caracoles (ver: <a href=\"https:\/\/kupferspuren.at\/es\/informacion\/cobre\/efecto\/jane-cobbald-wie-ich-schnecken-schaetzen-lernte\/\">Jane Cobbald<\/a>).  <\/li>\n<li>A trav\u00e9s de los experimentos del cient\u00edfico natural <a href=\"http:\/\/www.pks.or.at\" target=\"_blank\" rel=\"noopener noreferrer\"><b>Viktor Schauberger<\/b><\/a> en la d\u00e9cada de 1950, se pudo demostrar la mejora del suelo y el fomento del crecimiento asociado.<\/li>\n<li>La abrasi\u00f3n introduce en el suelo <b>oligoelementos de cobre<\/b>, que desempe\u00f1an un papel esencial en los procesos enzim\u00e1ticos: ver <a href=\"https:\/\/kupferspuren.at\/es\/informacion\/cobre\/el-cobre-y-el-crecimiento\/\">\u00abEl cobre y el crecimiento\u00bb<\/a><\/li>\n<li><b>M\u00e1s de 20 a\u00f1os de experiencia<\/b> en la producci\u00f3n.<br \/>\nLos jardineros entusiastas <b>confirman nuestra calidad.<\/b><\/li>\n<\/ul>\n","protected":false},"excerpt":{"rendered":"<p>Ingeniosa herramienta para cortar plantas de ra\u00edces profundas, como los dientes de le\u00f3n: Dientes de le\u00f3n. Pero tambi\u00e9n es muy adecuada para cosechar dientes de le\u00f3n de la superficie en primavera. Tambi\u00e9n se conoce como cortahierbas. Aleaci\u00f3n de cobre <strong>macizo<\/strong>, mango de madera de haya. L 42 cm \/ 1,5 cm \/ 300 g   <\/p>\n","protected":false},"featured_media":26850,"comment_status":"open","ping_status":"closed","template":"","meta":[],"product_brand":[],"product_cat":[174],"product_tag":[450,451],"class_list":{"0":"post-2080","1":"product","2":"type-product","3":"status-publish","4":"has-post-thumbnail","6":"product_cat-pequenas-herramientas-de-cobre-es","7":"product_tag-unkrautstecher-es","8":"product_tag-wurzelstecher-es","10":"first","11":"instock","12":"taxable","13":"shipping-taxable","14":"purchasable","15":"product-type-simple"},"_links":{"self":[{"href":"https:\/\/kupferspuren.at\/es\/wp-json\/wp\/v2\/product\/2080","targetHints":{"allow":["GET"]}}],"collection":[{"href":"https:\/\/kupferspuren.at\/es\/wp-json\/wp\/v2\/product"}],"about":[{"href":"https:\/\/kupferspuren.at\/es\/wp-json\/wp\/v2\/types\/product"}],"replies":[{"embeddable":true,"href":"https:\/\/kupferspuren.at\/es\/wp-json\/wp\/v2\/comments?post=2080"}],"wp:featuredmedia":[{"embeddable":true,"href":"https:\/\/kupferspuren.at\/es\/wp-json\/wp\/v2\/media\/26850"}],"wp:attachment":[{"href":"https:\/\/kupferspuren.at\/es\/wp-json\/wp\/v2\/media?parent=2080"}],"wp:term":[{"taxonomy":"product_brand","embeddable":true,"href":"https:\/\/kupferspuren.at\/es\/wp-json\/wp\/v2\/product_brand?post=2080"},{"taxonomy":"product_cat","embeddable":true,"href":"https:\/\/kupferspuren.at\/es\/wp-json\/wp\/v2\/product_cat?post=2080"},{"taxonomy":"product_tag","embeddable":true,"href":"https:\/\/kupferspuren.at\/es\/wp-json\/wp\/v2\/product_tag?post=2080"}],"curies":[{"name":"wp","href":"https:\/\/api.w.org\/{rel}","templated":true}]}}