{"id":2092,"date":"2017-09-28T12:40:31","date_gmt":"2017-09-28T10:40:31","guid":{"rendered":"http:\/\/pksbronze.at\/produkt\/kleine-ziehhacke-scheddi\/"},"modified":"2025-08-28T14:41:18","modified_gmt":"2025-08-28T12:41:18","slug":"kleine-ziehhacke-scheddi","status":"publish","type":"product","link":"https:\/\/kupferspuren.at\/es\/produkt\/kleine-ziehhacke-scheddi\/","title":{"rendered":"Azada peque\u00f1a SCHEDDI"},"content":{"rendered":"<div id=\"c1855\" class=\"csc-default\">\n<p><img loading=\"lazy\" decoding=\"async\" class=\"alignnone size-full wp-image-165\" src=\"https:\/\/kupferspuren.at\/wp-content\/uploads\/2017\/09\/PKS_Bronze_Kupferziehhacke.jpg\" alt=\"\" width=\"600\" height=\"268\" srcset=\"https:\/\/kupferspuren.at\/wp-content\/uploads\/2017\/09\/PKS_Bronze_Kupferziehhacke.jpg 600w, https:\/\/kupferspuren.at\/wp-content\/uploads\/2017\/09\/PKS_Bronze_Kupferziehhacke-300x134.jpg 300w, https:\/\/kupferspuren.at\/wp-content\/uploads\/2017\/09\/PKS_Bronze_Kupferziehhacke-416x186.jpg 416w, https:\/\/kupferspuren.at\/wp-content\/uploads\/2017\/09\/PKS_Bronze_Kupferziehhacke-150x67.jpg 150w, https:\/\/kupferspuren.at\/wp-content\/uploads\/2017\/09\/PKS_Bronze_Kupferziehhacke-324x145.jpg 324w\" sizes=\"auto, (max-width: 600px) 100vw, 600px\" \/><\/p>\n<\/div>\n","protected":false},"excerpt":{"rendered":"<p>Muy ligera y manejable, de uso vers\u00e1til. Aleaci\u00f3n <strong>s\u00f3lida<\/strong> de cobre, mango de madera de haya. 32 cm \/ 8 cm \/ 200 g <\/p>\n","protected":false},"featured_media":26874,"comment_status":"open","ping_status":"closed","template":"","meta":[],"product_brand":[],"product_cat":[174],"product_tag":[265,279],"class_list":{"0":"post-2092","1":"product","2":"type-product","3":"status-publish","4":"has-post-thumbnail","6":"product_cat-pequenas-herramientas-de-cobre-es","7":"product_tag-aflojar-es","8":"product_tag-escardar-es","10":"first","11":"instock","12":"taxable","13":"shipping-taxable","14":"purchasable","15":"product-type-simple"},"_links":{"self":[{"href":"https:\/\/kupferspuren.at\/es\/wp-json\/wp\/v2\/product\/2092","targetHints":{"allow":["GET"]}}],"collection":[{"href":"https:\/\/kupferspuren.at\/es\/wp-json\/wp\/v2\/product"}],"about":[{"href":"https:\/\/kupferspuren.at\/es\/wp-json\/wp\/v2\/types\/product"}],"replies":[{"embeddable":true,"href":"https:\/\/kupferspuren.at\/es\/wp-json\/wp\/v2\/comments?post=2092"}],"wp:featuredmedia":[{"embeddable":true,"href":"https:\/\/kupferspuren.at\/es\/wp-json\/wp\/v2\/media\/26874"}],"wp:attachment":[{"href":"https:\/\/kupferspuren.at\/es\/wp-json\/wp\/v2\/media?parent=2092"}],"wp:term":[{"taxonomy":"product_brand","embeddable":true,"href":"https:\/\/kupferspuren.at\/es\/wp-json\/wp\/v2\/product_brand?post=2092"},{"taxonomy":"product_cat","embeddable":true,"href":"https:\/\/kupferspuren.at\/es\/wp-json\/wp\/v2\/product_cat?post=2092"},{"taxonomy":"product_tag","embeddable":true,"href":"https:\/\/kupferspuren.at\/es\/wp-json\/wp\/v2\/product_tag?post=2092"}],"curies":[{"name":"wp","href":"https:\/\/api.w.org\/{rel}","templated":true}]}}