{"id":2104,"date":"2017-09-29T08:52:22","date_gmt":"2017-09-29T06:52:22","guid":{"rendered":"http:\/\/pksbronze.at\/produkt\/kupferrechen-atik-lang\/"},"modified":"2025-08-28T14:36:41","modified_gmt":"2025-08-28T12:36:41","slug":"pequeno-rastrillo-atik-largo","status":"publish","type":"product","link":"https:\/\/kupferspuren.at\/es\/produkt\/pequeno-rastrillo-atik-largo\/","title":{"rendered":"Rastrillo de cobre peque\u00f1o ATIK largo"},"content":{"rendered":"<p>Id\u00e9ntica secci\u00f3n de cabeza que el rastrillo peque\u00f1o <a href=\"http:\/\/kupferspuren.at\/produkt\/kupferrechen-atik\/\">\u00abATIK corto\u00bb.<\/a><\/p>\n","protected":false},"excerpt":{"rendered":"<p>Pr\u00e1ctico para rastrillar finamente bajo arbustos espinosos, para nivelar peque\u00f1as zonas entre cultivos. Con mango largo y ligero de madera de tilo sin tratar. Aleaci\u00f3n s\u00f3lida de cobre, 150 cm \/ 14 cm \/ 6 cm \/ 0,5 kg  <\/p>\n<p><img loading=\"lazy\" decoding=\"async\" class=\"alignnone wp-image-203 size-medium\" src=\"https:\/\/kupferspuren.at\/wp-content\/uploads\/2017\/09\/Atik_liegend_116-300x28.jpg\" alt=\"Rastrillo peque\u00f1o de cobre largo en toda su longitud\" width=\"300\" height=\"28\" srcset=\"https:\/\/kupferspuren.at\/wp-content\/uploads\/2017\/09\/Atik_liegend_116-300x28.jpg 300w, https:\/\/kupferspuren.at\/wp-content\/uploads\/2017\/09\/Atik_liegend_116-416x38.jpg 416w, https:\/\/kupferspuren.at\/wp-content\/uploads\/2017\/09\/Atik_liegend_116-150x14.jpg 150w, https:\/\/kupferspuren.at\/wp-content\/uploads\/2017\/09\/Atik_liegend_116-324x30.jpg 324w, https:\/\/kupferspuren.at\/wp-content\/uploads\/2017\/09\/Atik_liegend_116.jpg 600w\" sizes=\"auto, (max-width: 300px) 100vw, 300px\" \/><\/p>\n","protected":false},"featured_media":27189,"comment_status":"open","ping_status":"closed","template":"","meta":[],"product_brand":[],"product_cat":[393,174],"product_tag":[297],"class_list":{"0":"post-2104","1":"product","2":"type-product","3":"status-publish","4":"has-post-thumbnail","6":"product_cat-herramientas-de-cobre-es","7":"product_cat-pequenas-herramientas-de-cobre-es","8":"product_tag-rastrillo-es","10":"first","11":"instock","12":"taxable","13":"shipping-taxable","14":"purchasable","15":"product-type-simple"},"_links":{"self":[{"href":"https:\/\/kupferspuren.at\/es\/wp-json\/wp\/v2\/product\/2104","targetHints":{"allow":["GET"]}}],"collection":[{"href":"https:\/\/kupferspuren.at\/es\/wp-json\/wp\/v2\/product"}],"about":[{"href":"https:\/\/kupferspuren.at\/es\/wp-json\/wp\/v2\/types\/product"}],"replies":[{"embeddable":true,"href":"https:\/\/kupferspuren.at\/es\/wp-json\/wp\/v2\/comments?post=2104"}],"wp:featuredmedia":[{"embeddable":true,"href":"https:\/\/kupferspuren.at\/es\/wp-json\/wp\/v2\/media\/27189"}],"wp:attachment":[{"href":"https:\/\/kupferspuren.at\/es\/wp-json\/wp\/v2\/media?parent=2104"}],"wp:term":[{"taxonomy":"product_brand","embeddable":true,"href":"https:\/\/kupferspuren.at\/es\/wp-json\/wp\/v2\/product_brand?post=2104"},{"taxonomy":"product_cat","embeddable":true,"href":"https:\/\/kupferspuren.at\/es\/wp-json\/wp\/v2\/product_cat?post=2104"},{"taxonomy":"product_tag","embeddable":true,"href":"https:\/\/kupferspuren.at\/es\/wp-json\/wp\/v2\/product_tag?post=2104"}],"curies":[{"name":"wp","href":"https:\/\/api.w.org\/{rel}","templated":true}]}}