{"id":2142,"date":"2017-09-29T11:43:18","date_gmt":"2017-09-29T09:43:18","guid":{"rendered":"http:\/\/pksbronze.at\/produkt\/kupfergiesskanne-dorado-gross\/"},"modified":"2026-03-24T09:34:25","modified_gmt":"2026-03-24T08:34:25","slug":"regadera-dorado-gran","status":"publish","type":"product","link":"https:\/\/kupferspuren.at\/es\/produkt\/regadera-dorado-gran\/","title":{"rendered":"Regadera PKS \u00abDORADO"},"content":{"rendered":"<p>Riega con precisi\u00f3n las macetas o el terreno de plantaci\u00f3n. Una joya maravillosa, pr\u00e1ctica y \u00fatil para tu patio o jard\u00edn. <\/p>\n<p><em><strong>Wikipedia:<\/strong><\/em><br \/>\n<em><span id=\"Biologische_Eigenschaften\" class=\"mw-headline\">Propiedades biol\u00f3gicas<\/span><\/em><\/p>\n<p><em>En comparaci\u00f3n con muchos otros metales pesados, el cobre s\u00f3lo es relativamente poco t\u00f3xico para los organismos superiores. Por ejemplo, una persona puede consumir 0,04 gramos de cobre al d\u00eda sin sufrir ning\u00fan da\u00f1o para su salud.<sup id=\"cite_ref-39\" class=\"reference\"><a href=\"https:\/\/de.wikipedia.org\/wiki\/Kupfer#cite_note-39\" target=\"_blank\" rel=\"noopener noreferrer\">[38]<\/a><\/sup> En su forma libre, no unido a <a title=\"Prote\u00edna\" href=\"https:\/\/de.wikipedia.org\/wiki\/Protein\" target=\"_blank\" rel=\"noopener noreferrer\">prote\u00ednas<\/a>, el cobre tiene un efecto antibacteriano; al igual que ocurre con la plata, se denomina <a title=\"Oligodin\u00e1mica\" href=\"https:\/\/de.wikipedia.org\/wiki\/Oligodynamie\" target=\"_blank\" rel=\"noopener noreferrer\">efecto oligodin\u00e1mico<\/a>, por lo que, por ejemplo, <strong>el agua de flores almacenada en recipientes de cobre<\/strong> o en la que se coloca una moneda de cobre <strong>no se pone f\u00e9tida tan r\u00e1pidamente.<\/strong> <\/em><\/p>\n<h4><em>Trabajo manual<\/em><\/h4>\n<p>Cada regadera es \u00fanica. Todas las regaderas se fabrican totalmente a mano. Puede haber restos de mano de obra, como restos de pulimento, peque\u00f1os ara\u00f1azos y peque\u00f1as marcas. Todas las regaderas se someten a pruebas de estanqueidad.   <\/p>\n<p>La regadera suele tener que enviarse en un paquete adicional.<\/p>\n<div id=\"c1625\" class=\"csc-default\">\n<p><span style=\"color: #00ccff;\">EN INVIERNO  <em>No dejes que se congele el agua de la regadera. Esto provocar\u00eda un abombamiento y ya no se podr\u00eda garantizar la estanqueidad. <\/em><\/span><\/p>\n<\/div>\n<p><em>V<img loading=\"lazy\" decoding=\"async\" class=\"wp-image-10222 alignleft\" src=\"https:\/\/kupferspuren.at\/wp-content\/uploads\/2017\/09\/weiblich-150x150.png\" alt=\"cobre hembra\" width=\"54\" height=\"54\" srcset=\"https:\/\/kupferspuren.at\/wp-content\/uploads\/2017\/09\/weiblich-150x150.png 150w, https:\/\/kupferspuren.at\/wp-content\/uploads\/2017\/09\/weiblich-300x300.png 300w, https:\/\/kupferspuren.at\/wp-content\/uploads\/2017\/09\/weiblich-100x100.png 100w, https:\/\/kupferspuren.at\/wp-content\/uploads\/2017\/09\/weiblich-600x600.png 600w, https:\/\/kupferspuren.at\/wp-content\/uploads\/2017\/09\/weiblich-768x768.png 768w, https:\/\/kupferspuren.at\/wp-content\/uploads\/2017\/09\/weiblich-324x324.png 324w, https:\/\/kupferspuren.at\/wp-content\/uploads\/2017\/09\/weiblich-416x416.png 416w, https:\/\/kupferspuren.at\/wp-content\/uploads\/2017\/09\/weiblich.png 1024w\" sizes=\"auto, (max-width: 54px) 100vw, 54px\" \/>enus s\u00edmbolo: s\u00edmbolo alqu\u00edmico del cobre<\/em><\/p>\n<p><em>El cobre, el oro, la plata y el esta\u00f1o fueron los primeros metales conocidos por la humanidad durante su desarrollo.<\/em><\/p>\n<div class=\"brlbs-cmpnt-container brlbs-cmpnt-content-blocker brlbs-cmpnt-with-individual-styles\" data-borlabs-cookie-content-blocker-id=\"youtube-content-blocker\" data-borlabs-cookie-content=\"PGlmcmFtZSBzcmM9Imh0dHBzOi8vd3d3LnlvdXR1YmUtbm9jb29raWUuY29tL2VtYmVkL2FJTnhtMlp4aU1VP3N0YXJ0PTkiIHdpZHRoPSI1NjAiIGhlaWdodD0iMzE1IiBmcmFtZWJvcmRlcj0iMCIgYWxsb3dmdWxsc2NyZWVuPSJhbGxvd2Z1bGxzY3JlZW4iPjwvaWZyYW1lPg==\">\n<div class=\"brlbs-cmpnt-cb-preset-c brlbs-cmpnt-cb-youtube\">\n<div class=\"brlbs-cmpnt-cb-thumbnail\" style=\"background-image: url('https:\/\/kupferspuren.at\/wp-content\/uploads\/borlabs-cookie\/1\/yt_aINxm2ZxiMU_hqdefault.jpg')\"><\/div>\n<div class=\"brlbs-cmpnt-cb-main\">\n<div class=\"brlbs-cmpnt-cb-play-button\"><\/div>\n<div class=\"brlbs-cmpnt-cb-content\">\n<p class=\"brlbs-cmpnt-cb-description\">Est\u00e1s viendo un contenido de marcador de posici\u00f3n de <strong>YouTube<\/strong>. Para acceder al contenido real, haz clic en el siguiente bot\u00f3n. Ten en cuenta que al hacerlo compartir\u00e1s datos con terceros proveedores.<\/p>\n<p> <a class=\"brlbs-cmpnt-cb-provider-toggle\" href=\"#\" data-borlabs-cookie-show-provider-information role=\"button\">M\u00e1s informaci\u00f3n<\/a> <\/div>\n<div class=\"brlbs-cmpnt-cb-buttons\"> <a class=\"brlbs-cmpnt-cb-btn\" href=\"#\" data-borlabs-cookie-unblock role=\"button\">Desbloquear contenido<\/a> <a class=\"brlbs-cmpnt-cb-btn\" href=\"#\" data-borlabs-cookie-accept-service role=\"button\" style=\"display: inherit\">Aceptar el servicio requerido y desbloquear los contenidos<\/a> <\/div>\n<\/p><\/div>\n<\/p><\/div>\n<\/div>\n","protected":false},"excerpt":{"rendered":"<h4><strong>  6 LITROS (m\u00e1x. 7 litros = lleno hasta el borde)<br \/>\n<\/strong><\/h4>\n<p>Regadera de <strong>cobre puro<\/strong>.<br \/>\nEl extremo del pico est\u00e1 inclinado para conseguir un remolino de agua especial.<br \/>\nAltura 35 cm con soporte de sujeci\u00f3n \/ \u00d8 21 cm \/ anchura con ca\u00f1o 60 cm \/ peso 1,7 kg<\/p>\n","protected":false},"featured_media":26825,"comment_status":"open","ping_status":"closed","template":"","meta":[],"product_brand":[],"product_cat":[246],"product_tag":[304],"class_list":{"0":"post-2142","1":"product","2":"type-product","3":"status-publish","4":"has-post-thumbnail","6":"product_cat-regaderas-de-cobre-es","7":"product_tag-regadera-de-cobre-es","8":"product_shipping_class-giesskanne-es","10":"first","11":"instock","12":"taxable","13":"shipping-taxable","14":"purchasable","15":"product-type-simple"},"_links":{"self":[{"href":"https:\/\/kupferspuren.at\/es\/wp-json\/wp\/v2\/product\/2142","targetHints":{"allow":["GET"]}}],"collection":[{"href":"https:\/\/kupferspuren.at\/es\/wp-json\/wp\/v2\/product"}],"about":[{"href":"https:\/\/kupferspuren.at\/es\/wp-json\/wp\/v2\/types\/product"}],"replies":[{"embeddable":true,"href":"https:\/\/kupferspuren.at\/es\/wp-json\/wp\/v2\/comments?post=2142"}],"wp:featuredmedia":[{"embeddable":true,"href":"https:\/\/kupferspuren.at\/es\/wp-json\/wp\/v2\/media\/26825"}],"wp:attachment":[{"href":"https:\/\/kupferspuren.at\/es\/wp-json\/wp\/v2\/media?parent=2142"}],"wp:term":[{"taxonomy":"product_brand","embeddable":true,"href":"https:\/\/kupferspuren.at\/es\/wp-json\/wp\/v2\/product_brand?post=2142"},{"taxonomy":"product_cat","embeddable":true,"href":"https:\/\/kupferspuren.at\/es\/wp-json\/wp\/v2\/product_cat?post=2142"},{"taxonomy":"product_tag","embeddable":true,"href":"https:\/\/kupferspuren.at\/es\/wp-json\/wp\/v2\/product_tag?post=2142"}],"curies":[{"name":"wp","href":"https:\/\/api.w.org\/{rel}","templated":true}]}}