{"id":2247,"date":"2017-09-29T09:16:03","date_gmt":"2017-09-29T07:16:03","guid":{"rendered":"http:\/\/pksbronze.at\/produkt\/feldhaue-sirius\/"},"modified":"2025-09-28T19:47:11","modified_gmt":"2025-09-28T17:47:11","slug":"azada-sirius","status":"publish","type":"product","link":"https:\/\/kupferspuren.at\/es\/produkt\/azada-sirius\/","title":{"rendered":"Azada de campo SIRIUS"},"content":{"rendered":"<p><a href=\"https:\/\/kupferspuren.at\/es\/produkt\/lindenholzstiel\/\" target=\"_blank\" rel=\"noopener noreferrer\">&gt;&gt;SUSTITUYE<\/a><\/p>\n<p><img loading=\"lazy\" decoding=\"async\" class=\"alignnone wp-image-2428 size-full\" src=\"https:\/\/kupferspuren.at\/wp-content\/uploads\/2017\/09\/Kupferhaue_Viktor_Schauberger_pksbronze_coppergardentool_01-1.jpg\" alt=\"Azada de cobre SIRIUS\" width=\"700\" height=\"386\" srcset=\"https:\/\/kupferspuren.at\/wp-content\/uploads\/2017\/09\/Kupferhaue_Viktor_Schauberger_pksbronze_coppergardentool_01-1.jpg 700w, https:\/\/kupferspuren.at\/wp-content\/uploads\/2017\/09\/Kupferhaue_Viktor_Schauberger_pksbronze_coppergardentool_01-1-300x165.jpg 300w, https:\/\/kupferspuren.at\/wp-content\/uploads\/2017\/09\/Kupferhaue_Viktor_Schauberger_pksbronze_coppergardentool_01-1-600x331.jpg 600w, https:\/\/kupferspuren.at\/wp-content\/uploads\/2017\/09\/Kupferhaue_Viktor_Schauberger_pksbronze_coppergardentool_01-1-150x83.jpg 150w, https:\/\/kupferspuren.at\/wp-content\/uploads\/2017\/09\/Kupferhaue_Viktor_Schauberger_pksbronze_coppergardentool_01-1-324x179.jpg 324w, https:\/\/kupferspuren.at\/wp-content\/uploads\/2017\/09\/Kupferhaue_Viktor_Schauberger_pksbronze_coppergardentool_01-1-416x229.jpg 416w\" sizes=\"auto, (max-width: 700px) 100vw, 700px\" \/><\/p>\n<p><img loading=\"lazy\" decoding=\"async\" class=\"alignnone size-medium wp-image-207\" src=\"https:\/\/kupferspuren.at\/wp-content\/uploads\/2017\/09\/toolbox_1_Kopie-300x109.jpg\" alt=\"\" width=\"300\" height=\"109\" srcset=\"https:\/\/kupferspuren.at\/wp-content\/uploads\/2017\/09\/toolbox_1_Kopie-300x109.jpg 300w, https:\/\/kupferspuren.at\/wp-content\/uploads\/2017\/09\/toolbox_1_Kopie-150x55.jpg 150w, https:\/\/kupferspuren.at\/wp-content\/uploads\/2017\/09\/toolbox_1_Kopie-324x118.jpg 324w, https:\/\/kupferspuren.at\/wp-content\/uploads\/2017\/09\/toolbox_1_Kopie.jpg 360w\" sizes=\"auto, (max-width: 300px) 100vw, 300px\" \/><\/p>\n<p><code><iframe loading=\"lazy\" src=\"https:\/\/www.youtube.com\/embed\/SmUzy9jnh2E?rel=0\" width=\"560\" height=\"315\" frameborder=\"0\" allowfullscreen=\"allowfullscreen\"\/><\/code><\/p>\n<h1>Ventajas<\/h1>\n<ul>\n<li><b>No<\/b> necesita <b>mantenimiento<\/b>.<\/li>\n<li><b>No hay formaci\u00f3n de \u00f3xido <\/b>(\u00a1tampoco <a href=\"https:\/\/kupferspuren.at\/es\/informacion\/cobre\/patina-o-cardenillo\/\">verd\u00edn! \u00bfves verd\u00edn o p\u00e1tina<\/a>? ).<\/li>\n<li>Se pueden volver a afilar o biselar.<\/li>\n<li>Tienen <b>una vida \u00fatil<\/b> incomparablemente <b>m\u00e1s larga<\/b> que los aparatos de hierro.<\/li>\n<li>Trabajar con herramientas de jard\u00edn de cobre es <b>m\u00e1s eficiente desde el punto de vista energ\u00e9tico<\/b> gracias a las propiedades del material.<\/li>\n<li><b>No<\/b> se carga <b>magn\u00e9ticamente<\/b>. El campo de tensi\u00f3n natural de nuestro medio de cultivo apenas se ve alterado por la intervenci\u00f3n con herramientas de jard\u00edn de cobre. Esto mejora el equilibrio h\u00eddrico del suelo y el comportamiento de los caracoles (ver: <a href=\"https:\/\/kupferspuren.at\/es\/informacion\/cobre\/efecto\/jane-cobbald-wie-ich-schnecken-schaetzen-lernte\/\">Jane Cobbald<\/a>).  <\/li>\n<li>A trav\u00e9s de los experimentos del cient\u00edfico natural <a href=\"http:\/\/www.pks.or.at\" target=\"_blank\" rel=\"noopener noreferrer\"><b>Viktor Schauberger<\/b><\/a> en la d\u00e9cada de 1950, se pudo demostrar la mejora del suelo y el fomento del crecimiento asociado.<\/li>\n<li>La abrasi\u00f3n introduce en el suelo <b>oligoelementos de cobre<\/b>, que desempe\u00f1an un papel esencial en los procesos enzim\u00e1ticos: ver <a href=\"https:\/\/kupferspuren.at\/es\/informacion\/cobre\/el-cobre-y-el-crecimiento\/\">\u00abEl cobre y el crecimiento\u00bb<\/a><\/li>\n<li><b>M\u00e1s de 20 a\u00f1os de experiencia<\/b> en la producci\u00f3n.<br \/>\nLos jardineros entusiastas <b>confirman nuestra calidad.<\/b><\/li>\n<\/ul>\n","protected":false},"excerpt":{"rendered":"<p><strong>La herramienta est\u00e1ndar<\/strong> para el jardinero dom\u00e9stico apasionado.<br \/>\nAleaci\u00f3n de cobre <strong>macizo<\/strong> pulido, mango ergon\u00f3mico de madera de tilo sin tratar. 128 x 14 x 17 cm\/ Peso sin embalaje 0,900 g <\/p>\n<p>&nbsp;<\/p>\n","protected":false},"featured_media":27066,"comment_status":"open","ping_status":"closed","template":"","meta":[],"product_brand":[],"product_cat":[244,176],"product_tag":[265,279,546,293,338],"class_list":{"0":"post-2247","1":"product","2":"type-product","3":"status-publish","4":"has-post-thumbnail","6":"product_cat-deshierbe-y-aflojando-es","7":"product_cat-grandes-herramientas-de-cobre-es","8":"product_tag-aflojar-es","9":"product_tag-escardar-es","10":"product_tag-heindl-es","11":"product_tag-kupferhaue-es","12":"product_tag-picar-es","14":"first","15":"instock","16":"featured","17":"taxable","18":"shipping-taxable","19":"purchasable","20":"product-type-simple"},"_links":{"self":[{"href":"https:\/\/kupferspuren.at\/es\/wp-json\/wp\/v2\/product\/2247","targetHints":{"allow":["GET"]}}],"collection":[{"href":"https:\/\/kupferspuren.at\/es\/wp-json\/wp\/v2\/product"}],"about":[{"href":"https:\/\/kupferspuren.at\/es\/wp-json\/wp\/v2\/types\/product"}],"replies":[{"embeddable":true,"href":"https:\/\/kupferspuren.at\/es\/wp-json\/wp\/v2\/comments?post=2247"}],"wp:featuredmedia":[{"embeddable":true,"href":"https:\/\/kupferspuren.at\/es\/wp-json\/wp\/v2\/media\/27066"}],"wp:attachment":[{"href":"https:\/\/kupferspuren.at\/es\/wp-json\/wp\/v2\/media?parent=2247"}],"wp:term":[{"taxonomy":"product_brand","embeddable":true,"href":"https:\/\/kupferspuren.at\/es\/wp-json\/wp\/v2\/product_brand?post=2247"},{"taxonomy":"product_cat","embeddable":true,"href":"https:\/\/kupferspuren.at\/es\/wp-json\/wp\/v2\/product_cat?post=2247"},{"taxonomy":"product_tag","embeddable":true,"href":"https:\/\/kupferspuren.at\/es\/wp-json\/wp\/v2\/product_tag?post=2247"}],"curies":[{"name":"wp","href":"https:\/\/api.w.org\/{rel}","templated":true}]}}