{"id":25956,"date":"2022-06-22T15:46:30","date_gmt":"2022-06-22T13:46:30","guid":{"rendered":"https:\/\/kupferspuren.at\/produkt\/tarjeta-bono\/"},"modified":"2025-08-28T14:46:34","modified_gmt":"2025-08-28T12:46:34","slug":"tarjeta-bono","status":"publish","type":"product","link":"https:\/\/kupferspuren.at\/es\/produkt\/tarjeta-bono\/","title":{"rendered":"Tarjeta bono"},"content":{"rendered":"<p>&nbsp;<\/p>\n<p>&nbsp;<\/p>\n","protected":false},"excerpt":{"rendered":"<p>Regala y env\u00eda el vale directamente a una direcci\u00f3n de correo electr\u00f3nico.<\/p>\n<p>O env\u00eda el vale a tu propia direcci\u00f3n de correo electr\u00f3nico para imprimirlo t\u00fa mismo.<\/p>\n","protected":false},"featured_media":27440,"comment_status":"open","ping_status":"closed","template":"","meta":[],"product_brand":[],"product_cat":[],"product_tag":[],"class_list":{"0":"post-25956","1":"product","2":"type-product","3":"status-publish","4":"has-post-thumbnail","7":"first","8":"instock","9":"virtual","10":"sold-individually","11":"product-type-voucher"},"_links":{"self":[{"href":"https:\/\/kupferspuren.at\/es\/wp-json\/wp\/v2\/product\/25956","targetHints":{"allow":["GET"]}}],"collection":[{"href":"https:\/\/kupferspuren.at\/es\/wp-json\/wp\/v2\/product"}],"about":[{"href":"https:\/\/kupferspuren.at\/es\/wp-json\/wp\/v2\/types\/product"}],"replies":[{"embeddable":true,"href":"https:\/\/kupferspuren.at\/es\/wp-json\/wp\/v2\/comments?post=25956"}],"wp:featuredmedia":[{"embeddable":true,"href":"https:\/\/kupferspuren.at\/es\/wp-json\/wp\/v2\/media\/27440"}],"wp:attachment":[{"href":"https:\/\/kupferspuren.at\/es\/wp-json\/wp\/v2\/media?parent=25956"}],"wp:term":[{"taxonomy":"product_brand","embeddable":true,"href":"https:\/\/kupferspuren.at\/es\/wp-json\/wp\/v2\/product_brand?post=25956"},{"taxonomy":"product_cat","embeddable":true,"href":"https:\/\/kupferspuren.at\/es\/wp-json\/wp\/v2\/product_cat?post=25956"},{"taxonomy":"product_tag","embeddable":true,"href":"https:\/\/kupferspuren.at\/es\/wp-json\/wp\/v2\/product_tag?post=25956"}],"curies":[{"name":"wp","href":"https:\/\/api.w.org\/{rel}","templated":true}]}}