{"id":10190,"date":"2019-10-22T10:24:57","date_gmt":"2019-10-22T08:24:57","guid":{"rendered":"https:\/\/kupferspuren.at\/?page_id=10190"},"modified":"2025-08-28T14:43:11","modified_gmt":"2025-08-28T12:43:11","slug":"la-livraison","status":"publish","type":"page","link":"https:\/\/kupferspuren.at\/fr\/information\/la-livraison\/","title":{"rendered":"EXP\u00c9DITION"},"content":{"rendered":"<ul>\n<li><strong>LIVRAISON<\/strong> via DPD et UPS. Dans un d\u00e9lai de 1 \u00e0 3 jours ouvrables. <strong>Une r\u00e9ception est requise<\/strong>, veuillez en tenir compte lors de la s\u00e9lection de l&rsquo;adresse de livraison.<br \/>Vous recevrez un e-mail avec un lien vers l&rsquo;\u00e9tat du colis ou le suivi du colis avant la livraison. Si la livraison a \u00e9chou\u00e9, vous trouverez des informations dans le lien envoy\u00e9 avec l&rsquo;adresse de l&rsquo;exp\u00e9diteur : shop@kupferspuren.at, ou UPS directement.  <\/li>\n<\/ul>\n<ul>\n<li><a href=\"https:\/\/kupferspuren.shipping-portal.com\/rp\/\" target=\"_blank\" rel=\"nofollow noopener\"><strong data-rich-text-format-boundary=\"true\">PORTAIL DE RETOUR<\/strong><\/a> Cr\u00e9ez votre \u00e9tiquette de retour, avec le point de d\u00e9p\u00f4t de votre choix pour DPD.<\/li>\n<\/ul>\n<ul>\n<li>SUIVI DES COLIS :<\/li>\n<\/ul>\n\n<hr class=\"wp-block-separator has-alpha-channel-opacity\"\/>\n\n<p><\/p>\n\n<p><\/p>\n\n<ul class=\"wp-block-list\"><li> <div class=\"brlbs-cmpnt-container brlbs-cmpnt-content-blocker brlbs-cmpnt-with-individual-styles\" data-borlabs-cookie-content-blocker-id=\"default\" data-borlabs-cookie-content=\"PGlmcmFtZSBzdHlsZT0iYm9yZGVyOiAwOyIgc3JjPSJodHRwczovL3RyYWNraW5nLmV1LWNlbnRyYWwtMS0wLnNlbmRjbG91ZC5zYy8iIHdpZHRoPSIxMDAlIiBoZWlnaHQ9IjQ1MHB4IiBmcmFtZWJvcmRlcj0iMCI+PC9pZnJhbWU+\"><div class=\"brlbs-cmpnt-cb-preset-a\"> <p class=\"brlbs-cmpnt-cb-description\">Sie sehen gerade einen Platzhalterinhalt von <strong>Standard<\/strong>. Um auf den eigentlichen Inhalt zuzugreifen, klicken Sie auf den Button unten. Bitte beachten Sie, dass dabei Daten an Drittanbieter weitergegeben werden.<\/p> <div class=\"brlbs-cmpnt-cb-buttons\"> <a class=\"brlbs-cmpnt-cb-btn\" href=\"#\" data-borlabs-cookie-unblock role=\"button\">Inhalt entsperren<\/a> <a class=\"brlbs-cmpnt-cb-btn\" href=\"#\" data-borlabs-cookie-accept-service role=\"button\" style=\"display: none\">Erforderlichen Service akzeptieren und Inhalte entsperren<\/a> <\/div> <a class=\"brlbs-cmpnt-cb-provider-toggle\" href=\"#\" data-borlabs-cookie-show-provider-information role=\"button\">Weitere Informationen<\/a> <\/div><\/div><\/li><\/ul>\n\n<div id=\"c81\" class=\"csc-default\">\n<div class=\"csc-textpic csc-textpic-intext-right\">\n<div class=\"csc-textpic-text\"> <\/div>\n<\/div>\n<\/div>\n","protected":false},"excerpt":{"rendered":"<p>LIVRAISON via DPD et UPS. Dans un d\u00e9lai de 1 \u00e0 3 jours ouvrables. Une r\u00e9ception est requise, veuillez en tenir compte lors de la s\u00e9lection de l&rsquo;adresse de livraison.Vous recevrez un e-mail avec un lien vers l&rsquo;\u00e9tat du colis ou le suivi du colis avant la livraison. Si la livraison a \u00e9chou\u00e9, vous trouverez [&hellip;]<\/p>\n","protected":false},"author":820,"featured_media":0,"parent":1420,"menu_order":0,"comment_status":"closed","ping_status":"closed","template":"","meta":{"footnotes":""},"class_list":["post-10190","page","type-page","status-publish","hentry"],"_links":{"self":[{"href":"https:\/\/kupferspuren.at\/fr\/wp-json\/wp\/v2\/pages\/10190","targetHints":{"allow":["GET"]}}],"collection":[{"href":"https:\/\/kupferspuren.at\/fr\/wp-json\/wp\/v2\/pages"}],"about":[{"href":"https:\/\/kupferspuren.at\/fr\/wp-json\/wp\/v2\/types\/page"}],"author":[{"embeddable":true,"href":"https:\/\/kupferspuren.at\/fr\/wp-json\/wp\/v2\/users\/820"}],"replies":[{"embeddable":true,"href":"https:\/\/kupferspuren.at\/fr\/wp-json\/wp\/v2\/comments?post=10190"}],"version-history":[{"count":0,"href":"https:\/\/kupferspuren.at\/fr\/wp-json\/wp\/v2\/pages\/10190\/revisions"}],"up":[{"embeddable":true,"href":"https:\/\/kupferspuren.at\/fr\/wp-json\/wp\/v2\/pages\/1420"}],"wp:attachment":[{"href":"https:\/\/kupferspuren.at\/fr\/wp-json\/wp\/v2\/media?parent=10190"}],"curies":[{"name":"wp","href":"https:\/\/api.w.org\/{rel}","templated":true}]}}