{"id":1218,"date":"2017-09-27T11:35:18","date_gmt":"2017-09-27T09:35:18","guid":{"rendered":"http:\/\/pksbronze.at\/garantie\/"},"modified":"2019-01-30T12:34:26","modified_gmt":"2019-01-30T11:34:26","slug":"garantie","status":"publish","type":"page","link":"https:\/\/kupferspuren.at\/fr\/information\/garantie\/","title":{"rendered":"Garantie"},"content":{"rendered":"<p>La qualit\u00e9 des mati\u00e8res premi\u00e8res et leur transformation sont les meilleurs garants d&rsquo;une long\u00e9vit\u00e9 extr\u00eame. Les outils en cuivre seront les fid\u00e8les compagnons de leurs propri\u00e9taires des d\u00e9cennies durant.<\/p>\n<p style=\"text-align: left;\"><strong><span id=\"result_box\" lang=\"fr\">Garantie de 10 ans<\/span> sur<\/strong> <strong>toutes les pi\u00e8ces m\u00e9talliques. Pour la Manche en bois de 2 ans.<br \/>\n<\/strong><span id=\"result_box\" class=\"short_text\" lang=\"fr\">Cela ne s&rsquo;applique pas \u00e0 l&rsquo;usure.<\/span><\/p>\n<p><span id=\"result_box\" lang=\"fr\">Pour plus d&rsquo;informations<\/span> s&rsquo;il vous pla\u00eet contactez:<br \/>\nM. Johannes Stadler<br \/>\nT<span id=\"result_box\" class=\"short_text\" lang=\"fr\">\u00e9l\u00e9phone<\/span>:\u00a0 0043-677 631 482 77<br \/>\nE-Mail:\u00a0<a class=\"mail\" href=\"mailto:office@kupferspuren.at\">office(at)kupferspuren.at<\/a><\/p>\n<p>&nbsp;<\/p>\n","protected":false},"excerpt":{"rendered":"<p>La qualit\u00e9 des mati\u00e8res premi\u00e8res et leur transformation sont les meilleurs garants d&rsquo;une long\u00e9vit\u00e9 extr\u00eame. Les outils en cuivre seront les fid\u00e8les compagnons de leurs propri\u00e9taires des d\u00e9cennies durant. Garantie de 10 ans sur toutes les pi\u00e8ces m\u00e9talliques. Pour la Manche en bois de 2 ans. Cela ne s&rsquo;applique pas \u00e0 l&rsquo;usure. Pour plus d&rsquo;informations [&hellip;]<\/p>\n","protected":false},"author":820,"featured_media":0,"parent":1420,"menu_order":0,"comment_status":"closed","ping_status":"closed","template":"","meta":{"footnotes":""},"class_list":["post-1218","page","type-page","status-publish","hentry"],"_links":{"self":[{"href":"https:\/\/kupferspuren.at\/fr\/wp-json\/wp\/v2\/pages\/1218","targetHints":{"allow":["GET"]}}],"collection":[{"href":"https:\/\/kupferspuren.at\/fr\/wp-json\/wp\/v2\/pages"}],"about":[{"href":"https:\/\/kupferspuren.at\/fr\/wp-json\/wp\/v2\/types\/page"}],"author":[{"embeddable":true,"href":"https:\/\/kupferspuren.at\/fr\/wp-json\/wp\/v2\/users\/820"}],"replies":[{"embeddable":true,"href":"https:\/\/kupferspuren.at\/fr\/wp-json\/wp\/v2\/comments?post=1218"}],"version-history":[{"count":0,"href":"https:\/\/kupferspuren.at\/fr\/wp-json\/wp\/v2\/pages\/1218\/revisions"}],"up":[{"embeddable":true,"href":"https:\/\/kupferspuren.at\/fr\/wp-json\/wp\/v2\/pages\/1420"}],"wp:attachment":[{"href":"https:\/\/kupferspuren.at\/fr\/wp-json\/wp\/v2\/media?parent=1218"}],"curies":[{"name":"wp","href":"https:\/\/api.w.org\/{rel}","templated":true}]}}