{"id":1284,"date":"2017-10-11T08:01:11","date_gmt":"2017-10-11T06:01:11","guid":{"rendered":"http:\/\/pksbronze.at\/zahlung-per-vorauskasse\/"},"modified":"2022-11-18T10:42:11","modified_gmt":"2022-11-18T09:42:11","slug":"zahlung-per-vorauskasse","status":"publish","type":"page","link":"https:\/\/kupferspuren.at\/fr\/boutique\/bezahlmoeglichkeiten\/zahlung-per-vorauskasse\/","title":{"rendered":"Virement de banque d&rsquo;avance"},"content":{"rendered":"<p><span id=\"result_box\" class=\"\" lang=\"fr\">COMPTE BANCAIRE:<\/span><\/p>\n<p>BIC: RZOOAT2L545 (OO = lettre majuscule)<br \/>\n<span class=\"\"><b>IBAN:<\/b> AT213454500002403541<\/span><\/p>\n<p>Autriche \/ AUTRICHE:<\/p>\n<p>Nom de la banque: RAIFFEISENBANK BAD ISCHL<br \/>\n<span class=\"\">D\u00e9tenteur: Stadler Johannes, 4820 Bad Ischl<\/span><br \/>\nCode bancaire: 34545<br \/>\nNum\u00e9ro de compte: 2403541<\/p>\n<p><em>Pour les virements en dehors de l&rsquo;UE : d\u00e9penses veuillez s\u00e9lectionner \u00ab\u00a0Gratuit pour le destinataire\u00a0\u00bb !<\/em><\/p>\n","protected":false},"excerpt":{"rendered":"<p>COMPTE BANCAIRE: BIC: RZOOAT2L545 (OO = lettre majuscule) IBAN: AT213454500002403541 Autriche \/ AUTRICHE: Nom de la banque: RAIFFEISENBANK BAD ISCHL D\u00e9tenteur: Stadler Johannes, 4820 Bad Ischl Code bancaire: 34545 Num\u00e9ro de compte: 2403541 Pour les virements en dehors de l&rsquo;UE : d\u00e9penses veuillez s\u00e9lectionner \u00ab\u00a0Gratuit pour le destinataire\u00a0\u00bb !<\/p>\n","protected":false},"author":820,"featured_media":0,"parent":1292,"menu_order":3,"comment_status":"closed","ping_status":"closed","template":"","meta":{"footnotes":""},"class_list":["post-1284","page","type-page","status-publish","hentry"],"_links":{"self":[{"href":"https:\/\/kupferspuren.at\/fr\/wp-json\/wp\/v2\/pages\/1284","targetHints":{"allow":["GET"]}}],"collection":[{"href":"https:\/\/kupferspuren.at\/fr\/wp-json\/wp\/v2\/pages"}],"about":[{"href":"https:\/\/kupferspuren.at\/fr\/wp-json\/wp\/v2\/types\/page"}],"author":[{"embeddable":true,"href":"https:\/\/kupferspuren.at\/fr\/wp-json\/wp\/v2\/users\/820"}],"replies":[{"embeddable":true,"href":"https:\/\/kupferspuren.at\/fr\/wp-json\/wp\/v2\/comments?post=1284"}],"version-history":[{"count":0,"href":"https:\/\/kupferspuren.at\/fr\/wp-json\/wp\/v2\/pages\/1284\/revisions"}],"up":[{"embeddable":true,"href":"https:\/\/kupferspuren.at\/fr\/wp-json\/wp\/v2\/pages\/1292"}],"wp:attachment":[{"href":"https:\/\/kupferspuren.at\/fr\/wp-json\/wp\/v2\/media?parent=1284"}],"curies":[{"name":"wp","href":"https:\/\/api.w.org\/{rel}","templated":true}]}}