{"id":1420,"date":"2017-09-26T09:34:17","date_gmt":"2017-09-26T07:34:17","guid":{"rendered":"http:\/\/pksbronze.at\/informationen\/"},"modified":"2025-11-18T10:21:35","modified_gmt":"2025-11-18T09:21:35","slug":"information","status":"publish","type":"page","link":"https:\/\/kupferspuren.at\/fr\/information\/","title":{"rendered":"Informations sur les outils en cuivre"},"content":{"rendered":"\n<style type=\"text\/css\" data-created_by=\"avia_inline_auto\" id=\"style-css-av-mi4cy7mx-df1c5b69a96b66ad2e14257bd2c1a415\">\n.avia-image-container.av-mi4cy7mx-df1c5b69a96b66ad2e14257bd2c1a415 img.avia_image{\nbox-shadow:none;\n}\n.avia-image-container.av-mi4cy7mx-df1c5b69a96b66ad2e14257bd2c1a415 .av-image-caption-overlay-center{\ncolor:#ffffff;\n}\n<\/style>\n<div  class='avia-image-container av-mi4cy7mx-df1c5b69a96b66ad2e14257bd2c1a415 av-styling- avia-align-center  avia-builder-el-0  el_before_av_textblock  avia-builder-el-first '   itemprop=\"image\" itemscope=\"itemscope\" itemtype=\"https:\/\/schema.org\/ImageObject\" ><div class=\"avia-image-container-inner\"><div class=\"avia-image-overlay-wrap\"><img decoding=\"async\" fetchpriority=\"high\" class='wp-image-26282 avia-img-lazy-loading-not-26282 avia_image ' src=\"https:\/\/kupferspuren.at\/wp-content\/uploads\/2025\/11\/informationen-header-1500x430.webp?wsr\" alt='Surface de l&#039;outil en cuivre avec des d\u00e9tails fins, dont un motif g\u00e9om\u00e9trique et une inscription, sur fond vert.' title='Outils en cuivre avec marquage et conception de pr\u00e9cision D\u00e9tail d&#039;un outil en cuivre avec marquage de marque.'  height=\"430\" width=\"1500\"  itemprop=\"thumbnailUrl\" srcset=\"https:\/\/kupferspuren.at\/wp-content\/uploads\/2025\/11\/informationen-header-1500x430.webp 1500w, https:\/\/kupferspuren.at\/wp-content\/uploads\/2025\/11\/informationen-header-80x22.webp 80w\" sizes=\"(max-width: 1500px) 100vw, 1500px\" \/><\/div><\/div><\/div>\n<section  class='av_textblock_section av-mi4csm58-d96294da8c22803e6ee7e0d5bb5ee2b3 '   itemscope=\"itemscope\" itemtype=\"https:\/\/schema.org\/CreativeWork\" ><div class='avia_textblock'  itemprop=\"text\" ><p><span style=\"color: #adba84;\"> <\/span><\/p>\n<ul>\n<li class=\"entry-title\">\n<h4><a href=\"https:\/\/kupferspuren.at\/fr\/information\/cuivre\/\"><strong><strong>Pourquoi le cuivre ?<\/strong><\/strong> <\/a> Fertilisation par oligo-\u00e9l\u00e9ments<br \/>\nCuivre et croissance \/ mode d&rsquo;action \/ vert-de-gris \/ domaines d&rsquo;exp\u00e9rience<\/h4>\n<\/li>\n<li>\n<h4><a href=\"https:\/\/kupferspuren.at\/fr\/information\/lidee\/\"><strong><strong>L&rsquo;id\u00e9e \/ Qui sommes-nous ?<\/strong><\/strong><\/a> PKS<\/h4>\n<\/li>\n<li>\n<h4><strong><a href=\"https:\/\/kupferspuren.at\/fr\/information\/outils-de-jardin-en-cuivre\/\"><strong>Outils de jardinage en cuivre :<\/strong><\/a> <\/strong> Avantages<br \/>\nUtilisation \/ Conseils d&rsquo;utilisation \/ Entretien<br \/>\nGarantie \/ Fabrication \/ Mat\u00e9riaux<\/h4>\n<\/li>\n<li>\n<h4><a href=\"https:\/\/kupferspuren.at\/fr\/information\/faqs\/\"><strong>FAQ<\/strong><\/a><\/h4>\n<\/li>\n<li>\n<h4><a href=\"https:\/\/kupferspuren.at\/fr\/schweiz-niederlande-england\/\"><strong>ACHATS<\/strong><\/a><\/h4>\n<\/li>\n<li>\n<h4><a href=\"https:\/\/kupferspuren.at\/fr\/information\/garantie\/\"><strong>Garantie<\/strong><\/a><\/h4>\n<\/li>\n<\/ul>\n<p><a href=\"https:\/\/kupferspuren.at\/wp-content\/uploads\/2025\/02\/Preisliste-grosse-Werkzeuge-2025.doc\" target=\"_blank\" rel=\"noopener\">Liste de prix grands outils 2025<\/a>  <em>Doc. \u00e0 imprimer<br \/>\n<\/em><a href=\"https:\/\/kupferspuren.at\/wp-content\/uploads\/2025\/02\/Preisliste-kleine-Werkzeuge-2025.doc\" target=\"_blank\" rel=\"noopener\">Liste de prix petits outils 2025<\/a> <em>  Doc. \u00e0 imprimer<br \/>\n<\/em><a href=\"https:\/\/kupferspuren.at\/wp-content\/uploads\/2025\/02\/Preisliste-Giesskannen-2025.doc\" target=\"_blank\" rel=\"noopener\">Liste de prix Arrosoirs 2025<\/a>  <em>Doc. \u00e0 imprimer <\/em><\/p>\n<hr>\n<p>PDF KUPFERSPUREN <a href=\"https:\/\/kupferspuren.at\/wp-content\/uploads\/2022\/05\/PKS_Broschuer2022.pdf\" target=\"_blank\" rel=\"noopener\">Stadler PKS Bronze Brochure_FR<\/a><\/p>\n<hr>\n<h4 style=\"text-align: left;\"><a href=\"https:\/\/kupferspuren.at\/fr\/information\/videos\/\"><strong>VIDEOS<\/strong><\/a> sur l&rsquo;utilisation et kl. R\u00e9parations<\/h4>\n<h4><a href=\"https:\/\/kupferspuren.at\/fr\/information\/montageanleitung-fuer-stiele\/\">INSTRUCTIONS DE MONTAGE pour les manches et les poign\u00e9es<\/a><\/h4>\n<hr>\n<hr class=\"wp-block-separator has-css-opacity\">\n<hr class=\"wp-block-separator has-css-opacity\">\n<\/div><\/section>\n","protected":false},"excerpt":{"rendered":"","protected":false},"author":820,"featured_media":0,"parent":0,"menu_order":0,"comment_status":"closed","ping_status":"closed","template":"","meta":{"footnotes":""},"class_list":["post-1420","page","type-page","status-publish","hentry"],"_links":{"self":[{"href":"https:\/\/kupferspuren.at\/fr\/wp-json\/wp\/v2\/pages\/1420","targetHints":{"allow":["GET"]}}],"collection":[{"href":"https:\/\/kupferspuren.at\/fr\/wp-json\/wp\/v2\/pages"}],"about":[{"href":"https:\/\/kupferspuren.at\/fr\/wp-json\/wp\/v2\/types\/page"}],"author":[{"embeddable":true,"href":"https:\/\/kupferspuren.at\/fr\/wp-json\/wp\/v2\/users\/820"}],"replies":[{"embeddable":true,"href":"https:\/\/kupferspuren.at\/fr\/wp-json\/wp\/v2\/comments?post=1420"}],"version-history":[{"count":0,"href":"https:\/\/kupferspuren.at\/fr\/wp-json\/wp\/v2\/pages\/1420\/revisions"}],"wp:attachment":[{"href":"https:\/\/kupferspuren.at\/fr\/wp-json\/wp\/v2\/media?parent=1420"}],"curies":[{"name":"wp","href":"https:\/\/api.w.org\/{rel}","templated":true}]}}