{"id":1488,"date":"2017-09-29T23:19:58","date_gmt":"2017-09-29T21:19:58","guid":{"rendered":"http:\/\/pksbronze.at\/informationen\/kupfer\/wirkungsweise\/"},"modified":"2020-01-14T10:27:54","modified_gmt":"2020-01-14T09:27:54","slug":"effets","status":"publish","type":"page","link":"https:\/\/kupferspuren.at\/fr\/information\/cuivre\/effets\/","title":{"rendered":"Effets"},"content":{"rendered":"<div id=\"c790\" class=\"csc-default\">\n<div class=\"csc-textpic csc-textpic-intext-left\">\n<div class=\"csc-textpic-text\">\n<div id=\"c113\" class=\"csc-default\">\n<div id=\"c789\" class=\"csc-default\">\n<p>Par des essais cibl\u00e9s, on a pu d\u00e9montrer, d\u00e8s les ann\u00e9es 50, que l&rsquo;utilisation d&rsquo;outils en cuivre contribuait \u00e0 une nette am\u00e9lioration de la qualit\u00e9 et de la r\u00e9colte des produits de la terre.<\/p>\n<div>\n<p><strong>Viktor Schauberger<\/strong>, biotechnicien autrichien, expliquait ce ph\u00e9nom\u00e8ne par l&rsquo;effet n\u00e9faste du fer dans la terre. En effet, d&rsquo;apr\u00e8s ses recherches, l&rsquo;usure m\u00e9canique des outils contenant du fer conduit au d\u00e9p\u00f4t de particules de fer dans le sol ; il se forme ainsi un voile de rouille qui favorise e dess\u00e8chement du sol.<br \/>\nLe cuivre, au contraire, n&rsquo;influence m\u00eame pas la tension magn\u00e9tique naturelle. Schauberger n&rsquo;\u00e9tait pas le premier \u00e0 reconna\u00eetre ce ph\u00e9nom\u00e8ne. Les Chinois des empires d&rsquo;antan ont renonc\u00e9 pendant des centaines d&rsquo;ann\u00e9es \u00e0 utiliser du fer pour leurs travaux de jardinage.<br \/>\nC&rsquo;est pourquoi dans la fabrication des outils \u00a0\u00bb naturels \u00ab\u00a0, le cuivre remplace la mati\u00e8re premi\u00e8re qu&rsquo;est le fer. Le outils en cuivre contiennent \u00e9galement oligo-\u00e9l\u00e9ments importants qui sont d\u00e9pos\u00e9s dans la terre lors des travaux de jardinage. Ces outils sont fabriqu\u00e9s exclusivement \u00e0 partir de mati\u00e8res premi\u00e8res de tr\u00e8s haute qualit\u00e9 et selon les plus anciennes traditions. Le manche provient du beau bois de tilleul blanc qui est d&rsquo;une grande souplesse, la pelle est obtenue \u00e0 partir de plaques de cuivre.<br \/>\nLa qualit\u00e9 des mati\u00e8res premi\u00e8res et leur transformation sont les meilleurs garants d&rsquo;une long\u00e9vit\u00e9 extr\u00eame. Les outils en cuivre seront les fid\u00e8les compagnons de leurs propri\u00e9taires des d\u00e9cennies durant.<br \/>\nLe cuivre est un constituant naturel du sol. Ses particules ont une influence positive sur la teneur en eau du sol et pourvoient ainsi \u00e0 une v\u00e9g\u00e9tation abondante. Les outils en cuivre reposent surce principe et contribuent \u00e0 am\u00e9liorer la nature du sol.<\/p>\n<p><em><span id=\"result_box\" lang=\"fr\">\u00e0 ne pas confondre<\/span>\u00a0avec les sulvate de cuivre:<\/em><a class=\"external-link-new-window\" title=\"Opens external link in new window\" href=\"http:\/\/fr.wikipedia.org\/wiki\/Sulfate_de_cuivre\" target=\"_blank\" rel=\"noopener\">http:\/\/fr.wikipedia.org\/wiki\/Sulfate_de_cuivre<\/a><\/p>\n<\/div>\n<\/div>\n<hr \/>\n<h2 class=\"entry-title\"><a href=\"http:\/\/pksbronze.at\/en\/informationen\/kupfer\/wirkungsweise\/jane-cobbald-wie-ich-schnecken-schaetzen-lernte\/\">Jane Cobbald \u2013 How I learned to value slugs and snails<\/a><\/h2>\n<hr \/>\n<div class=\"csc-textpic-imagewrap csc-textpic-single-image\">\n<div class=\"csc-textpic-text\">\n<h1>Metalle in der Medizin<\/h1>\n<p><a href=\"http:\/\/diepresse.com\/home\/science\/4930151\/Metalle-in-der-Medizin\" target=\"_blank\" rel=\"noopener\">diepresse.com\/home\/science\/4930151\/Metalle-in-der-Medizin<\/a><\/p>\n<\/div>\n<p><img loading=\"lazy\" decoding=\"async\" class=\"alignnone size-medium wp-image-10603\" src=\"https:\/\/kupferspuren.at\/wp-content\/uploads\/2020\/01\/Kupfert\u00fcrklinke.jpg\" alt=\"Kupfert\u00fcrklinke\" width=\"300\" height=\"180\" srcset=\"https:\/\/kupferspuren.at\/wp-content\/uploads\/2020\/01\/Kupfert\u00fcrklinke.jpg 685w, https:\/\/kupferspuren.at\/wp-content\/uploads\/2020\/01\/Kupfert\u00fcrklinke-300x180.jpg 300w, https:\/\/kupferspuren.at\/wp-content\/uploads\/2020\/01\/Kupfert\u00fcrklinke-600x359.jpg 600w, https:\/\/kupferspuren.at\/wp-content\/uploads\/2020\/01\/Kupfert\u00fcrklinke-150x90.jpg 150w, https:\/\/kupferspuren.at\/wp-content\/uploads\/2020\/01\/Kupfert\u00fcrklinke-324x194.jpg 324w, https:\/\/kupferspuren.at\/wp-content\/uploads\/2020\/01\/Kupfert\u00fcrklinke-416x249.jpg 416w\" sizes=\"auto, (max-width: 300px) 100vw, 300px\" \/><\/p>\n<\/div>\n<div class=\"csc-textpic-text\"><\/div>\n<\/div>\n<\/div>\n<\/div>\n<\/div>\n","protected":false},"excerpt":{"rendered":"<p>Par des essais cibl\u00e9s, on a pu d\u00e9montrer, d\u00e8s les ann\u00e9es 50, que l&rsquo;utilisation d&rsquo;outils en cuivre contribuait \u00e0 une nette am\u00e9lioration de la qualit\u00e9 et de la r\u00e9colte des produits de la terre. Viktor Schauberger, biotechnicien autrichien, expliquait ce ph\u00e9nom\u00e8ne par l&rsquo;effet n\u00e9faste du fer dans la terre. En effet, d&rsquo;apr\u00e8s ses recherches, l&rsquo;usure [&hellip;]<\/p>\n","protected":false},"author":820,"featured_media":0,"parent":1427,"menu_order":0,"comment_status":"closed","ping_status":"closed","template":"","meta":{"footnotes":""},"class_list":["post-1488","page","type-page","status-publish","hentry"],"_links":{"self":[{"href":"https:\/\/kupferspuren.at\/fr\/wp-json\/wp\/v2\/pages\/1488","targetHints":{"allow":["GET"]}}],"collection":[{"href":"https:\/\/kupferspuren.at\/fr\/wp-json\/wp\/v2\/pages"}],"about":[{"href":"https:\/\/kupferspuren.at\/fr\/wp-json\/wp\/v2\/types\/page"}],"author":[{"embeddable":true,"href":"https:\/\/kupferspuren.at\/fr\/wp-json\/wp\/v2\/users\/820"}],"replies":[{"embeddable":true,"href":"https:\/\/kupferspuren.at\/fr\/wp-json\/wp\/v2\/comments?post=1488"}],"version-history":[{"count":0,"href":"https:\/\/kupferspuren.at\/fr\/wp-json\/wp\/v2\/pages\/1488\/revisions"}],"up":[{"embeddable":true,"href":"https:\/\/kupferspuren.at\/fr\/wp-json\/wp\/v2\/pages\/1427"}],"wp:attachment":[{"href":"https:\/\/kupferspuren.at\/fr\/wp-json\/wp\/v2\/media?parent=1488"}],"curies":[{"name":"wp","href":"https:\/\/api.w.org\/{rel}","templated":true}]}}