{"id":1498,"date":"2017-10-06T11:25:29","date_gmt":"2017-10-06T09:25:29","guid":{"rendered":"http:\/\/pksbronze.at\/informationen\/einkaufen\/"},"modified":"2025-08-28T14:42:12","modified_gmt":"2025-08-28T12:42:12","slug":"outils-de-jardin-en-cuivre","status":"publish","type":"page","link":"https:\/\/kupferspuren.at\/fr\/information\/outils-de-jardin-en-cuivre\/","title":{"rendered":"Outils de jardinage en cuivre"},"content":{"rendered":"<div class=\"entry-content\">\n<p>EN CUIVRE <strong>MASSIF<\/strong> Le cuivre pur serait trop mou. Teneur en cuivre d&rsquo;au moins 92 % + \u00e9tain= le <strong>bronze<\/strong> encore <strong>plus pr\u00e9cieux !<\/strong>  <\/p>\n<hr>\n<h1>Avantages<\/h1>\n<ul>\n<li><b>Aucun entretien<\/b> n\u00e9cessaire.<\/li>\n<li><b>Pas de formation de rouille <\/b>(pas de vert-de-gris non plus ! voir <a href=\"https:\/\/kupferspuren.at\/fr\/information\/cuivre\/verdigris-et-patine\/\">Vert-de-gris ou patine<\/a>? ).<\/li>\n<li>Ils peuvent \u00eatre r\u00e9aff\u00fbt\u00e9s ou \u00e9barb\u00e9s.<\/li>\n<li>Ils ont une <b>dur\u00e9e de vie<\/b> incomparablement <b>plus longue<\/b> que les appareils en fer.<\/li>\n<li>Le travail avec des outils de jardinage en cuivre <b>n\u00e9cessite moins d&rsquo;efforts en<\/b> raison des propri\u00e9t\u00e9s du mat\u00e9riau <b>.<\/b><\/li>\n<li>Ne peut <b>pas<\/b> \u00eatre charg\u00e9 <b>magn\u00e9tiquement<\/b>. Le champ de tension naturel dans notre milieu de culture est \u00e0 peine perturb\u00e9 par l&rsquo;intervention d&rsquo;outils de jardinage en cuivre. Cela am\u00e9liore l&rsquo;\u00e9quilibre hydrique du sol et le comportement des escargots (voir : <a href=\"https:\/\/kupferspuren.at\/fr\/information\/cuivre\/effets\/jane-cobbald-wie-ich-schnecken-schaetzen-lernte\/\">Jane Cobbald<\/a>).  <\/li>\n<li>Gr\u00e2ce aux exp\u00e9riences du naturaliste <a href=\"http:\/\/www.pks.or.at\" target=\"_blank\" rel=\"noopener\"><b>Viktor Schauberger<\/b><\/a> dans les ann\u00e9es 50, a permis de d\u00e9montrer l&rsquo;am\u00e9lioration du sol et la stimulation de la croissance qui en d\u00e9coule.<\/li>\n<li>L&rsquo;abrasion apporte <b>des oligo-\u00e9l\u00e9ments de cuivre<\/b>dans le sol, qui jouent un r\u00f4le essentiel dans les processus enzymatiques : voir <a href=\"https:\/\/kupferspuren.at\/fr\/information\/cuivre\/kupfer-und-wachstum\/\">\u00ab\u00a0Cuivre et croissance\u00a0\u00bb.<\/a><\/li>\n<li><b>Plus de 20 ans d&rsquo;exp\u00e9rience<\/b> dans la production.<br \/>\nDes jardiniers et jardini\u00e8res enthousiastes <b>confirment notre qualit\u00e9<\/b>.<\/li>\n<\/ul>\n<hr>\n<h1>Application<\/h1>\n<div id=\"c6\" class=\"csc-default\">\n<div id=\"primary\" class=\"content-area\">\n<div id=\"post-127\" class=\"post-127 page type-page status-publish hentry\">\n<div class=\"entry-content\">\n<p>Les outils de jardinage PKS en cuivre sont les outils id\u00e9aux pour le travail dans les potagers et les jardins d&rsquo;agr\u00e9ment, les parterres sur\u00e9lev\u00e9s, les vignobles et les vergers, les parcs et les espaces verts. Ils allient fonctionnalit\u00e9 et beaut\u00e9 des formes \u00e0 des propri\u00e9t\u00e9s mat\u00e9rielles particuli\u00e8rement avantageuses pour le jardinage. Contrairement au fer ou \u00e0 l&rsquo;acier, qui sont aujourd&rsquo;hui les mat\u00e9riaux les plus courants pour les outils de jardinage, le cuivre a un effet positif sur la capacit\u00e9 de r\u00e9tention d&rsquo;eau du sol et contribue ainsi \u00e0 am\u00e9liorer la qualit\u00e9 du sol et des produits du jardin.  <\/p>\n<p>Pour en savoir plus, voir <a class=\"internal-link\" href=\"https:\/\/kupferspuren.at\/fr\/information\/cuivre\/kupfer-und-wachstum\/\">Cuivre et croissance.<\/a><\/p>\n<p>Ils ne sont pas adapt\u00e9s \u00e0 la culture de terrains vierges, \u00e0 l&rsquo;arrachage de bois, d&rsquo;arbustes et de racines ou \u00e0 une utilisation sur des sols tr\u00e8s pierreux.<\/p>\n<p>Voici un <strong>exemple<\/strong> de cr\u00e9ation d&rsquo;un jardin et des outils en cuivre utilis\u00e9s.<br \/>\nD\u00e9capage de la couche sup\u00e9rieure avec le crayon en cuivre <a class=\"internal-link\" href=\"https:\/\/kupferspuren.at\/fr\/produkt\/la-fourche-merak\/\">\u00ab\u00a0Merak\u00a0\u00bb<\/a>.<br \/>\nAmeublissement en profondeur avec la griffe en cuivre <a class=\"internal-link\" href=\"https:\/\/kupferspuren.at\/produkt\/bodenlockerer-sauzahn-pegasus\/\">\u00ab\u00a0Pegasus\u00a0\u00bb<\/a>.<br \/>\nAplanissement avec le r\u00e2teau en cuivre <a class=\"internal-link\" href=\"https:\/\/kupferspuren.at\/fr\/produkt\/rateau-en-cuivre-perseus\/\">\u00ab\u00a0Perseus\u00a0\u00bb<\/a>.<br \/>\nDisposer les plates-bandes selon les besoins avec la griffe en cuivre polyvalente (Heindl)<a class=\"internal-link\" href=\"https:\/\/kupferspuren.at\/fr\/produkt\/houe-sirius\/\">\u00ab\u00a0Sirius\u00a0\u00bb&#8230;..<\/a> <\/p>\n<div class=\"brlbs-cmpnt-container brlbs-cmpnt-content-blocker brlbs-cmpnt-with-individual-styles\" data-borlabs-cookie-content-blocker-id=\"youtube-content-blocker\" data-borlabs-cookie-content=\"PGlmcmFtZSBzcmM9Imh0dHBzOi8vd3d3LnlvdXR1YmUtbm9jb29raWUuY29tL2VtYmVkL0lubUExUFNkb2ZFP3JlbD0wIiB3aWR0aD0iNTYwIiBoZWlnaHQ9IjMxNSIgZnJhbWVib3JkZXI9IjAiIGFsbG93ZnVsbHNjcmVlbj0iYWxsb3dmdWxsc2NyZWVuIj48L2lmcmFtZT4=\">\n<div class=\"brlbs-cmpnt-cb-preset-c brlbs-cmpnt-cb-youtube\">\n<div class=\"brlbs-cmpnt-cb-thumbnail\" style=\"background-image: url('https:\/\/kupferspuren.at\/wp-content\/uploads\/borlabs-cookie\/1\/yt_InmA1PSdofE_hqdefault.jpg')\"><\/div>\n<div class=\"brlbs-cmpnt-cb-main\">\n<div class=\"brlbs-cmpnt-cb-play-button\"><\/div>\n<div class=\"brlbs-cmpnt-cb-content\">\n<p class=\"brlbs-cmpnt-cb-description\">Vous \u00eates actuellement en train de consulter le contenu d&rsquo;un espace r\u00e9serv\u00e9 de <strong>YouTube<\/strong>. Pour acc\u00e9der au contenu r\u00e9el, cliquez sur le bouton ci-dessous. Veuillez noter que ce faisant, des donn\u00e9es seront partag\u00e9es avec des providers tiers.<\/p>\n<p> <a class=\"brlbs-cmpnt-cb-provider-toggle\" href=\"#\" data-borlabs-cookie-show-provider-information role=\"button\">Plus d&rsquo;informations<\/a> <\/div>\n<div class=\"brlbs-cmpnt-cb-buttons\"> <a class=\"brlbs-cmpnt-cb-btn\" href=\"#\" data-borlabs-cookie-unblock role=\"button\">D\u00e9bloquer le contenu<\/a> <a class=\"brlbs-cmpnt-cb-btn\" href=\"#\" data-borlabs-cookie-accept-service role=\"button\" style=\"display: inherit\">Accepter le service requis et d\u00e9bloquer les contenus<\/a> <\/div>\n<\/p><\/div>\n<\/p><\/div>\n<\/div>\n<hr>\n<h1>Conseils aux utilisateurs<\/h1>\n<ul>\n<li>Attention, les bords de nos appareils sont tr\u00e8s tranchants \u00e0 l&rsquo;achat !<\/li>\n<li>Les outils en cuivre sont con\u00e7us pour travailler les sols cultiv\u00e9s.<\/li>\n<li>Gardez la tige aussi s\u00e8che que possible.<\/li>\n<li>Les outils ne n\u00e9cessitent pas de nettoyage ou d&rsquo;entretien particulier.<\/li>\n<li>Les d\u00e9formations peuvent \u00eatre \u00e9limin\u00e9es en les repassant* ou en les pliant &#8211; il n&rsquo;y a pas de risque de rupture.<\/li>\n<li>Les bords \u00e9mouss\u00e9s peuvent \u00e9ventuellement \u00eatre aff\u00fbt\u00e9s par repassage* (pas de perte de mat\u00e9riau) ou par pon\u00e7age.<\/li>\n<li>\u00c9vitez tout contact avec des produits chimiques contenant du vinaigre (acide ac\u00e9tique). C&rsquo;est la seule chose qui entra\u00eene la formation de <a href=\"http:\/\/pksbronze.at\/informationen\/kupfer\/gruenspan-oder-patina\/\">vert-de-gris<\/a> toxique ! <\/li>\n<\/ul>\n<hr>\n<h1>Soins<\/h1>\n<p>Comme nous l&rsquo;avons d\u00e9j\u00e0 mentionn\u00e9, l&rsquo;avantage de nos outils r\u00e9side \u00e9galement dans le fait qu&rsquo;ils <strong>ne n\u00e9cessitent aucun entretien<\/strong>.<br \/>\nCependant, on nous demande souvent s&rsquo;il faut huiler les manches. Les manches en bois des outils longs ne sont pas huil\u00e9s comme les manches en bois des petits outils. Il y a une raison \u00e0 cela. Les outils non trait\u00e9s absorbent mieux la transpiration des mains. Cela permet d&rsquo;\u00e9viter la formation d&rsquo;ampoules d\u00e9sagr\u00e9ables sur la paume des mains.<br \/>\nSi vous souhaitez huiler les manches, ils resteront beaux plus longtemps. Cela ne prolonge pas la dur\u00e9e de vie.      <\/p>\n<p>STOCKAGE : de pr\u00e9f\u00e9rence, <strong>ne pas<\/strong> hiverner dans des pi\u00e8ces chauff\u00e9es ! Les tiges se dess\u00e8chent trop et peuvent devenir l\u00e2ches. <\/p>\n<p>NETTOYAGE :<\/p>\n<div class=\"brlbs-cmpnt-container brlbs-cmpnt-content-blocker brlbs-cmpnt-with-individual-styles\" data-borlabs-cookie-content-blocker-id=\"youtube-content-blocker\" data-borlabs-cookie-content=\"PGlmcmFtZSBzcmM9Imh0dHBzOi8vd3d3LnlvdXR1YmUtbm9jb29raWUuY29tL2VtYmVkL2FJTnhtMlp4aU1VP3JlbD0wIiB3aWR0aD0iNTYwIiBoZWlnaHQ9IjMxNSIgZnJhbWVib3JkZXI9IjAiIGFsbG93ZnVsbHNjcmVlbj0iYWxsb3dmdWxsc2NyZWVuIiBkYXRhLW1jZS1mcmFnbWVudD0iMSI+PC9pZnJhbWU+\">\n<div class=\"brlbs-cmpnt-cb-preset-c brlbs-cmpnt-cb-youtube\">\n<div class=\"brlbs-cmpnt-cb-thumbnail\" style=\"background-image: url('https:\/\/kupferspuren.at\/wp-content\/uploads\/borlabs-cookie\/1\/yt_aINxm2ZxiMU_hqdefault.jpg')\"><\/div>\n<div class=\"brlbs-cmpnt-cb-main\">\n<div class=\"brlbs-cmpnt-cb-play-button\"><\/div>\n<div class=\"brlbs-cmpnt-cb-content\">\n<p class=\"brlbs-cmpnt-cb-description\">Vous \u00eates actuellement en train de consulter le contenu d&rsquo;un espace r\u00e9serv\u00e9 de <strong>YouTube<\/strong>. Pour acc\u00e9der au contenu r\u00e9el, cliquez sur le bouton ci-dessous. Veuillez noter que ce faisant, des donn\u00e9es seront partag\u00e9es avec des providers tiers.<\/p>\n<p> <a class=\"brlbs-cmpnt-cb-provider-toggle\" href=\"#\" data-borlabs-cookie-show-provider-information role=\"button\">Plus d&rsquo;informations<\/a> <\/div>\n<div class=\"brlbs-cmpnt-cb-buttons\"> <a class=\"brlbs-cmpnt-cb-btn\" href=\"#\" data-borlabs-cookie-unblock role=\"button\">D\u00e9bloquer le contenu<\/a> <a class=\"brlbs-cmpnt-cb-btn\" href=\"#\" data-borlabs-cookie-accept-service role=\"button\" style=\"display: inherit\">Accepter le service requis et d\u00e9bloquer les contenus<\/a> <\/div>\n<\/p><\/div>\n<\/p><\/div>\n<\/div>\n<p><a href=\"https:\/\/kupferspuren.at\/fr\/information\/montageanleitung-fuer-stiele\/\">&gt;INSTRUCTIONS DE MONTAGE pour les manches et les poign\u00e9es<\/a><\/p>\n<header class=\"entry-header\">\n<hr>\n<h1 class=\"entry-title\">Garantie<\/h1>\n<\/header>\n<div class=\"entry-content\">\n<p>Tous les outils de jardin PKS sont fabriqu\u00e9s \u00e0 la main et leur qualit\u00e9 est contr\u00f4l\u00e9e individuellement.<br \/>\nLa s\u00e9lection rigoureuse des mati\u00e8res premi\u00e8res et leur traitement garantissent une dur\u00e9e de vie extr\u00eamement longue.<br \/>\nLes outils en cuivre sont con\u00e7us pour travailler les sols cultiv\u00e9s.<br \/>\nLes outils de jardin PKS accompagnent leurs propri\u00e9taires pendant des d\u00e9cennies.<\/p>\n<p><strong>Nous accordons une garantie de 10 ans sur toutes les pi\u00e8ces m\u00e9talliques.<\/strong>  Cela ne s&rsquo;applique pas \u00e0 l&rsquo;usure et \u00e0 la d\u00e9t\u00e9rioration.  <strong>Pour les manches en bois, deux ans.  <\/strong><\/p>\n<p>Pour toute question suppl\u00e9mentaire, veuillez contacter :<br \/>\nM. Johannes Stadler<br \/>\nT\u00e9l. : 0043-(0)667 631 482 77<br \/>\nE-mail : <a class=\"mail\" href=\"mailto:office@kupferspuren.at\">office(at)kupferspuren.at<\/a><\/p>\n<hr>\n<h1>La fabrication d&rsquo;outils en cuivre PKS depuis 1996<\/h1>\n<div id=\"c106\" class=\"csc-default\">\n<p>De nombreuses op\u00e9rations de production sont n\u00e9cessaires pour obtenir un produit fini. D\u00e9coupe, \u00e9tamage, brasage, soudage, pon\u00e7age, polissage, mise en place des manches. <\/p>\n<p>Franz H\u00f6fler a d\u00e9velopp\u00e9 les \u00ab\u00a0outils de jardinage PKS en cuivre\u00a0\u00bb gr\u00e2ce \u00e0 son savoir-faire artisanal exceptionnel. Les outils et les moules de production ainsi que le savoir-faire ont \u00e9t\u00e9 transmis \u00e0 Johannes Stadler et \u00e0 son \u00e9quipe en 2008, apr\u00e8s son d\u00e9part \u00e0 la retraite. Ainsi, la qualit\u00e9<img loading=\"lazy\" decoding=\"async\" class=\"alignright wp-image-997 size-full\" src=\"https:\/\/kupferspuren.at\/wp-content\/uploads\/2017\/10\/Info_Herst3Dengeln.jpg\" alt=\"forge\" width=\"230\" height=\"230\" srcset=\"https:\/\/kupferspuren.at\/wp-content\/uploads\/2017\/10\/Info_Herst3Dengeln.jpg 230w, https:\/\/kupferspuren.at\/wp-content\/uploads\/2017\/10\/Info_Herst3Dengeln-100x100.jpg 100w, https:\/\/kupferspuren.at\/wp-content\/uploads\/2017\/10\/Info_Herst3Dengeln-150x150.jpg 150w\" sizes=\"auto, (max-width: 230px) 100vw, 230px\" \/>et le d\u00e9veloppement des \u00ab\u00a0outils de jardin en cuivre PKS\u00a0\u00bb ont pu \u00eatre garantis \u00e0 long terme.  <\/p>\n<p>La fabrication de nos produits se fait \u00e0 la main, en sachant que l&rsquo;utilisation du cuivre contribue \u00e0 l&rsquo;am\u00e9lioration des sols. Les innombrables r\u00e9actions positives de nos clients le confirment. <\/p>\n<p>Plus de photos sur <a href=\"https:\/\/www.servus.com\/a\/h\/johannes-stadler-und-sein-handgemachtes-gartenwerkzeug-aus-kupfer\" target=\"_blank\" rel=\"noopener\">: https:\/\/www.servus.com\/at\/<\/a><\/p>\n<div id=\"primary\" class=\"content-area\">\n<div id=\"post-330\" class=\"post-330 page type-page status-publish hentry\">\n<div class=\"entry-content\">\n<div id=\"c1157\" class=\"csc-default\">\n<div class=\"csc-textpic csc-textpic-center csc-textpic-above\">\n<div class=\"csc-textpic-imagewrap\">\n<div class=\"csc-textpic-imagerow\">\n<header class=\"entry-header\">\n<hr>\n<h1 class=\"entry-title\">Mat\u00e9riau<\/h1>\n<\/header>\n<div class=\"entry-content\">\n<div id=\"c110\" class=\"csc-default\">\n<h3>Pi\u00e8ces m\u00e9talliques<\/h3>\n<p><strong>Alliages de cuivre massifs (92% &#8211; 94% cuivre + \u00e9tain = bronze)<\/strong><\/p>\n<p>Exceptions : cuivre pur pour le plantoir MAIA, laiton pour le support de manche du d\u00e9compacteur PEGASUS, bronze d&rsquo;aluminium pour la fourche \u00e0 b\u00eacher ANTARES.<\/p>\n<p>L&rsquo;alliage de cuivre est solidifi\u00e9 \u00e0 froid (dengel) pour garantir le degr\u00e9 de duret\u00e9 n\u00e9cessaire \u00e0 la manipulation dans un sol cultiv\u00e9.<\/p>\n<p>Le cuivre est un m\u00e9tal \u00e9lastique et ne se cassera pas, m\u00eame s&rsquo;il est soumis \u00e0 de fortes contraintes. Les d\u00e9formations peuvent \u00eatre facilement \u00e9limin\u00e9es en tapant dessus. Nos outils de jardinage ne sont pas seulement recouverts de ce pr\u00e9cieux alliage. Les outils sont enti\u00e8rement faits d&rsquo;un alliage de cuivre massif. <strong>Les outils sont appel\u00e9s outils en cuivre parce qu&rsquo;ils sont g\u00e9n\u00e9ralement compos\u00e9s de 94% de cuivre <\/strong>et de 6% d&rsquo;\u00e9tain. L&rsquo;\u00e9tain tendre d\u00e9veloppe le bronze dur.<br \/>\n<em>(Fra\u00eechement polis \u00e0 la sortie de l&rsquo;atelier, ils peuvent donner l&rsquo;impression d&rsquo;\u00eatre en laiton. Apr\u00e8s un stockage prolong\u00e9, les outils deviennent plus rouge\u00e2tres).<\/em><\/p>\n<h3>Manches en bois<\/h3>\n<p>de nos producteurs locaux.<\/p>\n<p><strong>Bois de tilleul, non trait\u00e9<\/strong>: R\u00e2teau Sirius, R\u00e2teau Perseus, R\u00e2teau Phoenix et Pollux long, Houes Hydra, Houes Sabik, Schuffl Deneb, 3-Zack Taurus, Krail Merak&#8230;.<\/p>\n<p><strong>Fr\u00eane non trait\u00e9<\/strong>: Pelle \u00e0 vin Tuza, b\u00eache Orion, b\u00eache Auva, pelle Libra, coupe-bordures Hercules, fourche \u00e0 b\u00eacher Antares, fourche \u00e0 rosier Syrma&#8230;.<\/p>\n<p><strong>Fr\u00eane, huil\u00e9<\/strong>: Faucille \u00e0 herbes Tucana, contrefort Maia&#8230;<\/p>\n<p><strong>H\u00eatre<\/strong>, <strong>finition \u00e0 l&rsquo;huile<\/strong>: Pelle \u00e0 main Castor, Pelle \u00e0 main Mira, Pelle \u00e0 main Musca, MiniSaucisse Corvus, Griffe \u00e0 main Lyra, Piqueur Maia, Lame de sarclage Nunki, Petites pioches Phoenix et Pollux, et Cultivateur Daisy Tabit&#8230;.<\/p>\n<p style=\"text-align: left;\">Le <strong>manche non trait\u00e9<\/strong> des gros outils de jardinage pr\u00e9sente un avantage important en cas de manipulation prolong\u00e9e : le manche en bois absorbant <strong>r\u00e9duit la formation de cloques<\/strong> dans la paume des mains. La durabilit\u00e9 du manche ne sera gu\u00e8re modifi\u00e9e.<br \/>\nC&rsquo;est donc \u00e0 l&rsquo;utilisateur des outils de jardinage longs de d\u00e9cider s&rsquo;il pr\u00e9f\u00e8re huiler le manche pour qu&rsquo;il reste beau et propre plus longtemps. <\/p>\n<p>Tous les bois utilis\u00e9s pour nos manches sont certifi\u00e9s PEFC. Cette initiative paneurop\u00e9enne de certification du bois d\u00e9livre un label de qualit\u00e9 pour le bois issu de for\u00eats g\u00e9r\u00e9es de mani\u00e8re durable <a class=\"external-link-new-window\" href=\"http:\/\/www.pefc.at\" target=\"_blank\" rel=\"noopener\">www.pefc.at.<\/a> <\/p>\n<\/div>\n<\/div>\n<\/div>\n<\/div>\n<\/div>\n<\/div>\n<\/div>\n<\/div>\n<\/div>\n<\/div>\n<\/div>\n<\/div>\n<\/div>\n<\/div>\n<\/div>\n<\/div>\n","protected":false},"excerpt":{"rendered":"<p>EN CUIVRE MASSIF Le cuivre pur serait trop mou. Teneur en cuivre d&rsquo;au moins 92 % + \u00e9tain= le bronze encore plus pr\u00e9cieux ! Avantages Aucun entretien n\u00e9cessaire. Pas de formation de rouille (pas de vert-de-gris non plus ! voir Vert-de-gris ou patine? ). Ils peuvent \u00eatre r\u00e9aff\u00fbt\u00e9s ou \u00e9barb\u00e9s. Ils ont une dur\u00e9e de [&hellip;]<\/p>\n","protected":false},"author":820,"featured_media":0,"parent":1420,"menu_order":0,"comment_status":"closed","ping_status":"closed","template":"","meta":{"footnotes":""},"class_list":["post-1498","page","type-page","status-publish","hentry"],"_links":{"self":[{"href":"https:\/\/kupferspuren.at\/fr\/wp-json\/wp\/v2\/pages\/1498","targetHints":{"allow":["GET"]}}],"collection":[{"href":"https:\/\/kupferspuren.at\/fr\/wp-json\/wp\/v2\/pages"}],"about":[{"href":"https:\/\/kupferspuren.at\/fr\/wp-json\/wp\/v2\/types\/page"}],"author":[{"embeddable":true,"href":"https:\/\/kupferspuren.at\/fr\/wp-json\/wp\/v2\/users\/820"}],"replies":[{"embeddable":true,"href":"https:\/\/kupferspuren.at\/fr\/wp-json\/wp\/v2\/comments?post=1498"}],"version-history":[{"count":0,"href":"https:\/\/kupferspuren.at\/fr\/wp-json\/wp\/v2\/pages\/1498\/revisions"}],"up":[{"embeddable":true,"href":"https:\/\/kupferspuren.at\/fr\/wp-json\/wp\/v2\/pages\/1420"}],"wp:attachment":[{"href":"https:\/\/kupferspuren.at\/fr\/wp-json\/wp\/v2\/media?parent=1498"}],"curies":[{"name":"wp","href":"https:\/\/api.w.org\/{rel}","templated":true}]}}