{"id":1577,"date":"2017-09-29T14:06:40","date_gmt":"2017-09-29T12:06:40","guid":{"rendered":"http:\/\/pksbronze.at\/informationen\/montageanleitung-fuer-stiele\/"},"modified":"2025-08-28T14:33:04","modified_gmt":"2025-08-28T12:33:04","slug":"montageanleitung-fuer-stiele","status":"publish","type":"page","link":"https:\/\/kupferspuren.at\/fr\/information\/montageanleitung-fuer-stiele\/","title":{"rendered":"Instructions de montage pour les manches et les poign\u00e9es"},"content":{"rendered":"<div id=\"c1574\" class=\"csc-default\">\n<h3><span class=\"detail\">Pour b\u00eache <a href=\"https:\/\/kupferspuren.at\/fr\/produkt\/beche-en-cuivre-orion\/\">\u00ab\u00a0ORION\u00a0\u00bb<\/a> et <a href=\"http:\/\/pksbronze.at\/produkt\/damenspaten-auva\/\">\u00ab\u00a0AUVA\u00a0\u00bb<\/a>et <a href=\"https:\/\/kupferspuren.at\/produkt\/kupferschaufel-alya\/\">\u00ab\u00a0ALYA\u00a0\u00bb<\/a>,<br \/>\nFourche \u00e0 b\u00eacher <a href=\"https:\/\/kupferspuren.at\/fr\/produkt\/fourche-en-cuivre-antares\/\">\u00ab\u00a0ANTARES\u00a0\u00bb<\/a> et fourche \u00e0 rosier <a href=\"https:\/\/kupferspuren.at\/fr\/produkt\/la-fourche-a-rosier-syrma\/\">\u00ab\u00a0SYRMA\u00a0\u00bb.<\/a><\/span><\/h3>\n<p><strong>Pour un montage sur tige optimal, nous recommandons<\/strong><\/p>\n<ul>\n<li>Introduire et aligner le manche sans goujon dans la maison (logement du manche)<\/li>\n<li>Frapper avec un maillet en bois ou en caoutchouc.<\/li>\n<li>Percer un trou pour la vis (dm 6,0 mm)<\/li>\n<li>Visser ensemble l&rsquo;\u00e9crou \u00e0 douille + la vis filet\u00e9e<\/li>\n<li>Mettre un peu de colle \u00e0 bois dans l&rsquo;entr\u00e9e du goujon<\/li>\n<li>Mettre en place le goujon et l&rsquo;aligner parall\u00e8lement \u00e0 l&rsquo;axe de la lame de la b\u00eache<\/li>\n<li>Enfoncer un clou de s\u00e9curit\u00e9<\/li>\n<\/ul>\n<p>&#8212;&#8212;&#8212;&#8212;&#8212;&#8212;&#8212;&#8212;&#8212;&#8212;&#8212;&#8212;&#8212;&#8212;&#8212;&#8212;&#8212;&#8212;&#8212;&#8212;&#8212;&#8212;&#8212;&#8212;&#8212;&#8212;&#8212;&#8212;&#8212;&#8212;&#8212;&#8212;&#8212;&#8212;&#8212;&#8212;&#8212;&#8212;&#8212;&#8212;&#8212;&#8212;&#8212;&#8212;<\/p>\n<h3>Roue de champ <a href=\"http:\/\/pksbronze.at\/produkt\/feldhaue-sirius\/\">\u00ab\u00a0SIRIUS\u00a0\u00bb<\/a> et roue de vigne <a href=\"https:\/\/kupferspuren.at\/fr\/produkt\/houe-cuivre-tuza\/\">\u00ab\u00a0TUZA\u00a0\u00bb.<\/a><\/h3>\n<\/div>\n<p><code><iframe loading=\"lazy\" src=\"https:\/\/www.youtube.com\/embed\/SmUzy9jnh2E?rel=0\" width=\"560\" height=\"315\" frameborder=\"0\" allowfullscreen=\"allowfullscreen\"\/><\/code><\/p>\n<hr>\n<h3>Trowel \u00ab\u00a0CASTOR\u00a0\u00bb, \u00ab\u00a0MUSCA\u00a0\u00bb, \u00ab\u00a0MIRA\u00a0\u00bb et Hand Fork \u00ab\u00a0VEGA\u00a0\u00bb.<\/h3>\n<p><code><iframe loading=\"lazy\" src=\"https:\/\/www.youtube.com\/embed\/jpAxUMTC4kE?rel=0\" width=\"560\" height=\"315\" frameborder=\"0\" allowfullscreen=\"allowfullscreen\"\/><\/code><\/p>\n","protected":false},"excerpt":{"rendered":"<p>Pour b\u00eache \u00ab\u00a0ORION\u00a0\u00bb et \u00ab\u00a0AUVA\u00a0\u00bbet \u00ab\u00a0ALYA\u00a0\u00bb, Fourche \u00e0 b\u00eacher \u00ab\u00a0ANTARES\u00a0\u00bb et fourche \u00e0 rosier \u00ab\u00a0SYRMA\u00a0\u00bb. Pour un montage sur tige optimal, nous recommandons Introduire et aligner le manche sans goujon dans la maison (logement du manche) Frapper avec un maillet en bois ou en caoutchouc. Percer un trou pour la vis (dm 6,0 mm) Visser [&hellip;]<\/p>\n","protected":false},"author":820,"featured_media":0,"parent":1420,"menu_order":0,"comment_status":"closed","ping_status":"closed","template":"","meta":{"footnotes":""},"class_list":["post-1577","page","type-page","status-publish","hentry"],"_links":{"self":[{"href":"https:\/\/kupferspuren.at\/fr\/wp-json\/wp\/v2\/pages\/1577","targetHints":{"allow":["GET"]}}],"collection":[{"href":"https:\/\/kupferspuren.at\/fr\/wp-json\/wp\/v2\/pages"}],"about":[{"href":"https:\/\/kupferspuren.at\/fr\/wp-json\/wp\/v2\/types\/page"}],"author":[{"embeddable":true,"href":"https:\/\/kupferspuren.at\/fr\/wp-json\/wp\/v2\/users\/820"}],"replies":[{"embeddable":true,"href":"https:\/\/kupferspuren.at\/fr\/wp-json\/wp\/v2\/comments?post=1577"}],"version-history":[{"count":0,"href":"https:\/\/kupferspuren.at\/fr\/wp-json\/wp\/v2\/pages\/1577\/revisions"}],"up":[{"embeddable":true,"href":"https:\/\/kupferspuren.at\/fr\/wp-json\/wp\/v2\/pages\/1420"}],"wp:attachment":[{"href":"https:\/\/kupferspuren.at\/fr\/wp-json\/wp\/v2\/media?parent=1577"}],"curies":[{"name":"wp","href":"https:\/\/api.w.org\/{rel}","templated":true}]}}